{"id":389,"date":"2025-04-10T05:04:24","date_gmt":"2025-04-10T05:04:24","guid":{"rendered":"https:\/\/megapari.promo\/hu\/?page_id=389"},"modified":"2025-10-19T12:34:22","modified_gmt":"2025-10-19T12:34:22","slug":"login","status":"publish","type":"page","link":"https:\/\/megapari.promo\/hu\/login\/","title":{"rendered":"Bejelentkez\u00e9s"},"content":{"rendered":"","protected":false},"excerpt":{"rendered":"","protected":false},"author":1,"featured_media":0,"parent":0,"menu_order":0,"comment_status":"closed","ping_status":"closed","template":"","meta":{"inline_featured_image":false,"footnotes":""},"yoast_head":"<!-- This site is optimized with the Yoast SEO plugin v20.13 - https:\/\/yoast.com\/wordpress\/plugins\/seo\/ -->\n<title>Megapari bejelentkez\u00e9s: Hozz\u00e1f\u00e9r\u00e9s a fogad\u00e1sokhoz \u00e9s a kaszin\u00f3khoz<\/title>\n<meta name=\"description\" content=\"Megapari l\u00e9p\u00e9sr\u0151l l\u00e9p\u00e9sre bejelentkez\u00e9si folyamat - hogyan f\u00e9rhet hozz\u00e1 fi\u00f3kj\u00e1hoz - Jelentkezzen be a Megapari-ba, \u00e9s kapjon egy \u00fcdv\u00f6zl\u0151 csomagot, amelynek \u00e9rt\u00e9ke ak\u00e1r 500 000 HUF \u00e9s 150 ingyenes p\u00f6rget\u00e9s is lehet.\" \/>\n<meta name=\"robots\" content=\"index, follow, max-snippet:-1, max-image-preview:large, max-video-preview:-1\" \/>\n<meta property=\"og:locale\" content=\"hu_HU\" \/>\n<meta property=\"og:type\" content=\"article\" \/>\n<meta property=\"og:title\" content=\"Megapari bejelentkez\u00e9s: Hozz\u00e1f\u00e9r\u00e9s a fogad\u00e1sokhoz \u00e9s a kaszin\u00f3khoz\" \/>\n<meta property=\"og:description\" content=\"Megapari l\u00e9p\u00e9sr\u0151l l\u00e9p\u00e9sre bejelentkez\u00e9si folyamat - hogyan f\u00e9rhet hozz\u00e1 fi\u00f3kj\u00e1hoz - Jelentkezzen be a Megapari-ba, \u00e9s kapjon egy \u00fcdv\u00f6zl\u0151 csomagot, amelynek \u00e9rt\u00e9ke ak\u00e1r 500 000 HUF \u00e9s 150 ingyenes p\u00f6rget\u00e9s is lehet.\" \/>\n<meta property=\"og:url\" content=\"https:\/\/megapari.promo\/hu\/login\/\" \/>\n<meta property=\"og:site_name\" content=\"Megapari Win hu\" \/>\n<meta property=\"article:modified_time\" content=\"2025-10-19T12:34:22+00:00\" \/>\n<meta name=\"twitter:card\" content=\"summary_large_image\" \/>\n<script type=\"application\/ld+json\" class=\"yoast-schema-graph\">{\"@context\":\"https:\/\/schema.org\",\"@graph\":[{\"@type\":\"WebPage\",\"@id\":\"https:\/\/megapari.promo\/hu\/login\/\",\"url\":\"https:\/\/megapari.promo\/hu\/login\/\",\"name\":\"Megapari bejelentkez\u00e9s: Hozz\u00e1f\u00e9r\u00e9s a fogad\u00e1sokhoz \u00e9s a kaszin\u00f3khoz\",\"isPartOf\":{\"@id\":\"https:\/\/megapari.promo\/hu\/#website\"},\"datePublished\":\"2025-04-10T05:04:24+00:00\",\"dateModified\":\"2025-10-19T12:34:22+00:00\",\"description\":\"Megapari l\u00e9p\u00e9sr\u0151l l\u00e9p\u00e9sre bejelentkez\u00e9si folyamat - hogyan f\u00e9rhet hozz\u00e1 fi\u00f3kj\u00e1hoz - Jelentkezzen be a Megapari-ba, \u00e9s kapjon egy \u00fcdv\u00f6zl\u0151 csomagot, amelynek \u00e9rt\u00e9ke ak\u00e1r 500 000 HUF \u00e9s 150 ingyenes p\u00f6rget\u00e9s is lehet.\",\"breadcrumb\":{\"@id\":\"https:\/\/megapari.promo\/hu\/login\/#breadcrumb\"},\"inLanguage\":\"hu\",\"potentialAction\":[{\"@type\":\"ReadAction\",\"target\":[\"https:\/\/megapari.promo\/hu\/login\/\"]}]},{\"@type\":\"BreadcrumbList\",\"@id\":\"https:\/\/megapari.promo\/hu\/login\/#breadcrumb\",\"itemListElement\":[{\"@type\":\"ListItem\",\"position\":1,\"name\":\"\u0413\u043b\u0430\u0432\u043d\u0430\u044f \u0441\u0442\u0440\u0430\u043d\u0438\u0446\u0430\",\"item\":\"https:\/\/megapari.promo\/hu\/\"},{\"@type\":\"ListItem\",\"position\":2,\"name\":\"Bejelentkez\u00e9s\"}]},{\"@type\":\"WebSite\",\"@id\":\"https:\/\/megapari.promo\/hu\/#website\",\"url\":\"https:\/\/megapari.promo\/hu\/\",\"name\":\"Megapari Win hu\",\"description\":\"My WordPress Blog\",\"potentialAction\":[{\"@type\":\"SearchAction\",\"target\":{\"@type\":\"EntryPoint\",\"urlTemplate\":\"https:\/\/megapari.promo\/hu\/?s={search_term_string}\"},\"query-input\":\"required name=search_term_string\"}],\"inLanguage\":\"hu\"}]}<\/script>\n<!-- \/ Yoast SEO plugin. -->","yoast_head_json":{"title":"Megapari bejelentkez\u00e9s: Hozz\u00e1f\u00e9r\u00e9s a fogad\u00e1sokhoz \u00e9s a kaszin\u00f3khoz","description":"Megapari l\u00e9p\u00e9sr\u0151l l\u00e9p\u00e9sre bejelentkez\u00e9si folyamat - hogyan f\u00e9rhet hozz\u00e1 fi\u00f3kj\u00e1hoz - Jelentkezzen be a Megapari-ba, \u00e9s kapjon egy \u00fcdv\u00f6zl\u0151 csomagot, amelynek \u00e9rt\u00e9ke ak\u00e1r 500 000 HUF \u00e9s 150 ingyenes p\u00f6rget\u00e9s is lehet.","robots":{"index":"index","follow":"follow","max-snippet":"max-snippet:-1","max-image-preview":"max-image-preview:large","max-video-preview":"max-video-preview:-1"},"og_locale":"hu_HU","og_type":"article","og_title":"Megapari bejelentkez\u00e9s: Hozz\u00e1f\u00e9r\u00e9s a fogad\u00e1sokhoz \u00e9s a kaszin\u00f3khoz","og_description":"Megapari l\u00e9p\u00e9sr\u0151l l\u00e9p\u00e9sre bejelentkez\u00e9si folyamat - hogyan f\u00e9rhet hozz\u00e1 fi\u00f3kj\u00e1hoz - Jelentkezzen be a Megapari-ba, \u00e9s kapjon egy \u00fcdv\u00f6zl\u0151 csomagot, amelynek \u00e9rt\u00e9ke ak\u00e1r 500 000 HUF \u00e9s 150 ingyenes p\u00f6rget\u00e9s is lehet.","og_url":"https:\/\/megapari.promo\/hu\/login\/","og_site_name":"Megapari Win hu","article_modified_time":"2025-10-19T12:34:22+00:00","twitter_card":"summary_large_image","schema":{"@context":"https:\/\/schema.org","@graph":[{"@type":"WebPage","@id":"https:\/\/megapari.promo\/hu\/login\/","url":"https:\/\/megapari.promo\/hu\/login\/","name":"Megapari bejelentkez\u00e9s: Hozz\u00e1f\u00e9r\u00e9s a fogad\u00e1sokhoz \u00e9s a kaszin\u00f3khoz","isPartOf":{"@id":"https:\/\/megapari.promo\/hu\/#website"},"datePublished":"2025-04-10T05:04:24+00:00","dateModified":"2025-10-19T12:34:22+00:00","description":"Megapari l\u00e9p\u00e9sr\u0151l l\u00e9p\u00e9sre bejelentkez\u00e9si folyamat - hogyan f\u00e9rhet hozz\u00e1 fi\u00f3kj\u00e1hoz - Jelentkezzen be a Megapari-ba, \u00e9s kapjon egy \u00fcdv\u00f6zl\u0151 csomagot, amelynek \u00e9rt\u00e9ke ak\u00e1r 500 000 HUF \u00e9s 150 ingyenes p\u00f6rget\u00e9s is lehet.","breadcrumb":{"@id":"https:\/\/megapari.promo\/hu\/login\/#breadcrumb"},"inLanguage":"hu","potentialAction":[{"@type":"ReadAction","target":["https:\/\/megapari.promo\/hu\/login\/"]}]},{"@type":"BreadcrumbList","@id":"https:\/\/megapari.promo\/hu\/login\/#breadcrumb","itemListElement":[{"@type":"ListItem","position":1,"name":"\u0413\u043b\u0430\u0432\u043d\u0430\u044f \u0441\u0442\u0440\u0430\u043d\u0438\u0446\u0430","item":"https:\/\/megapari.promo\/hu\/"},{"@type":"ListItem","position":2,"name":"Bejelentkez\u00e9s"}]},{"@type":"WebSite","@id":"https:\/\/megapari.promo\/hu\/#website","url":"https:\/\/megapari.promo\/hu\/","name":"Megapari Win hu","description":"My WordPress Blog","potentialAction":[{"@type":"SearchAction","target":{"@type":"EntryPoint","urlTemplate":"https:\/\/megapari.promo\/hu\/?s={search_term_string}"},"query-input":"required name=search_term_string"}],"inLanguage":"hu"}]}},"_links":{"self":[{"href":"https:\/\/megapari.promo\/hu\/wp-json\/wp\/v2\/pages\/389"}],"collection":[{"href":"https:\/\/megapari.promo\/hu\/wp-json\/wp\/v2\/pages"}],"about":[{"href":"https:\/\/megapari.promo\/hu\/wp-json\/wp\/v2\/types\/page"}],"author":[{"embeddable":true,"href":"https:\/\/megapari.promo\/hu\/wp-json\/wp\/v2\/users\/1"}],"replies":[{"embeddable":true,"href":"https:\/\/megapari.promo\/hu\/wp-json\/wp\/v2\/comments?post=389"}],"version-history":[{"count":8,"href":"https:\/\/megapari.promo\/hu\/wp-json\/wp\/v2\/pages\/389\/revisions"}],"predecessor-version":[{"id":614,"href":"https:\/\/megapari.promo\/hu\/wp-json\/wp\/v2\/pages\/389\/revisions\/614"}],"wp:attachment":[{"href":"https:\/\/megapari.promo\/hu\/wp-json\/wp\/v2\/media?parent=389"}],"curies":[{"name":"wp","href":"https:\/\/api.w.org\/{rel}","templated":true}]}}