{"id":452,"date":"2025-06-24T06:29:33","date_gmt":"2025-06-24T06:29:33","guid":{"rendered":"https:\/\/megapari.promo\/hu\/?page_id=452"},"modified":"2025-10-19T12:25:25","modified_gmt":"2025-10-19T12:25:25","slug":"world-cup-freebet","status":"publish","type":"page","link":"https:\/\/megapari.promo\/hu\/bonus\/world-cup-freebet\/","title":{"rendered":"World Cup Freebet"},"content":{"rendered":"","protected":false},"excerpt":{"rendered":"","protected":false},"author":1,"featured_media":0,"parent":152,"menu_order":0,"comment_status":"closed","ping_status":"closed","template":"","meta":{"inline_featured_image":false,"footnotes":""},"yoast_head":"<!-- This site is optimized with the Yoast SEO plugin v20.13 - https:\/\/yoast.com\/wordpress\/plugins\/seo\/ -->\n<title>Megapari FIFA Vil\u00e1gbajnoks\u00e1g \u1409 Ingyenes fogad\u00e1sok<\/title>\n<meta name=\"description\" content=\"K\u00e9sz\u00fclj fel a Klubvil\u00e1gbajnoks\u00e1gra a Megapari-val! Vegyen r\u00e9szt a 33 000 000 HUF \u00e9rt\u00e9k\u0171 lott\u00f3n, \u00e9s nyerjen 3,000 HUF ingyenes fogad\u00e1st. Tudja meg, hogyan vehet r\u00e9szt a futball\u00fcnnepen, \u00e9s nyerjen nagyot!\" \/>\n<meta name=\"robots\" content=\"index, follow, max-snippet:-1, max-image-preview:large, max-video-preview:-1\" \/>\n<meta property=\"og:locale\" content=\"hu_HU\" \/>\n<meta property=\"og:type\" content=\"article\" \/>\n<meta property=\"og:title\" content=\"Megapari FIFA Vil\u00e1gbajnoks\u00e1g \u1409 Ingyenes fogad\u00e1sok\" \/>\n<meta property=\"og:description\" content=\"K\u00e9sz\u00fclj fel a Klubvil\u00e1gbajnoks\u00e1gra a Megapari-val! Vegyen r\u00e9szt a 33 000 000 HUF \u00e9rt\u00e9k\u0171 lott\u00f3n, \u00e9s nyerjen 3,000 HUF ingyenes fogad\u00e1st. Tudja meg, hogyan vehet r\u00e9szt a futball\u00fcnnepen, \u00e9s nyerjen nagyot!\" \/>\n<meta property=\"og:url\" content=\"https:\/\/megapari.promo\/hu\/bonus\/world-cup-freebet\/\" \/>\n<meta property=\"og:site_name\" content=\"Megapari Win hu\" \/>\n<meta property=\"article:modified_time\" content=\"2025-10-19T12:25:25+00:00\" \/>\n<meta name=\"twitter:card\" content=\"summary_large_image\" \/>\n<script type=\"application\/ld+json\" class=\"yoast-schema-graph\">{\"@context\":\"https:\/\/schema.org\",\"@graph\":[{\"@type\":\"WebPage\",\"@id\":\"https:\/\/megapari.promo\/hu\/bonus\/world-cup-freebet\/\",\"url\":\"https:\/\/megapari.promo\/hu\/bonus\/world-cup-freebet\/\",\"name\":\"Megapari FIFA Vil\u00e1gbajnoks\u00e1g \u1409 Ingyenes fogad\u00e1sok\",\"isPartOf\":{\"@id\":\"https:\/\/megapari.promo\/hu\/#website\"},\"datePublished\":\"2025-06-24T06:29:33+00:00\",\"dateModified\":\"2025-10-19T12:25:25+00:00\",\"description\":\"K\u00e9sz\u00fclj fel a Klubvil\u00e1gbajnoks\u00e1gra a Megapari-val! Vegyen r\u00e9szt a 33 000 000 HUF \u00e9rt\u00e9k\u0171 lott\u00f3n, \u00e9s nyerjen 3,000 HUF ingyenes fogad\u00e1st. Tudja meg, hogyan vehet r\u00e9szt a futball\u00fcnnepen, \u00e9s nyerjen nagyot!\",\"breadcrumb\":{\"@id\":\"https:\/\/megapari.promo\/hu\/bonus\/world-cup-freebet\/#breadcrumb\"},\"inLanguage\":\"hu\",\"potentialAction\":[{\"@type\":\"ReadAction\",\"target\":[\"https:\/\/megapari.promo\/hu\/bonus\/world-cup-freebet\/\"]}]},{\"@type\":\"BreadcrumbList\",\"@id\":\"https:\/\/megapari.promo\/hu\/bonus\/world-cup-freebet\/#breadcrumb\",\"itemListElement\":[{\"@type\":\"ListItem\",\"position\":1,\"name\":\"\u0413\u043b\u0430\u0432\u043d\u0430\u044f \u0441\u0442\u0440\u0430\u043d\u0438\u0446\u0430\",\"item\":\"https:\/\/megapari.promo\/hu\/\"},{\"@type\":\"ListItem\",\"position\":2,\"name\":\"B\u00f3nusz\",\"item\":\"https:\/\/megapari.promo\/hu\/bonus\/\"},{\"@type\":\"ListItem\",\"position\":3,\"name\":\"World Cup Freebet\"}]},{\"@type\":\"WebSite\",\"@id\":\"https:\/\/megapari.promo\/hu\/#website\",\"url\":\"https:\/\/megapari.promo\/hu\/\",\"name\":\"Megapari Win hu\",\"description\":\"My WordPress Blog\",\"potentialAction\":[{\"@type\":\"SearchAction\",\"target\":{\"@type\":\"EntryPoint\",\"urlTemplate\":\"https:\/\/megapari.promo\/hu\/?s={search_term_string}\"},\"query-input\":\"required name=search_term_string\"}],\"inLanguage\":\"hu\"}]}<\/script>\n<!-- \/ Yoast SEO plugin. -->","yoast_head_json":{"title":"Megapari FIFA Vil\u00e1gbajnoks\u00e1g \u1409 Ingyenes fogad\u00e1sok","description":"K\u00e9sz\u00fclj fel a Klubvil\u00e1gbajnoks\u00e1gra a Megapari-val! Vegyen r\u00e9szt a 33 000 000 HUF \u00e9rt\u00e9k\u0171 lott\u00f3n, \u00e9s nyerjen 3,000 HUF ingyenes fogad\u00e1st. Tudja meg, hogyan vehet r\u00e9szt a futball\u00fcnnepen, \u00e9s nyerjen nagyot!","robots":{"index":"index","follow":"follow","max-snippet":"max-snippet:-1","max-image-preview":"max-image-preview:large","max-video-preview":"max-video-preview:-1"},"og_locale":"hu_HU","og_type":"article","og_title":"Megapari FIFA Vil\u00e1gbajnoks\u00e1g \u1409 Ingyenes fogad\u00e1sok","og_description":"K\u00e9sz\u00fclj fel a Klubvil\u00e1gbajnoks\u00e1gra a Megapari-val! Vegyen r\u00e9szt a 33 000 000 HUF \u00e9rt\u00e9k\u0171 lott\u00f3n, \u00e9s nyerjen 3,000 HUF ingyenes fogad\u00e1st. Tudja meg, hogyan vehet r\u00e9szt a futball\u00fcnnepen, \u00e9s nyerjen nagyot!","og_url":"https:\/\/megapari.promo\/hu\/bonus\/world-cup-freebet\/","og_site_name":"Megapari Win hu","article_modified_time":"2025-10-19T12:25:25+00:00","twitter_card":"summary_large_image","schema":{"@context":"https:\/\/schema.org","@graph":[{"@type":"WebPage","@id":"https:\/\/megapari.promo\/hu\/bonus\/world-cup-freebet\/","url":"https:\/\/megapari.promo\/hu\/bonus\/world-cup-freebet\/","name":"Megapari FIFA Vil\u00e1gbajnoks\u00e1g \u1409 Ingyenes fogad\u00e1sok","isPartOf":{"@id":"https:\/\/megapari.promo\/hu\/#website"},"datePublished":"2025-06-24T06:29:33+00:00","dateModified":"2025-10-19T12:25:25+00:00","description":"K\u00e9sz\u00fclj fel a Klubvil\u00e1gbajnoks\u00e1gra a Megapari-val! Vegyen r\u00e9szt a 33 000 000 HUF \u00e9rt\u00e9k\u0171 lott\u00f3n, \u00e9s nyerjen 3,000 HUF ingyenes fogad\u00e1st. Tudja meg, hogyan vehet r\u00e9szt a futball\u00fcnnepen, \u00e9s nyerjen nagyot!","breadcrumb":{"@id":"https:\/\/megapari.promo\/hu\/bonus\/world-cup-freebet\/#breadcrumb"},"inLanguage":"hu","potentialAction":[{"@type":"ReadAction","target":["https:\/\/megapari.promo\/hu\/bonus\/world-cup-freebet\/"]}]},{"@type":"BreadcrumbList","@id":"https:\/\/megapari.promo\/hu\/bonus\/world-cup-freebet\/#breadcrumb","itemListElement":[{"@type":"ListItem","position":1,"name":"\u0413\u043b\u0430\u0432\u043d\u0430\u044f \u0441\u0442\u0440\u0430\u043d\u0438\u0446\u0430","item":"https:\/\/megapari.promo\/hu\/"},{"@type":"ListItem","position":2,"name":"B\u00f3nusz","item":"https:\/\/megapari.promo\/hu\/bonus\/"},{"@type":"ListItem","position":3,"name":"World Cup Freebet"}]},{"@type":"WebSite","@id":"https:\/\/megapari.promo\/hu\/#website","url":"https:\/\/megapari.promo\/hu\/","name":"Megapari Win hu","description":"My WordPress Blog","potentialAction":[{"@type":"SearchAction","target":{"@type":"EntryPoint","urlTemplate":"https:\/\/megapari.promo\/hu\/?s={search_term_string}"},"query-input":"required name=search_term_string"}],"inLanguage":"hu"}]}},"_links":{"self":[{"href":"https:\/\/megapari.promo\/hu\/wp-json\/wp\/v2\/pages\/452"}],"collection":[{"href":"https:\/\/megapari.promo\/hu\/wp-json\/wp\/v2\/pages"}],"about":[{"href":"https:\/\/megapari.promo\/hu\/wp-json\/wp\/v2\/types\/page"}],"author":[{"embeddable":true,"href":"https:\/\/megapari.promo\/hu\/wp-json\/wp\/v2\/users\/1"}],"replies":[{"embeddable":true,"href":"https:\/\/megapari.promo\/hu\/wp-json\/wp\/v2\/comments?post=452"}],"version-history":[{"count":5,"href":"https:\/\/megapari.promo\/hu\/wp-json\/wp\/v2\/pages\/452\/revisions"}],"predecessor-version":[{"id":608,"href":"https:\/\/megapari.promo\/hu\/wp-json\/wp\/v2\/pages\/452\/revisions\/608"}],"up":[{"embeddable":true,"href":"https:\/\/megapari.promo\/hu\/wp-json\/wp\/v2\/pages\/152"}],"wp:attachment":[{"href":"https:\/\/megapari.promo\/hu\/wp-json\/wp\/v2\/media?parent=452"}],"curies":[{"name":"wp","href":"https:\/\/api.w.org\/{rel}","templated":true}]}}