{"id":458,"date":"2025-06-24T06:57:52","date_gmt":"2025-06-24T06:57:52","guid":{"rendered":"https:\/\/megapari.promo\/hu\/?page_id=458"},"modified":"2025-09-26T07:26:42","modified_gmt":"2025-09-26T07:26:42","slug":"aviator","status":"publish","type":"page","link":"https:\/\/megapari.promo\/hu\/bonus\/aviator\/","title":{"rendered":"Avi\u00e1tor"},"content":{"rendered":"","protected":false},"excerpt":{"rendered":"","protected":false},"author":1,"featured_media":0,"parent":152,"menu_order":0,"comment_status":"closed","ping_status":"closed","template":"","meta":{"inline_featured_image":false,"footnotes":""},"yoast_head":"<!-- This site is optimized with the Yoast SEO plugin v20.13 - https:\/\/yoast.com\/wordpress\/plugins\/seo\/ -->\n<title>Aviator a Megapari-val \u1409 60 ingyenes p\u00f6rget\u00e9s minden vas\u00e1rnap!<\/title>\n<meta name=\"description\" content=\"Rep\u00fclj magasra az Aviatorban ingyen a Megapari-val! T\u00f6ltsd fel sz\u00e1ml\u00e1dat minden vas\u00e1rnap, \u00e9s kapj ak\u00e1r 60 ingyenes p\u00f6rget\u00e9st. Hozd ki a legt\u00f6bbet kedvenc j\u00e1t\u00e9kodb\u00f3l!\" \/>\n<meta name=\"robots\" content=\"index, follow, max-snippet:-1, max-image-preview:large, max-video-preview:-1\" \/>\n<meta property=\"og:locale\" content=\"hu_HU\" \/>\n<meta property=\"og:type\" content=\"article\" \/>\n<meta property=\"og:title\" content=\"Aviator a Megapari-val \u1409 60 ingyenes p\u00f6rget\u00e9s minden vas\u00e1rnap!\" \/>\n<meta property=\"og:description\" content=\"Rep\u00fclj magasra az Aviatorban ingyen a Megapari-val! T\u00f6ltsd fel sz\u00e1ml\u00e1dat minden vas\u00e1rnap, \u00e9s kapj ak\u00e1r 60 ingyenes p\u00f6rget\u00e9st. Hozd ki a legt\u00f6bbet kedvenc j\u00e1t\u00e9kodb\u00f3l!\" \/>\n<meta property=\"og:url\" content=\"https:\/\/megapari.promo\/hu\/bonus\/aviator\/\" \/>\n<meta property=\"og:site_name\" content=\"Megapari Win hu\" \/>\n<meta property=\"article:modified_time\" content=\"2025-09-26T07:26:42+00:00\" \/>\n<meta name=\"twitter:card\" content=\"summary_large_image\" \/>\n<script type=\"application\/ld+json\" class=\"yoast-schema-graph\">{\"@context\":\"https:\/\/schema.org\",\"@graph\":[{\"@type\":\"WebPage\",\"@id\":\"https:\/\/megapari.promo\/hu\/bonus\/aviator\/\",\"url\":\"https:\/\/megapari.promo\/hu\/bonus\/aviator\/\",\"name\":\"Aviator a Megapari-val \u1409 60 ingyenes p\u00f6rget\u00e9s minden vas\u00e1rnap!\",\"isPartOf\":{\"@id\":\"https:\/\/megapari.promo\/hu\/#website\"},\"datePublished\":\"2025-06-24T06:57:52+00:00\",\"dateModified\":\"2025-09-26T07:26:42+00:00\",\"description\":\"Rep\u00fclj magasra az Aviatorban ingyen a Megapari-val! T\u00f6ltsd fel sz\u00e1ml\u00e1dat minden vas\u00e1rnap, \u00e9s kapj ak\u00e1r 60 ingyenes p\u00f6rget\u00e9st. Hozd ki a legt\u00f6bbet kedvenc j\u00e1t\u00e9kodb\u00f3l!\",\"breadcrumb\":{\"@id\":\"https:\/\/megapari.promo\/hu\/bonus\/aviator\/#breadcrumb\"},\"inLanguage\":\"hu\",\"potentialAction\":[{\"@type\":\"ReadAction\",\"target\":[\"https:\/\/megapari.promo\/hu\/bonus\/aviator\/\"]}]},{\"@type\":\"BreadcrumbList\",\"@id\":\"https:\/\/megapari.promo\/hu\/bonus\/aviator\/#breadcrumb\",\"itemListElement\":[{\"@type\":\"ListItem\",\"position\":1,\"name\":\"\u0413\u043b\u0430\u0432\u043d\u0430\u044f \u0441\u0442\u0440\u0430\u043d\u0438\u0446\u0430\",\"item\":\"https:\/\/megapari.promo\/hu\/\"},{\"@type\":\"ListItem\",\"position\":2,\"name\":\"B\u00f3nusz\",\"item\":\"https:\/\/megapari.promo\/hu\/bonus\/\"},{\"@type\":\"ListItem\",\"position\":3,\"name\":\"Avi\u00e1tor\"}]},{\"@type\":\"WebSite\",\"@id\":\"https:\/\/megapari.promo\/hu\/#website\",\"url\":\"https:\/\/megapari.promo\/hu\/\",\"name\":\"Megapari Win hu\",\"description\":\"My WordPress Blog\",\"potentialAction\":[{\"@type\":\"SearchAction\",\"target\":{\"@type\":\"EntryPoint\",\"urlTemplate\":\"https:\/\/megapari.promo\/hu\/?s={search_term_string}\"},\"query-input\":\"required name=search_term_string\"}],\"inLanguage\":\"hu\"}]}<\/script>\n<!-- \/ Yoast SEO plugin. -->","yoast_head_json":{"title":"Aviator a Megapari-val \u1409 60 ingyenes p\u00f6rget\u00e9s minden vas\u00e1rnap!","description":"Rep\u00fclj magasra az Aviatorban ingyen a Megapari-val! T\u00f6ltsd fel sz\u00e1ml\u00e1dat minden vas\u00e1rnap, \u00e9s kapj ak\u00e1r 60 ingyenes p\u00f6rget\u00e9st. Hozd ki a legt\u00f6bbet kedvenc j\u00e1t\u00e9kodb\u00f3l!","robots":{"index":"index","follow":"follow","max-snippet":"max-snippet:-1","max-image-preview":"max-image-preview:large","max-video-preview":"max-video-preview:-1"},"og_locale":"hu_HU","og_type":"article","og_title":"Aviator a Megapari-val \u1409 60 ingyenes p\u00f6rget\u00e9s minden vas\u00e1rnap!","og_description":"Rep\u00fclj magasra az Aviatorban ingyen a Megapari-val! T\u00f6ltsd fel sz\u00e1ml\u00e1dat minden vas\u00e1rnap, \u00e9s kapj ak\u00e1r 60 ingyenes p\u00f6rget\u00e9st. Hozd ki a legt\u00f6bbet kedvenc j\u00e1t\u00e9kodb\u00f3l!","og_url":"https:\/\/megapari.promo\/hu\/bonus\/aviator\/","og_site_name":"Megapari Win hu","article_modified_time":"2025-09-26T07:26:42+00:00","twitter_card":"summary_large_image","schema":{"@context":"https:\/\/schema.org","@graph":[{"@type":"WebPage","@id":"https:\/\/megapari.promo\/hu\/bonus\/aviator\/","url":"https:\/\/megapari.promo\/hu\/bonus\/aviator\/","name":"Aviator a Megapari-val \u1409 60 ingyenes p\u00f6rget\u00e9s minden vas\u00e1rnap!","isPartOf":{"@id":"https:\/\/megapari.promo\/hu\/#website"},"datePublished":"2025-06-24T06:57:52+00:00","dateModified":"2025-09-26T07:26:42+00:00","description":"Rep\u00fclj magasra az Aviatorban ingyen a Megapari-val! T\u00f6ltsd fel sz\u00e1ml\u00e1dat minden vas\u00e1rnap, \u00e9s kapj ak\u00e1r 60 ingyenes p\u00f6rget\u00e9st. Hozd ki a legt\u00f6bbet kedvenc j\u00e1t\u00e9kodb\u00f3l!","breadcrumb":{"@id":"https:\/\/megapari.promo\/hu\/bonus\/aviator\/#breadcrumb"},"inLanguage":"hu","potentialAction":[{"@type":"ReadAction","target":["https:\/\/megapari.promo\/hu\/bonus\/aviator\/"]}]},{"@type":"BreadcrumbList","@id":"https:\/\/megapari.promo\/hu\/bonus\/aviator\/#breadcrumb","itemListElement":[{"@type":"ListItem","position":1,"name":"\u0413\u043b\u0430\u0432\u043d\u0430\u044f \u0441\u0442\u0440\u0430\u043d\u0438\u0446\u0430","item":"https:\/\/megapari.promo\/hu\/"},{"@type":"ListItem","position":2,"name":"B\u00f3nusz","item":"https:\/\/megapari.promo\/hu\/bonus\/"},{"@type":"ListItem","position":3,"name":"Avi\u00e1tor"}]},{"@type":"WebSite","@id":"https:\/\/megapari.promo\/hu\/#website","url":"https:\/\/megapari.promo\/hu\/","name":"Megapari Win hu","description":"My WordPress Blog","potentialAction":[{"@type":"SearchAction","target":{"@type":"EntryPoint","urlTemplate":"https:\/\/megapari.promo\/hu\/?s={search_term_string}"},"query-input":"required name=search_term_string"}],"inLanguage":"hu"}]}},"_links":{"self":[{"href":"https:\/\/megapari.promo\/hu\/wp-json\/wp\/v2\/pages\/458"}],"collection":[{"href":"https:\/\/megapari.promo\/hu\/wp-json\/wp\/v2\/pages"}],"about":[{"href":"https:\/\/megapari.promo\/hu\/wp-json\/wp\/v2\/types\/page"}],"author":[{"embeddable":true,"href":"https:\/\/megapari.promo\/hu\/wp-json\/wp\/v2\/users\/1"}],"replies":[{"embeddable":true,"href":"https:\/\/megapari.promo\/hu\/wp-json\/wp\/v2\/comments?post=458"}],"version-history":[{"count":5,"href":"https:\/\/megapari.promo\/hu\/wp-json\/wp\/v2\/pages\/458\/revisions"}],"predecessor-version":[{"id":605,"href":"https:\/\/megapari.promo\/hu\/wp-json\/wp\/v2\/pages\/458\/revisions\/605"}],"up":[{"embeddable":true,"href":"https:\/\/megapari.promo\/hu\/wp-json\/wp\/v2\/pages\/152"}],"wp:attachment":[{"href":"https:\/\/megapari.promo\/hu\/wp-json\/wp\/v2\/media?parent=458"}],"curies":[{"name":"wp","href":"https:\/\/api.w.org\/{rel}","templated":true}]}}