{"id":2,"date":"2023-05-18T17:18:34","date_gmt":"2023-05-18T17:18:34","guid":{"rendered":"https:\/\/megapari.promo\/lv\/?page_id=2"},"modified":"2025-10-23T12:58:45","modified_gmt":"2025-10-23T12:58:45","slug":"sample-page","status":"publish","type":"page","link":"https:\/\/megapari.promo\/lv\/","title":{"rendered":"S\u0101kums"},"content":{"rendered":"","protected":false},"excerpt":{"rendered":"","protected":false},"author":1,"featured_media":0,"parent":0,"menu_order":0,"comment_status":"closed","ping_status":"open","template":"","meta":{"inline_featured_image":false,"footnotes":""},"yoast_head":"<!-- This site is optimized with the Yoast SEO plugin v20.13 - https:\/\/yoast.com\/wordpress\/plugins\/seo\/ -->\n<title>Megapari 2026: Ofici\u0101l\u0101 sporta der\u012bbu vietne | 100% bonuss<\/title>\n<meta name=\"description\" content=\"S\u0101ciet veikt likmes uz da\u017e\u0101diem sporta veidiem un izbaudiet kazino ar ofici\u0101lo Megapari sporta totalizatoru \u2714\ufe0f Ieg\u016bstiet lab\u0101kos iesp\u0113jamos nosac\u012bjumus un 100% bonuss jaunajiem sp\u0113l\u0113t\u0101jiem.\" \/>\n<meta name=\"robots\" content=\"index, follow, max-snippet:-1, max-image-preview:large, max-video-preview:-1\" \/>\n<meta property=\"og:locale\" content=\"lv_LV\" \/>\n<meta property=\"og:type\" content=\"article\" \/>\n<meta property=\"og:title\" content=\"Megapari 2026: Ofici\u0101l\u0101 sporta der\u012bbu vietne | 100% bonuss\" \/>\n<meta property=\"og:description\" content=\"S\u0101ciet veikt likmes uz da\u017e\u0101diem sporta veidiem un izbaudiet kazino ar ofici\u0101lo Megapari sporta totalizatoru \u2714\ufe0f Ieg\u016bstiet lab\u0101kos iesp\u0113jamos nosac\u012bjumus un 100% bonuss jaunajiem sp\u0113l\u0113t\u0101jiem.\" \/>\n<meta property=\"og:url\" content=\"https:\/\/megapari.promo\/lv\/\" \/>\n<meta property=\"og:site_name\" content=\"Megapari Win LV\" \/>\n<meta property=\"article:modified_time\" content=\"2025-10-23T12:58:45+00:00\" \/>\n<meta name=\"twitter:card\" content=\"summary_large_image\" \/>\n<script type=\"application\/ld+json\" class=\"yoast-schema-graph\">{\"@context\":\"https:\/\/schema.org\",\"@graph\":[{\"@type\":\"WebPage\",\"@id\":\"https:\/\/megapari.promo\/lv\/\",\"url\":\"https:\/\/megapari.promo\/lv\/\",\"name\":\"Megapari 2026: Ofici\u0101l\u0101 sporta der\u012bbu vietne | 100% bonuss\",\"isPartOf\":{\"@id\":\"https:\/\/megapari.promo\/lv\/#website\"},\"datePublished\":\"2023-05-18T17:18:34+00:00\",\"dateModified\":\"2025-10-23T12:58:45+00:00\",\"description\":\"S\u0101ciet veikt likmes uz da\u017e\u0101diem sporta veidiem un izbaudiet kazino ar ofici\u0101lo Megapari sporta totalizatoru \u2714\ufe0f Ieg\u016bstiet lab\u0101kos iesp\u0113jamos nosac\u012bjumus un 100% bonuss jaunajiem sp\u0113l\u0113t\u0101jiem.\",\"breadcrumb\":{\"@id\":\"https:\/\/megapari.promo\/lv\/#breadcrumb\"},\"inLanguage\":\"lv-LV\",\"potentialAction\":[{\"@type\":\"ReadAction\",\"target\":[\"https:\/\/megapari.promo\/lv\/\"]}]},{\"@type\":\"BreadcrumbList\",\"@id\":\"https:\/\/megapari.promo\/lv\/#breadcrumb\",\"itemListElement\":[{\"@type\":\"ListItem\",\"position\":1,\"name\":\"\u0413\u043b\u0430\u0432\u043d\u0430\u044f \u0441\u0442\u0440\u0430\u043d\u0438\u0446\u0430\",\"item\":\"https:\/\/megapari.promo\/lv\/\"},{\"@type\":\"ListItem\",\"position\":2,\"name\":\"S\u0101kums\"}]},{\"@type\":\"WebSite\",\"@id\":\"https:\/\/megapari.promo\/lv\/#website\",\"url\":\"https:\/\/megapari.promo\/lv\/\",\"name\":\"Megapari Win LV\",\"description\":\"My WordPress Blog\",\"potentialAction\":[{\"@type\":\"SearchAction\",\"target\":{\"@type\":\"EntryPoint\",\"urlTemplate\":\"https:\/\/megapari.promo\/lv\/?s={search_term_string}\"},\"query-input\":\"required name=search_term_string\"}],\"inLanguage\":\"lv-LV\"}]}<\/script>\n<!-- \/ Yoast SEO plugin. -->","yoast_head_json":{"title":"Megapari 2026: Ofici\u0101l\u0101 sporta der\u012bbu vietne | 100% bonuss","description":"S\u0101ciet veikt likmes uz da\u017e\u0101diem sporta veidiem un izbaudiet kazino ar ofici\u0101lo Megapari sporta totalizatoru \u2714\ufe0f Ieg\u016bstiet lab\u0101kos iesp\u0113jamos nosac\u012bjumus un 100% bonuss jaunajiem sp\u0113l\u0113t\u0101jiem.","robots":{"index":"index","follow":"follow","max-snippet":"max-snippet:-1","max-image-preview":"max-image-preview:large","max-video-preview":"max-video-preview:-1"},"og_locale":"lv_LV","og_type":"article","og_title":"Megapari 2026: Ofici\u0101l\u0101 sporta der\u012bbu vietne | 100% bonuss","og_description":"S\u0101ciet veikt likmes uz da\u017e\u0101diem sporta veidiem un izbaudiet kazino ar ofici\u0101lo Megapari sporta totalizatoru \u2714\ufe0f Ieg\u016bstiet lab\u0101kos iesp\u0113jamos nosac\u012bjumus un 100% bonuss jaunajiem sp\u0113l\u0113t\u0101jiem.","og_url":"https:\/\/megapari.promo\/lv\/","og_site_name":"Megapari Win LV","article_modified_time":"2025-10-23T12:58:45+00:00","twitter_card":"summary_large_image","schema":{"@context":"https:\/\/schema.org","@graph":[{"@type":"WebPage","@id":"https:\/\/megapari.promo\/lv\/","url":"https:\/\/megapari.promo\/lv\/","name":"Megapari 2026: Ofici\u0101l\u0101 sporta der\u012bbu vietne | 100% bonuss","isPartOf":{"@id":"https:\/\/megapari.promo\/lv\/#website"},"datePublished":"2023-05-18T17:18:34+00:00","dateModified":"2025-10-23T12:58:45+00:00","description":"S\u0101ciet veikt likmes uz da\u017e\u0101diem sporta veidiem un izbaudiet kazino ar ofici\u0101lo Megapari sporta totalizatoru \u2714\ufe0f Ieg\u016bstiet lab\u0101kos iesp\u0113jamos nosac\u012bjumus un 100% bonuss jaunajiem sp\u0113l\u0113t\u0101jiem.","breadcrumb":{"@id":"https:\/\/megapari.promo\/lv\/#breadcrumb"},"inLanguage":"lv-LV","potentialAction":[{"@type":"ReadAction","target":["https:\/\/megapari.promo\/lv\/"]}]},{"@type":"BreadcrumbList","@id":"https:\/\/megapari.promo\/lv\/#breadcrumb","itemListElement":[{"@type":"ListItem","position":1,"name":"\u0413\u043b\u0430\u0432\u043d\u0430\u044f \u0441\u0442\u0440\u0430\u043d\u0438\u0446\u0430","item":"https:\/\/megapari.promo\/lv\/"},{"@type":"ListItem","position":2,"name":"S\u0101kums"}]},{"@type":"WebSite","@id":"https:\/\/megapari.promo\/lv\/#website","url":"https:\/\/megapari.promo\/lv\/","name":"Megapari Win LV","description":"My WordPress Blog","potentialAction":[{"@type":"SearchAction","target":{"@type":"EntryPoint","urlTemplate":"https:\/\/megapari.promo\/lv\/?s={search_term_string}"},"query-input":"required name=search_term_string"}],"inLanguage":"lv-LV"}]}},"_links":{"self":[{"href":"https:\/\/megapari.promo\/lv\/wp-json\/wp\/v2\/pages\/2"}],"collection":[{"href":"https:\/\/megapari.promo\/lv\/wp-json\/wp\/v2\/pages"}],"about":[{"href":"https:\/\/megapari.promo\/lv\/wp-json\/wp\/v2\/types\/page"}],"author":[{"embeddable":true,"href":"https:\/\/megapari.promo\/lv\/wp-json\/wp\/v2\/users\/1"}],"replies":[{"embeddable":true,"href":"https:\/\/megapari.promo\/lv\/wp-json\/wp\/v2\/comments?post=2"}],"version-history":[{"count":87,"href":"https:\/\/megapari.promo\/lv\/wp-json\/wp\/v2\/pages\/2\/revisions"}],"predecessor-version":[{"id":663,"href":"https:\/\/megapari.promo\/lv\/wp-json\/wp\/v2\/pages\/2\/revisions\/663"}],"wp:attachment":[{"href":"https:\/\/megapari.promo\/lv\/wp-json\/wp\/v2\/media?parent=2"}],"curies":[{"name":"wp","href":"https:\/\/api.w.org\/{rel}","templated":true}]}}