{"id":310,"date":"2025-04-06T13:08:02","date_gmt":"2025-04-06T13:08:02","guid":{"rendered":"https:\/\/megapari.promo\/lv\/?page_id=310"},"modified":"2025-10-23T13:13:06","modified_gmt":"2025-10-23T13:13:06","slug":"apk","status":"publish","type":"page","link":"https:\/\/megapari.promo\/lv\/apk\/","title":{"rendered":"Apk"},"content":{"rendered":"","protected":false},"excerpt":{"rendered":"","protected":false},"author":1,"featured_media":0,"parent":0,"menu_order":0,"comment_status":"closed","ping_status":"closed","template":"","meta":{"inline_featured_image":false,"footnotes":""},"yoast_head":"<!-- This site is optimized with the Yoast SEO plugin v20.13 - https:\/\/yoast.com\/wordpress\/plugins\/seo\/ -->\n<title>Megapari Apk \u25b6\ufe0f K\u0101 lejupiel\u0101d\u0113t un sp\u0113l\u0113t<\/title>\n<meta name=\"description\" content=\"Megapari apk ir \u0113rts veids, k\u0101 piek\u013c\u016bt der\u012bbu veikaliem un kazino, atrodoties ce\u013c\u0101. Megapari Apk Android oper\u0113t\u0101jsist\u0113mai pied\u0101v\u0101 optimiz\u0113tu saskarni un ekskluz\u012bvu bonusu pied\u0101v\u0101jumu.\" \/>\n<meta name=\"robots\" content=\"index, follow, max-snippet:-1, max-image-preview:large, max-video-preview:-1\" \/>\n<meta property=\"og:locale\" content=\"lv_LV\" \/>\n<meta property=\"og:type\" content=\"article\" \/>\n<meta property=\"og:title\" content=\"Megapari Apk \u25b6\ufe0f K\u0101 lejupiel\u0101d\u0113t un sp\u0113l\u0113t\" \/>\n<meta property=\"og:description\" content=\"Megapari apk ir \u0113rts veids, k\u0101 piek\u013c\u016bt der\u012bbu veikaliem un kazino, atrodoties ce\u013c\u0101. Megapari Apk Android oper\u0113t\u0101jsist\u0113mai pied\u0101v\u0101 optimiz\u0113tu saskarni un ekskluz\u012bvu bonusu pied\u0101v\u0101jumu.\" \/>\n<meta property=\"og:url\" content=\"https:\/\/megapari.promo\/lv\/apk\/\" \/>\n<meta property=\"og:site_name\" content=\"Megapari Win LV\" \/>\n<meta property=\"article:modified_time\" content=\"2025-10-23T13:13:06+00:00\" \/>\n<meta name=\"twitter:card\" content=\"summary_large_image\" \/>\n<script type=\"application\/ld+json\" class=\"yoast-schema-graph\">{\"@context\":\"https:\/\/schema.org\",\"@graph\":[{\"@type\":\"WebPage\",\"@id\":\"https:\/\/megapari.promo\/lv\/apk\/\",\"url\":\"https:\/\/megapari.promo\/lv\/apk\/\",\"name\":\"Megapari Apk \u25b6\ufe0f K\u0101 lejupiel\u0101d\u0113t un sp\u0113l\u0113t\",\"isPartOf\":{\"@id\":\"https:\/\/megapari.promo\/lv\/#website\"},\"datePublished\":\"2025-04-06T13:08:02+00:00\",\"dateModified\":\"2025-10-23T13:13:06+00:00\",\"description\":\"Megapari apk ir \u0113rts veids, k\u0101 piek\u013c\u016bt der\u012bbu veikaliem un kazino, atrodoties ce\u013c\u0101. Megapari Apk Android oper\u0113t\u0101jsist\u0113mai pied\u0101v\u0101 optimiz\u0113tu saskarni un ekskluz\u012bvu bonusu pied\u0101v\u0101jumu.\",\"breadcrumb\":{\"@id\":\"https:\/\/megapari.promo\/lv\/apk\/#breadcrumb\"},\"inLanguage\":\"lv-LV\",\"potentialAction\":[{\"@type\":\"ReadAction\",\"target\":[\"https:\/\/megapari.promo\/lv\/apk\/\"]}]},{\"@type\":\"BreadcrumbList\",\"@id\":\"https:\/\/megapari.promo\/lv\/apk\/#breadcrumb\",\"itemListElement\":[{\"@type\":\"ListItem\",\"position\":1,\"name\":\"\u0413\u043b\u0430\u0432\u043d\u0430\u044f \u0441\u0442\u0440\u0430\u043d\u0438\u0446\u0430\",\"item\":\"https:\/\/megapari.promo\/lv\/\"},{\"@type\":\"ListItem\",\"position\":2,\"name\":\"Apk\"}]},{\"@type\":\"WebSite\",\"@id\":\"https:\/\/megapari.promo\/lv\/#website\",\"url\":\"https:\/\/megapari.promo\/lv\/\",\"name\":\"Megapari Win LV\",\"description\":\"My WordPress Blog\",\"potentialAction\":[{\"@type\":\"SearchAction\",\"target\":{\"@type\":\"EntryPoint\",\"urlTemplate\":\"https:\/\/megapari.promo\/lv\/?s={search_term_string}\"},\"query-input\":\"required name=search_term_string\"}],\"inLanguage\":\"lv-LV\"}]}<\/script>\n<!-- \/ Yoast SEO plugin. -->","yoast_head_json":{"title":"Megapari Apk \u25b6\ufe0f K\u0101 lejupiel\u0101d\u0113t un sp\u0113l\u0113t","description":"Megapari apk ir \u0113rts veids, k\u0101 piek\u013c\u016bt der\u012bbu veikaliem un kazino, atrodoties ce\u013c\u0101. Megapari Apk Android oper\u0113t\u0101jsist\u0113mai pied\u0101v\u0101 optimiz\u0113tu saskarni un ekskluz\u012bvu bonusu pied\u0101v\u0101jumu.","robots":{"index":"index","follow":"follow","max-snippet":"max-snippet:-1","max-image-preview":"max-image-preview:large","max-video-preview":"max-video-preview:-1"},"og_locale":"lv_LV","og_type":"article","og_title":"Megapari Apk \u25b6\ufe0f K\u0101 lejupiel\u0101d\u0113t un sp\u0113l\u0113t","og_description":"Megapari apk ir \u0113rts veids, k\u0101 piek\u013c\u016bt der\u012bbu veikaliem un kazino, atrodoties ce\u013c\u0101. Megapari Apk Android oper\u0113t\u0101jsist\u0113mai pied\u0101v\u0101 optimiz\u0113tu saskarni un ekskluz\u012bvu bonusu pied\u0101v\u0101jumu.","og_url":"https:\/\/megapari.promo\/lv\/apk\/","og_site_name":"Megapari Win LV","article_modified_time":"2025-10-23T13:13:06+00:00","twitter_card":"summary_large_image","schema":{"@context":"https:\/\/schema.org","@graph":[{"@type":"WebPage","@id":"https:\/\/megapari.promo\/lv\/apk\/","url":"https:\/\/megapari.promo\/lv\/apk\/","name":"Megapari Apk \u25b6\ufe0f K\u0101 lejupiel\u0101d\u0113t un sp\u0113l\u0113t","isPartOf":{"@id":"https:\/\/megapari.promo\/lv\/#website"},"datePublished":"2025-04-06T13:08:02+00:00","dateModified":"2025-10-23T13:13:06+00:00","description":"Megapari apk ir \u0113rts veids, k\u0101 piek\u013c\u016bt der\u012bbu veikaliem un kazino, atrodoties ce\u013c\u0101. Megapari Apk Android oper\u0113t\u0101jsist\u0113mai pied\u0101v\u0101 optimiz\u0113tu saskarni un ekskluz\u012bvu bonusu pied\u0101v\u0101jumu.","breadcrumb":{"@id":"https:\/\/megapari.promo\/lv\/apk\/#breadcrumb"},"inLanguage":"lv-LV","potentialAction":[{"@type":"ReadAction","target":["https:\/\/megapari.promo\/lv\/apk\/"]}]},{"@type":"BreadcrumbList","@id":"https:\/\/megapari.promo\/lv\/apk\/#breadcrumb","itemListElement":[{"@type":"ListItem","position":1,"name":"\u0413\u043b\u0430\u0432\u043d\u0430\u044f \u0441\u0442\u0440\u0430\u043d\u0438\u0446\u0430","item":"https:\/\/megapari.promo\/lv\/"},{"@type":"ListItem","position":2,"name":"Apk"}]},{"@type":"WebSite","@id":"https:\/\/megapari.promo\/lv\/#website","url":"https:\/\/megapari.promo\/lv\/","name":"Megapari Win LV","description":"My WordPress Blog","potentialAction":[{"@type":"SearchAction","target":{"@type":"EntryPoint","urlTemplate":"https:\/\/megapari.promo\/lv\/?s={search_term_string}"},"query-input":"required name=search_term_string"}],"inLanguage":"lv-LV"}]}},"_links":{"self":[{"href":"https:\/\/megapari.promo\/lv\/wp-json\/wp\/v2\/pages\/310"}],"collection":[{"href":"https:\/\/megapari.promo\/lv\/wp-json\/wp\/v2\/pages"}],"about":[{"href":"https:\/\/megapari.promo\/lv\/wp-json\/wp\/v2\/types\/page"}],"author":[{"embeddable":true,"href":"https:\/\/megapari.promo\/lv\/wp-json\/wp\/v2\/users\/1"}],"replies":[{"embeddable":true,"href":"https:\/\/megapari.promo\/lv\/wp-json\/wp\/v2\/comments?post=310"}],"version-history":[{"count":23,"href":"https:\/\/megapari.promo\/lv\/wp-json\/wp\/v2\/pages\/310\/revisions"}],"predecessor-version":[{"id":666,"href":"https:\/\/megapari.promo\/lv\/wp-json\/wp\/v2\/pages\/310\/revisions\/666"}],"wp:attachment":[{"href":"https:\/\/megapari.promo\/lv\/wp-json\/wp\/v2\/media?parent=310"}],"curies":[{"name":"wp","href":"https:\/\/api.w.org\/{rel}","templated":true}]}}