{"id":358,"date":"2025-04-08T06:29:40","date_gmt":"2025-04-08T06:29:40","guid":{"rendered":"https:\/\/megapari.promo\/lv\/?page_id=358"},"modified":"2025-10-23T13:20:35","modified_gmt":"2025-10-23T13:20:35","slug":"promo-code","status":"publish","type":"page","link":"https:\/\/megapari.promo\/lv\/promo-code\/","title":{"rendered":"Promo kods"},"content":{"rendered":"","protected":false},"excerpt":{"rendered":"","protected":false},"author":1,"featured_media":0,"parent":0,"menu_order":0,"comment_status":"closed","ping_status":"closed","template":"","meta":{"inline_featured_image":false,"footnotes":""},"yoast_head":"<!-- This site is optimized with the Yoast SEO plugin v20.13 - https:\/\/yoast.com\/wordpress\/plugins\/seo\/ -->\n<title>Megapari promo kods \u25b6\ufe0fFaktiskie bonusa kodi 2026<\/title>\n<meta name=\"description\" content=\"Atrodiet lab\u0101kos Megapari bonusu kodus un sa\u0146emiet ekskluz\u012bvus bez depoz\u012bta bonusus un bezmaksas griezienus. Re\u0123istr\u0113joties izmantojiet promo kodu. Ar bonusa kodiem j\u016bs varat sa\u0146emt bezmaksas griezienus j\u016bsu iecien\u012bt\u0101kajos sp\u0113\u013cu autom\u0101tos un bezmaksas likmes uz popul\u0101r\u0101kajiem sporta veidiem Megapari.\" \/>\n<meta name=\"robots\" content=\"index, follow, max-snippet:-1, max-image-preview:large, max-video-preview:-1\" \/>\n<meta property=\"og:locale\" content=\"lv_LV\" \/>\n<meta property=\"og:type\" content=\"article\" \/>\n<meta property=\"og:title\" content=\"Megapari promo kods \u25b6\ufe0fFaktiskie bonusa kodi 2026\" \/>\n<meta property=\"og:description\" content=\"Atrodiet lab\u0101kos Megapari bonusu kodus un sa\u0146emiet ekskluz\u012bvus bez depoz\u012bta bonusus un bezmaksas griezienus. Re\u0123istr\u0113joties izmantojiet promo kodu. Ar bonusa kodiem j\u016bs varat sa\u0146emt bezmaksas griezienus j\u016bsu iecien\u012bt\u0101kajos sp\u0113\u013cu autom\u0101tos un bezmaksas likmes uz popul\u0101r\u0101kajiem sporta veidiem Megapari.\" \/>\n<meta property=\"og:url\" content=\"https:\/\/megapari.promo\/lv\/promo-code\/\" \/>\n<meta property=\"og:site_name\" content=\"Megapari Win LV\" \/>\n<meta property=\"article:modified_time\" content=\"2025-10-23T13:20:35+00:00\" \/>\n<meta name=\"twitter:card\" content=\"summary_large_image\" \/>\n<script type=\"application\/ld+json\" class=\"yoast-schema-graph\">{\"@context\":\"https:\/\/schema.org\",\"@graph\":[{\"@type\":\"WebPage\",\"@id\":\"https:\/\/megapari.promo\/lv\/promo-code\/\",\"url\":\"https:\/\/megapari.promo\/lv\/promo-code\/\",\"name\":\"Megapari promo kods \u25b6\ufe0fFaktiskie bonusa kodi 2026\",\"isPartOf\":{\"@id\":\"https:\/\/megapari.promo\/lv\/#website\"},\"datePublished\":\"2025-04-08T06:29:40+00:00\",\"dateModified\":\"2025-10-23T13:20:35+00:00\",\"description\":\"Atrodiet lab\u0101kos Megapari bonusu kodus un sa\u0146emiet ekskluz\u012bvus bez depoz\u012bta bonusus un bezmaksas griezienus. Re\u0123istr\u0113joties izmantojiet promo kodu. Ar bonusa kodiem j\u016bs varat sa\u0146emt bezmaksas griezienus j\u016bsu iecien\u012bt\u0101kajos sp\u0113\u013cu autom\u0101tos un bezmaksas likmes uz popul\u0101r\u0101kajiem sporta veidiem Megapari.\",\"breadcrumb\":{\"@id\":\"https:\/\/megapari.promo\/lv\/promo-code\/#breadcrumb\"},\"inLanguage\":\"lv-LV\",\"potentialAction\":[{\"@type\":\"ReadAction\",\"target\":[\"https:\/\/megapari.promo\/lv\/promo-code\/\"]}]},{\"@type\":\"BreadcrumbList\",\"@id\":\"https:\/\/megapari.promo\/lv\/promo-code\/#breadcrumb\",\"itemListElement\":[{\"@type\":\"ListItem\",\"position\":1,\"name\":\"\u0413\u043b\u0430\u0432\u043d\u0430\u044f \u0441\u0442\u0440\u0430\u043d\u0438\u0446\u0430\",\"item\":\"https:\/\/megapari.promo\/lv\/\"},{\"@type\":\"ListItem\",\"position\":2,\"name\":\"Promo kods\"}]},{\"@type\":\"WebSite\",\"@id\":\"https:\/\/megapari.promo\/lv\/#website\",\"url\":\"https:\/\/megapari.promo\/lv\/\",\"name\":\"Megapari Win LV\",\"description\":\"My WordPress Blog\",\"potentialAction\":[{\"@type\":\"SearchAction\",\"target\":{\"@type\":\"EntryPoint\",\"urlTemplate\":\"https:\/\/megapari.promo\/lv\/?s={search_term_string}\"},\"query-input\":\"required name=search_term_string\"}],\"inLanguage\":\"lv-LV\"}]}<\/script>\n<!-- \/ Yoast SEO plugin. -->","yoast_head_json":{"title":"Megapari promo kods \u25b6\ufe0fFaktiskie bonusa kodi 2026","description":"Atrodiet lab\u0101kos Megapari bonusu kodus un sa\u0146emiet ekskluz\u012bvus bez depoz\u012bta bonusus un bezmaksas griezienus. Re\u0123istr\u0113joties izmantojiet promo kodu. Ar bonusa kodiem j\u016bs varat sa\u0146emt bezmaksas griezienus j\u016bsu iecien\u012bt\u0101kajos sp\u0113\u013cu autom\u0101tos un bezmaksas likmes uz popul\u0101r\u0101kajiem sporta veidiem Megapari.","robots":{"index":"index","follow":"follow","max-snippet":"max-snippet:-1","max-image-preview":"max-image-preview:large","max-video-preview":"max-video-preview:-1"},"og_locale":"lv_LV","og_type":"article","og_title":"Megapari promo kods \u25b6\ufe0fFaktiskie bonusa kodi 2026","og_description":"Atrodiet lab\u0101kos Megapari bonusu kodus un sa\u0146emiet ekskluz\u012bvus bez depoz\u012bta bonusus un bezmaksas griezienus. Re\u0123istr\u0113joties izmantojiet promo kodu. Ar bonusa kodiem j\u016bs varat sa\u0146emt bezmaksas griezienus j\u016bsu iecien\u012bt\u0101kajos sp\u0113\u013cu autom\u0101tos un bezmaksas likmes uz popul\u0101r\u0101kajiem sporta veidiem Megapari.","og_url":"https:\/\/megapari.promo\/lv\/promo-code\/","og_site_name":"Megapari Win LV","article_modified_time":"2025-10-23T13:20:35+00:00","twitter_card":"summary_large_image","schema":{"@context":"https:\/\/schema.org","@graph":[{"@type":"WebPage","@id":"https:\/\/megapari.promo\/lv\/promo-code\/","url":"https:\/\/megapari.promo\/lv\/promo-code\/","name":"Megapari promo kods \u25b6\ufe0fFaktiskie bonusa kodi 2026","isPartOf":{"@id":"https:\/\/megapari.promo\/lv\/#website"},"datePublished":"2025-04-08T06:29:40+00:00","dateModified":"2025-10-23T13:20:35+00:00","description":"Atrodiet lab\u0101kos Megapari bonusu kodus un sa\u0146emiet ekskluz\u012bvus bez depoz\u012bta bonusus un bezmaksas griezienus. Re\u0123istr\u0113joties izmantojiet promo kodu. Ar bonusa kodiem j\u016bs varat sa\u0146emt bezmaksas griezienus j\u016bsu iecien\u012bt\u0101kajos sp\u0113\u013cu autom\u0101tos un bezmaksas likmes uz popul\u0101r\u0101kajiem sporta veidiem Megapari.","breadcrumb":{"@id":"https:\/\/megapari.promo\/lv\/promo-code\/#breadcrumb"},"inLanguage":"lv-LV","potentialAction":[{"@type":"ReadAction","target":["https:\/\/megapari.promo\/lv\/promo-code\/"]}]},{"@type":"BreadcrumbList","@id":"https:\/\/megapari.promo\/lv\/promo-code\/#breadcrumb","itemListElement":[{"@type":"ListItem","position":1,"name":"\u0413\u043b\u0430\u0432\u043d\u0430\u044f \u0441\u0442\u0440\u0430\u043d\u0438\u0446\u0430","item":"https:\/\/megapari.promo\/lv\/"},{"@type":"ListItem","position":2,"name":"Promo kods"}]},{"@type":"WebSite","@id":"https:\/\/megapari.promo\/lv\/#website","url":"https:\/\/megapari.promo\/lv\/","name":"Megapari Win LV","description":"My WordPress Blog","potentialAction":[{"@type":"SearchAction","target":{"@type":"EntryPoint","urlTemplate":"https:\/\/megapari.promo\/lv\/?s={search_term_string}"},"query-input":"required name=search_term_string"}],"inLanguage":"lv-LV"}]}},"_links":{"self":[{"href":"https:\/\/megapari.promo\/lv\/wp-json\/wp\/v2\/pages\/358"}],"collection":[{"href":"https:\/\/megapari.promo\/lv\/wp-json\/wp\/v2\/pages"}],"about":[{"href":"https:\/\/megapari.promo\/lv\/wp-json\/wp\/v2\/types\/page"}],"author":[{"embeddable":true,"href":"https:\/\/megapari.promo\/lv\/wp-json\/wp\/v2\/users\/1"}],"replies":[{"embeddable":true,"href":"https:\/\/megapari.promo\/lv\/wp-json\/wp\/v2\/comments?post=358"}],"version-history":[{"count":26,"href":"https:\/\/megapari.promo\/lv\/wp-json\/wp\/v2\/pages\/358\/revisions"}],"predecessor-version":[{"id":668,"href":"https:\/\/megapari.promo\/lv\/wp-json\/wp\/v2\/pages\/358\/revisions\/668"}],"wp:attachment":[{"href":"https:\/\/megapari.promo\/lv\/wp-json\/wp\/v2\/media?parent=358"}],"curies":[{"name":"wp","href":"https:\/\/api.w.org\/{rel}","templated":true}]}}