{"id":373,"date":"2025-04-09T05:08:14","date_gmt":"2025-04-09T05:08:14","guid":{"rendered":"https:\/\/megapari.promo\/lv\/?page_id=373"},"modified":"2025-10-24T05:23:42","modified_gmt":"2025-10-24T05:23:42","slug":"registration","status":"publish","type":"page","link":"https:\/\/megapari.promo\/lv\/registration\/","title":{"rendered":"Re\u0123istr\u0101cija"},"content":{"rendered":"","protected":false},"excerpt":{"rendered":"","protected":false},"author":1,"featured_media":0,"parent":0,"menu_order":0,"comment_status":"closed","ping_status":"closed","template":"","meta":{"inline_featured_image":false,"footnotes":""},"yoast_head":"<!-- This site is optimized with the Yoast SEO plugin v20.13 - https:\/\/yoast.com\/wordpress\/plugins\/seo\/ -->\n<title>Megapari Re\u0123istr\u0101cija: \ud83d\udd39 K\u0101 izveidot kontu<\/title>\n<meta name=\"description\" content=\"Uzziniet, k\u0101 re\u0123istr\u0113ties sporta der\u012bbu un kazino platform\u0101 Megapari\u26a1 Atkl\u0101jiet ekskluz\u012bvus bonusus un aizraujo\u0161as sp\u0113les.\" \/>\n<meta name=\"robots\" content=\"index, follow, max-snippet:-1, max-image-preview:large, max-video-preview:-1\" \/>\n<meta property=\"og:locale\" content=\"lv_LV\" \/>\n<meta property=\"og:type\" content=\"article\" \/>\n<meta property=\"og:title\" content=\"Megapari Re\u0123istr\u0101cija: \ud83d\udd39 K\u0101 izveidot kontu\" \/>\n<meta property=\"og:description\" content=\"Uzziniet, k\u0101 re\u0123istr\u0113ties sporta der\u012bbu un kazino platform\u0101 Megapari\u26a1 Atkl\u0101jiet ekskluz\u012bvus bonusus un aizraujo\u0161as sp\u0113les.\" \/>\n<meta property=\"og:url\" content=\"https:\/\/megapari.promo\/lv\/registration\/\" \/>\n<meta property=\"og:site_name\" content=\"Megapari Win LV\" \/>\n<meta property=\"article:modified_time\" content=\"2025-10-24T05:23:42+00:00\" \/>\n<meta name=\"twitter:card\" content=\"summary_large_image\" \/>\n<script type=\"application\/ld+json\" class=\"yoast-schema-graph\">{\"@context\":\"https:\/\/schema.org\",\"@graph\":[{\"@type\":\"WebPage\",\"@id\":\"https:\/\/megapari.promo\/lv\/registration\/\",\"url\":\"https:\/\/megapari.promo\/lv\/registration\/\",\"name\":\"Megapari Re\u0123istr\u0101cija: \ud83d\udd39 K\u0101 izveidot kontu\",\"isPartOf\":{\"@id\":\"https:\/\/megapari.promo\/lv\/#website\"},\"datePublished\":\"2025-04-09T05:08:14+00:00\",\"dateModified\":\"2025-10-24T05:23:42+00:00\",\"description\":\"Uzziniet, k\u0101 re\u0123istr\u0113ties sporta der\u012bbu un kazino platform\u0101 Megapari\u26a1 Atkl\u0101jiet ekskluz\u012bvus bonusus un aizraujo\u0161as sp\u0113les.\",\"breadcrumb\":{\"@id\":\"https:\/\/megapari.promo\/lv\/registration\/#breadcrumb\"},\"inLanguage\":\"lv-LV\",\"potentialAction\":[{\"@type\":\"ReadAction\",\"target\":[\"https:\/\/megapari.promo\/lv\/registration\/\"]}]},{\"@type\":\"BreadcrumbList\",\"@id\":\"https:\/\/megapari.promo\/lv\/registration\/#breadcrumb\",\"itemListElement\":[{\"@type\":\"ListItem\",\"position\":1,\"name\":\"\u0413\u043b\u0430\u0432\u043d\u0430\u044f \u0441\u0442\u0440\u0430\u043d\u0438\u0446\u0430\",\"item\":\"https:\/\/megapari.promo\/lv\/\"},{\"@type\":\"ListItem\",\"position\":2,\"name\":\"Re\u0123istr\u0101cija\"}]},{\"@type\":\"WebSite\",\"@id\":\"https:\/\/megapari.promo\/lv\/#website\",\"url\":\"https:\/\/megapari.promo\/lv\/\",\"name\":\"Megapari Win LV\",\"description\":\"My WordPress Blog\",\"potentialAction\":[{\"@type\":\"SearchAction\",\"target\":{\"@type\":\"EntryPoint\",\"urlTemplate\":\"https:\/\/megapari.promo\/lv\/?s={search_term_string}\"},\"query-input\":\"required name=search_term_string\"}],\"inLanguage\":\"lv-LV\"}]}<\/script>\n<!-- \/ Yoast SEO plugin. -->","yoast_head_json":{"title":"Megapari Re\u0123istr\u0101cija: \ud83d\udd39 K\u0101 izveidot kontu","description":"Uzziniet, k\u0101 re\u0123istr\u0113ties sporta der\u012bbu un kazino platform\u0101 Megapari\u26a1 Atkl\u0101jiet ekskluz\u012bvus bonusus un aizraujo\u0161as sp\u0113les.","robots":{"index":"index","follow":"follow","max-snippet":"max-snippet:-1","max-image-preview":"max-image-preview:large","max-video-preview":"max-video-preview:-1"},"og_locale":"lv_LV","og_type":"article","og_title":"Megapari Re\u0123istr\u0101cija: \ud83d\udd39 K\u0101 izveidot kontu","og_description":"Uzziniet, k\u0101 re\u0123istr\u0113ties sporta der\u012bbu un kazino platform\u0101 Megapari\u26a1 Atkl\u0101jiet ekskluz\u012bvus bonusus un aizraujo\u0161as sp\u0113les.","og_url":"https:\/\/megapari.promo\/lv\/registration\/","og_site_name":"Megapari Win LV","article_modified_time":"2025-10-24T05:23:42+00:00","twitter_card":"summary_large_image","schema":{"@context":"https:\/\/schema.org","@graph":[{"@type":"WebPage","@id":"https:\/\/megapari.promo\/lv\/registration\/","url":"https:\/\/megapari.promo\/lv\/registration\/","name":"Megapari Re\u0123istr\u0101cija: \ud83d\udd39 K\u0101 izveidot kontu","isPartOf":{"@id":"https:\/\/megapari.promo\/lv\/#website"},"datePublished":"2025-04-09T05:08:14+00:00","dateModified":"2025-10-24T05:23:42+00:00","description":"Uzziniet, k\u0101 re\u0123istr\u0113ties sporta der\u012bbu un kazino platform\u0101 Megapari\u26a1 Atkl\u0101jiet ekskluz\u012bvus bonusus un aizraujo\u0161as sp\u0113les.","breadcrumb":{"@id":"https:\/\/megapari.promo\/lv\/registration\/#breadcrumb"},"inLanguage":"lv-LV","potentialAction":[{"@type":"ReadAction","target":["https:\/\/megapari.promo\/lv\/registration\/"]}]},{"@type":"BreadcrumbList","@id":"https:\/\/megapari.promo\/lv\/registration\/#breadcrumb","itemListElement":[{"@type":"ListItem","position":1,"name":"\u0413\u043b\u0430\u0432\u043d\u0430\u044f \u0441\u0442\u0440\u0430\u043d\u0438\u0446\u0430","item":"https:\/\/megapari.promo\/lv\/"},{"@type":"ListItem","position":2,"name":"Re\u0123istr\u0101cija"}]},{"@type":"WebSite","@id":"https:\/\/megapari.promo\/lv\/#website","url":"https:\/\/megapari.promo\/lv\/","name":"Megapari Win LV","description":"My WordPress Blog","potentialAction":[{"@type":"SearchAction","target":{"@type":"EntryPoint","urlTemplate":"https:\/\/megapari.promo\/lv\/?s={search_term_string}"},"query-input":"required name=search_term_string"}],"inLanguage":"lv-LV"}]}},"_links":{"self":[{"href":"https:\/\/megapari.promo\/lv\/wp-json\/wp\/v2\/pages\/373"}],"collection":[{"href":"https:\/\/megapari.promo\/lv\/wp-json\/wp\/v2\/pages"}],"about":[{"href":"https:\/\/megapari.promo\/lv\/wp-json\/wp\/v2\/types\/page"}],"author":[{"embeddable":true,"href":"https:\/\/megapari.promo\/lv\/wp-json\/wp\/v2\/users\/1"}],"replies":[{"embeddable":true,"href":"https:\/\/megapari.promo\/lv\/wp-json\/wp\/v2\/comments?post=373"}],"version-history":[{"count":10,"href":"https:\/\/megapari.promo\/lv\/wp-json\/wp\/v2\/pages\/373\/revisions"}],"predecessor-version":[{"id":669,"href":"https:\/\/megapari.promo\/lv\/wp-json\/wp\/v2\/pages\/373\/revisions\/669"}],"wp:attachment":[{"href":"https:\/\/megapari.promo\/lv\/wp-json\/wp\/v2\/media?parent=373"}],"curies":[{"name":"wp","href":"https:\/\/api.w.org\/{rel}","templated":true}]}}