{"id":389,"date":"2025-04-10T05:04:24","date_gmt":"2025-04-10T05:04:24","guid":{"rendered":"https:\/\/megapari.promo\/lv\/?page_id=389"},"modified":"2025-10-23T13:25:12","modified_gmt":"2025-10-23T13:25:12","slug":"login","status":"publish","type":"page","link":"https:\/\/megapari.promo\/lv\/login\/","title":{"rendered":"Pieteik\u0161an\u0101s"},"content":{"rendered":"","protected":false},"excerpt":{"rendered":"","protected":false},"author":1,"featured_media":0,"parent":0,"menu_order":0,"comment_status":"closed","ping_status":"closed","template":"","meta":{"inline_featured_image":false,"footnotes":""},"yoast_head":"<!-- This site is optimized with the Yoast SEO plugin v20.13 - https:\/\/yoast.com\/wordpress\/plugins\/seo\/ -->\n<title>Megapari Pieteik\u0161an\u0101s: Piek\u013cuve der\u012bb\u0101m un kazino | Ce\u013cvedis<\/title>\n<meta name=\"description\" content=\"Megapari pieteik\u0161an\u0101s process soli pa solim - k\u0101 piek\u013c\u016bt savam kontam - Piesakieties Megapari un sa\u0146emiet sagaid\u012b\u0161anas paketi l\u012bdz pat 1290\u20ac un 150 bezmaksas griezienus.\" \/>\n<meta name=\"robots\" content=\"index, follow, max-snippet:-1, max-image-preview:large, max-video-preview:-1\" \/>\n<meta property=\"og:locale\" content=\"lv_LV\" \/>\n<meta property=\"og:type\" content=\"article\" \/>\n<meta property=\"og:title\" content=\"Megapari Pieteik\u0161an\u0101s: Piek\u013cuve der\u012bb\u0101m un kazino | Ce\u013cvedis\" \/>\n<meta property=\"og:description\" content=\"Megapari pieteik\u0161an\u0101s process soli pa solim - k\u0101 piek\u013c\u016bt savam kontam - Piesakieties Megapari un sa\u0146emiet sagaid\u012b\u0161anas paketi l\u012bdz pat 1290\u20ac un 150 bezmaksas griezienus.\" \/>\n<meta property=\"og:url\" content=\"https:\/\/megapari.promo\/lv\/login\/\" \/>\n<meta property=\"og:site_name\" content=\"Megapari Win LV\" \/>\n<meta property=\"article:modified_time\" content=\"2025-10-23T13:25:12+00:00\" \/>\n<meta name=\"twitter:card\" content=\"summary_large_image\" \/>\n<script type=\"application\/ld+json\" class=\"yoast-schema-graph\">{\"@context\":\"https:\/\/schema.org\",\"@graph\":[{\"@type\":\"WebPage\",\"@id\":\"https:\/\/megapari.promo\/lv\/login\/\",\"url\":\"https:\/\/megapari.promo\/lv\/login\/\",\"name\":\"Megapari Pieteik\u0161an\u0101s: Piek\u013cuve der\u012bb\u0101m un kazino | Ce\u013cvedis\",\"isPartOf\":{\"@id\":\"https:\/\/megapari.promo\/lv\/#website\"},\"datePublished\":\"2025-04-10T05:04:24+00:00\",\"dateModified\":\"2025-10-23T13:25:12+00:00\",\"description\":\"Megapari pieteik\u0161an\u0101s process soli pa solim - k\u0101 piek\u013c\u016bt savam kontam - Piesakieties Megapari un sa\u0146emiet sagaid\u012b\u0161anas paketi l\u012bdz pat 1290\u20ac un 150 bezmaksas griezienus.\",\"breadcrumb\":{\"@id\":\"https:\/\/megapari.promo\/lv\/login\/#breadcrumb\"},\"inLanguage\":\"lv-LV\",\"potentialAction\":[{\"@type\":\"ReadAction\",\"target\":[\"https:\/\/megapari.promo\/lv\/login\/\"]}]},{\"@type\":\"BreadcrumbList\",\"@id\":\"https:\/\/megapari.promo\/lv\/login\/#breadcrumb\",\"itemListElement\":[{\"@type\":\"ListItem\",\"position\":1,\"name\":\"\u0413\u043b\u0430\u0432\u043d\u0430\u044f \u0441\u0442\u0440\u0430\u043d\u0438\u0446\u0430\",\"item\":\"https:\/\/megapari.promo\/lv\/\"},{\"@type\":\"ListItem\",\"position\":2,\"name\":\"Pieteik\u0161an\u0101s\"}]},{\"@type\":\"WebSite\",\"@id\":\"https:\/\/megapari.promo\/lv\/#website\",\"url\":\"https:\/\/megapari.promo\/lv\/\",\"name\":\"Megapari Win LV\",\"description\":\"My WordPress Blog\",\"potentialAction\":[{\"@type\":\"SearchAction\",\"target\":{\"@type\":\"EntryPoint\",\"urlTemplate\":\"https:\/\/megapari.promo\/lv\/?s={search_term_string}\"},\"query-input\":\"required name=search_term_string\"}],\"inLanguage\":\"lv-LV\"}]}<\/script>\n<!-- \/ Yoast SEO plugin. -->","yoast_head_json":{"title":"Megapari Pieteik\u0161an\u0101s: Piek\u013cuve der\u012bb\u0101m un kazino | Ce\u013cvedis","description":"Megapari pieteik\u0161an\u0101s process soli pa solim - k\u0101 piek\u013c\u016bt savam kontam - Piesakieties Megapari un sa\u0146emiet sagaid\u012b\u0161anas paketi l\u012bdz pat 1290\u20ac un 150 bezmaksas griezienus.","robots":{"index":"index","follow":"follow","max-snippet":"max-snippet:-1","max-image-preview":"max-image-preview:large","max-video-preview":"max-video-preview:-1"},"og_locale":"lv_LV","og_type":"article","og_title":"Megapari Pieteik\u0161an\u0101s: Piek\u013cuve der\u012bb\u0101m un kazino | Ce\u013cvedis","og_description":"Megapari pieteik\u0161an\u0101s process soli pa solim - k\u0101 piek\u013c\u016bt savam kontam - Piesakieties Megapari un sa\u0146emiet sagaid\u012b\u0161anas paketi l\u012bdz pat 1290\u20ac un 150 bezmaksas griezienus.","og_url":"https:\/\/megapari.promo\/lv\/login\/","og_site_name":"Megapari Win LV","article_modified_time":"2025-10-23T13:25:12+00:00","twitter_card":"summary_large_image","schema":{"@context":"https:\/\/schema.org","@graph":[{"@type":"WebPage","@id":"https:\/\/megapari.promo\/lv\/login\/","url":"https:\/\/megapari.promo\/lv\/login\/","name":"Megapari Pieteik\u0161an\u0101s: Piek\u013cuve der\u012bb\u0101m un kazino | Ce\u013cvedis","isPartOf":{"@id":"https:\/\/megapari.promo\/lv\/#website"},"datePublished":"2025-04-10T05:04:24+00:00","dateModified":"2025-10-23T13:25:12+00:00","description":"Megapari pieteik\u0161an\u0101s process soli pa solim - k\u0101 piek\u013c\u016bt savam kontam - Piesakieties Megapari un sa\u0146emiet sagaid\u012b\u0161anas paketi l\u012bdz pat 1290\u20ac un 150 bezmaksas griezienus.","breadcrumb":{"@id":"https:\/\/megapari.promo\/lv\/login\/#breadcrumb"},"inLanguage":"lv-LV","potentialAction":[{"@type":"ReadAction","target":["https:\/\/megapari.promo\/lv\/login\/"]}]},{"@type":"BreadcrumbList","@id":"https:\/\/megapari.promo\/lv\/login\/#breadcrumb","itemListElement":[{"@type":"ListItem","position":1,"name":"\u0413\u043b\u0430\u0432\u043d\u0430\u044f \u0441\u0442\u0440\u0430\u043d\u0438\u0446\u0430","item":"https:\/\/megapari.promo\/lv\/"},{"@type":"ListItem","position":2,"name":"Pieteik\u0161an\u0101s"}]},{"@type":"WebSite","@id":"https:\/\/megapari.promo\/lv\/#website","url":"https:\/\/megapari.promo\/lv\/","name":"Megapari Win LV","description":"My WordPress Blog","potentialAction":[{"@type":"SearchAction","target":{"@type":"EntryPoint","urlTemplate":"https:\/\/megapari.promo\/lv\/?s={search_term_string}"},"query-input":"required name=search_term_string"}],"inLanguage":"lv-LV"}]}},"_links":{"self":[{"href":"https:\/\/megapari.promo\/lv\/wp-json\/wp\/v2\/pages\/389"}],"collection":[{"href":"https:\/\/megapari.promo\/lv\/wp-json\/wp\/v2\/pages"}],"about":[{"href":"https:\/\/megapari.promo\/lv\/wp-json\/wp\/v2\/types\/page"}],"author":[{"embeddable":true,"href":"https:\/\/megapari.promo\/lv\/wp-json\/wp\/v2\/users\/1"}],"replies":[{"embeddable":true,"href":"https:\/\/megapari.promo\/lv\/wp-json\/wp\/v2\/comments?post=389"}],"version-history":[{"count":8,"href":"https:\/\/megapari.promo\/lv\/wp-json\/wp\/v2\/pages\/389\/revisions"}],"predecessor-version":[{"id":650,"href":"https:\/\/megapari.promo\/lv\/wp-json\/wp\/v2\/pages\/389\/revisions\/650"}],"wp:attachment":[{"href":"https:\/\/megapari.promo\/lv\/wp-json\/wp\/v2\/media?parent=389"}],"curies":[{"name":"wp","href":"https:\/\/api.w.org\/{rel}","templated":true}]}}