{"id":443,"date":"2025-06-24T05:55:39","date_gmt":"2025-06-24T05:55:39","guid":{"rendered":"https:\/\/megapari.promo\/lv\/?page_id=443"},"modified":"2025-10-23T06:08:02","modified_gmt":"2025-10-23T06:08:02","slug":"10th-deposit-bonus","status":"publish","type":"page","link":"https:\/\/megapari.promo\/lv\/bonus\/10th-deposit-bonus\/","title":{"rendered":"10. depoz\u012bta bonuss"},"content":{"rendered":"","protected":false},"excerpt":{"rendered":"","protected":false},"author":1,"featured_media":0,"parent":152,"menu_order":0,"comment_status":"closed","ping_status":"closed","template":"","meta":{"inline_featured_image":false,"footnotes":""},"yoast_head":"<!-- This site is optimized with the Yoast SEO plugin v20.13 - https:\/\/yoast.com\/wordpress\/plugins\/seo\/ -->\n<title>Megapari 10. depoz\u012bta bonuss \u1409 50% atl\u012bdz\u012bba l\u012bdz 258\u20ac!<\/title>\n<meta name=\"description\" content=\"Nepalaidiet savu iesp\u0113ju gar\u0101m! Ieg\u016bstiet l\u012bdz pat 300 \u20ac bonusu par savu desmito iemaksu Megapari! Uzziniet, k\u0101 aktiviz\u0113t 50% bonusu un palielin\u0101t savu laimestu jau \u0161odien.\" \/>\n<meta name=\"robots\" content=\"index, follow, max-snippet:-1, max-image-preview:large, max-video-preview:-1\" \/>\n<meta property=\"og:locale\" content=\"lv_LV\" \/>\n<meta property=\"og:type\" content=\"article\" \/>\n<meta property=\"og:title\" content=\"Megapari 10. depoz\u012bta bonuss \u1409 50% atl\u012bdz\u012bba l\u012bdz 258\u20ac!\" \/>\n<meta property=\"og:description\" content=\"Nepalaidiet savu iesp\u0113ju gar\u0101m! Ieg\u016bstiet l\u012bdz pat 300 \u20ac bonusu par savu desmito iemaksu Megapari! Uzziniet, k\u0101 aktiviz\u0113t 50% bonusu un palielin\u0101t savu laimestu jau \u0161odien.\" \/>\n<meta property=\"og:url\" content=\"https:\/\/megapari.promo\/lv\/bonus\/10th-deposit-bonus\/\" \/>\n<meta property=\"og:site_name\" content=\"Megapari Win LV\" \/>\n<meta property=\"article:modified_time\" content=\"2025-10-23T06:08:02+00:00\" \/>\n<meta name=\"twitter:card\" content=\"summary_large_image\" \/>\n<script type=\"application\/ld+json\" class=\"yoast-schema-graph\">{\"@context\":\"https:\/\/schema.org\",\"@graph\":[{\"@type\":\"WebPage\",\"@id\":\"https:\/\/megapari.promo\/lv\/bonus\/10th-deposit-bonus\/\",\"url\":\"https:\/\/megapari.promo\/lv\/bonus\/10th-deposit-bonus\/\",\"name\":\"Megapari 10. depoz\u012bta bonuss \u1409 50% atl\u012bdz\u012bba l\u012bdz 258\u20ac!\",\"isPartOf\":{\"@id\":\"https:\/\/megapari.promo\/lv\/#website\"},\"datePublished\":\"2025-06-24T05:55:39+00:00\",\"dateModified\":\"2025-10-23T06:08:02+00:00\",\"description\":\"Nepalaidiet savu iesp\u0113ju gar\u0101m! Ieg\u016bstiet l\u012bdz pat 300 \u20ac bonusu par savu desmito iemaksu Megapari! Uzziniet, k\u0101 aktiviz\u0113t 50% bonusu un palielin\u0101t savu laimestu jau \u0161odien.\",\"breadcrumb\":{\"@id\":\"https:\/\/megapari.promo\/lv\/bonus\/10th-deposit-bonus\/#breadcrumb\"},\"inLanguage\":\"lv-LV\",\"potentialAction\":[{\"@type\":\"ReadAction\",\"target\":[\"https:\/\/megapari.promo\/lv\/bonus\/10th-deposit-bonus\/\"]}]},{\"@type\":\"BreadcrumbList\",\"@id\":\"https:\/\/megapari.promo\/lv\/bonus\/10th-deposit-bonus\/#breadcrumb\",\"itemListElement\":[{\"@type\":\"ListItem\",\"position\":1,\"name\":\"\u0413\u043b\u0430\u0432\u043d\u0430\u044f \u0441\u0442\u0440\u0430\u043d\u0438\u0446\u0430\",\"item\":\"https:\/\/megapari.promo\/lv\/\"},{\"@type\":\"ListItem\",\"position\":2,\"name\":\"Bonuss\",\"item\":\"https:\/\/megapari.promo\/lv\/bonus\/\"},{\"@type\":\"ListItem\",\"position\":3,\"name\":\"10. depoz\u012bta bonuss\"}]},{\"@type\":\"WebSite\",\"@id\":\"https:\/\/megapari.promo\/lv\/#website\",\"url\":\"https:\/\/megapari.promo\/lv\/\",\"name\":\"Megapari Win LV\",\"description\":\"My WordPress Blog\",\"potentialAction\":[{\"@type\":\"SearchAction\",\"target\":{\"@type\":\"EntryPoint\",\"urlTemplate\":\"https:\/\/megapari.promo\/lv\/?s={search_term_string}\"},\"query-input\":\"required name=search_term_string\"}],\"inLanguage\":\"lv-LV\"}]}<\/script>\n<!-- \/ Yoast SEO plugin. -->","yoast_head_json":{"title":"Megapari 10. depoz\u012bta bonuss \u1409 50% atl\u012bdz\u012bba l\u012bdz 258\u20ac!","description":"Nepalaidiet savu iesp\u0113ju gar\u0101m! Ieg\u016bstiet l\u012bdz pat 300 \u20ac bonusu par savu desmito iemaksu Megapari! Uzziniet, k\u0101 aktiviz\u0113t 50% bonusu un palielin\u0101t savu laimestu jau \u0161odien.","robots":{"index":"index","follow":"follow","max-snippet":"max-snippet:-1","max-image-preview":"max-image-preview:large","max-video-preview":"max-video-preview:-1"},"og_locale":"lv_LV","og_type":"article","og_title":"Megapari 10. depoz\u012bta bonuss \u1409 50% atl\u012bdz\u012bba l\u012bdz 258\u20ac!","og_description":"Nepalaidiet savu iesp\u0113ju gar\u0101m! Ieg\u016bstiet l\u012bdz pat 300 \u20ac bonusu par savu desmito iemaksu Megapari! Uzziniet, k\u0101 aktiviz\u0113t 50% bonusu un palielin\u0101t savu laimestu jau \u0161odien.","og_url":"https:\/\/megapari.promo\/lv\/bonus\/10th-deposit-bonus\/","og_site_name":"Megapari Win LV","article_modified_time":"2025-10-23T06:08:02+00:00","twitter_card":"summary_large_image","schema":{"@context":"https:\/\/schema.org","@graph":[{"@type":"WebPage","@id":"https:\/\/megapari.promo\/lv\/bonus\/10th-deposit-bonus\/","url":"https:\/\/megapari.promo\/lv\/bonus\/10th-deposit-bonus\/","name":"Megapari 10. depoz\u012bta bonuss \u1409 50% atl\u012bdz\u012bba l\u012bdz 258\u20ac!","isPartOf":{"@id":"https:\/\/megapari.promo\/lv\/#website"},"datePublished":"2025-06-24T05:55:39+00:00","dateModified":"2025-10-23T06:08:02+00:00","description":"Nepalaidiet savu iesp\u0113ju gar\u0101m! Ieg\u016bstiet l\u012bdz pat 300 \u20ac bonusu par savu desmito iemaksu Megapari! Uzziniet, k\u0101 aktiviz\u0113t 50% bonusu un palielin\u0101t savu laimestu jau \u0161odien.","breadcrumb":{"@id":"https:\/\/megapari.promo\/lv\/bonus\/10th-deposit-bonus\/#breadcrumb"},"inLanguage":"lv-LV","potentialAction":[{"@type":"ReadAction","target":["https:\/\/megapari.promo\/lv\/bonus\/10th-deposit-bonus\/"]}]},{"@type":"BreadcrumbList","@id":"https:\/\/megapari.promo\/lv\/bonus\/10th-deposit-bonus\/#breadcrumb","itemListElement":[{"@type":"ListItem","position":1,"name":"\u0413\u043b\u0430\u0432\u043d\u0430\u044f \u0441\u0442\u0440\u0430\u043d\u0438\u0446\u0430","item":"https:\/\/megapari.promo\/lv\/"},{"@type":"ListItem","position":2,"name":"Bonuss","item":"https:\/\/megapari.promo\/lv\/bonus\/"},{"@type":"ListItem","position":3,"name":"10. depoz\u012bta bonuss"}]},{"@type":"WebSite","@id":"https:\/\/megapari.promo\/lv\/#website","url":"https:\/\/megapari.promo\/lv\/","name":"Megapari Win LV","description":"My WordPress Blog","potentialAction":[{"@type":"SearchAction","target":{"@type":"EntryPoint","urlTemplate":"https:\/\/megapari.promo\/lv\/?s={search_term_string}"},"query-input":"required name=search_term_string"}],"inLanguage":"lv-LV"}]}},"_links":{"self":[{"href":"https:\/\/megapari.promo\/lv\/wp-json\/wp\/v2\/pages\/443"}],"collection":[{"href":"https:\/\/megapari.promo\/lv\/wp-json\/wp\/v2\/pages"}],"about":[{"href":"https:\/\/megapari.promo\/lv\/wp-json\/wp\/v2\/types\/page"}],"author":[{"embeddable":true,"href":"https:\/\/megapari.promo\/lv\/wp-json\/wp\/v2\/users\/1"}],"replies":[{"embeddable":true,"href":"https:\/\/megapari.promo\/lv\/wp-json\/wp\/v2\/comments?post=443"}],"version-history":[{"count":6,"href":"https:\/\/megapari.promo\/lv\/wp-json\/wp\/v2\/pages\/443\/revisions"}],"predecessor-version":[{"id":630,"href":"https:\/\/megapari.promo\/lv\/wp-json\/wp\/v2\/pages\/443\/revisions\/630"}],"up":[{"embeddable":true,"href":"https:\/\/megapari.promo\/lv\/wp-json\/wp\/v2\/pages\/152"}],"wp:attachment":[{"href":"https:\/\/megapari.promo\/lv\/wp-json\/wp\/v2\/media?parent=443"}],"curies":[{"name":"wp","href":"https:\/\/api.w.org\/{rel}","templated":true}]}}