{"id":2,"date":"2023-05-18T17:18:34","date_gmt":"2023-05-18T17:18:34","guid":{"rendered":"https:\/\/megapari.promo\/pl\/?page_id=2"},"modified":"2025-07-31T17:33:15","modified_gmt":"2025-07-31T17:33:15","slug":"sample-page","status":"publish","type":"page","link":"https:\/\/megapari.promo\/pl\/","title":{"rendered":"Strona g\u0142\u00f3wna"},"content":{"rendered":"","protected":false},"excerpt":{"rendered":"","protected":false},"author":1,"featured_media":0,"parent":0,"menu_order":0,"comment_status":"closed","ping_status":"open","template":"","meta":{"inline_featured_image":false,"footnotes":""},"yoast_head":"<!-- This site is optimized with the Yoast SEO plugin v20.13 - https:\/\/yoast.com\/wordpress\/plugins\/seo\/ -->\n<title>Megapari Bie\u017c\u0105cy rok: Oficjalna strona zak\u0142ad\u00f3w sportowych<\/title>\n<meta name=\"description\" content=\"Zacznij obstawia\u0107 r\u00f3\u017cne dyscypliny sportowe i ciesz si\u0119 kasynem z oficjalnym bukmacherem Megapari \u2714\ufe0f Uzyskaj najlepsze mo\u017cliwe warunki i 100% bonus powitalny dla nowych graczy.\" \/>\n<meta name=\"robots\" content=\"index, follow, max-snippet:-1, max-image-preview:large, max-video-preview:-1\" \/>\n<meta property=\"og:locale\" content=\"pl_PL\" \/>\n<meta property=\"og:type\" content=\"article\" \/>\n<meta property=\"og:title\" content=\"Megapari Bie\u017c\u0105cy rok: Oficjalna strona zak\u0142ad\u00f3w sportowych\" \/>\n<meta property=\"og:description\" content=\"Zacznij obstawia\u0107 r\u00f3\u017cne dyscypliny sportowe i ciesz si\u0119 kasynem z oficjalnym bukmacherem Megapari \u2714\ufe0f Uzyskaj najlepsze mo\u017cliwe warunki i 100% bonus powitalny dla nowych graczy.\" \/>\n<meta property=\"og:url\" content=\"https:\/\/megapari.promo\/pl\/\" \/>\n<meta property=\"og:site_name\" content=\"Megapari Win PL\" \/>\n<meta property=\"article:modified_time\" content=\"2025-07-31T17:33:15+00:00\" \/>\n<meta name=\"twitter:card\" content=\"summary_large_image\" \/>\n<script type=\"application\/ld+json\" class=\"yoast-schema-graph\">{\"@context\":\"https:\/\/schema.org\",\"@graph\":[{\"@type\":\"WebPage\",\"@id\":\"https:\/\/megapari.promo\/pl\/\",\"url\":\"https:\/\/megapari.promo\/pl\/\",\"name\":\"Megapari Bie\u017c\u0105cy rok: Oficjalna strona zak\u0142ad\u00f3w sportowych\",\"isPartOf\":{\"@id\":\"https:\/\/megapari.promo\/pl\/#website\"},\"datePublished\":\"2023-05-18T17:18:34+00:00\",\"dateModified\":\"2025-07-31T17:33:15+00:00\",\"description\":\"Zacznij obstawia\u0107 r\u00f3\u017cne dyscypliny sportowe i ciesz si\u0119 kasynem z oficjalnym bukmacherem Megapari \u2714\ufe0f Uzyskaj najlepsze mo\u017cliwe warunki i 100% bonus powitalny dla nowych graczy.\",\"breadcrumb\":{\"@id\":\"https:\/\/megapari.promo\/pl\/#breadcrumb\"},\"inLanguage\":\"pl-PL\",\"potentialAction\":[{\"@type\":\"ReadAction\",\"target\":[\"https:\/\/megapari.promo\/pl\/\"]}]},{\"@type\":\"BreadcrumbList\",\"@id\":\"https:\/\/megapari.promo\/pl\/#breadcrumb\",\"itemListElement\":[{\"@type\":\"ListItem\",\"position\":1,\"name\":\"\u0413\u043b\u0430\u0432\u043d\u0430\u044f \u0441\u0442\u0440\u0430\u043d\u0438\u0446\u0430\",\"item\":\"https:\/\/megapari.promo\/pl\/\"},{\"@type\":\"ListItem\",\"position\":2,\"name\":\"Strona g\u0142\u00f3wna\"}]},{\"@type\":\"WebSite\",\"@id\":\"https:\/\/megapari.promo\/pl\/#website\",\"url\":\"https:\/\/megapari.promo\/pl\/\",\"name\":\"Megapari Win PL\",\"description\":\"My WordPress Blog\",\"potentialAction\":[{\"@type\":\"SearchAction\",\"target\":{\"@type\":\"EntryPoint\",\"urlTemplate\":\"https:\/\/megapari.promo\/pl\/?s={search_term_string}\"},\"query-input\":\"required name=search_term_string\"}],\"inLanguage\":\"pl-PL\"}]}<\/script>\n<!-- \/ Yoast SEO plugin. -->","yoast_head_json":{"title":"Megapari Bie\u017c\u0105cy rok: Oficjalna strona zak\u0142ad\u00f3w sportowych","description":"Zacznij obstawia\u0107 r\u00f3\u017cne dyscypliny sportowe i ciesz si\u0119 kasynem z oficjalnym bukmacherem Megapari \u2714\ufe0f Uzyskaj najlepsze mo\u017cliwe warunki i 100% bonus powitalny dla nowych graczy.","robots":{"index":"index","follow":"follow","max-snippet":"max-snippet:-1","max-image-preview":"max-image-preview:large","max-video-preview":"max-video-preview:-1"},"og_locale":"pl_PL","og_type":"article","og_title":"Megapari Bie\u017c\u0105cy rok: Oficjalna strona zak\u0142ad\u00f3w sportowych","og_description":"Zacznij obstawia\u0107 r\u00f3\u017cne dyscypliny sportowe i ciesz si\u0119 kasynem z oficjalnym bukmacherem Megapari \u2714\ufe0f Uzyskaj najlepsze mo\u017cliwe warunki i 100% bonus powitalny dla nowych graczy.","og_url":"https:\/\/megapari.promo\/pl\/","og_site_name":"Megapari Win PL","article_modified_time":"2025-07-31T17:33:15+00:00","twitter_card":"summary_large_image","schema":{"@context":"https:\/\/schema.org","@graph":[{"@type":"WebPage","@id":"https:\/\/megapari.promo\/pl\/","url":"https:\/\/megapari.promo\/pl\/","name":"Megapari Bie\u017c\u0105cy rok: Oficjalna strona zak\u0142ad\u00f3w sportowych","isPartOf":{"@id":"https:\/\/megapari.promo\/pl\/#website"},"datePublished":"2023-05-18T17:18:34+00:00","dateModified":"2025-07-31T17:33:15+00:00","description":"Zacznij obstawia\u0107 r\u00f3\u017cne dyscypliny sportowe i ciesz si\u0119 kasynem z oficjalnym bukmacherem Megapari \u2714\ufe0f Uzyskaj najlepsze mo\u017cliwe warunki i 100% bonus powitalny dla nowych graczy.","breadcrumb":{"@id":"https:\/\/megapari.promo\/pl\/#breadcrumb"},"inLanguage":"pl-PL","potentialAction":[{"@type":"ReadAction","target":["https:\/\/megapari.promo\/pl\/"]}]},{"@type":"BreadcrumbList","@id":"https:\/\/megapari.promo\/pl\/#breadcrumb","itemListElement":[{"@type":"ListItem","position":1,"name":"\u0413\u043b\u0430\u0432\u043d\u0430\u044f \u0441\u0442\u0440\u0430\u043d\u0438\u0446\u0430","item":"https:\/\/megapari.promo\/pl\/"},{"@type":"ListItem","position":2,"name":"Strona g\u0142\u00f3wna"}]},{"@type":"WebSite","@id":"https:\/\/megapari.promo\/pl\/#website","url":"https:\/\/megapari.promo\/pl\/","name":"Megapari Win PL","description":"My WordPress Blog","potentialAction":[{"@type":"SearchAction","target":{"@type":"EntryPoint","urlTemplate":"https:\/\/megapari.promo\/pl\/?s={search_term_string}"},"query-input":"required name=search_term_string"}],"inLanguage":"pl-PL"}]}},"_links":{"self":[{"href":"https:\/\/megapari.promo\/pl\/wp-json\/wp\/v2\/pages\/2"}],"collection":[{"href":"https:\/\/megapari.promo\/pl\/wp-json\/wp\/v2\/pages"}],"about":[{"href":"https:\/\/megapari.promo\/pl\/wp-json\/wp\/v2\/types\/page"}],"author":[{"embeddable":true,"href":"https:\/\/megapari.promo\/pl\/wp-json\/wp\/v2\/users\/1"}],"replies":[{"embeddable":true,"href":"https:\/\/megapari.promo\/pl\/wp-json\/wp\/v2\/comments?post=2"}],"version-history":[{"count":76,"href":"https:\/\/megapari.promo\/pl\/wp-json\/wp\/v2\/pages\/2\/revisions"}],"predecessor-version":[{"id":538,"href":"https:\/\/megapari.promo\/pl\/wp-json\/wp\/v2\/pages\/2\/revisions\/538"}],"wp:attachment":[{"href":"https:\/\/megapari.promo\/pl\/wp-json\/wp\/v2\/media?parent=2"}],"curies":[{"name":"wp","href":"https:\/\/api.w.org\/{rel}","templated":true}]}}