{"id":296,"date":"2025-04-04T17:01:19","date_gmt":"2025-04-04T17:01:19","guid":{"rendered":"https:\/\/megapari.promo\/pl\/?page_id=296"},"modified":"2025-07-22T11:09:12","modified_gmt":"2025-07-22T11:09:12","slug":"app","status":"publish","type":"page","link":"https:\/\/megapari.promo\/pl\/app\/","title":{"rendered":"Aplikacja"},"content":{"rendered":"","protected":false},"excerpt":{"rendered":"","protected":false},"author":1,"featured_media":0,"parent":0,"menu_order":0,"comment_status":"closed","ping_status":"closed","template":"","meta":{"inline_featured_image":false,"footnotes":""},"yoast_head":"<!-- This site is optimized with the Yoast SEO plugin v20.13 - https:\/\/yoast.com\/wordpress\/plugins\/seo\/ -->\n<title>Aplikacja Megapari: \u2705 Do pobrania za darmo na Androida i iOS<\/title>\n<meta name=\"description\" content=\"Aplikacja mobilna Megapari to mo\u017cliwo\u015b\u0107 dost\u0119pu do ulubionej rozrywki w dowolnym miejscu i czasie. Ciesz si\u0119 mobilnymi korzy\u015bciami Megapari\" \/>\n<meta name=\"robots\" content=\"index, follow, max-snippet:-1, max-image-preview:large, max-video-preview:-1\" \/>\n<meta property=\"og:locale\" content=\"pl_PL\" \/>\n<meta property=\"og:type\" content=\"article\" \/>\n<meta property=\"og:title\" content=\"Aplikacja Megapari: \u2705 Do pobrania za darmo na Androida i iOS\" \/>\n<meta property=\"og:description\" content=\"Aplikacja mobilna Megapari to mo\u017cliwo\u015b\u0107 dost\u0119pu do ulubionej rozrywki w dowolnym miejscu i czasie. Ciesz si\u0119 mobilnymi korzy\u015bciami Megapari\" \/>\n<meta property=\"og:url\" content=\"https:\/\/megapari.promo\/pl\/app\/\" \/>\n<meta property=\"og:site_name\" content=\"Megapari Win PL\" \/>\n<meta property=\"article:modified_time\" content=\"2025-07-22T11:09:12+00:00\" \/>\n<meta name=\"twitter:card\" content=\"summary_large_image\" \/>\n<script type=\"application\/ld+json\" class=\"yoast-schema-graph\">{\"@context\":\"https:\/\/schema.org\",\"@graph\":[{\"@type\":\"WebPage\",\"@id\":\"https:\/\/megapari.promo\/pl\/app\/\",\"url\":\"https:\/\/megapari.promo\/pl\/app\/\",\"name\":\"Aplikacja Megapari: \u2705 Do pobrania za darmo na Androida i iOS\",\"isPartOf\":{\"@id\":\"https:\/\/megapari.promo\/pl\/#website\"},\"datePublished\":\"2025-04-04T17:01:19+00:00\",\"dateModified\":\"2025-07-22T11:09:12+00:00\",\"description\":\"Aplikacja mobilna Megapari to mo\u017cliwo\u015b\u0107 dost\u0119pu do ulubionej rozrywki w dowolnym miejscu i czasie. Ciesz si\u0119 mobilnymi korzy\u015bciami Megapari\",\"breadcrumb\":{\"@id\":\"https:\/\/megapari.promo\/pl\/app\/#breadcrumb\"},\"inLanguage\":\"pl-PL\",\"potentialAction\":[{\"@type\":\"ReadAction\",\"target\":[\"https:\/\/megapari.promo\/pl\/app\/\"]}]},{\"@type\":\"BreadcrumbList\",\"@id\":\"https:\/\/megapari.promo\/pl\/app\/#breadcrumb\",\"itemListElement\":[{\"@type\":\"ListItem\",\"position\":1,\"name\":\"\u0413\u043b\u0430\u0432\u043d\u0430\u044f \u0441\u0442\u0440\u0430\u043d\u0438\u0446\u0430\",\"item\":\"https:\/\/megapari.promo\/pl\/\"},{\"@type\":\"ListItem\",\"position\":2,\"name\":\"Aplikacja\"}]},{\"@type\":\"WebSite\",\"@id\":\"https:\/\/megapari.promo\/pl\/#website\",\"url\":\"https:\/\/megapari.promo\/pl\/\",\"name\":\"Megapari Win PL\",\"description\":\"My WordPress Blog\",\"potentialAction\":[{\"@type\":\"SearchAction\",\"target\":{\"@type\":\"EntryPoint\",\"urlTemplate\":\"https:\/\/megapari.promo\/pl\/?s={search_term_string}\"},\"query-input\":\"required name=search_term_string\"}],\"inLanguage\":\"pl-PL\"}]}<\/script>\n<!-- \/ Yoast SEO plugin. -->","yoast_head_json":{"title":"Aplikacja Megapari: \u2705 Do pobrania za darmo na Androida i iOS","description":"Aplikacja mobilna Megapari to mo\u017cliwo\u015b\u0107 dost\u0119pu do ulubionej rozrywki w dowolnym miejscu i czasie. Ciesz si\u0119 mobilnymi korzy\u015bciami Megapari","robots":{"index":"index","follow":"follow","max-snippet":"max-snippet:-1","max-image-preview":"max-image-preview:large","max-video-preview":"max-video-preview:-1"},"og_locale":"pl_PL","og_type":"article","og_title":"Aplikacja Megapari: \u2705 Do pobrania za darmo na Androida i iOS","og_description":"Aplikacja mobilna Megapari to mo\u017cliwo\u015b\u0107 dost\u0119pu do ulubionej rozrywki w dowolnym miejscu i czasie. Ciesz si\u0119 mobilnymi korzy\u015bciami Megapari","og_url":"https:\/\/megapari.promo\/pl\/app\/","og_site_name":"Megapari Win PL","article_modified_time":"2025-07-22T11:09:12+00:00","twitter_card":"summary_large_image","schema":{"@context":"https:\/\/schema.org","@graph":[{"@type":"WebPage","@id":"https:\/\/megapari.promo\/pl\/app\/","url":"https:\/\/megapari.promo\/pl\/app\/","name":"Aplikacja Megapari: \u2705 Do pobrania za darmo na Androida i iOS","isPartOf":{"@id":"https:\/\/megapari.promo\/pl\/#website"},"datePublished":"2025-04-04T17:01:19+00:00","dateModified":"2025-07-22T11:09:12+00:00","description":"Aplikacja mobilna Megapari to mo\u017cliwo\u015b\u0107 dost\u0119pu do ulubionej rozrywki w dowolnym miejscu i czasie. Ciesz si\u0119 mobilnymi korzy\u015bciami Megapari","breadcrumb":{"@id":"https:\/\/megapari.promo\/pl\/app\/#breadcrumb"},"inLanguage":"pl-PL","potentialAction":[{"@type":"ReadAction","target":["https:\/\/megapari.promo\/pl\/app\/"]}]},{"@type":"BreadcrumbList","@id":"https:\/\/megapari.promo\/pl\/app\/#breadcrumb","itemListElement":[{"@type":"ListItem","position":1,"name":"\u0413\u043b\u0430\u0432\u043d\u0430\u044f \u0441\u0442\u0440\u0430\u043d\u0438\u0446\u0430","item":"https:\/\/megapari.promo\/pl\/"},{"@type":"ListItem","position":2,"name":"Aplikacja"}]},{"@type":"WebSite","@id":"https:\/\/megapari.promo\/pl\/#website","url":"https:\/\/megapari.promo\/pl\/","name":"Megapari Win PL","description":"My WordPress Blog","potentialAction":[{"@type":"SearchAction","target":{"@type":"EntryPoint","urlTemplate":"https:\/\/megapari.promo\/pl\/?s={search_term_string}"},"query-input":"required name=search_term_string"}],"inLanguage":"pl-PL"}]}},"_links":{"self":[{"href":"https:\/\/megapari.promo\/pl\/wp-json\/wp\/v2\/pages\/296"}],"collection":[{"href":"https:\/\/megapari.promo\/pl\/wp-json\/wp\/v2\/pages"}],"about":[{"href":"https:\/\/megapari.promo\/pl\/wp-json\/wp\/v2\/types\/page"}],"author":[{"embeddable":true,"href":"https:\/\/megapari.promo\/pl\/wp-json\/wp\/v2\/users\/1"}],"replies":[{"embeddable":true,"href":"https:\/\/megapari.promo\/pl\/wp-json\/wp\/v2\/comments?post=296"}],"version-history":[{"count":9,"href":"https:\/\/megapari.promo\/pl\/wp-json\/wp\/v2\/pages\/296\/revisions"}],"predecessor-version":[{"id":514,"href":"https:\/\/megapari.promo\/pl\/wp-json\/wp\/v2\/pages\/296\/revisions\/514"}],"wp:attachment":[{"href":"https:\/\/megapari.promo\/pl\/wp-json\/wp\/v2\/media?parent=296"}],"curies":[{"name":"wp","href":"https:\/\/api.w.org\/{rel}","templated":true}]}}