{"id":310,"date":"2025-04-06T13:08:02","date_gmt":"2025-04-06T13:08:02","guid":{"rendered":"https:\/\/megapari.promo\/pl\/?page_id=310"},"modified":"2025-07-22T10:51:44","modified_gmt":"2025-07-22T10:51:44","slug":"apk","status":"publish","type":"page","link":"https:\/\/megapari.promo\/pl\/apk\/","title":{"rendered":"Apk"},"content":{"rendered":"","protected":false},"excerpt":{"rendered":"","protected":false},"author":1,"featured_media":0,"parent":0,"menu_order":0,"comment_status":"closed","ping_status":"closed","template":"","meta":{"inline_featured_image":false,"footnotes":""},"yoast_head":"<!-- This site is optimized with the Yoast SEO plugin v20.13 - https:\/\/yoast.com\/wordpress\/plugins\/seo\/ -->\n<title>Megapari Apk \u25b6\ufe0f Jak pobra\u0107 i gra\u0107<\/title>\n<meta name=\"description\" content=\"Megapari Apk to wygodny spos\u00f3b na dost\u0119p do zak\u0142ad\u00f3w bukmacherskich i kasyn w podr\u00f3\u017cy. Megapari Apk na Androida oferuje zoptymalizowany interfejs i ekskluzywn\u0105 ofert\u0119 bonusow\u0105 Megapari apk is a convenient way to access betting shops and casinos on the go. Megapari Apk for Android offers an optimised interface and exclusive bonus offe\" \/>\n<meta name=\"robots\" content=\"index, follow, max-snippet:-1, max-image-preview:large, max-video-preview:-1\" \/>\n<meta property=\"og:locale\" content=\"pl_PL\" \/>\n<meta property=\"og:type\" content=\"article\" \/>\n<meta property=\"og:title\" content=\"Megapari Apk \u25b6\ufe0f Jak pobra\u0107 i gra\u0107\" \/>\n<meta property=\"og:description\" content=\"Megapari Apk to wygodny spos\u00f3b na dost\u0119p do zak\u0142ad\u00f3w bukmacherskich i kasyn w podr\u00f3\u017cy. Megapari Apk na Androida oferuje zoptymalizowany interfejs i ekskluzywn\u0105 ofert\u0119 bonusow\u0105 Megapari apk is a convenient way to access betting shops and casinos on the go. Megapari Apk for Android offers an optimised interface and exclusive bonus offe\" \/>\n<meta property=\"og:url\" content=\"https:\/\/megapari.promo\/pl\/apk\/\" \/>\n<meta property=\"og:site_name\" content=\"Megapari Win PL\" \/>\n<meta property=\"article:modified_time\" content=\"2025-07-22T10:51:44+00:00\" \/>\n<meta name=\"twitter:card\" content=\"summary_large_image\" \/>\n<script type=\"application\/ld+json\" class=\"yoast-schema-graph\">{\"@context\":\"https:\/\/schema.org\",\"@graph\":[{\"@type\":\"WebPage\",\"@id\":\"https:\/\/megapari.promo\/pl\/apk\/\",\"url\":\"https:\/\/megapari.promo\/pl\/apk\/\",\"name\":\"Megapari Apk \u25b6\ufe0f Jak pobra\u0107 i gra\u0107\",\"isPartOf\":{\"@id\":\"https:\/\/megapari.promo\/pl\/#website\"},\"datePublished\":\"2025-04-06T13:08:02+00:00\",\"dateModified\":\"2025-07-22T10:51:44+00:00\",\"description\":\"Megapari Apk to wygodny spos\u00f3b na dost\u0119p do zak\u0142ad\u00f3w bukmacherskich i kasyn w podr\u00f3\u017cy. Megapari Apk na Androida oferuje zoptymalizowany interfejs i ekskluzywn\u0105 ofert\u0119 bonusow\u0105 Megapari apk is a convenient way to access betting shops and casinos on the go. Megapari Apk for Android offers an optimised interface and exclusive bonus offe\",\"breadcrumb\":{\"@id\":\"https:\/\/megapari.promo\/pl\/apk\/#breadcrumb\"},\"inLanguage\":\"pl-PL\",\"potentialAction\":[{\"@type\":\"ReadAction\",\"target\":[\"https:\/\/megapari.promo\/pl\/apk\/\"]}]},{\"@type\":\"BreadcrumbList\",\"@id\":\"https:\/\/megapari.promo\/pl\/apk\/#breadcrumb\",\"itemListElement\":[{\"@type\":\"ListItem\",\"position\":1,\"name\":\"\u0413\u043b\u0430\u0432\u043d\u0430\u044f \u0441\u0442\u0440\u0430\u043d\u0438\u0446\u0430\",\"item\":\"https:\/\/megapari.promo\/pl\/\"},{\"@type\":\"ListItem\",\"position\":2,\"name\":\"Apk\"}]},{\"@type\":\"WebSite\",\"@id\":\"https:\/\/megapari.promo\/pl\/#website\",\"url\":\"https:\/\/megapari.promo\/pl\/\",\"name\":\"Megapari Win PL\",\"description\":\"My WordPress Blog\",\"potentialAction\":[{\"@type\":\"SearchAction\",\"target\":{\"@type\":\"EntryPoint\",\"urlTemplate\":\"https:\/\/megapari.promo\/pl\/?s={search_term_string}\"},\"query-input\":\"required name=search_term_string\"}],\"inLanguage\":\"pl-PL\"}]}<\/script>\n<!-- \/ Yoast SEO plugin. -->","yoast_head_json":{"title":"Megapari Apk \u25b6\ufe0f Jak pobra\u0107 i gra\u0107","description":"Megapari Apk to wygodny spos\u00f3b na dost\u0119p do zak\u0142ad\u00f3w bukmacherskich i kasyn w podr\u00f3\u017cy. Megapari Apk na Androida oferuje zoptymalizowany interfejs i ekskluzywn\u0105 ofert\u0119 bonusow\u0105 Megapari apk is a convenient way to access betting shops and casinos on the go. Megapari Apk for Android offers an optimised interface and exclusive bonus offe","robots":{"index":"index","follow":"follow","max-snippet":"max-snippet:-1","max-image-preview":"max-image-preview:large","max-video-preview":"max-video-preview:-1"},"og_locale":"pl_PL","og_type":"article","og_title":"Megapari Apk \u25b6\ufe0f Jak pobra\u0107 i gra\u0107","og_description":"Megapari Apk to wygodny spos\u00f3b na dost\u0119p do zak\u0142ad\u00f3w bukmacherskich i kasyn w podr\u00f3\u017cy. Megapari Apk na Androida oferuje zoptymalizowany interfejs i ekskluzywn\u0105 ofert\u0119 bonusow\u0105 Megapari apk is a convenient way to access betting shops and casinos on the go. Megapari Apk for Android offers an optimised interface and exclusive bonus offe","og_url":"https:\/\/megapari.promo\/pl\/apk\/","og_site_name":"Megapari Win PL","article_modified_time":"2025-07-22T10:51:44+00:00","twitter_card":"summary_large_image","schema":{"@context":"https:\/\/schema.org","@graph":[{"@type":"WebPage","@id":"https:\/\/megapari.promo\/pl\/apk\/","url":"https:\/\/megapari.promo\/pl\/apk\/","name":"Megapari Apk \u25b6\ufe0f Jak pobra\u0107 i gra\u0107","isPartOf":{"@id":"https:\/\/megapari.promo\/pl\/#website"},"datePublished":"2025-04-06T13:08:02+00:00","dateModified":"2025-07-22T10:51:44+00:00","description":"Megapari Apk to wygodny spos\u00f3b na dost\u0119p do zak\u0142ad\u00f3w bukmacherskich i kasyn w podr\u00f3\u017cy. Megapari Apk na Androida oferuje zoptymalizowany interfejs i ekskluzywn\u0105 ofert\u0119 bonusow\u0105 Megapari apk is a convenient way to access betting shops and casinos on the go. Megapari Apk for Android offers an optimised interface and exclusive bonus offe","breadcrumb":{"@id":"https:\/\/megapari.promo\/pl\/apk\/#breadcrumb"},"inLanguage":"pl-PL","potentialAction":[{"@type":"ReadAction","target":["https:\/\/megapari.promo\/pl\/apk\/"]}]},{"@type":"BreadcrumbList","@id":"https:\/\/megapari.promo\/pl\/apk\/#breadcrumb","itemListElement":[{"@type":"ListItem","position":1,"name":"\u0413\u043b\u0430\u0432\u043d\u0430\u044f \u0441\u0442\u0440\u0430\u043d\u0438\u0446\u0430","item":"https:\/\/megapari.promo\/pl\/"},{"@type":"ListItem","position":2,"name":"Apk"}]},{"@type":"WebSite","@id":"https:\/\/megapari.promo\/pl\/#website","url":"https:\/\/megapari.promo\/pl\/","name":"Megapari Win PL","description":"My WordPress Blog","potentialAction":[{"@type":"SearchAction","target":{"@type":"EntryPoint","urlTemplate":"https:\/\/megapari.promo\/pl\/?s={search_term_string}"},"query-input":"required name=search_term_string"}],"inLanguage":"pl-PL"}]}},"_links":{"self":[{"href":"https:\/\/megapari.promo\/pl\/wp-json\/wp\/v2\/pages\/310"}],"collection":[{"href":"https:\/\/megapari.promo\/pl\/wp-json\/wp\/v2\/pages"}],"about":[{"href":"https:\/\/megapari.promo\/pl\/wp-json\/wp\/v2\/types\/page"}],"author":[{"embeddable":true,"href":"https:\/\/megapari.promo\/pl\/wp-json\/wp\/v2\/users\/1"}],"replies":[{"embeddable":true,"href":"https:\/\/megapari.promo\/pl\/wp-json\/wp\/v2\/comments?post=310"}],"version-history":[{"count":12,"href":"https:\/\/megapari.promo\/pl\/wp-json\/wp\/v2\/pages\/310\/revisions"}],"predecessor-version":[{"id":512,"href":"https:\/\/megapari.promo\/pl\/wp-json\/wp\/v2\/pages\/310\/revisions\/512"}],"wp:attachment":[{"href":"https:\/\/megapari.promo\/pl\/wp-json\/wp\/v2\/media?parent=310"}],"curies":[{"name":"wp","href":"https:\/\/api.w.org\/{rel}","templated":true}]}}