{"id":389,"date":"2025-04-10T05:04:24","date_gmt":"2025-04-10T05:04:24","guid":{"rendered":"https:\/\/megapari.promo\/pl\/?page_id=389"},"modified":"2025-07-31T17:29:32","modified_gmt":"2025-07-31T17:29:32","slug":"login","status":"publish","type":"page","link":"https:\/\/megapari.promo\/pl\/login\/","title":{"rendered":"Autentificare"},"content":{"rendered":"","protected":false},"excerpt":{"rendered":"","protected":false},"author":1,"featured_media":0,"parent":0,"menu_order":0,"comment_status":"closed","ping_status":"closed","template":"","meta":{"inline_featured_image":false,"footnotes":""},"yoast_head":"<!-- This site is optimized with the Yoast SEO plugin v20.13 - https:\/\/yoast.com\/wordpress\/plugins\/seo\/ -->\n<title>Megapari Zaloguj si\u0119: Dost\u0119p do zak\u0142ad\u00f3w i kasyna | Przewodnik<\/title>\n<meta name=\"description\" content=\"Proces logowania do Megapari krok po kroku - jak uzyska\u0107 dost\u0119p do konta - Zaloguj si\u0119 do Megapari i odbierz pakiet powitalny do 5500 PLN i 150 darmowych spin\u00f3w\" \/>\n<meta name=\"robots\" content=\"index, follow, max-snippet:-1, max-image-preview:large, max-video-preview:-1\" \/>\n<meta property=\"og:locale\" content=\"pl_PL\" \/>\n<meta property=\"og:type\" content=\"article\" \/>\n<meta property=\"og:title\" content=\"Megapari Zaloguj si\u0119: Dost\u0119p do zak\u0142ad\u00f3w i kasyna | Przewodnik\" \/>\n<meta property=\"og:description\" content=\"Proces logowania do Megapari krok po kroku - jak uzyska\u0107 dost\u0119p do konta - Zaloguj si\u0119 do Megapari i odbierz pakiet powitalny do 5500 PLN i 150 darmowych spin\u00f3w\" \/>\n<meta property=\"og:url\" content=\"https:\/\/megapari.promo\/pl\/login\/\" \/>\n<meta property=\"og:site_name\" content=\"Megapari Win PL\" \/>\n<meta property=\"article:modified_time\" content=\"2025-07-31T17:29:32+00:00\" \/>\n<meta name=\"twitter:card\" content=\"summary_large_image\" \/>\n<script type=\"application\/ld+json\" class=\"yoast-schema-graph\">{\"@context\":\"https:\/\/schema.org\",\"@graph\":[{\"@type\":\"WebPage\",\"@id\":\"https:\/\/megapari.promo\/pl\/login\/\",\"url\":\"https:\/\/megapari.promo\/pl\/login\/\",\"name\":\"Megapari Zaloguj si\u0119: Dost\u0119p do zak\u0142ad\u00f3w i kasyna | Przewodnik\",\"isPartOf\":{\"@id\":\"https:\/\/megapari.promo\/pl\/#website\"},\"datePublished\":\"2025-04-10T05:04:24+00:00\",\"dateModified\":\"2025-07-31T17:29:32+00:00\",\"description\":\"Proces logowania do Megapari krok po kroku - jak uzyska\u0107 dost\u0119p do konta - Zaloguj si\u0119 do Megapari i odbierz pakiet powitalny do 5500 PLN i 150 darmowych spin\u00f3w\",\"breadcrumb\":{\"@id\":\"https:\/\/megapari.promo\/pl\/login\/#breadcrumb\"},\"inLanguage\":\"pl-PL\",\"potentialAction\":[{\"@type\":\"ReadAction\",\"target\":[\"https:\/\/megapari.promo\/pl\/login\/\"]}]},{\"@type\":\"BreadcrumbList\",\"@id\":\"https:\/\/megapari.promo\/pl\/login\/#breadcrumb\",\"itemListElement\":[{\"@type\":\"ListItem\",\"position\":1,\"name\":\"\u0413\u043b\u0430\u0432\u043d\u0430\u044f \u0441\u0442\u0440\u0430\u043d\u0438\u0446\u0430\",\"item\":\"https:\/\/megapari.promo\/pl\/\"},{\"@type\":\"ListItem\",\"position\":2,\"name\":\"Autentificare\"}]},{\"@type\":\"WebSite\",\"@id\":\"https:\/\/megapari.promo\/pl\/#website\",\"url\":\"https:\/\/megapari.promo\/pl\/\",\"name\":\"Megapari Win PL\",\"description\":\"My WordPress Blog\",\"potentialAction\":[{\"@type\":\"SearchAction\",\"target\":{\"@type\":\"EntryPoint\",\"urlTemplate\":\"https:\/\/megapari.promo\/pl\/?s={search_term_string}\"},\"query-input\":\"required name=search_term_string\"}],\"inLanguage\":\"pl-PL\"}]}<\/script>\n<!-- \/ Yoast SEO plugin. -->","yoast_head_json":{"title":"Megapari Zaloguj si\u0119: Dost\u0119p do zak\u0142ad\u00f3w i kasyna | Przewodnik","description":"Proces logowania do Megapari krok po kroku - jak uzyska\u0107 dost\u0119p do konta - Zaloguj si\u0119 do Megapari i odbierz pakiet powitalny do 5500 PLN i 150 darmowych spin\u00f3w","robots":{"index":"index","follow":"follow","max-snippet":"max-snippet:-1","max-image-preview":"max-image-preview:large","max-video-preview":"max-video-preview:-1"},"og_locale":"pl_PL","og_type":"article","og_title":"Megapari Zaloguj si\u0119: Dost\u0119p do zak\u0142ad\u00f3w i kasyna | Przewodnik","og_description":"Proces logowania do Megapari krok po kroku - jak uzyska\u0107 dost\u0119p do konta - Zaloguj si\u0119 do Megapari i odbierz pakiet powitalny do 5500 PLN i 150 darmowych spin\u00f3w","og_url":"https:\/\/megapari.promo\/pl\/login\/","og_site_name":"Megapari Win PL","article_modified_time":"2025-07-31T17:29:32+00:00","twitter_card":"summary_large_image","schema":{"@context":"https:\/\/schema.org","@graph":[{"@type":"WebPage","@id":"https:\/\/megapari.promo\/pl\/login\/","url":"https:\/\/megapari.promo\/pl\/login\/","name":"Megapari Zaloguj si\u0119: Dost\u0119p do zak\u0142ad\u00f3w i kasyna | Przewodnik","isPartOf":{"@id":"https:\/\/megapari.promo\/pl\/#website"},"datePublished":"2025-04-10T05:04:24+00:00","dateModified":"2025-07-31T17:29:32+00:00","description":"Proces logowania do Megapari krok po kroku - jak uzyska\u0107 dost\u0119p do konta - Zaloguj si\u0119 do Megapari i odbierz pakiet powitalny do 5500 PLN i 150 darmowych spin\u00f3w","breadcrumb":{"@id":"https:\/\/megapari.promo\/pl\/login\/#breadcrumb"},"inLanguage":"pl-PL","potentialAction":[{"@type":"ReadAction","target":["https:\/\/megapari.promo\/pl\/login\/"]}]},{"@type":"BreadcrumbList","@id":"https:\/\/megapari.promo\/pl\/login\/#breadcrumb","itemListElement":[{"@type":"ListItem","position":1,"name":"\u0413\u043b\u0430\u0432\u043d\u0430\u044f \u0441\u0442\u0440\u0430\u043d\u0438\u0446\u0430","item":"https:\/\/megapari.promo\/pl\/"},{"@type":"ListItem","position":2,"name":"Autentificare"}]},{"@type":"WebSite","@id":"https:\/\/megapari.promo\/pl\/#website","url":"https:\/\/megapari.promo\/pl\/","name":"Megapari Win PL","description":"My WordPress Blog","potentialAction":[{"@type":"SearchAction","target":{"@type":"EntryPoint","urlTemplate":"https:\/\/megapari.promo\/pl\/?s={search_term_string}"},"query-input":"required name=search_term_string"}],"inLanguage":"pl-PL"}]}},"_links":{"self":[{"href":"https:\/\/megapari.promo\/pl\/wp-json\/wp\/v2\/pages\/389"}],"collection":[{"href":"https:\/\/megapari.promo\/pl\/wp-json\/wp\/v2\/pages"}],"about":[{"href":"https:\/\/megapari.promo\/pl\/wp-json\/wp\/v2\/types\/page"}],"author":[{"embeddable":true,"href":"https:\/\/megapari.promo\/pl\/wp-json\/wp\/v2\/users\/1"}],"replies":[{"embeddable":true,"href":"https:\/\/megapari.promo\/pl\/wp-json\/wp\/v2\/comments?post=389"}],"version-history":[{"count":8,"href":"https:\/\/megapari.promo\/pl\/wp-json\/wp\/v2\/pages\/389\/revisions"}],"predecessor-version":[{"id":526,"href":"https:\/\/megapari.promo\/pl\/wp-json\/wp\/v2\/pages\/389\/revisions\/526"}],"wp:attachment":[{"href":"https:\/\/megapari.promo\/pl\/wp-json\/wp\/v2\/media?parent=389"}],"curies":[{"name":"wp","href":"https:\/\/api.w.org\/{rel}","templated":true}]}}