{"id":443,"date":"2025-06-24T05:55:39","date_gmt":"2025-06-24T05:55:39","guid":{"rendered":"https:\/\/megapari.promo\/pl\/?page_id=443"},"modified":"2025-07-22T11:36:17","modified_gmt":"2025-07-22T11:36:17","slug":"10th-deposit-bonus","status":"publish","type":"page","link":"https:\/\/megapari.promo\/pl\/bonus\/10th-deposit-bonus\/","title":{"rendered":"10. bonus od depozytu"},"content":{"rendered":"","protected":false},"excerpt":{"rendered":"","protected":false},"author":1,"featured_media":0,"parent":152,"menu_order":0,"comment_status":"closed","ping_status":"closed","template":"","meta":{"inline_featured_image":false,"footnotes":""},"yoast_head":"<!-- This site is optimized with the Yoast SEO plugin v20.13 - https:\/\/yoast.com\/wordpress\/plugins\/seo\/ -->\n<title>Megapari 10. bonus od depozytu \u1409 50% nagrody do 1100 PLN!<\/title>\n<meta name=\"description\" content=\"Nie przegap swojej szansy! Zdob\u0105d\u017a do 1100 PLN bonusu przy dziesi\u0105tym depozycie w Megapari! Dowiedz si\u0119, jak aktywowa\u0107 bonus 50% i zmaksymalizowa\u0107 swoje wygrane ju\u017c dzi\u015b.\" \/>\n<meta name=\"robots\" content=\"index, follow, max-snippet:-1, max-image-preview:large, max-video-preview:-1\" \/>\n<meta property=\"og:locale\" content=\"pl_PL\" \/>\n<meta property=\"og:type\" content=\"article\" \/>\n<meta property=\"og:title\" content=\"Megapari 10. bonus od depozytu \u1409 50% nagrody do 1100 PLN!\" \/>\n<meta property=\"og:description\" content=\"Nie przegap swojej szansy! Zdob\u0105d\u017a do 1100 PLN bonusu przy dziesi\u0105tym depozycie w Megapari! Dowiedz si\u0119, jak aktywowa\u0107 bonus 50% i zmaksymalizowa\u0107 swoje wygrane ju\u017c dzi\u015b.\" \/>\n<meta property=\"og:url\" content=\"https:\/\/megapari.promo\/pl\/bonus\/10th-deposit-bonus\/\" \/>\n<meta property=\"og:site_name\" content=\"Megapari Win PL\" \/>\n<meta property=\"article:modified_time\" content=\"2025-07-22T11:36:17+00:00\" \/>\n<meta name=\"twitter:card\" content=\"summary_large_image\" \/>\n<script type=\"application\/ld+json\" class=\"yoast-schema-graph\">{\"@context\":\"https:\/\/schema.org\",\"@graph\":[{\"@type\":\"WebPage\",\"@id\":\"https:\/\/megapari.promo\/pl\/bonus\/10th-deposit-bonus\/\",\"url\":\"https:\/\/megapari.promo\/pl\/bonus\/10th-deposit-bonus\/\",\"name\":\"Megapari 10. bonus od depozytu \u1409 50% nagrody do 1100 PLN!\",\"isPartOf\":{\"@id\":\"https:\/\/megapari.promo\/pl\/#website\"},\"datePublished\":\"2025-06-24T05:55:39+00:00\",\"dateModified\":\"2025-07-22T11:36:17+00:00\",\"description\":\"Nie przegap swojej szansy! Zdob\u0105d\u017a do 1100 PLN bonusu przy dziesi\u0105tym depozycie w Megapari! Dowiedz si\u0119, jak aktywowa\u0107 bonus 50% i zmaksymalizowa\u0107 swoje wygrane ju\u017c dzi\u015b.\",\"breadcrumb\":{\"@id\":\"https:\/\/megapari.promo\/pl\/bonus\/10th-deposit-bonus\/#breadcrumb\"},\"inLanguage\":\"pl-PL\",\"potentialAction\":[{\"@type\":\"ReadAction\",\"target\":[\"https:\/\/megapari.promo\/pl\/bonus\/10th-deposit-bonus\/\"]}]},{\"@type\":\"BreadcrumbList\",\"@id\":\"https:\/\/megapari.promo\/pl\/bonus\/10th-deposit-bonus\/#breadcrumb\",\"itemListElement\":[{\"@type\":\"ListItem\",\"position\":1,\"name\":\"\u0413\u043b\u0430\u0432\u043d\u0430\u044f \u0441\u0442\u0440\u0430\u043d\u0438\u0446\u0430\",\"item\":\"https:\/\/megapari.promo\/pl\/\"},{\"@type\":\"ListItem\",\"position\":2,\"name\":\"Bonus\",\"item\":\"https:\/\/megapari.promo\/pl\/bonus\/\"},{\"@type\":\"ListItem\",\"position\":3,\"name\":\"10. bonus od depozytu\"}]},{\"@type\":\"WebSite\",\"@id\":\"https:\/\/megapari.promo\/pl\/#website\",\"url\":\"https:\/\/megapari.promo\/pl\/\",\"name\":\"Megapari Win PL\",\"description\":\"My WordPress Blog\",\"potentialAction\":[{\"@type\":\"SearchAction\",\"target\":{\"@type\":\"EntryPoint\",\"urlTemplate\":\"https:\/\/megapari.promo\/pl\/?s={search_term_string}\"},\"query-input\":\"required name=search_term_string\"}],\"inLanguage\":\"pl-PL\"}]}<\/script>\n<!-- \/ Yoast SEO plugin. -->","yoast_head_json":{"title":"Megapari 10. bonus od depozytu \u1409 50% nagrody do 1100 PLN!","description":"Nie przegap swojej szansy! Zdob\u0105d\u017a do 1100 PLN bonusu przy dziesi\u0105tym depozycie w Megapari! Dowiedz si\u0119, jak aktywowa\u0107 bonus 50% i zmaksymalizowa\u0107 swoje wygrane ju\u017c dzi\u015b.","robots":{"index":"index","follow":"follow","max-snippet":"max-snippet:-1","max-image-preview":"max-image-preview:large","max-video-preview":"max-video-preview:-1"},"og_locale":"pl_PL","og_type":"article","og_title":"Megapari 10. bonus od depozytu \u1409 50% nagrody do 1100 PLN!","og_description":"Nie przegap swojej szansy! Zdob\u0105d\u017a do 1100 PLN bonusu przy dziesi\u0105tym depozycie w Megapari! Dowiedz si\u0119, jak aktywowa\u0107 bonus 50% i zmaksymalizowa\u0107 swoje wygrane ju\u017c dzi\u015b.","og_url":"https:\/\/megapari.promo\/pl\/bonus\/10th-deposit-bonus\/","og_site_name":"Megapari Win PL","article_modified_time":"2025-07-22T11:36:17+00:00","twitter_card":"summary_large_image","schema":{"@context":"https:\/\/schema.org","@graph":[{"@type":"WebPage","@id":"https:\/\/megapari.promo\/pl\/bonus\/10th-deposit-bonus\/","url":"https:\/\/megapari.promo\/pl\/bonus\/10th-deposit-bonus\/","name":"Megapari 10. bonus od depozytu \u1409 50% nagrody do 1100 PLN!","isPartOf":{"@id":"https:\/\/megapari.promo\/pl\/#website"},"datePublished":"2025-06-24T05:55:39+00:00","dateModified":"2025-07-22T11:36:17+00:00","description":"Nie przegap swojej szansy! Zdob\u0105d\u017a do 1100 PLN bonusu przy dziesi\u0105tym depozycie w Megapari! Dowiedz si\u0119, jak aktywowa\u0107 bonus 50% i zmaksymalizowa\u0107 swoje wygrane ju\u017c dzi\u015b.","breadcrumb":{"@id":"https:\/\/megapari.promo\/pl\/bonus\/10th-deposit-bonus\/#breadcrumb"},"inLanguage":"pl-PL","potentialAction":[{"@type":"ReadAction","target":["https:\/\/megapari.promo\/pl\/bonus\/10th-deposit-bonus\/"]}]},{"@type":"BreadcrumbList","@id":"https:\/\/megapari.promo\/pl\/bonus\/10th-deposit-bonus\/#breadcrumb","itemListElement":[{"@type":"ListItem","position":1,"name":"\u0413\u043b\u0430\u0432\u043d\u0430\u044f \u0441\u0442\u0440\u0430\u043d\u0438\u0446\u0430","item":"https:\/\/megapari.promo\/pl\/"},{"@type":"ListItem","position":2,"name":"Bonus","item":"https:\/\/megapari.promo\/pl\/bonus\/"},{"@type":"ListItem","position":3,"name":"10. bonus od depozytu"}]},{"@type":"WebSite","@id":"https:\/\/megapari.promo\/pl\/#website","url":"https:\/\/megapari.promo\/pl\/","name":"Megapari Win PL","description":"My WordPress Blog","potentialAction":[{"@type":"SearchAction","target":{"@type":"EntryPoint","urlTemplate":"https:\/\/megapari.promo\/pl\/?s={search_term_string}"},"query-input":"required name=search_term_string"}],"inLanguage":"pl-PL"}]}},"_links":{"self":[{"href":"https:\/\/megapari.promo\/pl\/wp-json\/wp\/v2\/pages\/443"}],"collection":[{"href":"https:\/\/megapari.promo\/pl\/wp-json\/wp\/v2\/pages"}],"about":[{"href":"https:\/\/megapari.promo\/pl\/wp-json\/wp\/v2\/types\/page"}],"author":[{"embeddable":true,"href":"https:\/\/megapari.promo\/pl\/wp-json\/wp\/v2\/users\/1"}],"replies":[{"embeddable":true,"href":"https:\/\/megapari.promo\/pl\/wp-json\/wp\/v2\/comments?post=443"}],"version-history":[{"count":6,"href":"https:\/\/megapari.promo\/pl\/wp-json\/wp\/v2\/pages\/443\/revisions"}],"predecessor-version":[{"id":517,"href":"https:\/\/megapari.promo\/pl\/wp-json\/wp\/v2\/pages\/443\/revisions\/517"}],"up":[{"embeddable":true,"href":"https:\/\/megapari.promo\/pl\/wp-json\/wp\/v2\/pages\/152"}],"wp:attachment":[{"href":"https:\/\/megapari.promo\/pl\/wp-json\/wp\/v2\/media?parent=443"}],"curies":[{"name":"wp","href":"https:\/\/api.w.org\/{rel}","templated":true}]}}