{"id":452,"date":"2025-06-24T06:29:33","date_gmt":"2025-06-24T06:29:33","guid":{"rendered":"https:\/\/megapari.promo\/pl\/?page_id=452"},"modified":"2025-07-31T17:35:15","modified_gmt":"2025-07-31T17:35:15","slug":"world-cup-freebet","status":"publish","type":"page","link":"https:\/\/megapari.promo\/pl\/bonus\/world-cup-freebet\/","title":{"rendered":"Darmowy zak\u0142ad na mistrzostwa \u015bwiata"},"content":{"rendered":"","protected":false},"excerpt":{"rendered":"","protected":false},"author":1,"featured_media":0,"parent":152,"menu_order":0,"comment_status":"closed","ping_status":"closed","template":"","meta":{"inline_featured_image":false,"footnotes":""},"yoast_head":"<!-- This site is optimized with the Yoast SEO plugin v20.13 - https:\/\/yoast.com\/wordpress\/plugins\/seo\/ -->\n<title>Megapari FIFA Mistrzostwa \u015awiata \u1409 Free Bets + 370000 PLN!<\/title>\n<meta name=\"description\" content=\"Przygotuj si\u0119 na Klubowe Mistrzostwa \u015awiata z Megapari! We\u017a udzia\u0142 w loterii o warto\u015bci 370000 PLN i zdob\u0105d\u017a 40 PLN darmowych zak\u0142ad\u00f3w. Dowiedz si\u0119, jak by\u0107 cz\u0119\u015bci\u0105 pi\u0142karskiego \u015bwi\u0119ta i wygra\u0107 du\u017ce pieni\u0105dze!\" \/>\n<meta name=\"robots\" content=\"index, follow, max-snippet:-1, max-image-preview:large, max-video-preview:-1\" \/>\n<meta property=\"og:locale\" content=\"pl_PL\" \/>\n<meta property=\"og:type\" content=\"article\" \/>\n<meta property=\"og:title\" content=\"Megapari FIFA Mistrzostwa \u015awiata \u1409 Free Bets + 370000 PLN!\" \/>\n<meta property=\"og:description\" content=\"Przygotuj si\u0119 na Klubowe Mistrzostwa \u015awiata z Megapari! We\u017a udzia\u0142 w loterii o warto\u015bci 370000 PLN i zdob\u0105d\u017a 40 PLN darmowych zak\u0142ad\u00f3w. Dowiedz si\u0119, jak by\u0107 cz\u0119\u015bci\u0105 pi\u0142karskiego \u015bwi\u0119ta i wygra\u0107 du\u017ce pieni\u0105dze!\" \/>\n<meta property=\"og:url\" content=\"https:\/\/megapari.promo\/pl\/bonus\/world-cup-freebet\/\" \/>\n<meta property=\"og:site_name\" content=\"Megapari Win PL\" \/>\n<meta property=\"article:modified_time\" content=\"2025-07-31T17:35:15+00:00\" \/>\n<meta name=\"twitter:card\" content=\"summary_large_image\" \/>\n<script type=\"application\/ld+json\" class=\"yoast-schema-graph\">{\"@context\":\"https:\/\/schema.org\",\"@graph\":[{\"@type\":\"WebPage\",\"@id\":\"https:\/\/megapari.promo\/pl\/bonus\/world-cup-freebet\/\",\"url\":\"https:\/\/megapari.promo\/pl\/bonus\/world-cup-freebet\/\",\"name\":\"Megapari FIFA Mistrzostwa \u015awiata \u1409 Free Bets + 370000 PLN!\",\"isPartOf\":{\"@id\":\"https:\/\/megapari.promo\/pl\/#website\"},\"datePublished\":\"2025-06-24T06:29:33+00:00\",\"dateModified\":\"2025-07-31T17:35:15+00:00\",\"description\":\"Przygotuj si\u0119 na Klubowe Mistrzostwa \u015awiata z Megapari! We\u017a udzia\u0142 w loterii o warto\u015bci 370000 PLN i zdob\u0105d\u017a 40 PLN darmowych zak\u0142ad\u00f3w. Dowiedz si\u0119, jak by\u0107 cz\u0119\u015bci\u0105 pi\u0142karskiego \u015bwi\u0119ta i wygra\u0107 du\u017ce pieni\u0105dze!\",\"breadcrumb\":{\"@id\":\"https:\/\/megapari.promo\/pl\/bonus\/world-cup-freebet\/#breadcrumb\"},\"inLanguage\":\"pl-PL\",\"potentialAction\":[{\"@type\":\"ReadAction\",\"target\":[\"https:\/\/megapari.promo\/pl\/bonus\/world-cup-freebet\/\"]}]},{\"@type\":\"BreadcrumbList\",\"@id\":\"https:\/\/megapari.promo\/pl\/bonus\/world-cup-freebet\/#breadcrumb\",\"itemListElement\":[{\"@type\":\"ListItem\",\"position\":1,\"name\":\"\u0413\u043b\u0430\u0432\u043d\u0430\u044f \u0441\u0442\u0440\u0430\u043d\u0438\u0446\u0430\",\"item\":\"https:\/\/megapari.promo\/pl\/\"},{\"@type\":\"ListItem\",\"position\":2,\"name\":\"Bonus\",\"item\":\"https:\/\/megapari.promo\/pl\/bonus\/\"},{\"@type\":\"ListItem\",\"position\":3,\"name\":\"Darmowy zak\u0142ad na mistrzostwa \u015bwiata\"}]},{\"@type\":\"WebSite\",\"@id\":\"https:\/\/megapari.promo\/pl\/#website\",\"url\":\"https:\/\/megapari.promo\/pl\/\",\"name\":\"Megapari Win PL\",\"description\":\"My WordPress Blog\",\"potentialAction\":[{\"@type\":\"SearchAction\",\"target\":{\"@type\":\"EntryPoint\",\"urlTemplate\":\"https:\/\/megapari.promo\/pl\/?s={search_term_string}\"},\"query-input\":\"required name=search_term_string\"}],\"inLanguage\":\"pl-PL\"}]}<\/script>\n<!-- \/ Yoast SEO plugin. -->","yoast_head_json":{"title":"Megapari FIFA Mistrzostwa \u015awiata \u1409 Free Bets + 370000 PLN!","description":"Przygotuj si\u0119 na Klubowe Mistrzostwa \u015awiata z Megapari! We\u017a udzia\u0142 w loterii o warto\u015bci 370000 PLN i zdob\u0105d\u017a 40 PLN darmowych zak\u0142ad\u00f3w. Dowiedz si\u0119, jak by\u0107 cz\u0119\u015bci\u0105 pi\u0142karskiego \u015bwi\u0119ta i wygra\u0107 du\u017ce pieni\u0105dze!","robots":{"index":"index","follow":"follow","max-snippet":"max-snippet:-1","max-image-preview":"max-image-preview:large","max-video-preview":"max-video-preview:-1"},"og_locale":"pl_PL","og_type":"article","og_title":"Megapari FIFA Mistrzostwa \u015awiata \u1409 Free Bets + 370000 PLN!","og_description":"Przygotuj si\u0119 na Klubowe Mistrzostwa \u015awiata z Megapari! We\u017a udzia\u0142 w loterii o warto\u015bci 370000 PLN i zdob\u0105d\u017a 40 PLN darmowych zak\u0142ad\u00f3w. Dowiedz si\u0119, jak by\u0107 cz\u0119\u015bci\u0105 pi\u0142karskiego \u015bwi\u0119ta i wygra\u0107 du\u017ce pieni\u0105dze!","og_url":"https:\/\/megapari.promo\/pl\/bonus\/world-cup-freebet\/","og_site_name":"Megapari Win PL","article_modified_time":"2025-07-31T17:35:15+00:00","twitter_card":"summary_large_image","schema":{"@context":"https:\/\/schema.org","@graph":[{"@type":"WebPage","@id":"https:\/\/megapari.promo\/pl\/bonus\/world-cup-freebet\/","url":"https:\/\/megapari.promo\/pl\/bonus\/world-cup-freebet\/","name":"Megapari FIFA Mistrzostwa \u015awiata \u1409 Free Bets + 370000 PLN!","isPartOf":{"@id":"https:\/\/megapari.promo\/pl\/#website"},"datePublished":"2025-06-24T06:29:33+00:00","dateModified":"2025-07-31T17:35:15+00:00","description":"Przygotuj si\u0119 na Klubowe Mistrzostwa \u015awiata z Megapari! We\u017a udzia\u0142 w loterii o warto\u015bci 370000 PLN i zdob\u0105d\u017a 40 PLN darmowych zak\u0142ad\u00f3w. Dowiedz si\u0119, jak by\u0107 cz\u0119\u015bci\u0105 pi\u0142karskiego \u015bwi\u0119ta i wygra\u0107 du\u017ce pieni\u0105dze!","breadcrumb":{"@id":"https:\/\/megapari.promo\/pl\/bonus\/world-cup-freebet\/#breadcrumb"},"inLanguage":"pl-PL","potentialAction":[{"@type":"ReadAction","target":["https:\/\/megapari.promo\/pl\/bonus\/world-cup-freebet\/"]}]},{"@type":"BreadcrumbList","@id":"https:\/\/megapari.promo\/pl\/bonus\/world-cup-freebet\/#breadcrumb","itemListElement":[{"@type":"ListItem","position":1,"name":"\u0413\u043b\u0430\u0432\u043d\u0430\u044f \u0441\u0442\u0440\u0430\u043d\u0438\u0446\u0430","item":"https:\/\/megapari.promo\/pl\/"},{"@type":"ListItem","position":2,"name":"Bonus","item":"https:\/\/megapari.promo\/pl\/bonus\/"},{"@type":"ListItem","position":3,"name":"Darmowy zak\u0142ad na mistrzostwa \u015bwiata"}]},{"@type":"WebSite","@id":"https:\/\/megapari.promo\/pl\/#website","url":"https:\/\/megapari.promo\/pl\/","name":"Megapari Win PL","description":"My WordPress Blog","potentialAction":[{"@type":"SearchAction","target":{"@type":"EntryPoint","urlTemplate":"https:\/\/megapari.promo\/pl\/?s={search_term_string}"},"query-input":"required name=search_term_string"}],"inLanguage":"pl-PL"}]}},"_links":{"self":[{"href":"https:\/\/megapari.promo\/pl\/wp-json\/wp\/v2\/pages\/452"}],"collection":[{"href":"https:\/\/megapari.promo\/pl\/wp-json\/wp\/v2\/pages"}],"about":[{"href":"https:\/\/megapari.promo\/pl\/wp-json\/wp\/v2\/types\/page"}],"author":[{"embeddable":true,"href":"https:\/\/megapari.promo\/pl\/wp-json\/wp\/v2\/users\/1"}],"replies":[{"embeddable":true,"href":"https:\/\/megapari.promo\/pl\/wp-json\/wp\/v2\/comments?post=452"}],"version-history":[{"count":6,"href":"https:\/\/megapari.promo\/pl\/wp-json\/wp\/v2\/pages\/452\/revisions"}],"predecessor-version":[{"id":522,"href":"https:\/\/megapari.promo\/pl\/wp-json\/wp\/v2\/pages\/452\/revisions\/522"}],"up":[{"embeddable":true,"href":"https:\/\/megapari.promo\/pl\/wp-json\/wp\/v2\/pages\/152"}],"wp:attachment":[{"href":"https:\/\/megapari.promo\/pl\/wp-json\/wp\/v2\/media?parent=452"}],"curies":[{"name":"wp","href":"https:\/\/api.w.org\/{rel}","templated":true}]}}