{"id":458,"date":"2025-06-24T06:57:52","date_gmt":"2025-06-24T06:57:52","guid":{"rendered":"https:\/\/megapari.promo\/pl\/?page_id=458"},"modified":"2025-07-22T11:46:45","modified_gmt":"2025-07-22T11:46:45","slug":"aviator","status":"publish","type":"page","link":"https:\/\/megapari.promo\/pl\/bonus\/aviator\/","title":{"rendered":"Aviator"},"content":{"rendered":"","protected":false},"excerpt":{"rendered":"","protected":false},"author":1,"featured_media":0,"parent":152,"menu_order":0,"comment_status":"closed","ping_status":"closed","template":"","meta":{"inline_featured_image":false,"footnotes":""},"yoast_head":"<!-- This site is optimized with the Yoast SEO plugin v20.13 - https:\/\/yoast.com\/wordpress\/plugins\/seo\/ -->\n<title>Aviator z Megapari \u1409 60 darmowych spin\u00f3w w ka\u017cd\u0105 niedziel\u0119!<\/title>\n<meta name=\"description\" content=\"Lataj wysoko w Aviatorze za darmo z Megapari! Do\u0142aduj swoje konto w ka\u017cd\u0105 niedziel\u0119 i zdob\u0105d\u017a do 60 darmowych spin\u00f3w. Wykorzystaj w pe\u0142ni swoj\u0105 ulubion\u0105 gr\u0119!\" \/>\n<meta name=\"robots\" content=\"index, follow, max-snippet:-1, max-image-preview:large, max-video-preview:-1\" \/>\n<meta property=\"og:locale\" content=\"pl_PL\" \/>\n<meta property=\"og:type\" content=\"article\" \/>\n<meta property=\"og:title\" content=\"Aviator z Megapari \u1409 60 darmowych spin\u00f3w w ka\u017cd\u0105 niedziel\u0119!\" \/>\n<meta property=\"og:description\" content=\"Lataj wysoko w Aviatorze za darmo z Megapari! Do\u0142aduj swoje konto w ka\u017cd\u0105 niedziel\u0119 i zdob\u0105d\u017a do 60 darmowych spin\u00f3w. Wykorzystaj w pe\u0142ni swoj\u0105 ulubion\u0105 gr\u0119!\" \/>\n<meta property=\"og:url\" content=\"https:\/\/megapari.promo\/pl\/bonus\/aviator\/\" \/>\n<meta property=\"og:site_name\" content=\"Megapari Win PL\" \/>\n<meta property=\"article:modified_time\" content=\"2025-07-22T11:46:45+00:00\" \/>\n<meta name=\"twitter:card\" content=\"summary_large_image\" \/>\n<script type=\"application\/ld+json\" class=\"yoast-schema-graph\">{\"@context\":\"https:\/\/schema.org\",\"@graph\":[{\"@type\":\"WebPage\",\"@id\":\"https:\/\/megapari.promo\/pl\/bonus\/aviator\/\",\"url\":\"https:\/\/megapari.promo\/pl\/bonus\/aviator\/\",\"name\":\"Aviator z Megapari \u1409 60 darmowych spin\u00f3w w ka\u017cd\u0105 niedziel\u0119!\",\"isPartOf\":{\"@id\":\"https:\/\/megapari.promo\/pl\/#website\"},\"datePublished\":\"2025-06-24T06:57:52+00:00\",\"dateModified\":\"2025-07-22T11:46:45+00:00\",\"description\":\"Lataj wysoko w Aviatorze za darmo z Megapari! Do\u0142aduj swoje konto w ka\u017cd\u0105 niedziel\u0119 i zdob\u0105d\u017a do 60 darmowych spin\u00f3w. Wykorzystaj w pe\u0142ni swoj\u0105 ulubion\u0105 gr\u0119!\",\"breadcrumb\":{\"@id\":\"https:\/\/megapari.promo\/pl\/bonus\/aviator\/#breadcrumb\"},\"inLanguage\":\"pl-PL\",\"potentialAction\":[{\"@type\":\"ReadAction\",\"target\":[\"https:\/\/megapari.promo\/pl\/bonus\/aviator\/\"]}]},{\"@type\":\"BreadcrumbList\",\"@id\":\"https:\/\/megapari.promo\/pl\/bonus\/aviator\/#breadcrumb\",\"itemListElement\":[{\"@type\":\"ListItem\",\"position\":1,\"name\":\"\u0413\u043b\u0430\u0432\u043d\u0430\u044f \u0441\u0442\u0440\u0430\u043d\u0438\u0446\u0430\",\"item\":\"https:\/\/megapari.promo\/pl\/\"},{\"@type\":\"ListItem\",\"position\":2,\"name\":\"Bonus\",\"item\":\"https:\/\/megapari.promo\/pl\/bonus\/\"},{\"@type\":\"ListItem\",\"position\":3,\"name\":\"Aviator\"}]},{\"@type\":\"WebSite\",\"@id\":\"https:\/\/megapari.promo\/pl\/#website\",\"url\":\"https:\/\/megapari.promo\/pl\/\",\"name\":\"Megapari Win PL\",\"description\":\"My WordPress Blog\",\"potentialAction\":[{\"@type\":\"SearchAction\",\"target\":{\"@type\":\"EntryPoint\",\"urlTemplate\":\"https:\/\/megapari.promo\/pl\/?s={search_term_string}\"},\"query-input\":\"required name=search_term_string\"}],\"inLanguage\":\"pl-PL\"}]}<\/script>\n<!-- \/ Yoast SEO plugin. -->","yoast_head_json":{"title":"Aviator z Megapari \u1409 60 darmowych spin\u00f3w w ka\u017cd\u0105 niedziel\u0119!","description":"Lataj wysoko w Aviatorze za darmo z Megapari! Do\u0142aduj swoje konto w ka\u017cd\u0105 niedziel\u0119 i zdob\u0105d\u017a do 60 darmowych spin\u00f3w. Wykorzystaj w pe\u0142ni swoj\u0105 ulubion\u0105 gr\u0119!","robots":{"index":"index","follow":"follow","max-snippet":"max-snippet:-1","max-image-preview":"max-image-preview:large","max-video-preview":"max-video-preview:-1"},"og_locale":"pl_PL","og_type":"article","og_title":"Aviator z Megapari \u1409 60 darmowych spin\u00f3w w ka\u017cd\u0105 niedziel\u0119!","og_description":"Lataj wysoko w Aviatorze za darmo z Megapari! Do\u0142aduj swoje konto w ka\u017cd\u0105 niedziel\u0119 i zdob\u0105d\u017a do 60 darmowych spin\u00f3w. Wykorzystaj w pe\u0142ni swoj\u0105 ulubion\u0105 gr\u0119!","og_url":"https:\/\/megapari.promo\/pl\/bonus\/aviator\/","og_site_name":"Megapari Win PL","article_modified_time":"2025-07-22T11:46:45+00:00","twitter_card":"summary_large_image","schema":{"@context":"https:\/\/schema.org","@graph":[{"@type":"WebPage","@id":"https:\/\/megapari.promo\/pl\/bonus\/aviator\/","url":"https:\/\/megapari.promo\/pl\/bonus\/aviator\/","name":"Aviator z Megapari \u1409 60 darmowych spin\u00f3w w ka\u017cd\u0105 niedziel\u0119!","isPartOf":{"@id":"https:\/\/megapari.promo\/pl\/#website"},"datePublished":"2025-06-24T06:57:52+00:00","dateModified":"2025-07-22T11:46:45+00:00","description":"Lataj wysoko w Aviatorze za darmo z Megapari! Do\u0142aduj swoje konto w ka\u017cd\u0105 niedziel\u0119 i zdob\u0105d\u017a do 60 darmowych spin\u00f3w. Wykorzystaj w pe\u0142ni swoj\u0105 ulubion\u0105 gr\u0119!","breadcrumb":{"@id":"https:\/\/megapari.promo\/pl\/bonus\/aviator\/#breadcrumb"},"inLanguage":"pl-PL","potentialAction":[{"@type":"ReadAction","target":["https:\/\/megapari.promo\/pl\/bonus\/aviator\/"]}]},{"@type":"BreadcrumbList","@id":"https:\/\/megapari.promo\/pl\/bonus\/aviator\/#breadcrumb","itemListElement":[{"@type":"ListItem","position":1,"name":"\u0413\u043b\u0430\u0432\u043d\u0430\u044f \u0441\u0442\u0440\u0430\u043d\u0438\u0446\u0430","item":"https:\/\/megapari.promo\/pl\/"},{"@type":"ListItem","position":2,"name":"Bonus","item":"https:\/\/megapari.promo\/pl\/bonus\/"},{"@type":"ListItem","position":3,"name":"Aviator"}]},{"@type":"WebSite","@id":"https:\/\/megapari.promo\/pl\/#website","url":"https:\/\/megapari.promo\/pl\/","name":"Megapari Win PL","description":"My WordPress Blog","potentialAction":[{"@type":"SearchAction","target":{"@type":"EntryPoint","urlTemplate":"https:\/\/megapari.promo\/pl\/?s={search_term_string}"},"query-input":"required name=search_term_string"}],"inLanguage":"pl-PL"}]}},"_links":{"self":[{"href":"https:\/\/megapari.promo\/pl\/wp-json\/wp\/v2\/pages\/458"}],"collection":[{"href":"https:\/\/megapari.promo\/pl\/wp-json\/wp\/v2\/pages"}],"about":[{"href":"https:\/\/megapari.promo\/pl\/wp-json\/wp\/v2\/types\/page"}],"author":[{"embeddable":true,"href":"https:\/\/megapari.promo\/pl\/wp-json\/wp\/v2\/users\/1"}],"replies":[{"embeddable":true,"href":"https:\/\/megapari.promo\/pl\/wp-json\/wp\/v2\/comments?post=458"}],"version-history":[{"count":4,"href":"https:\/\/megapari.promo\/pl\/wp-json\/wp\/v2\/pages\/458\/revisions"}],"predecessor-version":[{"id":518,"href":"https:\/\/megapari.promo\/pl\/wp-json\/wp\/v2\/pages\/458\/revisions\/518"}],"up":[{"embeddable":true,"href":"https:\/\/megapari.promo\/pl\/wp-json\/wp\/v2\/pages\/152"}],"wp:attachment":[{"href":"https:\/\/megapari.promo\/pl\/wp-json\/wp\/v2\/media?parent=458"}],"curies":[{"name":"wp","href":"https:\/\/api.w.org\/{rel}","templated":true}]}}