{"id":462,"date":"2025-06-24T07:14:50","date_gmt":"2025-06-24T07:14:50","guid":{"rendered":"https:\/\/megapari.promo\/pl\/?page_id=462"},"modified":"2025-07-22T11:51:13","modified_gmt":"2025-07-22T11:51:13","slug":"first-deposit-freebet","status":"publish","type":"page","link":"https:\/\/megapari.promo\/pl\/bonus\/first-deposit-freebet\/","title":{"rendered":"Freebet od pierwszego depozytu"},"content":{"rendered":"","protected":false},"excerpt":{"rendered":"","protected":false},"author":1,"featured_media":0,"parent":152,"menu_order":0,"comment_status":"closed","ping_status":"closed","template":"","meta":{"inline_featured_image":false,"footnotes":""},"yoast_head":"<!-- This site is optimized with the Yoast SEO plugin v20.13 - https:\/\/yoast.com\/wordpress\/plugins\/seo\/ -->\n<title>Megapari darmowy pierwszy depozyt \u1409 Zdob\u0105d\u017a do 400 PLN<\/title>\n<meta name=\"description\" content=\"Zdob\u0105d\u017a freebet do 400 PLN za sw\u00f3j pierwszy depozyt w Megapari! Dowiedz si\u0119, jak wybra\u0107 bonus powitalny, \u0142atwo go obr\u00f3ci\u0107 i zacz\u0105\u0107 wygrywa\u0107. Proste i op\u0142acalne!\" \/>\n<meta name=\"robots\" content=\"index, follow, max-snippet:-1, max-image-preview:large, max-video-preview:-1\" \/>\n<meta property=\"og:locale\" content=\"pl_PL\" \/>\n<meta property=\"og:type\" content=\"article\" \/>\n<meta property=\"og:title\" content=\"Megapari darmowy pierwszy depozyt \u1409 Zdob\u0105d\u017a do 400 PLN\" \/>\n<meta property=\"og:description\" content=\"Zdob\u0105d\u017a freebet do 400 PLN za sw\u00f3j pierwszy depozyt w Megapari! Dowiedz si\u0119, jak wybra\u0107 bonus powitalny, \u0142atwo go obr\u00f3ci\u0107 i zacz\u0105\u0107 wygrywa\u0107. Proste i op\u0142acalne!\" \/>\n<meta property=\"og:url\" content=\"https:\/\/megapari.promo\/pl\/bonus\/first-deposit-freebet\/\" \/>\n<meta property=\"og:site_name\" content=\"Megapari Win PL\" \/>\n<meta property=\"article:modified_time\" content=\"2025-07-22T11:51:13+00:00\" \/>\n<meta name=\"twitter:card\" content=\"summary_large_image\" \/>\n<script type=\"application\/ld+json\" class=\"yoast-schema-graph\">{\"@context\":\"https:\/\/schema.org\",\"@graph\":[{\"@type\":\"WebPage\",\"@id\":\"https:\/\/megapari.promo\/pl\/bonus\/first-deposit-freebet\/\",\"url\":\"https:\/\/megapari.promo\/pl\/bonus\/first-deposit-freebet\/\",\"name\":\"Megapari darmowy pierwszy depozyt \u1409 Zdob\u0105d\u017a do 400 PLN\",\"isPartOf\":{\"@id\":\"https:\/\/megapari.promo\/pl\/#website\"},\"datePublished\":\"2025-06-24T07:14:50+00:00\",\"dateModified\":\"2025-07-22T11:51:13+00:00\",\"description\":\"Zdob\u0105d\u017a freebet do 400 PLN za sw\u00f3j pierwszy depozyt w Megapari! Dowiedz si\u0119, jak wybra\u0107 bonus powitalny, \u0142atwo go obr\u00f3ci\u0107 i zacz\u0105\u0107 wygrywa\u0107. Proste i op\u0142acalne!\",\"breadcrumb\":{\"@id\":\"https:\/\/megapari.promo\/pl\/bonus\/first-deposit-freebet\/#breadcrumb\"},\"inLanguage\":\"pl-PL\",\"potentialAction\":[{\"@type\":\"ReadAction\",\"target\":[\"https:\/\/megapari.promo\/pl\/bonus\/first-deposit-freebet\/\"]}]},{\"@type\":\"BreadcrumbList\",\"@id\":\"https:\/\/megapari.promo\/pl\/bonus\/first-deposit-freebet\/#breadcrumb\",\"itemListElement\":[{\"@type\":\"ListItem\",\"position\":1,\"name\":\"\u0413\u043b\u0430\u0432\u043d\u0430\u044f \u0441\u0442\u0440\u0430\u043d\u0438\u0446\u0430\",\"item\":\"https:\/\/megapari.promo\/pl\/\"},{\"@type\":\"ListItem\",\"position\":2,\"name\":\"Bonus\",\"item\":\"https:\/\/megapari.promo\/pl\/bonus\/\"},{\"@type\":\"ListItem\",\"position\":3,\"name\":\"Freebet od pierwszego depozytu\"}]},{\"@type\":\"WebSite\",\"@id\":\"https:\/\/megapari.promo\/pl\/#website\",\"url\":\"https:\/\/megapari.promo\/pl\/\",\"name\":\"Megapari Win PL\",\"description\":\"My WordPress Blog\",\"potentialAction\":[{\"@type\":\"SearchAction\",\"target\":{\"@type\":\"EntryPoint\",\"urlTemplate\":\"https:\/\/megapari.promo\/pl\/?s={search_term_string}\"},\"query-input\":\"required name=search_term_string\"}],\"inLanguage\":\"pl-PL\"}]}<\/script>\n<!-- \/ Yoast SEO plugin. -->","yoast_head_json":{"title":"Megapari darmowy pierwszy depozyt \u1409 Zdob\u0105d\u017a do 400 PLN","description":"Zdob\u0105d\u017a freebet do 400 PLN za sw\u00f3j pierwszy depozyt w Megapari! Dowiedz si\u0119, jak wybra\u0107 bonus powitalny, \u0142atwo go obr\u00f3ci\u0107 i zacz\u0105\u0107 wygrywa\u0107. Proste i op\u0142acalne!","robots":{"index":"index","follow":"follow","max-snippet":"max-snippet:-1","max-image-preview":"max-image-preview:large","max-video-preview":"max-video-preview:-1"},"og_locale":"pl_PL","og_type":"article","og_title":"Megapari darmowy pierwszy depozyt \u1409 Zdob\u0105d\u017a do 400 PLN","og_description":"Zdob\u0105d\u017a freebet do 400 PLN za sw\u00f3j pierwszy depozyt w Megapari! Dowiedz si\u0119, jak wybra\u0107 bonus powitalny, \u0142atwo go obr\u00f3ci\u0107 i zacz\u0105\u0107 wygrywa\u0107. Proste i op\u0142acalne!","og_url":"https:\/\/megapari.promo\/pl\/bonus\/first-deposit-freebet\/","og_site_name":"Megapari Win PL","article_modified_time":"2025-07-22T11:51:13+00:00","twitter_card":"summary_large_image","schema":{"@context":"https:\/\/schema.org","@graph":[{"@type":"WebPage","@id":"https:\/\/megapari.promo\/pl\/bonus\/first-deposit-freebet\/","url":"https:\/\/megapari.promo\/pl\/bonus\/first-deposit-freebet\/","name":"Megapari darmowy pierwszy depozyt \u1409 Zdob\u0105d\u017a do 400 PLN","isPartOf":{"@id":"https:\/\/megapari.promo\/pl\/#website"},"datePublished":"2025-06-24T07:14:50+00:00","dateModified":"2025-07-22T11:51:13+00:00","description":"Zdob\u0105d\u017a freebet do 400 PLN za sw\u00f3j pierwszy depozyt w Megapari! Dowiedz si\u0119, jak wybra\u0107 bonus powitalny, \u0142atwo go obr\u00f3ci\u0107 i zacz\u0105\u0107 wygrywa\u0107. Proste i op\u0142acalne!","breadcrumb":{"@id":"https:\/\/megapari.promo\/pl\/bonus\/first-deposit-freebet\/#breadcrumb"},"inLanguage":"pl-PL","potentialAction":[{"@type":"ReadAction","target":["https:\/\/megapari.promo\/pl\/bonus\/first-deposit-freebet\/"]}]},{"@type":"BreadcrumbList","@id":"https:\/\/megapari.promo\/pl\/bonus\/first-deposit-freebet\/#breadcrumb","itemListElement":[{"@type":"ListItem","position":1,"name":"\u0413\u043b\u0430\u0432\u043d\u0430\u044f \u0441\u0442\u0440\u0430\u043d\u0438\u0446\u0430","item":"https:\/\/megapari.promo\/pl\/"},{"@type":"ListItem","position":2,"name":"Bonus","item":"https:\/\/megapari.promo\/pl\/bonus\/"},{"@type":"ListItem","position":3,"name":"Freebet od pierwszego depozytu"}]},{"@type":"WebSite","@id":"https:\/\/megapari.promo\/pl\/#website","url":"https:\/\/megapari.promo\/pl\/","name":"Megapari Win PL","description":"My WordPress Blog","potentialAction":[{"@type":"SearchAction","target":{"@type":"EntryPoint","urlTemplate":"https:\/\/megapari.promo\/pl\/?s={search_term_string}"},"query-input":"required name=search_term_string"}],"inLanguage":"pl-PL"}]}},"_links":{"self":[{"href":"https:\/\/megapari.promo\/pl\/wp-json\/wp\/v2\/pages\/462"}],"collection":[{"href":"https:\/\/megapari.promo\/pl\/wp-json\/wp\/v2\/pages"}],"about":[{"href":"https:\/\/megapari.promo\/pl\/wp-json\/wp\/v2\/types\/page"}],"author":[{"embeddable":true,"href":"https:\/\/megapari.promo\/pl\/wp-json\/wp\/v2\/users\/1"}],"replies":[{"embeddable":true,"href":"https:\/\/megapari.promo\/pl\/wp-json\/wp\/v2\/comments?post=462"}],"version-history":[{"count":5,"href":"https:\/\/megapari.promo\/pl\/wp-json\/wp\/v2\/pages\/462\/revisions"}],"predecessor-version":[{"id":520,"href":"https:\/\/megapari.promo\/pl\/wp-json\/wp\/v2\/pages\/462\/revisions\/520"}],"up":[{"embeddable":true,"href":"https:\/\/megapari.promo\/pl\/wp-json\/wp\/v2\/pages\/152"}],"wp:attachment":[{"href":"https:\/\/megapari.promo\/pl\/wp-json\/wp\/v2\/media?parent=462"}],"curies":[{"name":"wp","href":"https:\/\/api.w.org\/{rel}","templated":true}]}}