{"id":152,"date":"2023-05-18T17:39:43","date_gmt":"2023-05-18T17:39:43","guid":{"rendered":"https:\/\/megapari.promo\/ro\/?page_id=152"},"modified":"2025-08-07T12:17:53","modified_gmt":"2025-08-07T12:17:53","slug":"bonus","status":"publish","type":"page","link":"https:\/\/megapari.promo\/ro\/bonus\/","title":{"rendered":"Bonus"},"content":{"rendered":"","protected":false},"excerpt":{"rendered":"","protected":false},"author":1,"featured_media":0,"parent":0,"menu_order":0,"comment_status":"closed","ping_status":"closed","template":"","meta":{"inline_featured_image":false,"footnotes":""},"yoast_head":"<!-- This site is optimized with the Yoast SEO plugin v20.13 - https:\/\/yoast.com\/wordpress\/plugins\/seo\/ -->\n<title>Bonus Megapari: \u2714\ufe0fOb\u021bine\u021bi 100% la depunere p\u00e2n\u0103 la 7.500 RON<\/title>\n<meta name=\"description\" content=\"Ghid complet privind bonusurile \u0219i ofertele speciale Megapari pentru juc\u0103tori \u00een 2025 \u2714\ufe0f Bonus f\u0103r\u0103 depunere, bonus de \u00eenregistrare la cazinou, rambursare, cod promo\u021bional \u0219i multe altele\" \/>\n<meta name=\"robots\" content=\"index, follow, max-snippet:-1, max-image-preview:large, max-video-preview:-1\" \/>\n<meta property=\"og:locale\" content=\"ro_RO\" \/>\n<meta property=\"og:type\" content=\"article\" \/>\n<meta property=\"og:title\" content=\"Bonus Megapari: \u2714\ufe0fOb\u021bine\u021bi 100% la depunere p\u00e2n\u0103 la 7.500 RON\" \/>\n<meta property=\"og:description\" content=\"Ghid complet privind bonusurile \u0219i ofertele speciale Megapari pentru juc\u0103tori \u00een 2025 \u2714\ufe0f Bonus f\u0103r\u0103 depunere, bonus de \u00eenregistrare la cazinou, rambursare, cod promo\u021bional \u0219i multe altele\" \/>\n<meta property=\"og:url\" content=\"https:\/\/megapari.promo\/ro\/bonus\/\" \/>\n<meta property=\"og:site_name\" content=\"Megapari Win ro\" \/>\n<meta property=\"article:modified_time\" content=\"2025-08-07T12:17:53+00:00\" \/>\n<meta name=\"twitter:card\" content=\"summary_large_image\" \/>\n<script type=\"application\/ld+json\" class=\"yoast-schema-graph\">{\"@context\":\"https:\/\/schema.org\",\"@graph\":[{\"@type\":\"WebPage\",\"@id\":\"https:\/\/megapari.promo\/ro\/bonus\/\",\"url\":\"https:\/\/megapari.promo\/ro\/bonus\/\",\"name\":\"Bonus Megapari: \u2714\ufe0fOb\u021bine\u021bi 100% la depunere p\u00e2n\u0103 la 7.500 RON\",\"isPartOf\":{\"@id\":\"https:\/\/megapari.promo\/ro\/#website\"},\"datePublished\":\"2023-05-18T17:39:43+00:00\",\"dateModified\":\"2025-08-07T12:17:53+00:00\",\"description\":\"Ghid complet privind bonusurile \u0219i ofertele speciale Megapari pentru juc\u0103tori \u00een 2025 \u2714\ufe0f Bonus f\u0103r\u0103 depunere, bonus de \u00eenregistrare la cazinou, rambursare, cod promo\u021bional \u0219i multe altele\",\"breadcrumb\":{\"@id\":\"https:\/\/megapari.promo\/ro\/bonus\/#breadcrumb\"},\"inLanguage\":\"ro-RO\",\"potentialAction\":[{\"@type\":\"ReadAction\",\"target\":[\"https:\/\/megapari.promo\/ro\/bonus\/\"]}]},{\"@type\":\"BreadcrumbList\",\"@id\":\"https:\/\/megapari.promo\/ro\/bonus\/#breadcrumb\",\"itemListElement\":[{\"@type\":\"ListItem\",\"position\":1,\"name\":\"\u0413\u043b\u0430\u0432\u043d\u0430\u044f \u0441\u0442\u0440\u0430\u043d\u0438\u0446\u0430\",\"item\":\"https:\/\/megapari.promo\/ro\/\"},{\"@type\":\"ListItem\",\"position\":2,\"name\":\"Bonus\"}]},{\"@type\":\"WebSite\",\"@id\":\"https:\/\/megapari.promo\/ro\/#website\",\"url\":\"https:\/\/megapari.promo\/ro\/\",\"name\":\"Megapari Win ro\",\"description\":\"My WordPress Blog\",\"potentialAction\":[{\"@type\":\"SearchAction\",\"target\":{\"@type\":\"EntryPoint\",\"urlTemplate\":\"https:\/\/megapari.promo\/ro\/?s={search_term_string}\"},\"query-input\":\"required name=search_term_string\"}],\"inLanguage\":\"ro-RO\"}]}<\/script>\n<!-- \/ Yoast SEO plugin. -->","yoast_head_json":{"title":"Bonus Megapari: \u2714\ufe0fOb\u021bine\u021bi 100% la depunere p\u00e2n\u0103 la 7.500 RON","description":"Ghid complet privind bonusurile \u0219i ofertele speciale Megapari pentru juc\u0103tori \u00een 2025 \u2714\ufe0f Bonus f\u0103r\u0103 depunere, bonus de \u00eenregistrare la cazinou, rambursare, cod promo\u021bional \u0219i multe altele","robots":{"index":"index","follow":"follow","max-snippet":"max-snippet:-1","max-image-preview":"max-image-preview:large","max-video-preview":"max-video-preview:-1"},"og_locale":"ro_RO","og_type":"article","og_title":"Bonus Megapari: \u2714\ufe0fOb\u021bine\u021bi 100% la depunere p\u00e2n\u0103 la 7.500 RON","og_description":"Ghid complet privind bonusurile \u0219i ofertele speciale Megapari pentru juc\u0103tori \u00een 2025 \u2714\ufe0f Bonus f\u0103r\u0103 depunere, bonus de \u00eenregistrare la cazinou, rambursare, cod promo\u021bional \u0219i multe altele","og_url":"https:\/\/megapari.promo\/ro\/bonus\/","og_site_name":"Megapari Win ro","article_modified_time":"2025-08-07T12:17:53+00:00","twitter_card":"summary_large_image","schema":{"@context":"https:\/\/schema.org","@graph":[{"@type":"WebPage","@id":"https:\/\/megapari.promo\/ro\/bonus\/","url":"https:\/\/megapari.promo\/ro\/bonus\/","name":"Bonus Megapari: \u2714\ufe0fOb\u021bine\u021bi 100% la depunere p\u00e2n\u0103 la 7.500 RON","isPartOf":{"@id":"https:\/\/megapari.promo\/ro\/#website"},"datePublished":"2023-05-18T17:39:43+00:00","dateModified":"2025-08-07T12:17:53+00:00","description":"Ghid complet privind bonusurile \u0219i ofertele speciale Megapari pentru juc\u0103tori \u00een 2025 \u2714\ufe0f Bonus f\u0103r\u0103 depunere, bonus de \u00eenregistrare la cazinou, rambursare, cod promo\u021bional \u0219i multe altele","breadcrumb":{"@id":"https:\/\/megapari.promo\/ro\/bonus\/#breadcrumb"},"inLanguage":"ro-RO","potentialAction":[{"@type":"ReadAction","target":["https:\/\/megapari.promo\/ro\/bonus\/"]}]},{"@type":"BreadcrumbList","@id":"https:\/\/megapari.promo\/ro\/bonus\/#breadcrumb","itemListElement":[{"@type":"ListItem","position":1,"name":"\u0413\u043b\u0430\u0432\u043d\u0430\u044f \u0441\u0442\u0440\u0430\u043d\u0438\u0446\u0430","item":"https:\/\/megapari.promo\/ro\/"},{"@type":"ListItem","position":2,"name":"Bonus"}]},{"@type":"WebSite","@id":"https:\/\/megapari.promo\/ro\/#website","url":"https:\/\/megapari.promo\/ro\/","name":"Megapari Win ro","description":"My WordPress Blog","potentialAction":[{"@type":"SearchAction","target":{"@type":"EntryPoint","urlTemplate":"https:\/\/megapari.promo\/ro\/?s={search_term_string}"},"query-input":"required name=search_term_string"}],"inLanguage":"ro-RO"}]}},"_links":{"self":[{"href":"https:\/\/megapari.promo\/ro\/wp-json\/wp\/v2\/pages\/152"}],"collection":[{"href":"https:\/\/megapari.promo\/ro\/wp-json\/wp\/v2\/pages"}],"about":[{"href":"https:\/\/megapari.promo\/ro\/wp-json\/wp\/v2\/types\/page"}],"author":[{"embeddable":true,"href":"https:\/\/megapari.promo\/ro\/wp-json\/wp\/v2\/users\/1"}],"replies":[{"embeddable":true,"href":"https:\/\/megapari.promo\/ro\/wp-json\/wp\/v2\/comments?post=152"}],"version-history":[{"count":39,"href":"https:\/\/megapari.promo\/ro\/wp-json\/wp\/v2\/pages\/152\/revisions"}],"predecessor-version":[{"id":524,"href":"https:\/\/megapari.promo\/ro\/wp-json\/wp\/v2\/pages\/152\/revisions\/524"}],"wp:attachment":[{"href":"https:\/\/megapari.promo\/ro\/wp-json\/wp\/v2\/media?parent=152"}],"curies":[{"name":"wp","href":"https:\/\/api.w.org\/{rel}","templated":true}]}}