{"id":358,"date":"2025-04-08T06:29:40","date_gmt":"2025-04-08T06:29:40","guid":{"rendered":"https:\/\/megapari.promo\/ro\/?page_id=358"},"modified":"2025-08-07T13:33:12","modified_gmt":"2025-08-07T13:33:12","slug":"promo-code","status":"publish","type":"page","link":"https:\/\/megapari.promo\/ro\/promo-code\/","title":{"rendered":"Cod promo\u021bional"},"content":{"rendered":"","protected":false},"excerpt":{"rendered":"","protected":false},"author":1,"featured_media":0,"parent":0,"menu_order":0,"comment_status":"closed","ping_status":"closed","template":"","meta":{"inline_featured_image":false,"footnotes":""},"yoast_head":"<!-- This site is optimized with the Yoast SEO plugin v20.13 - https:\/\/yoast.com\/wordpress\/plugins\/seo\/ -->\n<title>Cod promo\u021bional Megapari \u25b6\ufe0fCoduri bonus actuale<\/title>\n<meta name=\"description\" content=\"G\u0103si\u021bi cele mai bune coduri bonus Megapari \u0219i ob\u021bine\u021bi bonusuri exclusive f\u0103r\u0103 depunere \u0219i rotiri gratuite. Utiliza\u021bi un cod promo\u021bional c\u00e2nd v\u0103 \u00eenregistra\u021bi. Codurile bonus v\u0103 pot oferi rotiri gratuite la sloturile preferate \u0219i pariuri gratuite la sporturile populare la Megapar.\" \/>\n<meta name=\"robots\" content=\"index, follow, max-snippet:-1, max-image-preview:large, max-video-preview:-1\" \/>\n<meta property=\"og:locale\" content=\"ro_RO\" \/>\n<meta property=\"og:type\" content=\"article\" \/>\n<meta property=\"og:title\" content=\"Cod promo\u021bional Megapari \u25b6\ufe0fCoduri bonus actuale\" \/>\n<meta property=\"og:description\" content=\"G\u0103si\u021bi cele mai bune coduri bonus Megapari \u0219i ob\u021bine\u021bi bonusuri exclusive f\u0103r\u0103 depunere \u0219i rotiri gratuite. Utiliza\u021bi un cod promo\u021bional c\u00e2nd v\u0103 \u00eenregistra\u021bi. Codurile bonus v\u0103 pot oferi rotiri gratuite la sloturile preferate \u0219i pariuri gratuite la sporturile populare la Megapar.\" \/>\n<meta property=\"og:url\" content=\"https:\/\/megapari.promo\/ro\/promo-code\/\" \/>\n<meta property=\"og:site_name\" content=\"Megapari Win ro\" \/>\n<meta property=\"article:modified_time\" content=\"2025-08-07T13:33:12+00:00\" \/>\n<meta name=\"twitter:card\" content=\"summary_large_image\" \/>\n<script type=\"application\/ld+json\" class=\"yoast-schema-graph\">{\"@context\":\"https:\/\/schema.org\",\"@graph\":[{\"@type\":\"WebPage\",\"@id\":\"https:\/\/megapari.promo\/ro\/promo-code\/\",\"url\":\"https:\/\/megapari.promo\/ro\/promo-code\/\",\"name\":\"Cod promo\u021bional Megapari \u25b6\ufe0fCoduri bonus actuale\",\"isPartOf\":{\"@id\":\"https:\/\/megapari.promo\/ro\/#website\"},\"datePublished\":\"2025-04-08T06:29:40+00:00\",\"dateModified\":\"2025-08-07T13:33:12+00:00\",\"description\":\"G\u0103si\u021bi cele mai bune coduri bonus Megapari \u0219i ob\u021bine\u021bi bonusuri exclusive f\u0103r\u0103 depunere \u0219i rotiri gratuite. Utiliza\u021bi un cod promo\u021bional c\u00e2nd v\u0103 \u00eenregistra\u021bi. Codurile bonus v\u0103 pot oferi rotiri gratuite la sloturile preferate \u0219i pariuri gratuite la sporturile populare la Megapar.\",\"breadcrumb\":{\"@id\":\"https:\/\/megapari.promo\/ro\/promo-code\/#breadcrumb\"},\"inLanguage\":\"ro-RO\",\"potentialAction\":[{\"@type\":\"ReadAction\",\"target\":[\"https:\/\/megapari.promo\/ro\/promo-code\/\"]}]},{\"@type\":\"BreadcrumbList\",\"@id\":\"https:\/\/megapari.promo\/ro\/promo-code\/#breadcrumb\",\"itemListElement\":[{\"@type\":\"ListItem\",\"position\":1,\"name\":\"\u0413\u043b\u0430\u0432\u043d\u0430\u044f \u0441\u0442\u0440\u0430\u043d\u0438\u0446\u0430\",\"item\":\"https:\/\/megapari.promo\/ro\/\"},{\"@type\":\"ListItem\",\"position\":2,\"name\":\"Cod promo\u021bional\"}]},{\"@type\":\"WebSite\",\"@id\":\"https:\/\/megapari.promo\/ro\/#website\",\"url\":\"https:\/\/megapari.promo\/ro\/\",\"name\":\"Megapari Win ro\",\"description\":\"My WordPress Blog\",\"potentialAction\":[{\"@type\":\"SearchAction\",\"target\":{\"@type\":\"EntryPoint\",\"urlTemplate\":\"https:\/\/megapari.promo\/ro\/?s={search_term_string}\"},\"query-input\":\"required name=search_term_string\"}],\"inLanguage\":\"ro-RO\"}]}<\/script>\n<!-- \/ Yoast SEO plugin. -->","yoast_head_json":{"title":"Cod promo\u021bional Megapari \u25b6\ufe0fCoduri bonus actuale","description":"G\u0103si\u021bi cele mai bune coduri bonus Megapari \u0219i ob\u021bine\u021bi bonusuri exclusive f\u0103r\u0103 depunere \u0219i rotiri gratuite. Utiliza\u021bi un cod promo\u021bional c\u00e2nd v\u0103 \u00eenregistra\u021bi. Codurile bonus v\u0103 pot oferi rotiri gratuite la sloturile preferate \u0219i pariuri gratuite la sporturile populare la Megapar.","robots":{"index":"index","follow":"follow","max-snippet":"max-snippet:-1","max-image-preview":"max-image-preview:large","max-video-preview":"max-video-preview:-1"},"og_locale":"ro_RO","og_type":"article","og_title":"Cod promo\u021bional Megapari \u25b6\ufe0fCoduri bonus actuale","og_description":"G\u0103si\u021bi cele mai bune coduri bonus Megapari \u0219i ob\u021bine\u021bi bonusuri exclusive f\u0103r\u0103 depunere \u0219i rotiri gratuite. Utiliza\u021bi un cod promo\u021bional c\u00e2nd v\u0103 \u00eenregistra\u021bi. Codurile bonus v\u0103 pot oferi rotiri gratuite la sloturile preferate \u0219i pariuri gratuite la sporturile populare la Megapar.","og_url":"https:\/\/megapari.promo\/ro\/promo-code\/","og_site_name":"Megapari Win ro","article_modified_time":"2025-08-07T13:33:12+00:00","twitter_card":"summary_large_image","schema":{"@context":"https:\/\/schema.org","@graph":[{"@type":"WebPage","@id":"https:\/\/megapari.promo\/ro\/promo-code\/","url":"https:\/\/megapari.promo\/ro\/promo-code\/","name":"Cod promo\u021bional Megapari \u25b6\ufe0fCoduri bonus actuale","isPartOf":{"@id":"https:\/\/megapari.promo\/ro\/#website"},"datePublished":"2025-04-08T06:29:40+00:00","dateModified":"2025-08-07T13:33:12+00:00","description":"G\u0103si\u021bi cele mai bune coduri bonus Megapari \u0219i ob\u021bine\u021bi bonusuri exclusive f\u0103r\u0103 depunere \u0219i rotiri gratuite. Utiliza\u021bi un cod promo\u021bional c\u00e2nd v\u0103 \u00eenregistra\u021bi. Codurile bonus v\u0103 pot oferi rotiri gratuite la sloturile preferate \u0219i pariuri gratuite la sporturile populare la Megapar.","breadcrumb":{"@id":"https:\/\/megapari.promo\/ro\/promo-code\/#breadcrumb"},"inLanguage":"ro-RO","potentialAction":[{"@type":"ReadAction","target":["https:\/\/megapari.promo\/ro\/promo-code\/"]}]},{"@type":"BreadcrumbList","@id":"https:\/\/megapari.promo\/ro\/promo-code\/#breadcrumb","itemListElement":[{"@type":"ListItem","position":1,"name":"\u0413\u043b\u0430\u0432\u043d\u0430\u044f \u0441\u0442\u0440\u0430\u043d\u0438\u0446\u0430","item":"https:\/\/megapari.promo\/ro\/"},{"@type":"ListItem","position":2,"name":"Cod promo\u021bional"}]},{"@type":"WebSite","@id":"https:\/\/megapari.promo\/ro\/#website","url":"https:\/\/megapari.promo\/ro\/","name":"Megapari Win ro","description":"My WordPress Blog","potentialAction":[{"@type":"SearchAction","target":{"@type":"EntryPoint","urlTemplate":"https:\/\/megapari.promo\/ro\/?s={search_term_string}"},"query-input":"required name=search_term_string"}],"inLanguage":"ro-RO"}]}},"_links":{"self":[{"href":"https:\/\/megapari.promo\/ro\/wp-json\/wp\/v2\/pages\/358"}],"collection":[{"href":"https:\/\/megapari.promo\/ro\/wp-json\/wp\/v2\/pages"}],"about":[{"href":"https:\/\/megapari.promo\/ro\/wp-json\/wp\/v2\/types\/page"}],"author":[{"embeddable":true,"href":"https:\/\/megapari.promo\/ro\/wp-json\/wp\/v2\/users\/1"}],"replies":[{"embeddable":true,"href":"https:\/\/megapari.promo\/ro\/wp-json\/wp\/v2\/comments?post=358"}],"version-history":[{"count":22,"href":"https:\/\/megapari.promo\/ro\/wp-json\/wp\/v2\/pages\/358\/revisions"}],"predecessor-version":[{"id":536,"href":"https:\/\/megapari.promo\/ro\/wp-json\/wp\/v2\/pages\/358\/revisions\/536"}],"wp:attachment":[{"href":"https:\/\/megapari.promo\/ro\/wp-json\/wp\/v2\/media?parent=358"}],"curies":[{"name":"wp","href":"https:\/\/api.w.org\/{rel}","templated":true}]}}