{"id":373,"date":"2025-04-09T05:08:14","date_gmt":"2025-04-09T05:08:14","guid":{"rendered":"https:\/\/megapari.promo\/ro\/?page_id=373"},"modified":"2025-08-07T13:43:51","modified_gmt":"2025-08-07T13:43:51","slug":"registration","status":"publish","type":"page","link":"https:\/\/megapari.promo\/ro\/registration\/","title":{"rendered":"\u00cenregistrare"},"content":{"rendered":"","protected":false},"excerpt":{"rendered":"","protected":false},"author":1,"featured_media":0,"parent":0,"menu_order":0,"comment_status":"closed","ping_status":"closed","template":"","meta":{"inline_featured_image":false,"footnotes":""},"yoast_head":"<!-- This site is optimized with the Yoast SEO plugin v20.13 - https:\/\/yoast.com\/wordpress\/plugins\/seo\/ -->\n<title>\u00cenregistrare Megapari: \ud83d\udd39 Cum s\u0103 creezi un cont<\/title>\n<meta name=\"description\" content=\"Afla\u021bi cum s\u0103 v\u0103 \u00eenscrie\u021bi pe platforma de pariuri sportive \u0219i cazinou Megapari\u26a1 Descoperi\u021bi bonusuri exclusive \u0219i jocuri captivante\" \/>\n<meta name=\"robots\" content=\"index, follow, max-snippet:-1, max-image-preview:large, max-video-preview:-1\" \/>\n<meta property=\"og:locale\" content=\"ro_RO\" \/>\n<meta property=\"og:type\" content=\"article\" \/>\n<meta property=\"og:title\" content=\"\u00cenregistrare Megapari: \ud83d\udd39 Cum s\u0103 creezi un cont\" \/>\n<meta property=\"og:description\" content=\"Afla\u021bi cum s\u0103 v\u0103 \u00eenscrie\u021bi pe platforma de pariuri sportive \u0219i cazinou Megapari\u26a1 Descoperi\u021bi bonusuri exclusive \u0219i jocuri captivante\" \/>\n<meta property=\"og:url\" content=\"https:\/\/megapari.promo\/ro\/registration\/\" \/>\n<meta property=\"og:site_name\" content=\"Megapari Win ro\" \/>\n<meta property=\"article:modified_time\" content=\"2025-08-07T13:43:51+00:00\" \/>\n<meta name=\"twitter:card\" content=\"summary_large_image\" \/>\n<script type=\"application\/ld+json\" class=\"yoast-schema-graph\">{\"@context\":\"https:\/\/schema.org\",\"@graph\":[{\"@type\":\"WebPage\",\"@id\":\"https:\/\/megapari.promo\/ro\/registration\/\",\"url\":\"https:\/\/megapari.promo\/ro\/registration\/\",\"name\":\"\u00cenregistrare Megapari: \ud83d\udd39 Cum s\u0103 creezi un cont\",\"isPartOf\":{\"@id\":\"https:\/\/megapari.promo\/ro\/#website\"},\"datePublished\":\"2025-04-09T05:08:14+00:00\",\"dateModified\":\"2025-08-07T13:43:51+00:00\",\"description\":\"Afla\u021bi cum s\u0103 v\u0103 \u00eenscrie\u021bi pe platforma de pariuri sportive \u0219i cazinou Megapari\u26a1 Descoperi\u021bi bonusuri exclusive \u0219i jocuri captivante\",\"breadcrumb\":{\"@id\":\"https:\/\/megapari.promo\/ro\/registration\/#breadcrumb\"},\"inLanguage\":\"ro-RO\",\"potentialAction\":[{\"@type\":\"ReadAction\",\"target\":[\"https:\/\/megapari.promo\/ro\/registration\/\"]}]},{\"@type\":\"BreadcrumbList\",\"@id\":\"https:\/\/megapari.promo\/ro\/registration\/#breadcrumb\",\"itemListElement\":[{\"@type\":\"ListItem\",\"position\":1,\"name\":\"\u0413\u043b\u0430\u0432\u043d\u0430\u044f \u0441\u0442\u0440\u0430\u043d\u0438\u0446\u0430\",\"item\":\"https:\/\/megapari.promo\/ro\/\"},{\"@type\":\"ListItem\",\"position\":2,\"name\":\"\u00cenregistrare\"}]},{\"@type\":\"WebSite\",\"@id\":\"https:\/\/megapari.promo\/ro\/#website\",\"url\":\"https:\/\/megapari.promo\/ro\/\",\"name\":\"Megapari Win ro\",\"description\":\"My WordPress Blog\",\"potentialAction\":[{\"@type\":\"SearchAction\",\"target\":{\"@type\":\"EntryPoint\",\"urlTemplate\":\"https:\/\/megapari.promo\/ro\/?s={search_term_string}\"},\"query-input\":\"required name=search_term_string\"}],\"inLanguage\":\"ro-RO\"}]}<\/script>\n<!-- \/ Yoast SEO plugin. -->","yoast_head_json":{"title":"\u00cenregistrare Megapari: \ud83d\udd39 Cum s\u0103 creezi un cont","description":"Afla\u021bi cum s\u0103 v\u0103 \u00eenscrie\u021bi pe platforma de pariuri sportive \u0219i cazinou Megapari\u26a1 Descoperi\u021bi bonusuri exclusive \u0219i jocuri captivante","robots":{"index":"index","follow":"follow","max-snippet":"max-snippet:-1","max-image-preview":"max-image-preview:large","max-video-preview":"max-video-preview:-1"},"og_locale":"ro_RO","og_type":"article","og_title":"\u00cenregistrare Megapari: \ud83d\udd39 Cum s\u0103 creezi un cont","og_description":"Afla\u021bi cum s\u0103 v\u0103 \u00eenscrie\u021bi pe platforma de pariuri sportive \u0219i cazinou Megapari\u26a1 Descoperi\u021bi bonusuri exclusive \u0219i jocuri captivante","og_url":"https:\/\/megapari.promo\/ro\/registration\/","og_site_name":"Megapari Win ro","article_modified_time":"2025-08-07T13:43:51+00:00","twitter_card":"summary_large_image","schema":{"@context":"https:\/\/schema.org","@graph":[{"@type":"WebPage","@id":"https:\/\/megapari.promo\/ro\/registration\/","url":"https:\/\/megapari.promo\/ro\/registration\/","name":"\u00cenregistrare Megapari: \ud83d\udd39 Cum s\u0103 creezi un cont","isPartOf":{"@id":"https:\/\/megapari.promo\/ro\/#website"},"datePublished":"2025-04-09T05:08:14+00:00","dateModified":"2025-08-07T13:43:51+00:00","description":"Afla\u021bi cum s\u0103 v\u0103 \u00eenscrie\u021bi pe platforma de pariuri sportive \u0219i cazinou Megapari\u26a1 Descoperi\u021bi bonusuri exclusive \u0219i jocuri captivante","breadcrumb":{"@id":"https:\/\/megapari.promo\/ro\/registration\/#breadcrumb"},"inLanguage":"ro-RO","potentialAction":[{"@type":"ReadAction","target":["https:\/\/megapari.promo\/ro\/registration\/"]}]},{"@type":"BreadcrumbList","@id":"https:\/\/megapari.promo\/ro\/registration\/#breadcrumb","itemListElement":[{"@type":"ListItem","position":1,"name":"\u0413\u043b\u0430\u0432\u043d\u0430\u044f \u0441\u0442\u0440\u0430\u043d\u0438\u0446\u0430","item":"https:\/\/megapari.promo\/ro\/"},{"@type":"ListItem","position":2,"name":"\u00cenregistrare"}]},{"@type":"WebSite","@id":"https:\/\/megapari.promo\/ro\/#website","url":"https:\/\/megapari.promo\/ro\/","name":"Megapari Win ro","description":"My WordPress Blog","potentialAction":[{"@type":"SearchAction","target":{"@type":"EntryPoint","urlTemplate":"https:\/\/megapari.promo\/ro\/?s={search_term_string}"},"query-input":"required name=search_term_string"}],"inLanguage":"ro-RO"}]}},"_links":{"self":[{"href":"https:\/\/megapari.promo\/ro\/wp-json\/wp\/v2\/pages\/373"}],"collection":[{"href":"https:\/\/megapari.promo\/ro\/wp-json\/wp\/v2\/pages"}],"about":[{"href":"https:\/\/megapari.promo\/ro\/wp-json\/wp\/v2\/types\/page"}],"author":[{"embeddable":true,"href":"https:\/\/megapari.promo\/ro\/wp-json\/wp\/v2\/users\/1"}],"replies":[{"embeddable":true,"href":"https:\/\/megapari.promo\/ro\/wp-json\/wp\/v2\/comments?post=373"}],"version-history":[{"count":9,"href":"https:\/\/megapari.promo\/ro\/wp-json\/wp\/v2\/pages\/373\/revisions"}],"predecessor-version":[{"id":538,"href":"https:\/\/megapari.promo\/ro\/wp-json\/wp\/v2\/pages\/373\/revisions\/538"}],"wp:attachment":[{"href":"https:\/\/megapari.promo\/ro\/wp-json\/wp\/v2\/media?parent=373"}],"curies":[{"name":"wp","href":"https:\/\/api.w.org\/{rel}","templated":true}]}}