{"id":452,"date":"2025-06-24T06:29:33","date_gmt":"2025-06-24T06:29:33","guid":{"rendered":"https:\/\/megapari.promo\/ro\/?page_id=452"},"modified":"2025-08-27T19:04:37","modified_gmt":"2025-08-27T19:04:37","slug":"world-cup-freebet","status":"publish","type":"page","link":"https:\/\/megapari.promo\/ro\/bonus\/world-cup-freebet\/","title":{"rendered":"Pariu gratuit la Cupa Mondial\u0103"},"content":{"rendered":"","protected":false},"excerpt":{"rendered":"","protected":false},"author":1,"featured_media":0,"parent":152,"menu_order":0,"comment_status":"closed","ping_status":"closed","template":"","meta":{"inline_featured_image":false,"footnotes":""},"yoast_head":"<!-- This site is optimized with the Yoast SEO plugin v20.13 - https:\/\/yoast.com\/wordpress\/plugins\/seo\/ -->\n<title>Megapari Cupa Mondial\u0103 FIFA \u1409 Loterie de 450.000 RON!<\/title>\n<meta name=\"description\" content=\"Preg\u0103te\u0219te-te pentru Club World Cup cu Megapari! Particip\u0103 la loteria de 450.000 RON \u0219i c\u00e2\u0219tig\u0103 pariuri gratuite \u00een valoare de 45 RON. Afl\u0103 cum po\u021bi participa la s\u0103rb\u0103toarea fotbalului \u0219i c\u00e2\u0219tiga premii mari!\" \/>\n<meta name=\"robots\" content=\"index, follow, max-snippet:-1, max-image-preview:large, max-video-preview:-1\" \/>\n<meta property=\"og:locale\" content=\"ro_RO\" \/>\n<meta property=\"og:type\" content=\"article\" \/>\n<meta property=\"og:title\" content=\"Megapari Cupa Mondial\u0103 FIFA \u1409 Loterie de 450.000 RON!\" \/>\n<meta property=\"og:description\" content=\"Preg\u0103te\u0219te-te pentru Club World Cup cu Megapari! Particip\u0103 la loteria de 450.000 RON \u0219i c\u00e2\u0219tig\u0103 pariuri gratuite \u00een valoare de 45 RON. Afl\u0103 cum po\u021bi participa la s\u0103rb\u0103toarea fotbalului \u0219i c\u00e2\u0219tiga premii mari!\" \/>\n<meta property=\"og:url\" content=\"https:\/\/megapari.promo\/ro\/bonus\/world-cup-freebet\/\" \/>\n<meta property=\"og:site_name\" content=\"Megapari Win ro\" \/>\n<meta property=\"article:modified_time\" content=\"2025-08-27T19:04:37+00:00\" \/>\n<meta name=\"twitter:card\" content=\"summary_large_image\" \/>\n<script type=\"application\/ld+json\" class=\"yoast-schema-graph\">{\"@context\":\"https:\/\/schema.org\",\"@graph\":[{\"@type\":\"WebPage\",\"@id\":\"https:\/\/megapari.promo\/ro\/bonus\/world-cup-freebet\/\",\"url\":\"https:\/\/megapari.promo\/ro\/bonus\/world-cup-freebet\/\",\"name\":\"Megapari Cupa Mondial\u0103 FIFA \u1409 Loterie de 450.000 RON!\",\"isPartOf\":{\"@id\":\"https:\/\/megapari.promo\/ro\/#website\"},\"datePublished\":\"2025-06-24T06:29:33+00:00\",\"dateModified\":\"2025-08-27T19:04:37+00:00\",\"description\":\"Preg\u0103te\u0219te-te pentru Club World Cup cu Megapari! Particip\u0103 la loteria de 450.000 RON \u0219i c\u00e2\u0219tig\u0103 pariuri gratuite \u00een valoare de 45 RON. Afl\u0103 cum po\u021bi participa la s\u0103rb\u0103toarea fotbalului \u0219i c\u00e2\u0219tiga premii mari!\",\"breadcrumb\":{\"@id\":\"https:\/\/megapari.promo\/ro\/bonus\/world-cup-freebet\/#breadcrumb\"},\"inLanguage\":\"ro-RO\",\"potentialAction\":[{\"@type\":\"ReadAction\",\"target\":[\"https:\/\/megapari.promo\/ro\/bonus\/world-cup-freebet\/\"]}]},{\"@type\":\"BreadcrumbList\",\"@id\":\"https:\/\/megapari.promo\/ro\/bonus\/world-cup-freebet\/#breadcrumb\",\"itemListElement\":[{\"@type\":\"ListItem\",\"position\":1,\"name\":\"\u0413\u043b\u0430\u0432\u043d\u0430\u044f \u0441\u0442\u0440\u0430\u043d\u0438\u0446\u0430\",\"item\":\"https:\/\/megapari.promo\/ro\/\"},{\"@type\":\"ListItem\",\"position\":2,\"name\":\"Bonus\",\"item\":\"https:\/\/megapari.promo\/ro\/bonus\/\"},{\"@type\":\"ListItem\",\"position\":3,\"name\":\"Pariu gratuit la Cupa Mondial\u0103\"}]},{\"@type\":\"WebSite\",\"@id\":\"https:\/\/megapari.promo\/ro\/#website\",\"url\":\"https:\/\/megapari.promo\/ro\/\",\"name\":\"Megapari Win ro\",\"description\":\"My WordPress Blog\",\"potentialAction\":[{\"@type\":\"SearchAction\",\"target\":{\"@type\":\"EntryPoint\",\"urlTemplate\":\"https:\/\/megapari.promo\/ro\/?s={search_term_string}\"},\"query-input\":\"required name=search_term_string\"}],\"inLanguage\":\"ro-RO\"}]}<\/script>\n<!-- \/ Yoast SEO plugin. -->","yoast_head_json":{"title":"Megapari Cupa Mondial\u0103 FIFA \u1409 Loterie de 450.000 RON!","description":"Preg\u0103te\u0219te-te pentru Club World Cup cu Megapari! Particip\u0103 la loteria de 450.000 RON \u0219i c\u00e2\u0219tig\u0103 pariuri gratuite \u00een valoare de 45 RON. Afl\u0103 cum po\u021bi participa la s\u0103rb\u0103toarea fotbalului \u0219i c\u00e2\u0219tiga premii mari!","robots":{"index":"index","follow":"follow","max-snippet":"max-snippet:-1","max-image-preview":"max-image-preview:large","max-video-preview":"max-video-preview:-1"},"og_locale":"ro_RO","og_type":"article","og_title":"Megapari Cupa Mondial\u0103 FIFA \u1409 Loterie de 450.000 RON!","og_description":"Preg\u0103te\u0219te-te pentru Club World Cup cu Megapari! Particip\u0103 la loteria de 450.000 RON \u0219i c\u00e2\u0219tig\u0103 pariuri gratuite \u00een valoare de 45 RON. Afl\u0103 cum po\u021bi participa la s\u0103rb\u0103toarea fotbalului \u0219i c\u00e2\u0219tiga premii mari!","og_url":"https:\/\/megapari.promo\/ro\/bonus\/world-cup-freebet\/","og_site_name":"Megapari Win ro","article_modified_time":"2025-08-27T19:04:37+00:00","twitter_card":"summary_large_image","schema":{"@context":"https:\/\/schema.org","@graph":[{"@type":"WebPage","@id":"https:\/\/megapari.promo\/ro\/bonus\/world-cup-freebet\/","url":"https:\/\/megapari.promo\/ro\/bonus\/world-cup-freebet\/","name":"Megapari Cupa Mondial\u0103 FIFA \u1409 Loterie de 450.000 RON!","isPartOf":{"@id":"https:\/\/megapari.promo\/ro\/#website"},"datePublished":"2025-06-24T06:29:33+00:00","dateModified":"2025-08-27T19:04:37+00:00","description":"Preg\u0103te\u0219te-te pentru Club World Cup cu Megapari! Particip\u0103 la loteria de 450.000 RON \u0219i c\u00e2\u0219tig\u0103 pariuri gratuite \u00een valoare de 45 RON. Afl\u0103 cum po\u021bi participa la s\u0103rb\u0103toarea fotbalului \u0219i c\u00e2\u0219tiga premii mari!","breadcrumb":{"@id":"https:\/\/megapari.promo\/ro\/bonus\/world-cup-freebet\/#breadcrumb"},"inLanguage":"ro-RO","potentialAction":[{"@type":"ReadAction","target":["https:\/\/megapari.promo\/ro\/bonus\/world-cup-freebet\/"]}]},{"@type":"BreadcrumbList","@id":"https:\/\/megapari.promo\/ro\/bonus\/world-cup-freebet\/#breadcrumb","itemListElement":[{"@type":"ListItem","position":1,"name":"\u0413\u043b\u0430\u0432\u043d\u0430\u044f \u0441\u0442\u0440\u0430\u043d\u0438\u0446\u0430","item":"https:\/\/megapari.promo\/ro\/"},{"@type":"ListItem","position":2,"name":"Bonus","item":"https:\/\/megapari.promo\/ro\/bonus\/"},{"@type":"ListItem","position":3,"name":"Pariu gratuit la Cupa Mondial\u0103"}]},{"@type":"WebSite","@id":"https:\/\/megapari.promo\/ro\/#website","url":"https:\/\/megapari.promo\/ro\/","name":"Megapari Win ro","description":"My WordPress Blog","potentialAction":[{"@type":"SearchAction","target":{"@type":"EntryPoint","urlTemplate":"https:\/\/megapari.promo\/ro\/?s={search_term_string}"},"query-input":"required name=search_term_string"}],"inLanguage":"ro-RO"}]}},"_links":{"self":[{"href":"https:\/\/megapari.promo\/ro\/wp-json\/wp\/v2\/pages\/452"}],"collection":[{"href":"https:\/\/megapari.promo\/ro\/wp-json\/wp\/v2\/pages"}],"about":[{"href":"https:\/\/megapari.promo\/ro\/wp-json\/wp\/v2\/types\/page"}],"author":[{"embeddable":true,"href":"https:\/\/megapari.promo\/ro\/wp-json\/wp\/v2\/users\/1"}],"replies":[{"embeddable":true,"href":"https:\/\/megapari.promo\/ro\/wp-json\/wp\/v2\/comments?post=452"}],"version-history":[{"count":6,"href":"https:\/\/megapari.promo\/ro\/wp-json\/wp\/v2\/pages\/452\/revisions"}],"predecessor-version":[{"id":530,"href":"https:\/\/megapari.promo\/ro\/wp-json\/wp\/v2\/pages\/452\/revisions\/530"}],"up":[{"embeddable":true,"href":"https:\/\/megapari.promo\/ro\/wp-json\/wp\/v2\/pages\/152"}],"wp:attachment":[{"href":"https:\/\/megapari.promo\/ro\/wp-json\/wp\/v2\/media?parent=452"}],"curies":[{"name":"wp","href":"https:\/\/api.w.org\/{rel}","templated":true}]}}