{"id":458,"date":"2025-06-24T06:57:52","date_gmt":"2025-06-24T06:57:52","guid":{"rendered":"https:\/\/megapari.promo\/ro\/?page_id=458"},"modified":"2025-08-07T12:25:03","modified_gmt":"2025-08-07T12:25:03","slug":"aviator","status":"publish","type":"page","link":"https:\/\/megapari.promo\/ro\/bonus\/aviator\/","title":{"rendered":"Aviator"},"content":{"rendered":"","protected":false},"excerpt":{"rendered":"","protected":false},"author":1,"featured_media":0,"parent":152,"menu_order":0,"comment_status":"closed","ping_status":"closed","template":"","meta":{"inline_featured_image":false,"footnotes":""},"yoast_head":"<!-- This site is optimized with the Yoast SEO plugin v20.13 - https:\/\/yoast.com\/wordpress\/plugins\/seo\/ -->\n<title>Aviator cu Megapari \u1409 60 de rotiri gratuite \u00een fiecare duminic\u0103!<\/title>\n<meta name=\"description\" content=\"Zboar\u0103 sus \u00een Aviator gratuit cu Megapari! Alimenteaz\u0103-\u021bi contul \u00een fiecare duminic\u0103 \u0219i prime\u0219ti p\u00e2n\u0103 la 60 de rotiri gratuite. Profit\u0103 la maximum de jocul t\u0103u preferat!\" \/>\n<meta name=\"robots\" content=\"index, follow, max-snippet:-1, max-image-preview:large, max-video-preview:-1\" \/>\n<meta property=\"og:locale\" content=\"ro_RO\" \/>\n<meta property=\"og:type\" content=\"article\" \/>\n<meta property=\"og:title\" content=\"Aviator cu Megapari \u1409 60 de rotiri gratuite \u00een fiecare duminic\u0103!\" \/>\n<meta property=\"og:description\" content=\"Zboar\u0103 sus \u00een Aviator gratuit cu Megapari! Alimenteaz\u0103-\u021bi contul \u00een fiecare duminic\u0103 \u0219i prime\u0219ti p\u00e2n\u0103 la 60 de rotiri gratuite. Profit\u0103 la maximum de jocul t\u0103u preferat!\" \/>\n<meta property=\"og:url\" content=\"https:\/\/megapari.promo\/ro\/bonus\/aviator\/\" \/>\n<meta property=\"og:site_name\" content=\"Megapari Win ro\" \/>\n<meta property=\"article:modified_time\" content=\"2025-08-07T12:25:03+00:00\" \/>\n<meta name=\"twitter:card\" content=\"summary_large_image\" \/>\n<script type=\"application\/ld+json\" class=\"yoast-schema-graph\">{\"@context\":\"https:\/\/schema.org\",\"@graph\":[{\"@type\":\"WebPage\",\"@id\":\"https:\/\/megapari.promo\/ro\/bonus\/aviator\/\",\"url\":\"https:\/\/megapari.promo\/ro\/bonus\/aviator\/\",\"name\":\"Aviator cu Megapari \u1409 60 de rotiri gratuite \u00een fiecare duminic\u0103!\",\"isPartOf\":{\"@id\":\"https:\/\/megapari.promo\/ro\/#website\"},\"datePublished\":\"2025-06-24T06:57:52+00:00\",\"dateModified\":\"2025-08-07T12:25:03+00:00\",\"description\":\"Zboar\u0103 sus \u00een Aviator gratuit cu Megapari! Alimenteaz\u0103-\u021bi contul \u00een fiecare duminic\u0103 \u0219i prime\u0219ti p\u00e2n\u0103 la 60 de rotiri gratuite. Profit\u0103 la maximum de jocul t\u0103u preferat!\",\"breadcrumb\":{\"@id\":\"https:\/\/megapari.promo\/ro\/bonus\/aviator\/#breadcrumb\"},\"inLanguage\":\"ro-RO\",\"potentialAction\":[{\"@type\":\"ReadAction\",\"target\":[\"https:\/\/megapari.promo\/ro\/bonus\/aviator\/\"]}]},{\"@type\":\"BreadcrumbList\",\"@id\":\"https:\/\/megapari.promo\/ro\/bonus\/aviator\/#breadcrumb\",\"itemListElement\":[{\"@type\":\"ListItem\",\"position\":1,\"name\":\"\u0413\u043b\u0430\u0432\u043d\u0430\u044f \u0441\u0442\u0440\u0430\u043d\u0438\u0446\u0430\",\"item\":\"https:\/\/megapari.promo\/ro\/\"},{\"@type\":\"ListItem\",\"position\":2,\"name\":\"Bonus\",\"item\":\"https:\/\/megapari.promo\/ro\/bonus\/\"},{\"@type\":\"ListItem\",\"position\":3,\"name\":\"Aviator\"}]},{\"@type\":\"WebSite\",\"@id\":\"https:\/\/megapari.promo\/ro\/#website\",\"url\":\"https:\/\/megapari.promo\/ro\/\",\"name\":\"Megapari Win ro\",\"description\":\"My WordPress Blog\",\"potentialAction\":[{\"@type\":\"SearchAction\",\"target\":{\"@type\":\"EntryPoint\",\"urlTemplate\":\"https:\/\/megapari.promo\/ro\/?s={search_term_string}\"},\"query-input\":\"required name=search_term_string\"}],\"inLanguage\":\"ro-RO\"}]}<\/script>\n<!-- \/ Yoast SEO plugin. -->","yoast_head_json":{"title":"Aviator cu Megapari \u1409 60 de rotiri gratuite \u00een fiecare duminic\u0103!","description":"Zboar\u0103 sus \u00een Aviator gratuit cu Megapari! Alimenteaz\u0103-\u021bi contul \u00een fiecare duminic\u0103 \u0219i prime\u0219ti p\u00e2n\u0103 la 60 de rotiri gratuite. Profit\u0103 la maximum de jocul t\u0103u preferat!","robots":{"index":"index","follow":"follow","max-snippet":"max-snippet:-1","max-image-preview":"max-image-preview:large","max-video-preview":"max-video-preview:-1"},"og_locale":"ro_RO","og_type":"article","og_title":"Aviator cu Megapari \u1409 60 de rotiri gratuite \u00een fiecare duminic\u0103!","og_description":"Zboar\u0103 sus \u00een Aviator gratuit cu Megapari! Alimenteaz\u0103-\u021bi contul \u00een fiecare duminic\u0103 \u0219i prime\u0219ti p\u00e2n\u0103 la 60 de rotiri gratuite. Profit\u0103 la maximum de jocul t\u0103u preferat!","og_url":"https:\/\/megapari.promo\/ro\/bonus\/aviator\/","og_site_name":"Megapari Win ro","article_modified_time":"2025-08-07T12:25:03+00:00","twitter_card":"summary_large_image","schema":{"@context":"https:\/\/schema.org","@graph":[{"@type":"WebPage","@id":"https:\/\/megapari.promo\/ro\/bonus\/aviator\/","url":"https:\/\/megapari.promo\/ro\/bonus\/aviator\/","name":"Aviator cu Megapari \u1409 60 de rotiri gratuite \u00een fiecare duminic\u0103!","isPartOf":{"@id":"https:\/\/megapari.promo\/ro\/#website"},"datePublished":"2025-06-24T06:57:52+00:00","dateModified":"2025-08-07T12:25:03+00:00","description":"Zboar\u0103 sus \u00een Aviator gratuit cu Megapari! Alimenteaz\u0103-\u021bi contul \u00een fiecare duminic\u0103 \u0219i prime\u0219ti p\u00e2n\u0103 la 60 de rotiri gratuite. Profit\u0103 la maximum de jocul t\u0103u preferat!","breadcrumb":{"@id":"https:\/\/megapari.promo\/ro\/bonus\/aviator\/#breadcrumb"},"inLanguage":"ro-RO","potentialAction":[{"@type":"ReadAction","target":["https:\/\/megapari.promo\/ro\/bonus\/aviator\/"]}]},{"@type":"BreadcrumbList","@id":"https:\/\/megapari.promo\/ro\/bonus\/aviator\/#breadcrumb","itemListElement":[{"@type":"ListItem","position":1,"name":"\u0413\u043b\u0430\u0432\u043d\u0430\u044f \u0441\u0442\u0440\u0430\u043d\u0438\u0446\u0430","item":"https:\/\/megapari.promo\/ro\/"},{"@type":"ListItem","position":2,"name":"Bonus","item":"https:\/\/megapari.promo\/ro\/bonus\/"},{"@type":"ListItem","position":3,"name":"Aviator"}]},{"@type":"WebSite","@id":"https:\/\/megapari.promo\/ro\/#website","url":"https:\/\/megapari.promo\/ro\/","name":"Megapari Win ro","description":"My WordPress Blog","potentialAction":[{"@type":"SearchAction","target":{"@type":"EntryPoint","urlTemplate":"https:\/\/megapari.promo\/ro\/?s={search_term_string}"},"query-input":"required name=search_term_string"}],"inLanguage":"ro-RO"}]}},"_links":{"self":[{"href":"https:\/\/megapari.promo\/ro\/wp-json\/wp\/v2\/pages\/458"}],"collection":[{"href":"https:\/\/megapari.promo\/ro\/wp-json\/wp\/v2\/pages"}],"about":[{"href":"https:\/\/megapari.promo\/ro\/wp-json\/wp\/v2\/types\/page"}],"author":[{"embeddable":true,"href":"https:\/\/megapari.promo\/ro\/wp-json\/wp\/v2\/users\/1"}],"replies":[{"embeddable":true,"href":"https:\/\/megapari.promo\/ro\/wp-json\/wp\/v2\/comments?post=458"}],"version-history":[{"count":4,"href":"https:\/\/megapari.promo\/ro\/wp-json\/wp\/v2\/pages\/458\/revisions"}],"predecessor-version":[{"id":526,"href":"https:\/\/megapari.promo\/ro\/wp-json\/wp\/v2\/pages\/458\/revisions\/526"}],"up":[{"embeddable":true,"href":"https:\/\/megapari.promo\/ro\/wp-json\/wp\/v2\/pages\/152"}],"wp:attachment":[{"href":"https:\/\/megapari.promo\/ro\/wp-json\/wp\/v2\/media?parent=458"}],"curies":[{"name":"wp","href":"https:\/\/api.w.org\/{rel}","templated":true}]}}