{"id":152,"date":"2023-05-18T17:39:43","date_gmt":"2023-05-18T17:39:43","guid":{"rendered":"https:\/\/megapari.promo\/sk\/?page_id=152"},"modified":"2025-10-11T18:44:14","modified_gmt":"2025-10-11T18:44:14","slug":"bonus","status":"publish","type":"page","link":"https:\/\/megapari.promo\/sk\/bonus\/","title":{"rendered":"Bonus"},"content":{"rendered":"","protected":false},"excerpt":{"rendered":"","protected":false},"author":1,"featured_media":0,"parent":0,"menu_order":0,"comment_status":"closed","ping_status":"closed","template":"","meta":{"inline_featured_image":false,"footnotes":""},"yoast_head":"<!-- This site is optimized with the Yoast SEO plugin v20.13 - https:\/\/yoast.com\/wordpress\/plugins\/seo\/ -->\n<title>Bonus Megapari: \u2714\ufe0fZ\u00edskajte 100 % k vkladu a\u017e do v\u00fd\u0161ky 1500 \u20ac<\/title>\n<meta name=\"description\" content=\"Kompletn\u00fd sprievodca bonusmi a \u0161peci\u00e1lnymi ponukami Megapari pre hr\u00e1\u010dov v roku 2025 \u2714\ufe0f Bonus bez vkladu, bonus za registr\u00e1ciu v kas\u00edne, cashback, promo k\u00f3d a \u010fal\u0161ie\" \/>\n<meta name=\"robots\" content=\"index, follow, max-snippet:-1, max-image-preview:large, max-video-preview:-1\" \/>\n<meta property=\"og:locale\" content=\"sk_SK\" \/>\n<meta property=\"og:type\" content=\"article\" \/>\n<meta property=\"og:title\" content=\"Bonus Megapari: \u2714\ufe0fZ\u00edskajte 100 % k vkladu a\u017e do v\u00fd\u0161ky 1500 \u20ac\" \/>\n<meta property=\"og:description\" content=\"Kompletn\u00fd sprievodca bonusmi a \u0161peci\u00e1lnymi ponukami Megapari pre hr\u00e1\u010dov v roku 2025 \u2714\ufe0f Bonus bez vkladu, bonus za registr\u00e1ciu v kas\u00edne, cashback, promo k\u00f3d a \u010fal\u0161ie\" \/>\n<meta property=\"og:url\" content=\"https:\/\/megapari.promo\/sk\/bonus\/\" \/>\n<meta property=\"og:site_name\" content=\"Megapari Vin sk\" \/>\n<meta property=\"article:modified_time\" content=\"2025-10-11T18:44:14+00:00\" \/>\n<meta name=\"twitter:card\" content=\"summary_large_image\" \/>\n<script type=\"application\/ld+json\" class=\"yoast-schema-graph\">{\"@context\":\"https:\/\/schema.org\",\"@graph\":[{\"@type\":\"WebPage\",\"@id\":\"https:\/\/megapari.promo\/sk\/bonus\/\",\"url\":\"https:\/\/megapari.promo\/sk\/bonus\/\",\"name\":\"Bonus Megapari: \u2714\ufe0fZ\u00edskajte 100 % k vkladu a\u017e do v\u00fd\u0161ky 1500 \u20ac\",\"isPartOf\":{\"@id\":\"https:\/\/megapari.promo\/sk\/#website\"},\"datePublished\":\"2023-05-18T17:39:43+00:00\",\"dateModified\":\"2025-10-11T18:44:14+00:00\",\"description\":\"Kompletn\u00fd sprievodca bonusmi a \u0161peci\u00e1lnymi ponukami Megapari pre hr\u00e1\u010dov v roku 2025 \u2714\ufe0f Bonus bez vkladu, bonus za registr\u00e1ciu v kas\u00edne, cashback, promo k\u00f3d a \u010fal\u0161ie\",\"breadcrumb\":{\"@id\":\"https:\/\/megapari.promo\/sk\/bonus\/#breadcrumb\"},\"inLanguage\":\"sk-SK\",\"potentialAction\":[{\"@type\":\"ReadAction\",\"target\":[\"https:\/\/megapari.promo\/sk\/bonus\/\"]}]},{\"@type\":\"BreadcrumbList\",\"@id\":\"https:\/\/megapari.promo\/sk\/bonus\/#breadcrumb\",\"itemListElement\":[{\"@type\":\"ListItem\",\"position\":1,\"name\":\"\u0413\u043b\u0430\u0432\u043d\u0430\u044f \u0441\u0442\u0440\u0430\u043d\u0438\u0446\u0430\",\"item\":\"https:\/\/megapari.promo\/sk\/\"},{\"@type\":\"ListItem\",\"position\":2,\"name\":\"Bonus\"}]},{\"@type\":\"WebSite\",\"@id\":\"https:\/\/megapari.promo\/sk\/#website\",\"url\":\"https:\/\/megapari.promo\/sk\/\",\"name\":\"Megapari Vin sk\",\"description\":\"My WordPress Blog\",\"potentialAction\":[{\"@type\":\"SearchAction\",\"target\":{\"@type\":\"EntryPoint\",\"urlTemplate\":\"https:\/\/megapari.promo\/sk\/?s={search_term_string}\"},\"query-input\":\"required name=search_term_string\"}],\"inLanguage\":\"sk-SK\"}]}<\/script>\n<!-- \/ Yoast SEO plugin. -->","yoast_head_json":{"title":"Bonus Megapari: \u2714\ufe0fZ\u00edskajte 100 % k vkladu a\u017e do v\u00fd\u0161ky 1500 \u20ac","description":"Kompletn\u00fd sprievodca bonusmi a \u0161peci\u00e1lnymi ponukami Megapari pre hr\u00e1\u010dov v roku 2025 \u2714\ufe0f Bonus bez vkladu, bonus za registr\u00e1ciu v kas\u00edne, cashback, promo k\u00f3d a \u010fal\u0161ie","robots":{"index":"index","follow":"follow","max-snippet":"max-snippet:-1","max-image-preview":"max-image-preview:large","max-video-preview":"max-video-preview:-1"},"og_locale":"sk_SK","og_type":"article","og_title":"Bonus Megapari: \u2714\ufe0fZ\u00edskajte 100 % k vkladu a\u017e do v\u00fd\u0161ky 1500 \u20ac","og_description":"Kompletn\u00fd sprievodca bonusmi a \u0161peci\u00e1lnymi ponukami Megapari pre hr\u00e1\u010dov v roku 2025 \u2714\ufe0f Bonus bez vkladu, bonus za registr\u00e1ciu v kas\u00edne, cashback, promo k\u00f3d a \u010fal\u0161ie","og_url":"https:\/\/megapari.promo\/sk\/bonus\/","og_site_name":"Megapari Vin sk","article_modified_time":"2025-10-11T18:44:14+00:00","twitter_card":"summary_large_image","schema":{"@context":"https:\/\/schema.org","@graph":[{"@type":"WebPage","@id":"https:\/\/megapari.promo\/sk\/bonus\/","url":"https:\/\/megapari.promo\/sk\/bonus\/","name":"Bonus Megapari: \u2714\ufe0fZ\u00edskajte 100 % k vkladu a\u017e do v\u00fd\u0161ky 1500 \u20ac","isPartOf":{"@id":"https:\/\/megapari.promo\/sk\/#website"},"datePublished":"2023-05-18T17:39:43+00:00","dateModified":"2025-10-11T18:44:14+00:00","description":"Kompletn\u00fd sprievodca bonusmi a \u0161peci\u00e1lnymi ponukami Megapari pre hr\u00e1\u010dov v roku 2025 \u2714\ufe0f Bonus bez vkladu, bonus za registr\u00e1ciu v kas\u00edne, cashback, promo k\u00f3d a \u010fal\u0161ie","breadcrumb":{"@id":"https:\/\/megapari.promo\/sk\/bonus\/#breadcrumb"},"inLanguage":"sk-SK","potentialAction":[{"@type":"ReadAction","target":["https:\/\/megapari.promo\/sk\/bonus\/"]}]},{"@type":"BreadcrumbList","@id":"https:\/\/megapari.promo\/sk\/bonus\/#breadcrumb","itemListElement":[{"@type":"ListItem","position":1,"name":"\u0413\u043b\u0430\u0432\u043d\u0430\u044f \u0441\u0442\u0440\u0430\u043d\u0438\u0446\u0430","item":"https:\/\/megapari.promo\/sk\/"},{"@type":"ListItem","position":2,"name":"Bonus"}]},{"@type":"WebSite","@id":"https:\/\/megapari.promo\/sk\/#website","url":"https:\/\/megapari.promo\/sk\/","name":"Megapari Vin sk","description":"My WordPress Blog","potentialAction":[{"@type":"SearchAction","target":{"@type":"EntryPoint","urlTemplate":"https:\/\/megapari.promo\/sk\/?s={search_term_string}"},"query-input":"required name=search_term_string"}],"inLanguage":"sk-SK"}]}},"_links":{"self":[{"href":"https:\/\/megapari.promo\/sk\/wp-json\/wp\/v2\/pages\/152"}],"collection":[{"href":"https:\/\/megapari.promo\/sk\/wp-json\/wp\/v2\/pages"}],"about":[{"href":"https:\/\/megapari.promo\/sk\/wp-json\/wp\/v2\/types\/page"}],"author":[{"embeddable":true,"href":"https:\/\/megapari.promo\/sk\/wp-json\/wp\/v2\/users\/1"}],"replies":[{"embeddable":true,"href":"https:\/\/megapari.promo\/sk\/wp-json\/wp\/v2\/comments?post=152"}],"version-history":[{"count":39,"href":"https:\/\/megapari.promo\/sk\/wp-json\/wp\/v2\/pages\/152\/revisions"}],"predecessor-version":[{"id":606,"href":"https:\/\/megapari.promo\/sk\/wp-json\/wp\/v2\/pages\/152\/revisions\/606"}],"wp:attachment":[{"href":"https:\/\/megapari.promo\/sk\/wp-json\/wp\/v2\/media?parent=152"}],"curies":[{"name":"wp","href":"https:\/\/api.w.org\/{rel}","templated":true}]}}