{"id":2,"date":"2023-05-18T17:18:34","date_gmt":"2023-05-18T17:18:34","guid":{"rendered":"https:\/\/megapari.promo\/sk\/?page_id=2"},"modified":"2025-10-28T18:36:54","modified_gmt":"2025-10-28T18:36:54","slug":"sample-page","status":"publish","type":"page","link":"https:\/\/megapari.promo\/sk\/","title":{"rendered":"Domov"},"content":{"rendered":"","protected":false},"excerpt":{"rendered":"","protected":false},"author":1,"featured_media":0,"parent":0,"menu_order":0,"comment_status":"closed","ping_status":"open","template":"","meta":{"inline_featured_image":false,"footnotes":""},"yoast_head":"<!-- This site is optimized with the Yoast SEO plugin v20.13 - https:\/\/yoast.com\/wordpress\/plugins\/seo\/ -->\n<title>Megapari: Ofici\u00e1lna str\u00e1nka pre \u0161portov\u00e9 st\u00e1vky | 100 % bonus<\/title>\n<meta name=\"description\" content=\"Za\u010dnite stavi\u0165 na r\u00f4zne \u0161porty a u\u017eite si kas\u00edno s ofici\u00e1lnou st\u00e1vkovou kancel\u00e1riou Megapari \u2714\ufe0f Z\u00edskajte najlep\u0161ie mo\u017en\u00e9 podmienky a 100 % uv\u00edtac\u00ed bonus pre nov\u00fdch hr\u00e1\u010dov.\" \/>\n<meta name=\"robots\" content=\"index, follow, max-snippet:-1, max-image-preview:large, max-video-preview:-1\" \/>\n<meta property=\"og:locale\" content=\"sk_SK\" \/>\n<meta property=\"og:type\" content=\"article\" \/>\n<meta property=\"og:title\" content=\"Megapari: Ofici\u00e1lna str\u00e1nka pre \u0161portov\u00e9 st\u00e1vky | 100 % bonus\" \/>\n<meta property=\"og:description\" content=\"Za\u010dnite stavi\u0165 na r\u00f4zne \u0161porty a u\u017eite si kas\u00edno s ofici\u00e1lnou st\u00e1vkovou kancel\u00e1riou Megapari \u2714\ufe0f Z\u00edskajte najlep\u0161ie mo\u017en\u00e9 podmienky a 100 % uv\u00edtac\u00ed bonus pre nov\u00fdch hr\u00e1\u010dov.\" \/>\n<meta property=\"og:url\" content=\"https:\/\/megapari.promo\/sk\/\" \/>\n<meta property=\"og:site_name\" content=\"Megapari Vin sk\" \/>\n<meta property=\"article:modified_time\" content=\"2025-10-28T18:36:54+00:00\" \/>\n<meta name=\"twitter:card\" content=\"summary_large_image\" \/>\n<script type=\"application\/ld+json\" class=\"yoast-schema-graph\">{\"@context\":\"https:\/\/schema.org\",\"@graph\":[{\"@type\":\"WebPage\",\"@id\":\"https:\/\/megapari.promo\/sk\/\",\"url\":\"https:\/\/megapari.promo\/sk\/\",\"name\":\"Megapari: Ofici\u00e1lna str\u00e1nka pre \u0161portov\u00e9 st\u00e1vky | 100 % bonus\",\"isPartOf\":{\"@id\":\"https:\/\/megapari.promo\/sk\/#website\"},\"datePublished\":\"2023-05-18T17:18:34+00:00\",\"dateModified\":\"2025-10-28T18:36:54+00:00\",\"description\":\"Za\u010dnite stavi\u0165 na r\u00f4zne \u0161porty a u\u017eite si kas\u00edno s ofici\u00e1lnou st\u00e1vkovou kancel\u00e1riou Megapari \u2714\ufe0f Z\u00edskajte najlep\u0161ie mo\u017en\u00e9 podmienky a 100 % uv\u00edtac\u00ed bonus pre nov\u00fdch hr\u00e1\u010dov.\",\"breadcrumb\":{\"@id\":\"https:\/\/megapari.promo\/sk\/#breadcrumb\"},\"inLanguage\":\"sk-SK\",\"potentialAction\":[{\"@type\":\"ReadAction\",\"target\":[\"https:\/\/megapari.promo\/sk\/\"]}]},{\"@type\":\"BreadcrumbList\",\"@id\":\"https:\/\/megapari.promo\/sk\/#breadcrumb\",\"itemListElement\":[{\"@type\":\"ListItem\",\"position\":1,\"name\":\"\u0413\u043b\u0430\u0432\u043d\u0430\u044f \u0441\u0442\u0440\u0430\u043d\u0438\u0446\u0430\",\"item\":\"https:\/\/megapari.promo\/sk\/\"},{\"@type\":\"ListItem\",\"position\":2,\"name\":\"Domov\"}]},{\"@type\":\"WebSite\",\"@id\":\"https:\/\/megapari.promo\/sk\/#website\",\"url\":\"https:\/\/megapari.promo\/sk\/\",\"name\":\"Megapari Vin sk\",\"description\":\"My WordPress Blog\",\"potentialAction\":[{\"@type\":\"SearchAction\",\"target\":{\"@type\":\"EntryPoint\",\"urlTemplate\":\"https:\/\/megapari.promo\/sk\/?s={search_term_string}\"},\"query-input\":\"required name=search_term_string\"}],\"inLanguage\":\"sk-SK\"}]}<\/script>\n<!-- \/ Yoast SEO plugin. -->","yoast_head_json":{"title":"Megapari: Ofici\u00e1lna str\u00e1nka pre \u0161portov\u00e9 st\u00e1vky | 100 % bonus","description":"Za\u010dnite stavi\u0165 na r\u00f4zne \u0161porty a u\u017eite si kas\u00edno s ofici\u00e1lnou st\u00e1vkovou kancel\u00e1riou Megapari \u2714\ufe0f Z\u00edskajte najlep\u0161ie mo\u017en\u00e9 podmienky a 100 % uv\u00edtac\u00ed bonus pre nov\u00fdch hr\u00e1\u010dov.","robots":{"index":"index","follow":"follow","max-snippet":"max-snippet:-1","max-image-preview":"max-image-preview:large","max-video-preview":"max-video-preview:-1"},"og_locale":"sk_SK","og_type":"article","og_title":"Megapari: Ofici\u00e1lna str\u00e1nka pre \u0161portov\u00e9 st\u00e1vky | 100 % bonus","og_description":"Za\u010dnite stavi\u0165 na r\u00f4zne \u0161porty a u\u017eite si kas\u00edno s ofici\u00e1lnou st\u00e1vkovou kancel\u00e1riou Megapari \u2714\ufe0f Z\u00edskajte najlep\u0161ie mo\u017en\u00e9 podmienky a 100 % uv\u00edtac\u00ed bonus pre nov\u00fdch hr\u00e1\u010dov.","og_url":"https:\/\/megapari.promo\/sk\/","og_site_name":"Megapari Vin sk","article_modified_time":"2025-10-28T18:36:54+00:00","twitter_card":"summary_large_image","schema":{"@context":"https:\/\/schema.org","@graph":[{"@type":"WebPage","@id":"https:\/\/megapari.promo\/sk\/","url":"https:\/\/megapari.promo\/sk\/","name":"Megapari: Ofici\u00e1lna str\u00e1nka pre \u0161portov\u00e9 st\u00e1vky | 100 % bonus","isPartOf":{"@id":"https:\/\/megapari.promo\/sk\/#website"},"datePublished":"2023-05-18T17:18:34+00:00","dateModified":"2025-10-28T18:36:54+00:00","description":"Za\u010dnite stavi\u0165 na r\u00f4zne \u0161porty a u\u017eite si kas\u00edno s ofici\u00e1lnou st\u00e1vkovou kancel\u00e1riou Megapari \u2714\ufe0f Z\u00edskajte najlep\u0161ie mo\u017en\u00e9 podmienky a 100 % uv\u00edtac\u00ed bonus pre nov\u00fdch hr\u00e1\u010dov.","breadcrumb":{"@id":"https:\/\/megapari.promo\/sk\/#breadcrumb"},"inLanguage":"sk-SK","potentialAction":[{"@type":"ReadAction","target":["https:\/\/megapari.promo\/sk\/"]}]},{"@type":"BreadcrumbList","@id":"https:\/\/megapari.promo\/sk\/#breadcrumb","itemListElement":[{"@type":"ListItem","position":1,"name":"\u0413\u043b\u0430\u0432\u043d\u0430\u044f \u0441\u0442\u0440\u0430\u043d\u0438\u0446\u0430","item":"https:\/\/megapari.promo\/sk\/"},{"@type":"ListItem","position":2,"name":"Domov"}]},{"@type":"WebSite","@id":"https:\/\/megapari.promo\/sk\/#website","url":"https:\/\/megapari.promo\/sk\/","name":"Megapari Vin sk","description":"My WordPress Blog","potentialAction":[{"@type":"SearchAction","target":{"@type":"EntryPoint","urlTemplate":"https:\/\/megapari.promo\/sk\/?s={search_term_string}"},"query-input":"required name=search_term_string"}],"inLanguage":"sk-SK"}]}},"_links":{"self":[{"href":"https:\/\/megapari.promo\/sk\/wp-json\/wp\/v2\/pages\/2"}],"collection":[{"href":"https:\/\/megapari.promo\/sk\/wp-json\/wp\/v2\/pages"}],"about":[{"href":"https:\/\/megapari.promo\/sk\/wp-json\/wp\/v2\/types\/page"}],"author":[{"embeddable":true,"href":"https:\/\/megapari.promo\/sk\/wp-json\/wp\/v2\/users\/1"}],"replies":[{"embeddable":true,"href":"https:\/\/megapari.promo\/sk\/wp-json\/wp\/v2\/comments?post=2"}],"version-history":[{"count":80,"href":"https:\/\/megapari.promo\/sk\/wp-json\/wp\/v2\/pages\/2\/revisions"}],"predecessor-version":[{"id":622,"href":"https:\/\/megapari.promo\/sk\/wp-json\/wp\/v2\/pages\/2\/revisions\/622"}],"wp:attachment":[{"href":"https:\/\/megapari.promo\/sk\/wp-json\/wp\/v2\/media?parent=2"}],"curies":[{"name":"wp","href":"https:\/\/api.w.org\/{rel}","templated":true}]}}