{"id":296,"date":"2025-04-04T17:01:19","date_gmt":"2025-04-04T17:01:19","guid":{"rendered":"https:\/\/megapari.promo\/sk\/?page_id=296"},"modified":"2025-10-11T18:34:53","modified_gmt":"2025-10-11T18:34:53","slug":"app","status":"publish","type":"page","link":"https:\/\/megapari.promo\/sk\/app\/","title":{"rendered":"Aplik\u00e1cia"},"content":{"rendered":"","protected":false},"excerpt":{"rendered":"","protected":false},"author":1,"featured_media":0,"parent":0,"menu_order":0,"comment_status":"closed","ping_status":"closed","template":"","meta":{"inline_featured_image":false,"footnotes":""},"yoast_head":"<!-- This site is optimized with the Yoast SEO plugin v20.13 - https:\/\/yoast.com\/wordpress\/plugins\/seo\/ -->\n<title>Aplik\u00e1cia Megapari: \u2705Stiahnite si zadarmo pre Android a iOS<\/title>\n<meta name=\"description\" content=\"Mobiln\u00e1 aplik\u00e1cia Megapari v\u00e1m umo\u017e\u0148uje pr\u00edstup k va\u0161ej ob\u013e\u00fabenej z\u00e1bave kedyko\u013evek a kdeko\u013evek. Vyu\u017eite mobiln\u00e9 v\u00fdhody Megapari.\" \/>\n<meta name=\"robots\" content=\"index, follow, max-snippet:-1, max-image-preview:large, max-video-preview:-1\" \/>\n<meta property=\"og:locale\" content=\"sk_SK\" \/>\n<meta property=\"og:type\" content=\"article\" \/>\n<meta property=\"og:title\" content=\"Aplik\u00e1cia Megapari: \u2705Stiahnite si zadarmo pre Android a iOS\" \/>\n<meta property=\"og:description\" content=\"Mobiln\u00e1 aplik\u00e1cia Megapari v\u00e1m umo\u017e\u0148uje pr\u00edstup k va\u0161ej ob\u013e\u00fabenej z\u00e1bave kedyko\u013evek a kdeko\u013evek. Vyu\u017eite mobiln\u00e9 v\u00fdhody Megapari.\" \/>\n<meta property=\"og:url\" content=\"https:\/\/megapari.promo\/sk\/app\/\" \/>\n<meta property=\"og:site_name\" content=\"Megapari Vin sk\" \/>\n<meta property=\"article:modified_time\" content=\"2025-10-11T18:34:53+00:00\" \/>\n<meta name=\"twitter:card\" content=\"summary_large_image\" \/>\n<script type=\"application\/ld+json\" class=\"yoast-schema-graph\">{\"@context\":\"https:\/\/schema.org\",\"@graph\":[{\"@type\":\"WebPage\",\"@id\":\"https:\/\/megapari.promo\/sk\/app\/\",\"url\":\"https:\/\/megapari.promo\/sk\/app\/\",\"name\":\"Aplik\u00e1cia Megapari: \u2705Stiahnite si zadarmo pre Android a iOS\",\"isPartOf\":{\"@id\":\"https:\/\/megapari.promo\/sk\/#website\"},\"datePublished\":\"2025-04-04T17:01:19+00:00\",\"dateModified\":\"2025-10-11T18:34:53+00:00\",\"description\":\"Mobiln\u00e1 aplik\u00e1cia Megapari v\u00e1m umo\u017e\u0148uje pr\u00edstup k va\u0161ej ob\u013e\u00fabenej z\u00e1bave kedyko\u013evek a kdeko\u013evek. Vyu\u017eite mobiln\u00e9 v\u00fdhody Megapari.\",\"breadcrumb\":{\"@id\":\"https:\/\/megapari.promo\/sk\/app\/#breadcrumb\"},\"inLanguage\":\"sk-SK\",\"potentialAction\":[{\"@type\":\"ReadAction\",\"target\":[\"https:\/\/megapari.promo\/sk\/app\/\"]}]},{\"@type\":\"BreadcrumbList\",\"@id\":\"https:\/\/megapari.promo\/sk\/app\/#breadcrumb\",\"itemListElement\":[{\"@type\":\"ListItem\",\"position\":1,\"name\":\"\u0413\u043b\u0430\u0432\u043d\u0430\u044f \u0441\u0442\u0440\u0430\u043d\u0438\u0446\u0430\",\"item\":\"https:\/\/megapari.promo\/sk\/\"},{\"@type\":\"ListItem\",\"position\":2,\"name\":\"Aplik\u00e1cia\"}]},{\"@type\":\"WebSite\",\"@id\":\"https:\/\/megapari.promo\/sk\/#website\",\"url\":\"https:\/\/megapari.promo\/sk\/\",\"name\":\"Megapari Vin sk\",\"description\":\"My WordPress Blog\",\"potentialAction\":[{\"@type\":\"SearchAction\",\"target\":{\"@type\":\"EntryPoint\",\"urlTemplate\":\"https:\/\/megapari.promo\/sk\/?s={search_term_string}\"},\"query-input\":\"required name=search_term_string\"}],\"inLanguage\":\"sk-SK\"}]}<\/script>\n<!-- \/ Yoast SEO plugin. -->","yoast_head_json":{"title":"Aplik\u00e1cia Megapari: \u2705Stiahnite si zadarmo pre Android a iOS","description":"Mobiln\u00e1 aplik\u00e1cia Megapari v\u00e1m umo\u017e\u0148uje pr\u00edstup k va\u0161ej ob\u013e\u00fabenej z\u00e1bave kedyko\u013evek a kdeko\u013evek. Vyu\u017eite mobiln\u00e9 v\u00fdhody Megapari.","robots":{"index":"index","follow":"follow","max-snippet":"max-snippet:-1","max-image-preview":"max-image-preview:large","max-video-preview":"max-video-preview:-1"},"og_locale":"sk_SK","og_type":"article","og_title":"Aplik\u00e1cia Megapari: \u2705Stiahnite si zadarmo pre Android a iOS","og_description":"Mobiln\u00e1 aplik\u00e1cia Megapari v\u00e1m umo\u017e\u0148uje pr\u00edstup k va\u0161ej ob\u013e\u00fabenej z\u00e1bave kedyko\u013evek a kdeko\u013evek. Vyu\u017eite mobiln\u00e9 v\u00fdhody Megapari.","og_url":"https:\/\/megapari.promo\/sk\/app\/","og_site_name":"Megapari Vin sk","article_modified_time":"2025-10-11T18:34:53+00:00","twitter_card":"summary_large_image","schema":{"@context":"https:\/\/schema.org","@graph":[{"@type":"WebPage","@id":"https:\/\/megapari.promo\/sk\/app\/","url":"https:\/\/megapari.promo\/sk\/app\/","name":"Aplik\u00e1cia Megapari: \u2705Stiahnite si zadarmo pre Android a iOS","isPartOf":{"@id":"https:\/\/megapari.promo\/sk\/#website"},"datePublished":"2025-04-04T17:01:19+00:00","dateModified":"2025-10-11T18:34:53+00:00","description":"Mobiln\u00e1 aplik\u00e1cia Megapari v\u00e1m umo\u017e\u0148uje pr\u00edstup k va\u0161ej ob\u013e\u00fabenej z\u00e1bave kedyko\u013evek a kdeko\u013evek. Vyu\u017eite mobiln\u00e9 v\u00fdhody Megapari.","breadcrumb":{"@id":"https:\/\/megapari.promo\/sk\/app\/#breadcrumb"},"inLanguage":"sk-SK","potentialAction":[{"@type":"ReadAction","target":["https:\/\/megapari.promo\/sk\/app\/"]}]},{"@type":"BreadcrumbList","@id":"https:\/\/megapari.promo\/sk\/app\/#breadcrumb","itemListElement":[{"@type":"ListItem","position":1,"name":"\u0413\u043b\u0430\u0432\u043d\u0430\u044f \u0441\u0442\u0440\u0430\u043d\u0438\u0446\u0430","item":"https:\/\/megapari.promo\/sk\/"},{"@type":"ListItem","position":2,"name":"Aplik\u00e1cia"}]},{"@type":"WebSite","@id":"https:\/\/megapari.promo\/sk\/#website","url":"https:\/\/megapari.promo\/sk\/","name":"Megapari Vin sk","description":"My WordPress Blog","potentialAction":[{"@type":"SearchAction","target":{"@type":"EntryPoint","urlTemplate":"https:\/\/megapari.promo\/sk\/?s={search_term_string}"},"query-input":"required name=search_term_string"}],"inLanguage":"sk-SK"}]}},"_links":{"self":[{"href":"https:\/\/megapari.promo\/sk\/wp-json\/wp\/v2\/pages\/296"}],"collection":[{"href":"https:\/\/megapari.promo\/sk\/wp-json\/wp\/v2\/pages"}],"about":[{"href":"https:\/\/megapari.promo\/sk\/wp-json\/wp\/v2\/types\/page"}],"author":[{"embeddable":true,"href":"https:\/\/megapari.promo\/sk\/wp-json\/wp\/v2\/users\/1"}],"replies":[{"embeddable":true,"href":"https:\/\/megapari.promo\/sk\/wp-json\/wp\/v2\/comments?post=296"}],"version-history":[{"count":10,"href":"https:\/\/megapari.promo\/sk\/wp-json\/wp\/v2\/pages\/296\/revisions"}],"predecessor-version":[{"id":605,"href":"https:\/\/megapari.promo\/sk\/wp-json\/wp\/v2\/pages\/296\/revisions\/605"}],"wp:attachment":[{"href":"https:\/\/megapari.promo\/sk\/wp-json\/wp\/v2\/media?parent=296"}],"curies":[{"name":"wp","href":"https:\/\/api.w.org\/{rel}","templated":true}]}}