{"id":330,"date":"2025-04-07T05:52:51","date_gmt":"2025-04-07T05:52:51","guid":{"rendered":"https:\/\/megapari.promo\/sk\/?page_id=330"},"modified":"2025-10-28T18:42:53","modified_gmt":"2025-10-28T18:42:53","slug":"casino","status":"publish","type":"page","link":"https:\/\/megapari.promo\/sk\/casino\/","title":{"rendered":"Kas\u00edno"},"content":{"rendered":"","protected":false},"excerpt":{"rendered":"","protected":false},"author":1,"featured_media":0,"parent":0,"menu_order":0,"comment_status":"closed","ping_status":"closed","template":"","meta":{"inline_featured_image":false,"footnotes":""},"yoast_head":"<!-- This site is optimized with the Yoast SEO plugin v20.13 - https:\/\/yoast.com\/wordpress\/plugins\/seo\/ -->\n<title>Megapari Casino: \u2611\ufe0fPreh\u013ead, v\u00fdhody a najlep\u0161ie hry<\/title>\n<meta name=\"description\" content=\"Otvorte dvere do sveta hazardu s kas\u00ednom Megapari! \u010cakaj\u00fa na v\u00e1s \u0161ialen\u00e9 bonusy, spo\u013eahliv\u00e9 v\u00fdplaty a vzru\u0161uj\u00face hry. Zaregistrujte sa a za\u010dnite vyhr\u00e1va\u0165 e\u0161te dnes!\" \/>\n<meta name=\"robots\" content=\"index, follow, max-snippet:-1, max-image-preview:large, max-video-preview:-1\" \/>\n<meta property=\"og:locale\" content=\"sk_SK\" \/>\n<meta property=\"og:type\" content=\"article\" \/>\n<meta property=\"og:title\" content=\"Megapari Casino: \u2611\ufe0fPreh\u013ead, v\u00fdhody a najlep\u0161ie hry\" \/>\n<meta property=\"og:description\" content=\"Otvorte dvere do sveta hazardu s kas\u00ednom Megapari! \u010cakaj\u00fa na v\u00e1s \u0161ialen\u00e9 bonusy, spo\u013eahliv\u00e9 v\u00fdplaty a vzru\u0161uj\u00face hry. Zaregistrujte sa a za\u010dnite vyhr\u00e1va\u0165 e\u0161te dnes!\" \/>\n<meta property=\"og:url\" content=\"https:\/\/megapari.promo\/sk\/casino\/\" \/>\n<meta property=\"og:site_name\" content=\"Megapari Vin sk\" \/>\n<meta property=\"article:modified_time\" content=\"2025-10-28T18:42:53+00:00\" \/>\n<meta name=\"twitter:card\" content=\"summary_large_image\" \/>\n<script type=\"application\/ld+json\" class=\"yoast-schema-graph\">{\"@context\":\"https:\/\/schema.org\",\"@graph\":[{\"@type\":\"WebPage\",\"@id\":\"https:\/\/megapari.promo\/sk\/casino\/\",\"url\":\"https:\/\/megapari.promo\/sk\/casino\/\",\"name\":\"Megapari Casino: \u2611\ufe0fPreh\u013ead, v\u00fdhody a najlep\u0161ie hry\",\"isPartOf\":{\"@id\":\"https:\/\/megapari.promo\/sk\/#website\"},\"datePublished\":\"2025-04-07T05:52:51+00:00\",\"dateModified\":\"2025-10-28T18:42:53+00:00\",\"description\":\"Otvorte dvere do sveta hazardu s kas\u00ednom Megapari! \u010cakaj\u00fa na v\u00e1s \u0161ialen\u00e9 bonusy, spo\u013eahliv\u00e9 v\u00fdplaty a vzru\u0161uj\u00face hry. Zaregistrujte sa a za\u010dnite vyhr\u00e1va\u0165 e\u0161te dnes!\",\"breadcrumb\":{\"@id\":\"https:\/\/megapari.promo\/sk\/casino\/#breadcrumb\"},\"inLanguage\":\"sk-SK\",\"potentialAction\":[{\"@type\":\"ReadAction\",\"target\":[\"https:\/\/megapari.promo\/sk\/casino\/\"]}]},{\"@type\":\"BreadcrumbList\",\"@id\":\"https:\/\/megapari.promo\/sk\/casino\/#breadcrumb\",\"itemListElement\":[{\"@type\":\"ListItem\",\"position\":1,\"name\":\"\u0413\u043b\u0430\u0432\u043d\u0430\u044f \u0441\u0442\u0440\u0430\u043d\u0438\u0446\u0430\",\"item\":\"https:\/\/megapari.promo\/sk\/\"},{\"@type\":\"ListItem\",\"position\":2,\"name\":\"Kas\u00edno\"}]},{\"@type\":\"WebSite\",\"@id\":\"https:\/\/megapari.promo\/sk\/#website\",\"url\":\"https:\/\/megapari.promo\/sk\/\",\"name\":\"Megapari Vin sk\",\"description\":\"My WordPress Blog\",\"potentialAction\":[{\"@type\":\"SearchAction\",\"target\":{\"@type\":\"EntryPoint\",\"urlTemplate\":\"https:\/\/megapari.promo\/sk\/?s={search_term_string}\"},\"query-input\":\"required name=search_term_string\"}],\"inLanguage\":\"sk-SK\"}]}<\/script>\n<!-- \/ Yoast SEO plugin. -->","yoast_head_json":{"title":"Megapari Casino: \u2611\ufe0fPreh\u013ead, v\u00fdhody a najlep\u0161ie hry","description":"Otvorte dvere do sveta hazardu s kas\u00ednom Megapari! \u010cakaj\u00fa na v\u00e1s \u0161ialen\u00e9 bonusy, spo\u013eahliv\u00e9 v\u00fdplaty a vzru\u0161uj\u00face hry. Zaregistrujte sa a za\u010dnite vyhr\u00e1va\u0165 e\u0161te dnes!","robots":{"index":"index","follow":"follow","max-snippet":"max-snippet:-1","max-image-preview":"max-image-preview:large","max-video-preview":"max-video-preview:-1"},"og_locale":"sk_SK","og_type":"article","og_title":"Megapari Casino: \u2611\ufe0fPreh\u013ead, v\u00fdhody a najlep\u0161ie hry","og_description":"Otvorte dvere do sveta hazardu s kas\u00ednom Megapari! \u010cakaj\u00fa na v\u00e1s \u0161ialen\u00e9 bonusy, spo\u013eahliv\u00e9 v\u00fdplaty a vzru\u0161uj\u00face hry. Zaregistrujte sa a za\u010dnite vyhr\u00e1va\u0165 e\u0161te dnes!","og_url":"https:\/\/megapari.promo\/sk\/casino\/","og_site_name":"Megapari Vin sk","article_modified_time":"2025-10-28T18:42:53+00:00","twitter_card":"summary_large_image","schema":{"@context":"https:\/\/schema.org","@graph":[{"@type":"WebPage","@id":"https:\/\/megapari.promo\/sk\/casino\/","url":"https:\/\/megapari.promo\/sk\/casino\/","name":"Megapari Casino: \u2611\ufe0fPreh\u013ead, v\u00fdhody a najlep\u0161ie hry","isPartOf":{"@id":"https:\/\/megapari.promo\/sk\/#website"},"datePublished":"2025-04-07T05:52:51+00:00","dateModified":"2025-10-28T18:42:53+00:00","description":"Otvorte dvere do sveta hazardu s kas\u00ednom Megapari! \u010cakaj\u00fa na v\u00e1s \u0161ialen\u00e9 bonusy, spo\u013eahliv\u00e9 v\u00fdplaty a vzru\u0161uj\u00face hry. Zaregistrujte sa a za\u010dnite vyhr\u00e1va\u0165 e\u0161te dnes!","breadcrumb":{"@id":"https:\/\/megapari.promo\/sk\/casino\/#breadcrumb"},"inLanguage":"sk-SK","potentialAction":[{"@type":"ReadAction","target":["https:\/\/megapari.promo\/sk\/casino\/"]}]},{"@type":"BreadcrumbList","@id":"https:\/\/megapari.promo\/sk\/casino\/#breadcrumb","itemListElement":[{"@type":"ListItem","position":1,"name":"\u0413\u043b\u0430\u0432\u043d\u0430\u044f \u0441\u0442\u0440\u0430\u043d\u0438\u0446\u0430","item":"https:\/\/megapari.promo\/sk\/"},{"@type":"ListItem","position":2,"name":"Kas\u00edno"}]},{"@type":"WebSite","@id":"https:\/\/megapari.promo\/sk\/#website","url":"https:\/\/megapari.promo\/sk\/","name":"Megapari Vin sk","description":"My WordPress Blog","potentialAction":[{"@type":"SearchAction","target":{"@type":"EntryPoint","urlTemplate":"https:\/\/megapari.promo\/sk\/?s={search_term_string}"},"query-input":"required name=search_term_string"}],"inLanguage":"sk-SK"}]}},"_links":{"self":[{"href":"https:\/\/megapari.promo\/sk\/wp-json\/wp\/v2\/pages\/330"}],"collection":[{"href":"https:\/\/megapari.promo\/sk\/wp-json\/wp\/v2\/pages"}],"about":[{"href":"https:\/\/megapari.promo\/sk\/wp-json\/wp\/v2\/types\/page"}],"author":[{"embeddable":true,"href":"https:\/\/megapari.promo\/sk\/wp-json\/wp\/v2\/users\/1"}],"replies":[{"embeddable":true,"href":"https:\/\/megapari.promo\/sk\/wp-json\/wp\/v2\/comments?post=330"}],"version-history":[{"count":17,"href":"https:\/\/megapari.promo\/sk\/wp-json\/wp\/v2\/pages\/330\/revisions"}],"predecessor-version":[{"id":623,"href":"https:\/\/megapari.promo\/sk\/wp-json\/wp\/v2\/pages\/330\/revisions\/623"}],"wp:attachment":[{"href":"https:\/\/megapari.promo\/sk\/wp-json\/wp\/v2\/media?parent=330"}],"curies":[{"name":"wp","href":"https:\/\/api.w.org\/{rel}","templated":true}]}}