{"id":358,"date":"2025-04-08T06:29:40","date_gmt":"2025-04-08T06:29:40","guid":{"rendered":"https:\/\/megapari.promo\/sk\/?page_id=358"},"modified":"2025-10-28T18:44:12","modified_gmt":"2025-10-28T18:44:12","slug":"promo-code","status":"publish","type":"page","link":"https:\/\/megapari.promo\/sk\/promo-code\/","title":{"rendered":"Propaga\u010dn\u00fd k\u00f3d"},"content":{"rendered":"","protected":false},"excerpt":{"rendered":"","protected":false},"author":1,"featured_media":0,"parent":0,"menu_order":0,"comment_status":"closed","ping_status":"closed","template":"","meta":{"inline_featured_image":false,"footnotes":""},"yoast_head":"<!-- This site is optimized with the Yoast SEO plugin v20.13 - https:\/\/yoast.com\/wordpress\/plugins\/seo\/ -->\n<title>Promo k\u00f3d Megapari \u25b6\ufe0fAktu\u00e1lne bonusov\u00e9 k\u00f3dy 2026<\/title>\n<meta name=\"description\" content=\"N\u00e1jdite najlep\u0161ie bonusov\u00e9 k\u00f3dy Megapari a z\u00edskajte exkluz\u00edvne bonusy bez vkladu a oto\u010denia zdarma. Pri registr\u00e1cii pou\u017eite promo k\u00f3d. Bonusov\u00e9 k\u00f3dy v\u00e1m m\u00f4\u017eu poskytn\u00fa\u0165 oto\u010denia zdarma na va\u0161ich ob\u013e\u00faben\u00fdch automatoch a st\u00e1vky zdarma na popul\u00e1rne \u0161porty v Megapari.\" \/>\n<meta name=\"robots\" content=\"index, follow, max-snippet:-1, max-image-preview:large, max-video-preview:-1\" \/>\n<meta property=\"og:locale\" content=\"sk_SK\" \/>\n<meta property=\"og:type\" content=\"article\" \/>\n<meta property=\"og:title\" content=\"Promo k\u00f3d Megapari \u25b6\ufe0fAktu\u00e1lne bonusov\u00e9 k\u00f3dy 2026\" \/>\n<meta property=\"og:description\" content=\"N\u00e1jdite najlep\u0161ie bonusov\u00e9 k\u00f3dy Megapari a z\u00edskajte exkluz\u00edvne bonusy bez vkladu a oto\u010denia zdarma. Pri registr\u00e1cii pou\u017eite promo k\u00f3d. Bonusov\u00e9 k\u00f3dy v\u00e1m m\u00f4\u017eu poskytn\u00fa\u0165 oto\u010denia zdarma na va\u0161ich ob\u013e\u00faben\u00fdch automatoch a st\u00e1vky zdarma na popul\u00e1rne \u0161porty v Megapari.\" \/>\n<meta property=\"og:url\" content=\"https:\/\/megapari.promo\/sk\/promo-code\/\" \/>\n<meta property=\"og:site_name\" content=\"Megapari Vin sk\" \/>\n<meta property=\"article:modified_time\" content=\"2025-10-28T18:44:12+00:00\" \/>\n<meta name=\"twitter:card\" content=\"summary_large_image\" \/>\n<script type=\"application\/ld+json\" class=\"yoast-schema-graph\">{\"@context\":\"https:\/\/schema.org\",\"@graph\":[{\"@type\":\"WebPage\",\"@id\":\"https:\/\/megapari.promo\/sk\/promo-code\/\",\"url\":\"https:\/\/megapari.promo\/sk\/promo-code\/\",\"name\":\"Promo k\u00f3d Megapari \u25b6\ufe0fAktu\u00e1lne bonusov\u00e9 k\u00f3dy 2026\",\"isPartOf\":{\"@id\":\"https:\/\/megapari.promo\/sk\/#website\"},\"datePublished\":\"2025-04-08T06:29:40+00:00\",\"dateModified\":\"2025-10-28T18:44:12+00:00\",\"description\":\"N\u00e1jdite najlep\u0161ie bonusov\u00e9 k\u00f3dy Megapari a z\u00edskajte exkluz\u00edvne bonusy bez vkladu a oto\u010denia zdarma. Pri registr\u00e1cii pou\u017eite promo k\u00f3d. Bonusov\u00e9 k\u00f3dy v\u00e1m m\u00f4\u017eu poskytn\u00fa\u0165 oto\u010denia zdarma na va\u0161ich ob\u013e\u00faben\u00fdch automatoch a st\u00e1vky zdarma na popul\u00e1rne \u0161porty v Megapari.\",\"breadcrumb\":{\"@id\":\"https:\/\/megapari.promo\/sk\/promo-code\/#breadcrumb\"},\"inLanguage\":\"sk-SK\",\"potentialAction\":[{\"@type\":\"ReadAction\",\"target\":[\"https:\/\/megapari.promo\/sk\/promo-code\/\"]}]},{\"@type\":\"BreadcrumbList\",\"@id\":\"https:\/\/megapari.promo\/sk\/promo-code\/#breadcrumb\",\"itemListElement\":[{\"@type\":\"ListItem\",\"position\":1,\"name\":\"\u0413\u043b\u0430\u0432\u043d\u0430\u044f \u0441\u0442\u0440\u0430\u043d\u0438\u0446\u0430\",\"item\":\"https:\/\/megapari.promo\/sk\/\"},{\"@type\":\"ListItem\",\"position\":2,\"name\":\"Propaga\u010dn\u00fd k\u00f3d\"}]},{\"@type\":\"WebSite\",\"@id\":\"https:\/\/megapari.promo\/sk\/#website\",\"url\":\"https:\/\/megapari.promo\/sk\/\",\"name\":\"Megapari Vin sk\",\"description\":\"My WordPress Blog\",\"potentialAction\":[{\"@type\":\"SearchAction\",\"target\":{\"@type\":\"EntryPoint\",\"urlTemplate\":\"https:\/\/megapari.promo\/sk\/?s={search_term_string}\"},\"query-input\":\"required name=search_term_string\"}],\"inLanguage\":\"sk-SK\"}]}<\/script>\n<!-- \/ Yoast SEO plugin. -->","yoast_head_json":{"title":"Promo k\u00f3d Megapari \u25b6\ufe0fAktu\u00e1lne bonusov\u00e9 k\u00f3dy 2026","description":"N\u00e1jdite najlep\u0161ie bonusov\u00e9 k\u00f3dy Megapari a z\u00edskajte exkluz\u00edvne bonusy bez vkladu a oto\u010denia zdarma. Pri registr\u00e1cii pou\u017eite promo k\u00f3d. Bonusov\u00e9 k\u00f3dy v\u00e1m m\u00f4\u017eu poskytn\u00fa\u0165 oto\u010denia zdarma na va\u0161ich ob\u013e\u00faben\u00fdch automatoch a st\u00e1vky zdarma na popul\u00e1rne \u0161porty v Megapari.","robots":{"index":"index","follow":"follow","max-snippet":"max-snippet:-1","max-image-preview":"max-image-preview:large","max-video-preview":"max-video-preview:-1"},"og_locale":"sk_SK","og_type":"article","og_title":"Promo k\u00f3d Megapari \u25b6\ufe0fAktu\u00e1lne bonusov\u00e9 k\u00f3dy 2026","og_description":"N\u00e1jdite najlep\u0161ie bonusov\u00e9 k\u00f3dy Megapari a z\u00edskajte exkluz\u00edvne bonusy bez vkladu a oto\u010denia zdarma. Pri registr\u00e1cii pou\u017eite promo k\u00f3d. Bonusov\u00e9 k\u00f3dy v\u00e1m m\u00f4\u017eu poskytn\u00fa\u0165 oto\u010denia zdarma na va\u0161ich ob\u013e\u00faben\u00fdch automatoch a st\u00e1vky zdarma na popul\u00e1rne \u0161porty v Megapari.","og_url":"https:\/\/megapari.promo\/sk\/promo-code\/","og_site_name":"Megapari Vin sk","article_modified_time":"2025-10-28T18:44:12+00:00","twitter_card":"summary_large_image","schema":{"@context":"https:\/\/schema.org","@graph":[{"@type":"WebPage","@id":"https:\/\/megapari.promo\/sk\/promo-code\/","url":"https:\/\/megapari.promo\/sk\/promo-code\/","name":"Promo k\u00f3d Megapari \u25b6\ufe0fAktu\u00e1lne bonusov\u00e9 k\u00f3dy 2026","isPartOf":{"@id":"https:\/\/megapari.promo\/sk\/#website"},"datePublished":"2025-04-08T06:29:40+00:00","dateModified":"2025-10-28T18:44:12+00:00","description":"N\u00e1jdite najlep\u0161ie bonusov\u00e9 k\u00f3dy Megapari a z\u00edskajte exkluz\u00edvne bonusy bez vkladu a oto\u010denia zdarma. Pri registr\u00e1cii pou\u017eite promo k\u00f3d. Bonusov\u00e9 k\u00f3dy v\u00e1m m\u00f4\u017eu poskytn\u00fa\u0165 oto\u010denia zdarma na va\u0161ich ob\u013e\u00faben\u00fdch automatoch a st\u00e1vky zdarma na popul\u00e1rne \u0161porty v Megapari.","breadcrumb":{"@id":"https:\/\/megapari.promo\/sk\/promo-code\/#breadcrumb"},"inLanguage":"sk-SK","potentialAction":[{"@type":"ReadAction","target":["https:\/\/megapari.promo\/sk\/promo-code\/"]}]},{"@type":"BreadcrumbList","@id":"https:\/\/megapari.promo\/sk\/promo-code\/#breadcrumb","itemListElement":[{"@type":"ListItem","position":1,"name":"\u0413\u043b\u0430\u0432\u043d\u0430\u044f \u0441\u0442\u0440\u0430\u043d\u0438\u0446\u0430","item":"https:\/\/megapari.promo\/sk\/"},{"@type":"ListItem","position":2,"name":"Propaga\u010dn\u00fd k\u00f3d"}]},{"@type":"WebSite","@id":"https:\/\/megapari.promo\/sk\/#website","url":"https:\/\/megapari.promo\/sk\/","name":"Megapari Vin sk","description":"My WordPress Blog","potentialAction":[{"@type":"SearchAction","target":{"@type":"EntryPoint","urlTemplate":"https:\/\/megapari.promo\/sk\/?s={search_term_string}"},"query-input":"required name=search_term_string"}],"inLanguage":"sk-SK"}]}},"_links":{"self":[{"href":"https:\/\/megapari.promo\/sk\/wp-json\/wp\/v2\/pages\/358"}],"collection":[{"href":"https:\/\/megapari.promo\/sk\/wp-json\/wp\/v2\/pages"}],"about":[{"href":"https:\/\/megapari.promo\/sk\/wp-json\/wp\/v2\/types\/page"}],"author":[{"embeddable":true,"href":"https:\/\/megapari.promo\/sk\/wp-json\/wp\/v2\/users\/1"}],"replies":[{"embeddable":true,"href":"https:\/\/megapari.promo\/sk\/wp-json\/wp\/v2\/comments?post=358"}],"version-history":[{"count":24,"href":"https:\/\/megapari.promo\/sk\/wp-json\/wp\/v2\/pages\/358\/revisions"}],"predecessor-version":[{"id":624,"href":"https:\/\/megapari.promo\/sk\/wp-json\/wp\/v2\/pages\/358\/revisions\/624"}],"wp:attachment":[{"href":"https:\/\/megapari.promo\/sk\/wp-json\/wp\/v2\/media?parent=358"}],"curies":[{"name":"wp","href":"https:\/\/api.w.org\/{rel}","templated":true}]}}