{"id":389,"date":"2025-04-10T05:04:24","date_gmt":"2025-04-10T05:04:24","guid":{"rendered":"https:\/\/megapari.promo\/sk\/?page_id=389"},"modified":"2025-10-28T18:45:22","modified_gmt":"2025-10-28T18:45:22","slug":"login","status":"publish","type":"page","link":"https:\/\/megapari.promo\/sk\/login\/","title":{"rendered":"Prihl\u00e1senie"},"content":{"rendered":"","protected":false},"excerpt":{"rendered":"","protected":false},"author":1,"featured_media":0,"parent":0,"menu_order":0,"comment_status":"closed","ping_status":"closed","template":"","meta":{"inline_featured_image":false,"footnotes":""},"yoast_head":"<!-- This site is optimized with the Yoast SEO plugin v20.13 - https:\/\/yoast.com\/wordpress\/plugins\/seo\/ -->\n<title>Prihl\u00e1senie do Megapari: Pr\u00edstup k st\u00e1vkovaniu a kas\u00ednu<\/title>\n<meta name=\"description\" content=\"Postup prihl\u00e1senia do Megapari krok za krokom \u2013 ako z\u00edska\u0165 pr\u00edstup k v\u00e1\u0161mu \u00fa\u010dtu \u2013 Prihl\u00e1ste sa do Megapari a z\u00edskajte uv\u00edtac\u00ed bal\u00edk v hodnote a\u017e 1 500 EUR a 150 bezplatn\u00fdch oto\u010den\u00ed.\" \/>\n<meta name=\"robots\" content=\"index, follow, max-snippet:-1, max-image-preview:large, max-video-preview:-1\" \/>\n<meta property=\"og:locale\" content=\"sk_SK\" \/>\n<meta property=\"og:type\" content=\"article\" \/>\n<meta property=\"og:title\" content=\"Prihl\u00e1senie do Megapari: Pr\u00edstup k st\u00e1vkovaniu a kas\u00ednu\" \/>\n<meta property=\"og:description\" content=\"Postup prihl\u00e1senia do Megapari krok za krokom \u2013 ako z\u00edska\u0165 pr\u00edstup k v\u00e1\u0161mu \u00fa\u010dtu \u2013 Prihl\u00e1ste sa do Megapari a z\u00edskajte uv\u00edtac\u00ed bal\u00edk v hodnote a\u017e 1 500 EUR a 150 bezplatn\u00fdch oto\u010den\u00ed.\" \/>\n<meta property=\"og:url\" content=\"https:\/\/megapari.promo\/sk\/login\/\" \/>\n<meta property=\"og:site_name\" content=\"Megapari Vin sk\" \/>\n<meta property=\"article:modified_time\" content=\"2025-10-28T18:45:22+00:00\" \/>\n<meta name=\"twitter:card\" content=\"summary_large_image\" \/>\n<script type=\"application\/ld+json\" class=\"yoast-schema-graph\">{\"@context\":\"https:\/\/schema.org\",\"@graph\":[{\"@type\":\"WebPage\",\"@id\":\"https:\/\/megapari.promo\/sk\/login\/\",\"url\":\"https:\/\/megapari.promo\/sk\/login\/\",\"name\":\"Prihl\u00e1senie do Megapari: Pr\u00edstup k st\u00e1vkovaniu a kas\u00ednu\",\"isPartOf\":{\"@id\":\"https:\/\/megapari.promo\/sk\/#website\"},\"datePublished\":\"2025-04-10T05:04:24+00:00\",\"dateModified\":\"2025-10-28T18:45:22+00:00\",\"description\":\"Postup prihl\u00e1senia do Megapari krok za krokom \u2013 ako z\u00edska\u0165 pr\u00edstup k v\u00e1\u0161mu \u00fa\u010dtu \u2013 Prihl\u00e1ste sa do Megapari a z\u00edskajte uv\u00edtac\u00ed bal\u00edk v hodnote a\u017e 1 500 EUR a 150 bezplatn\u00fdch oto\u010den\u00ed.\",\"breadcrumb\":{\"@id\":\"https:\/\/megapari.promo\/sk\/login\/#breadcrumb\"},\"inLanguage\":\"sk-SK\",\"potentialAction\":[{\"@type\":\"ReadAction\",\"target\":[\"https:\/\/megapari.promo\/sk\/login\/\"]}]},{\"@type\":\"BreadcrumbList\",\"@id\":\"https:\/\/megapari.promo\/sk\/login\/#breadcrumb\",\"itemListElement\":[{\"@type\":\"ListItem\",\"position\":1,\"name\":\"\u0413\u043b\u0430\u0432\u043d\u0430\u044f \u0441\u0442\u0440\u0430\u043d\u0438\u0446\u0430\",\"item\":\"https:\/\/megapari.promo\/sk\/\"},{\"@type\":\"ListItem\",\"position\":2,\"name\":\"Prihl\u00e1senie\"}]},{\"@type\":\"WebSite\",\"@id\":\"https:\/\/megapari.promo\/sk\/#website\",\"url\":\"https:\/\/megapari.promo\/sk\/\",\"name\":\"Megapari Vin sk\",\"description\":\"My WordPress Blog\",\"potentialAction\":[{\"@type\":\"SearchAction\",\"target\":{\"@type\":\"EntryPoint\",\"urlTemplate\":\"https:\/\/megapari.promo\/sk\/?s={search_term_string}\"},\"query-input\":\"required name=search_term_string\"}],\"inLanguage\":\"sk-SK\"}]}<\/script>\n<!-- \/ Yoast SEO plugin. -->","yoast_head_json":{"title":"Prihl\u00e1senie do Megapari: Pr\u00edstup k st\u00e1vkovaniu a kas\u00ednu","description":"Postup prihl\u00e1senia do Megapari krok za krokom \u2013 ako z\u00edska\u0165 pr\u00edstup k v\u00e1\u0161mu \u00fa\u010dtu \u2013 Prihl\u00e1ste sa do Megapari a z\u00edskajte uv\u00edtac\u00ed bal\u00edk v hodnote a\u017e 1 500 EUR a 150 bezplatn\u00fdch oto\u010den\u00ed.","robots":{"index":"index","follow":"follow","max-snippet":"max-snippet:-1","max-image-preview":"max-image-preview:large","max-video-preview":"max-video-preview:-1"},"og_locale":"sk_SK","og_type":"article","og_title":"Prihl\u00e1senie do Megapari: Pr\u00edstup k st\u00e1vkovaniu a kas\u00ednu","og_description":"Postup prihl\u00e1senia do Megapari krok za krokom \u2013 ako z\u00edska\u0165 pr\u00edstup k v\u00e1\u0161mu \u00fa\u010dtu \u2013 Prihl\u00e1ste sa do Megapari a z\u00edskajte uv\u00edtac\u00ed bal\u00edk v hodnote a\u017e 1 500 EUR a 150 bezplatn\u00fdch oto\u010den\u00ed.","og_url":"https:\/\/megapari.promo\/sk\/login\/","og_site_name":"Megapari Vin sk","article_modified_time":"2025-10-28T18:45:22+00:00","twitter_card":"summary_large_image","schema":{"@context":"https:\/\/schema.org","@graph":[{"@type":"WebPage","@id":"https:\/\/megapari.promo\/sk\/login\/","url":"https:\/\/megapari.promo\/sk\/login\/","name":"Prihl\u00e1senie do Megapari: Pr\u00edstup k st\u00e1vkovaniu a kas\u00ednu","isPartOf":{"@id":"https:\/\/megapari.promo\/sk\/#website"},"datePublished":"2025-04-10T05:04:24+00:00","dateModified":"2025-10-28T18:45:22+00:00","description":"Postup prihl\u00e1senia do Megapari krok za krokom \u2013 ako z\u00edska\u0165 pr\u00edstup k v\u00e1\u0161mu \u00fa\u010dtu \u2013 Prihl\u00e1ste sa do Megapari a z\u00edskajte uv\u00edtac\u00ed bal\u00edk v hodnote a\u017e 1 500 EUR a 150 bezplatn\u00fdch oto\u010den\u00ed.","breadcrumb":{"@id":"https:\/\/megapari.promo\/sk\/login\/#breadcrumb"},"inLanguage":"sk-SK","potentialAction":[{"@type":"ReadAction","target":["https:\/\/megapari.promo\/sk\/login\/"]}]},{"@type":"BreadcrumbList","@id":"https:\/\/megapari.promo\/sk\/login\/#breadcrumb","itemListElement":[{"@type":"ListItem","position":1,"name":"\u0413\u043b\u0430\u0432\u043d\u0430\u044f \u0441\u0442\u0440\u0430\u043d\u0438\u0446\u0430","item":"https:\/\/megapari.promo\/sk\/"},{"@type":"ListItem","position":2,"name":"Prihl\u00e1senie"}]},{"@type":"WebSite","@id":"https:\/\/megapari.promo\/sk\/#website","url":"https:\/\/megapari.promo\/sk\/","name":"Megapari Vin sk","description":"My WordPress Blog","potentialAction":[{"@type":"SearchAction","target":{"@type":"EntryPoint","urlTemplate":"https:\/\/megapari.promo\/sk\/?s={search_term_string}"},"query-input":"required name=search_term_string"}],"inLanguage":"sk-SK"}]}},"_links":{"self":[{"href":"https:\/\/megapari.promo\/sk\/wp-json\/wp\/v2\/pages\/389"}],"collection":[{"href":"https:\/\/megapari.promo\/sk\/wp-json\/wp\/v2\/pages"}],"about":[{"href":"https:\/\/megapari.promo\/sk\/wp-json\/wp\/v2\/types\/page"}],"author":[{"embeddable":true,"href":"https:\/\/megapari.promo\/sk\/wp-json\/wp\/v2\/users\/1"}],"replies":[{"embeddable":true,"href":"https:\/\/megapari.promo\/sk\/wp-json\/wp\/v2\/comments?post=389"}],"version-history":[{"count":8,"href":"https:\/\/megapari.promo\/sk\/wp-json\/wp\/v2\/pages\/389\/revisions"}],"predecessor-version":[{"id":615,"href":"https:\/\/megapari.promo\/sk\/wp-json\/wp\/v2\/pages\/389\/revisions\/615"}],"wp:attachment":[{"href":"https:\/\/megapari.promo\/sk\/wp-json\/wp\/v2\/media?parent=389"}],"curies":[{"name":"wp","href":"https:\/\/api.w.org\/{rel}","templated":true}]}}