{"id":452,"date":"2025-06-24T06:29:33","date_gmt":"2025-06-24T06:29:33","guid":{"rendered":"https:\/\/megapari.promo\/sk\/?page_id=452"},"modified":"2025-10-28T18:38:32","modified_gmt":"2025-10-28T18:38:32","slug":"world-cup-freebet","status":"publish","type":"page","link":"https:\/\/megapari.promo\/sk\/bonus\/world-cup-freebet\/","title":{"rendered":"Svetov\u00fd poh\u00e1r Freebet"},"content":{"rendered":"","protected":false},"excerpt":{"rendered":"","protected":false},"author":1,"featured_media":0,"parent":152,"menu_order":0,"comment_status":"closed","ping_status":"closed","template":"","meta":{"inline_featured_image":false,"footnotes":""},"yoast_head":"<!-- This site is optimized with the Yoast SEO plugin v20.13 - https:\/\/yoast.com\/wordpress\/plugins\/seo\/ -->\n<title>Megapari Majstrovstv\u00e1 sveta FIFA \u1409 St\u00e1vky zadarmo<\/title>\n<meta name=\"description\" content=\"Pripravte sa na Klubov\u00e9 majstrovstv\u00e1 sveta s Megapari! Z\u00fa\u010dastnite sa lot\u00e9rie o 100 000 EUR a z\u00edskajte st\u00e1vky v hodnote 10 EUR zadarmo. Zistite, ako sa sta\u0165 s\u00fa\u010das\u0165ou futbalovej sl\u00e1vnosti a vyhra\u0165 ve\u013ek\u00e9 v\u00fdhry!\" \/>\n<meta name=\"robots\" content=\"index, follow, max-snippet:-1, max-image-preview:large, max-video-preview:-1\" \/>\n<meta property=\"og:locale\" content=\"sk_SK\" \/>\n<meta property=\"og:type\" content=\"article\" \/>\n<meta property=\"og:title\" content=\"Megapari Majstrovstv\u00e1 sveta FIFA \u1409 St\u00e1vky zadarmo\" \/>\n<meta property=\"og:description\" content=\"Pripravte sa na Klubov\u00e9 majstrovstv\u00e1 sveta s Megapari! Z\u00fa\u010dastnite sa lot\u00e9rie o 100 000 EUR a z\u00edskajte st\u00e1vky v hodnote 10 EUR zadarmo. Zistite, ako sa sta\u0165 s\u00fa\u010das\u0165ou futbalovej sl\u00e1vnosti a vyhra\u0165 ve\u013ek\u00e9 v\u00fdhry!\" \/>\n<meta property=\"og:url\" content=\"https:\/\/megapari.promo\/sk\/bonus\/world-cup-freebet\/\" \/>\n<meta property=\"og:site_name\" content=\"Megapari Vin sk\" \/>\n<meta property=\"article:modified_time\" content=\"2025-10-28T18:38:32+00:00\" \/>\n<meta name=\"twitter:card\" content=\"summary_large_image\" \/>\n<script type=\"application\/ld+json\" class=\"yoast-schema-graph\">{\"@context\":\"https:\/\/schema.org\",\"@graph\":[{\"@type\":\"WebPage\",\"@id\":\"https:\/\/megapari.promo\/sk\/bonus\/world-cup-freebet\/\",\"url\":\"https:\/\/megapari.promo\/sk\/bonus\/world-cup-freebet\/\",\"name\":\"Megapari Majstrovstv\u00e1 sveta FIFA \u1409 St\u00e1vky zadarmo\",\"isPartOf\":{\"@id\":\"https:\/\/megapari.promo\/sk\/#website\"},\"datePublished\":\"2025-06-24T06:29:33+00:00\",\"dateModified\":\"2025-10-28T18:38:32+00:00\",\"description\":\"Pripravte sa na Klubov\u00e9 majstrovstv\u00e1 sveta s Megapari! Z\u00fa\u010dastnite sa lot\u00e9rie o 100 000 EUR a z\u00edskajte st\u00e1vky v hodnote 10 EUR zadarmo. Zistite, ako sa sta\u0165 s\u00fa\u010das\u0165ou futbalovej sl\u00e1vnosti a vyhra\u0165 ve\u013ek\u00e9 v\u00fdhry!\",\"breadcrumb\":{\"@id\":\"https:\/\/megapari.promo\/sk\/bonus\/world-cup-freebet\/#breadcrumb\"},\"inLanguage\":\"sk-SK\",\"potentialAction\":[{\"@type\":\"ReadAction\",\"target\":[\"https:\/\/megapari.promo\/sk\/bonus\/world-cup-freebet\/\"]}]},{\"@type\":\"BreadcrumbList\",\"@id\":\"https:\/\/megapari.promo\/sk\/bonus\/world-cup-freebet\/#breadcrumb\",\"itemListElement\":[{\"@type\":\"ListItem\",\"position\":1,\"name\":\"\u0413\u043b\u0430\u0432\u043d\u0430\u044f \u0441\u0442\u0440\u0430\u043d\u0438\u0446\u0430\",\"item\":\"https:\/\/megapari.promo\/sk\/\"},{\"@type\":\"ListItem\",\"position\":2,\"name\":\"Bonus\",\"item\":\"https:\/\/megapari.promo\/sk\/bonus\/\"},{\"@type\":\"ListItem\",\"position\":3,\"name\":\"Svetov\u00fd poh\u00e1r Freebet\"}]},{\"@type\":\"WebSite\",\"@id\":\"https:\/\/megapari.promo\/sk\/#website\",\"url\":\"https:\/\/megapari.promo\/sk\/\",\"name\":\"Megapari Vin sk\",\"description\":\"My WordPress Blog\",\"potentialAction\":[{\"@type\":\"SearchAction\",\"target\":{\"@type\":\"EntryPoint\",\"urlTemplate\":\"https:\/\/megapari.promo\/sk\/?s={search_term_string}\"},\"query-input\":\"required name=search_term_string\"}],\"inLanguage\":\"sk-SK\"}]}<\/script>\n<!-- \/ Yoast SEO plugin. -->","yoast_head_json":{"title":"Megapari Majstrovstv\u00e1 sveta FIFA \u1409 St\u00e1vky zadarmo","description":"Pripravte sa na Klubov\u00e9 majstrovstv\u00e1 sveta s Megapari! Z\u00fa\u010dastnite sa lot\u00e9rie o 100 000 EUR a z\u00edskajte st\u00e1vky v hodnote 10 EUR zadarmo. Zistite, ako sa sta\u0165 s\u00fa\u010das\u0165ou futbalovej sl\u00e1vnosti a vyhra\u0165 ve\u013ek\u00e9 v\u00fdhry!","robots":{"index":"index","follow":"follow","max-snippet":"max-snippet:-1","max-image-preview":"max-image-preview:large","max-video-preview":"max-video-preview:-1"},"og_locale":"sk_SK","og_type":"article","og_title":"Megapari Majstrovstv\u00e1 sveta FIFA \u1409 St\u00e1vky zadarmo","og_description":"Pripravte sa na Klubov\u00e9 majstrovstv\u00e1 sveta s Megapari! Z\u00fa\u010dastnite sa lot\u00e9rie o 100 000 EUR a z\u00edskajte st\u00e1vky v hodnote 10 EUR zadarmo. Zistite, ako sa sta\u0165 s\u00fa\u010das\u0165ou futbalovej sl\u00e1vnosti a vyhra\u0165 ve\u013ek\u00e9 v\u00fdhry!","og_url":"https:\/\/megapari.promo\/sk\/bonus\/world-cup-freebet\/","og_site_name":"Megapari Vin sk","article_modified_time":"2025-10-28T18:38:32+00:00","twitter_card":"summary_large_image","schema":{"@context":"https:\/\/schema.org","@graph":[{"@type":"WebPage","@id":"https:\/\/megapari.promo\/sk\/bonus\/world-cup-freebet\/","url":"https:\/\/megapari.promo\/sk\/bonus\/world-cup-freebet\/","name":"Megapari Majstrovstv\u00e1 sveta FIFA \u1409 St\u00e1vky zadarmo","isPartOf":{"@id":"https:\/\/megapari.promo\/sk\/#website"},"datePublished":"2025-06-24T06:29:33+00:00","dateModified":"2025-10-28T18:38:32+00:00","description":"Pripravte sa na Klubov\u00e9 majstrovstv\u00e1 sveta s Megapari! Z\u00fa\u010dastnite sa lot\u00e9rie o 100 000 EUR a z\u00edskajte st\u00e1vky v hodnote 10 EUR zadarmo. Zistite, ako sa sta\u0165 s\u00fa\u010das\u0165ou futbalovej sl\u00e1vnosti a vyhra\u0165 ve\u013ek\u00e9 v\u00fdhry!","breadcrumb":{"@id":"https:\/\/megapari.promo\/sk\/bonus\/world-cup-freebet\/#breadcrumb"},"inLanguage":"sk-SK","potentialAction":[{"@type":"ReadAction","target":["https:\/\/megapari.promo\/sk\/bonus\/world-cup-freebet\/"]}]},{"@type":"BreadcrumbList","@id":"https:\/\/megapari.promo\/sk\/bonus\/world-cup-freebet\/#breadcrumb","itemListElement":[{"@type":"ListItem","position":1,"name":"\u0413\u043b\u0430\u0432\u043d\u0430\u044f \u0441\u0442\u0440\u0430\u043d\u0438\u0446\u0430","item":"https:\/\/megapari.promo\/sk\/"},{"@type":"ListItem","position":2,"name":"Bonus","item":"https:\/\/megapari.promo\/sk\/bonus\/"},{"@type":"ListItem","position":3,"name":"Svetov\u00fd poh\u00e1r Freebet"}]},{"@type":"WebSite","@id":"https:\/\/megapari.promo\/sk\/#website","url":"https:\/\/megapari.promo\/sk\/","name":"Megapari Vin sk","description":"My WordPress Blog","potentialAction":[{"@type":"SearchAction","target":{"@type":"EntryPoint","urlTemplate":"https:\/\/megapari.promo\/sk\/?s={search_term_string}"},"query-input":"required name=search_term_string"}],"inLanguage":"sk-SK"}]}},"_links":{"self":[{"href":"https:\/\/megapari.promo\/sk\/wp-json\/wp\/v2\/pages\/452"}],"collection":[{"href":"https:\/\/megapari.promo\/sk\/wp-json\/wp\/v2\/pages"}],"about":[{"href":"https:\/\/megapari.promo\/sk\/wp-json\/wp\/v2\/types\/page"}],"author":[{"embeddable":true,"href":"https:\/\/megapari.promo\/sk\/wp-json\/wp\/v2\/users\/1"}],"replies":[{"embeddable":true,"href":"https:\/\/megapari.promo\/sk\/wp-json\/wp\/v2\/comments?post=452"}],"version-history":[{"count":6,"href":"https:\/\/megapari.promo\/sk\/wp-json\/wp\/v2\/pages\/452\/revisions"}],"predecessor-version":[{"id":602,"href":"https:\/\/megapari.promo\/sk\/wp-json\/wp\/v2\/pages\/452\/revisions\/602"}],"up":[{"embeddable":true,"href":"https:\/\/megapari.promo\/sk\/wp-json\/wp\/v2\/pages\/152"}],"wp:attachment":[{"href":"https:\/\/megapari.promo\/sk\/wp-json\/wp\/v2\/media?parent=452"}],"curies":[{"name":"wp","href":"https:\/\/api.w.org\/{rel}","templated":true}]}}