{"id":458,"date":"2025-06-24T06:57:52","date_gmt":"2025-06-24T06:57:52","guid":{"rendered":"https:\/\/megapari.promo\/sk\/?page_id=458"},"modified":"2025-10-11T18:49:58","modified_gmt":"2025-10-11T18:49:58","slug":"aviator","status":"publish","type":"page","link":"https:\/\/megapari.promo\/sk\/bonus\/aviator\/","title":{"rendered":"Aviator"},"content":{"rendered":"","protected":false},"excerpt":{"rendered":"","protected":false},"author":1,"featured_media":0,"parent":152,"menu_order":0,"comment_status":"closed","ping_status":"closed","template":"","meta":{"inline_featured_image":false,"footnotes":""},"yoast_head":"<!-- This site is optimized with the Yoast SEO plugin v20.13 - https:\/\/yoast.com\/wordpress\/plugins\/seo\/ -->\n<title>Aviator s Megapari \u1409 60 rozto\u010den\u00ed zadarmo ka\u017ed\u00fa nede\u013eu!<\/title>\n<meta name=\"description\" content=\"Lietajte vysoko v Aviator zadarmo s Megapari! Ka\u017ed\u00fa nede\u013eu si dopl\u0148te \u00fa\u010det a z\u00edskajte a\u017e 60 oto\u010den\u00ed zadarmo. Vyu\u017eite svoju ob\u013e\u00faben\u00fa hru na maximum!\" \/>\n<meta name=\"robots\" content=\"index, follow, max-snippet:-1, max-image-preview:large, max-video-preview:-1\" \/>\n<meta property=\"og:locale\" content=\"sk_SK\" \/>\n<meta property=\"og:type\" content=\"article\" \/>\n<meta property=\"og:title\" content=\"Aviator s Megapari \u1409 60 rozto\u010den\u00ed zadarmo ka\u017ed\u00fa nede\u013eu!\" \/>\n<meta property=\"og:description\" content=\"Lietajte vysoko v Aviator zadarmo s Megapari! Ka\u017ed\u00fa nede\u013eu si dopl\u0148te \u00fa\u010det a z\u00edskajte a\u017e 60 oto\u010den\u00ed zadarmo. Vyu\u017eite svoju ob\u013e\u00faben\u00fa hru na maximum!\" \/>\n<meta property=\"og:url\" content=\"https:\/\/megapari.promo\/sk\/bonus\/aviator\/\" \/>\n<meta property=\"og:site_name\" content=\"Megapari Vin sk\" \/>\n<meta property=\"article:modified_time\" content=\"2025-10-11T18:49:58+00:00\" \/>\n<meta name=\"twitter:card\" content=\"summary_large_image\" \/>\n<script type=\"application\/ld+json\" class=\"yoast-schema-graph\">{\"@context\":\"https:\/\/schema.org\",\"@graph\":[{\"@type\":\"WebPage\",\"@id\":\"https:\/\/megapari.promo\/sk\/bonus\/aviator\/\",\"url\":\"https:\/\/megapari.promo\/sk\/bonus\/aviator\/\",\"name\":\"Aviator s Megapari \u1409 60 rozto\u010den\u00ed zadarmo ka\u017ed\u00fa nede\u013eu!\",\"isPartOf\":{\"@id\":\"https:\/\/megapari.promo\/sk\/#website\"},\"datePublished\":\"2025-06-24T06:57:52+00:00\",\"dateModified\":\"2025-10-11T18:49:58+00:00\",\"description\":\"Lietajte vysoko v Aviator zadarmo s Megapari! Ka\u017ed\u00fa nede\u013eu si dopl\u0148te \u00fa\u010det a z\u00edskajte a\u017e 60 oto\u010den\u00ed zadarmo. Vyu\u017eite svoju ob\u013e\u00faben\u00fa hru na maximum!\",\"breadcrumb\":{\"@id\":\"https:\/\/megapari.promo\/sk\/bonus\/aviator\/#breadcrumb\"},\"inLanguage\":\"sk-SK\",\"potentialAction\":[{\"@type\":\"ReadAction\",\"target\":[\"https:\/\/megapari.promo\/sk\/bonus\/aviator\/\"]}]},{\"@type\":\"BreadcrumbList\",\"@id\":\"https:\/\/megapari.promo\/sk\/bonus\/aviator\/#breadcrumb\",\"itemListElement\":[{\"@type\":\"ListItem\",\"position\":1,\"name\":\"\u0413\u043b\u0430\u0432\u043d\u0430\u044f \u0441\u0442\u0440\u0430\u043d\u0438\u0446\u0430\",\"item\":\"https:\/\/megapari.promo\/sk\/\"},{\"@type\":\"ListItem\",\"position\":2,\"name\":\"Bonus\",\"item\":\"https:\/\/megapari.promo\/sk\/bonus\/\"},{\"@type\":\"ListItem\",\"position\":3,\"name\":\"Aviator\"}]},{\"@type\":\"WebSite\",\"@id\":\"https:\/\/megapari.promo\/sk\/#website\",\"url\":\"https:\/\/megapari.promo\/sk\/\",\"name\":\"Megapari Vin sk\",\"description\":\"My WordPress Blog\",\"potentialAction\":[{\"@type\":\"SearchAction\",\"target\":{\"@type\":\"EntryPoint\",\"urlTemplate\":\"https:\/\/megapari.promo\/sk\/?s={search_term_string}\"},\"query-input\":\"required name=search_term_string\"}],\"inLanguage\":\"sk-SK\"}]}<\/script>\n<!-- \/ Yoast SEO plugin. -->","yoast_head_json":{"title":"Aviator s Megapari \u1409 60 rozto\u010den\u00ed zadarmo ka\u017ed\u00fa nede\u013eu!","description":"Lietajte vysoko v Aviator zadarmo s Megapari! Ka\u017ed\u00fa nede\u013eu si dopl\u0148te \u00fa\u010det a z\u00edskajte a\u017e 60 oto\u010den\u00ed zadarmo. Vyu\u017eite svoju ob\u013e\u00faben\u00fa hru na maximum!","robots":{"index":"index","follow":"follow","max-snippet":"max-snippet:-1","max-image-preview":"max-image-preview:large","max-video-preview":"max-video-preview:-1"},"og_locale":"sk_SK","og_type":"article","og_title":"Aviator s Megapari \u1409 60 rozto\u010den\u00ed zadarmo ka\u017ed\u00fa nede\u013eu!","og_description":"Lietajte vysoko v Aviator zadarmo s Megapari! Ka\u017ed\u00fa nede\u013eu si dopl\u0148te \u00fa\u010det a z\u00edskajte a\u017e 60 oto\u010den\u00ed zadarmo. Vyu\u017eite svoju ob\u013e\u00faben\u00fa hru na maximum!","og_url":"https:\/\/megapari.promo\/sk\/bonus\/aviator\/","og_site_name":"Megapari Vin sk","article_modified_time":"2025-10-11T18:49:58+00:00","twitter_card":"summary_large_image","schema":{"@context":"https:\/\/schema.org","@graph":[{"@type":"WebPage","@id":"https:\/\/megapari.promo\/sk\/bonus\/aviator\/","url":"https:\/\/megapari.promo\/sk\/bonus\/aviator\/","name":"Aviator s Megapari \u1409 60 rozto\u010den\u00ed zadarmo ka\u017ed\u00fa nede\u013eu!","isPartOf":{"@id":"https:\/\/megapari.promo\/sk\/#website"},"datePublished":"2025-06-24T06:57:52+00:00","dateModified":"2025-10-11T18:49:58+00:00","description":"Lietajte vysoko v Aviator zadarmo s Megapari! Ka\u017ed\u00fa nede\u013eu si dopl\u0148te \u00fa\u010det a z\u00edskajte a\u017e 60 oto\u010den\u00ed zadarmo. Vyu\u017eite svoju ob\u013e\u00faben\u00fa hru na maximum!","breadcrumb":{"@id":"https:\/\/megapari.promo\/sk\/bonus\/aviator\/#breadcrumb"},"inLanguage":"sk-SK","potentialAction":[{"@type":"ReadAction","target":["https:\/\/megapari.promo\/sk\/bonus\/aviator\/"]}]},{"@type":"BreadcrumbList","@id":"https:\/\/megapari.promo\/sk\/bonus\/aviator\/#breadcrumb","itemListElement":[{"@type":"ListItem","position":1,"name":"\u0413\u043b\u0430\u0432\u043d\u0430\u044f \u0441\u0442\u0440\u0430\u043d\u0438\u0446\u0430","item":"https:\/\/megapari.promo\/sk\/"},{"@type":"ListItem","position":2,"name":"Bonus","item":"https:\/\/megapari.promo\/sk\/bonus\/"},{"@type":"ListItem","position":3,"name":"Aviator"}]},{"@type":"WebSite","@id":"https:\/\/megapari.promo\/sk\/#website","url":"https:\/\/megapari.promo\/sk\/","name":"Megapari Vin sk","description":"My WordPress Blog","potentialAction":[{"@type":"SearchAction","target":{"@type":"EntryPoint","urlTemplate":"https:\/\/megapari.promo\/sk\/?s={search_term_string}"},"query-input":"required name=search_term_string"}],"inLanguage":"sk-SK"}]}},"_links":{"self":[{"href":"https:\/\/megapari.promo\/sk\/wp-json\/wp\/v2\/pages\/458"}],"collection":[{"href":"https:\/\/megapari.promo\/sk\/wp-json\/wp\/v2\/pages"}],"about":[{"href":"https:\/\/megapari.promo\/sk\/wp-json\/wp\/v2\/types\/page"}],"author":[{"embeddable":true,"href":"https:\/\/megapari.promo\/sk\/wp-json\/wp\/v2\/users\/1"}],"replies":[{"embeddable":true,"href":"https:\/\/megapari.promo\/sk\/wp-json\/wp\/v2\/comments?post=458"}],"version-history":[{"count":4,"href":"https:\/\/megapari.promo\/sk\/wp-json\/wp\/v2\/pages\/458\/revisions"}],"predecessor-version":[{"id":608,"href":"https:\/\/megapari.promo\/sk\/wp-json\/wp\/v2\/pages\/458\/revisions\/608"}],"up":[{"embeddable":true,"href":"https:\/\/megapari.promo\/sk\/wp-json\/wp\/v2\/pages\/152"}],"wp:attachment":[{"href":"https:\/\/megapari.promo\/sk\/wp-json\/wp\/v2\/media?parent=458"}],"curies":[{"name":"wp","href":"https:\/\/api.w.org\/{rel}","templated":true}]}}