{"id":2,"date":"2023-05-18T17:18:34","date_gmt":"2023-05-18T17:18:34","guid":{"rendered":"https:\/\/megapari.promo\/sl\/?page_id=2"},"modified":"2025-04-27T06:45:30","modified_gmt":"2025-04-27T06:45:30","slug":"sample-page","status":"publish","type":"page","link":"https:\/\/megapari.promo\/sl\/","title":{"rendered":"Domov"},"content":{"rendered":"","protected":false},"excerpt":{"rendered":"","protected":false},"author":1,"featured_media":0,"parent":0,"menu_order":0,"comment_status":"closed","ping_status":"open","template":"","meta":{"inline_featured_image":false,"footnotes":""},"yoast_head":"<!-- This site is optimized with the Yoast SEO plugin v20.13 - https:\/\/yoast.com\/wordpress\/plugins\/seo\/ -->\n<title>Megapari Teko\u010de leto: Uradno spletno mesto za \u0161portne stave<\/title>\n<meta name=\"description\" content=\"Za\u010dnite staviti na razli\u010dne \u0161porte in u\u017eivajte v igralnici z uradno \u0161portno stavnico Megapari \u2714\ufe0f Pridobite najbolj\u0161e mo\u017ene pogoje in 100 % bonus za dobrodo\u0161lico za nove igralce.\" \/>\n<meta name=\"robots\" content=\"index, follow, max-snippet:-1, max-image-preview:large, max-video-preview:-1\" \/>\n<meta property=\"og:locale\" content=\"sk_SK\" \/>\n<meta property=\"og:type\" content=\"article\" \/>\n<meta property=\"og:title\" content=\"Megapari Teko\u010de leto: Uradno spletno mesto za \u0161portne stave\" \/>\n<meta property=\"og:description\" content=\"Za\u010dnite staviti na razli\u010dne \u0161porte in u\u017eivajte v igralnici z uradno \u0161portno stavnico Megapari \u2714\ufe0f Pridobite najbolj\u0161e mo\u017ene pogoje in 100 % bonus za dobrodo\u0161lico za nove igralce.\" \/>\n<meta property=\"og:url\" content=\"https:\/\/megapari.promo\/sl\/\" \/>\n<meta property=\"og:site_name\" content=\"Megapari Win sl\" \/>\n<meta property=\"article:modified_time\" content=\"2025-04-27T06:45:30+00:00\" \/>\n<meta name=\"twitter:card\" content=\"summary_large_image\" \/>\n<script type=\"application\/ld+json\" class=\"yoast-schema-graph\">{\"@context\":\"https:\/\/schema.org\",\"@graph\":[{\"@type\":\"WebPage\",\"@id\":\"https:\/\/megapari.promo\/sl\/\",\"url\":\"https:\/\/megapari.promo\/sl\/\",\"name\":\"Megapari Teko\u010de leto: Uradno spletno mesto za \u0161portne stave\",\"isPartOf\":{\"@id\":\"https:\/\/megapari.promo\/sl\/#website\"},\"datePublished\":\"2023-05-18T17:18:34+00:00\",\"dateModified\":\"2025-04-27T06:45:30+00:00\",\"description\":\"Za\u010dnite staviti na razli\u010dne \u0161porte in u\u017eivajte v igralnici z uradno \u0161portno stavnico Megapari \u2714\ufe0f Pridobite najbolj\u0161e mo\u017ene pogoje in 100 % bonus za dobrodo\u0161lico za nove igralce.\",\"breadcrumb\":{\"@id\":\"https:\/\/megapari.promo\/sl\/#breadcrumb\"},\"inLanguage\":\"sk-SK\",\"potentialAction\":[{\"@type\":\"ReadAction\",\"target\":[\"https:\/\/megapari.promo\/sl\/\"]}]},{\"@type\":\"BreadcrumbList\",\"@id\":\"https:\/\/megapari.promo\/sl\/#breadcrumb\",\"itemListElement\":[{\"@type\":\"ListItem\",\"position\":1,\"name\":\"\u0413\u043b\u0430\u0432\u043d\u0430\u044f \u0441\u0442\u0440\u0430\u043d\u0438\u0446\u0430\",\"item\":\"https:\/\/megapari.promo\/sl\/\"},{\"@type\":\"ListItem\",\"position\":2,\"name\":\"Domov\"}]},{\"@type\":\"WebSite\",\"@id\":\"https:\/\/megapari.promo\/sl\/#website\",\"url\":\"https:\/\/megapari.promo\/sl\/\",\"name\":\"Megapari Win sl\",\"description\":\"My WordPress Blog\",\"potentialAction\":[{\"@type\":\"SearchAction\",\"target\":{\"@type\":\"EntryPoint\",\"urlTemplate\":\"https:\/\/megapari.promo\/sl\/?s={search_term_string}\"},\"query-input\":\"required name=search_term_string\"}],\"inLanguage\":\"sk-SK\"}]}<\/script>\n<!-- \/ Yoast SEO plugin. -->","yoast_head_json":{"title":"Megapari Teko\u010de leto: Uradno spletno mesto za \u0161portne stave","description":"Za\u010dnite staviti na razli\u010dne \u0161porte in u\u017eivajte v igralnici z uradno \u0161portno stavnico Megapari \u2714\ufe0f Pridobite najbolj\u0161e mo\u017ene pogoje in 100 % bonus za dobrodo\u0161lico za nove igralce.","robots":{"index":"index","follow":"follow","max-snippet":"max-snippet:-1","max-image-preview":"max-image-preview:large","max-video-preview":"max-video-preview:-1"},"og_locale":"sk_SK","og_type":"article","og_title":"Megapari Teko\u010de leto: Uradno spletno mesto za \u0161portne stave","og_description":"Za\u010dnite staviti na razli\u010dne \u0161porte in u\u017eivajte v igralnici z uradno \u0161portno stavnico Megapari \u2714\ufe0f Pridobite najbolj\u0161e mo\u017ene pogoje in 100 % bonus za dobrodo\u0161lico za nove igralce.","og_url":"https:\/\/megapari.promo\/sl\/","og_site_name":"Megapari Win sl","article_modified_time":"2025-04-27T06:45:30+00:00","twitter_card":"summary_large_image","schema":{"@context":"https:\/\/schema.org","@graph":[{"@type":"WebPage","@id":"https:\/\/megapari.promo\/sl\/","url":"https:\/\/megapari.promo\/sl\/","name":"Megapari Teko\u010de leto: Uradno spletno mesto za \u0161portne stave","isPartOf":{"@id":"https:\/\/megapari.promo\/sl\/#website"},"datePublished":"2023-05-18T17:18:34+00:00","dateModified":"2025-04-27T06:45:30+00:00","description":"Za\u010dnite staviti na razli\u010dne \u0161porte in u\u017eivajte v igralnici z uradno \u0161portno stavnico Megapari \u2714\ufe0f Pridobite najbolj\u0161e mo\u017ene pogoje in 100 % bonus za dobrodo\u0161lico za nove igralce.","breadcrumb":{"@id":"https:\/\/megapari.promo\/sl\/#breadcrumb"},"inLanguage":"sk-SK","potentialAction":[{"@type":"ReadAction","target":["https:\/\/megapari.promo\/sl\/"]}]},{"@type":"BreadcrumbList","@id":"https:\/\/megapari.promo\/sl\/#breadcrumb","itemListElement":[{"@type":"ListItem","position":1,"name":"\u0413\u043b\u0430\u0432\u043d\u0430\u044f \u0441\u0442\u0440\u0430\u043d\u0438\u0446\u0430","item":"https:\/\/megapari.promo\/sl\/"},{"@type":"ListItem","position":2,"name":"Domov"}]},{"@type":"WebSite","@id":"https:\/\/megapari.promo\/sl\/#website","url":"https:\/\/megapari.promo\/sl\/","name":"Megapari Win sl","description":"My WordPress Blog","potentialAction":[{"@type":"SearchAction","target":{"@type":"EntryPoint","urlTemplate":"https:\/\/megapari.promo\/sl\/?s={search_term_string}"},"query-input":"required name=search_term_string"}],"inLanguage":"sk-SK"}]}},"_links":{"self":[{"href":"https:\/\/megapari.promo\/sl\/wp-json\/wp\/v2\/pages\/2"}],"collection":[{"href":"https:\/\/megapari.promo\/sl\/wp-json\/wp\/v2\/pages"}],"about":[{"href":"https:\/\/megapari.promo\/sl\/wp-json\/wp\/v2\/types\/page"}],"author":[{"embeddable":true,"href":"https:\/\/megapari.promo\/sl\/wp-json\/wp\/v2\/users\/1"}],"replies":[{"embeddable":true,"href":"https:\/\/megapari.promo\/sl\/wp-json\/wp\/v2\/comments?post=2"}],"version-history":[{"count":68,"href":"https:\/\/megapari.promo\/sl\/wp-json\/wp\/v2\/pages\/2\/revisions"}],"predecessor-version":[{"id":458,"href":"https:\/\/megapari.promo\/sl\/wp-json\/wp\/v2\/pages\/2\/revisions\/458"}],"wp:attachment":[{"href":"https:\/\/megapari.promo\/sl\/wp-json\/wp\/v2\/media?parent=2"}],"curies":[{"name":"wp","href":"https:\/\/api.w.org\/{rel}","templated":true}]}}