{"id":358,"date":"2025-04-08T06:29:40","date_gmt":"2025-04-08T06:29:40","guid":{"rendered":"https:\/\/megapari.promo\/sl\/?page_id=358"},"modified":"2025-07-28T17:52:45","modified_gmt":"2025-07-28T17:52:45","slug":"promo-code","status":"publish","type":"page","link":"https:\/\/megapari.promo\/sl\/promo-code\/","title":{"rendered":"Promocijska koda"},"content":{"rendered":"","protected":false},"excerpt":{"rendered":"","protected":false},"author":1,"featured_media":0,"parent":0,"menu_order":0,"comment_status":"closed","ping_status":"closed","template":"","meta":{"inline_featured_image":false,"footnotes":""},"yoast_head":"<!-- This site is optimized with the Yoast SEO plugin v20.13 - https:\/\/yoast.com\/wordpress\/plugins\/seo\/ -->\n<title>Megapari promocijska koda \u25b6\ufe0fActual kode bonusov Teko\u010de leto<\/title>\n<meta name=\"description\" content=\"Poi\u0161\u010dite najbolj\u0161e kode bonusov Megapari in pridobite ekskluzivne bonuse brez pologa in brezpla\u010dne vrtljaje. Ob prijavi uporabite promocijsko kodo. Z bonus kodami lahko dobite brezpla\u010dne vrtljaje na svojih najljub\u0161ih igralnih avtomatih in brezpla\u010dne stave na priljubljene \u0161porte na Megapari.\" \/>\n<meta name=\"robots\" content=\"index, follow, max-snippet:-1, max-image-preview:large, max-video-preview:-1\" \/>\n<meta property=\"og:locale\" content=\"sk_SK\" \/>\n<meta property=\"og:type\" content=\"article\" \/>\n<meta property=\"og:title\" content=\"Megapari promocijska koda \u25b6\ufe0fActual kode bonusov Teko\u010de leto\" \/>\n<meta property=\"og:description\" content=\"Poi\u0161\u010dite najbolj\u0161e kode bonusov Megapari in pridobite ekskluzivne bonuse brez pologa in brezpla\u010dne vrtljaje. Ob prijavi uporabite promocijsko kodo. Z bonus kodami lahko dobite brezpla\u010dne vrtljaje na svojih najljub\u0161ih igralnih avtomatih in brezpla\u010dne stave na priljubljene \u0161porte na Megapari.\" \/>\n<meta property=\"og:url\" content=\"https:\/\/megapari.promo\/sl\/promo-code\/\" \/>\n<meta property=\"og:site_name\" content=\"Megapari Win sl\" \/>\n<meta property=\"article:modified_time\" content=\"2025-07-28T17:52:45+00:00\" \/>\n<meta name=\"twitter:card\" content=\"summary_large_image\" \/>\n<script type=\"application\/ld+json\" class=\"yoast-schema-graph\">{\"@context\":\"https:\/\/schema.org\",\"@graph\":[{\"@type\":\"WebPage\",\"@id\":\"https:\/\/megapari.promo\/sl\/promo-code\/\",\"url\":\"https:\/\/megapari.promo\/sl\/promo-code\/\",\"name\":\"Megapari promocijska koda \u25b6\ufe0fActual kode bonusov Teko\u010de leto\",\"isPartOf\":{\"@id\":\"https:\/\/megapari.promo\/sl\/#website\"},\"datePublished\":\"2025-04-08T06:29:40+00:00\",\"dateModified\":\"2025-07-28T17:52:45+00:00\",\"description\":\"Poi\u0161\u010dite najbolj\u0161e kode bonusov Megapari in pridobite ekskluzivne bonuse brez pologa in brezpla\u010dne vrtljaje. Ob prijavi uporabite promocijsko kodo. Z bonus kodami lahko dobite brezpla\u010dne vrtljaje na svojih najljub\u0161ih igralnih avtomatih in brezpla\u010dne stave na priljubljene \u0161porte na Megapari.\",\"breadcrumb\":{\"@id\":\"https:\/\/megapari.promo\/sl\/promo-code\/#breadcrumb\"},\"inLanguage\":\"sk-SK\",\"potentialAction\":[{\"@type\":\"ReadAction\",\"target\":[\"https:\/\/megapari.promo\/sl\/promo-code\/\"]}]},{\"@type\":\"BreadcrumbList\",\"@id\":\"https:\/\/megapari.promo\/sl\/promo-code\/#breadcrumb\",\"itemListElement\":[{\"@type\":\"ListItem\",\"position\":1,\"name\":\"\u0413\u043b\u0430\u0432\u043d\u0430\u044f \u0441\u0442\u0440\u0430\u043d\u0438\u0446\u0430\",\"item\":\"https:\/\/megapari.promo\/sl\/\"},{\"@type\":\"ListItem\",\"position\":2,\"name\":\"Promocijska koda\"}]},{\"@type\":\"WebSite\",\"@id\":\"https:\/\/megapari.promo\/sl\/#website\",\"url\":\"https:\/\/megapari.promo\/sl\/\",\"name\":\"Megapari Win sl\",\"description\":\"My WordPress Blog\",\"potentialAction\":[{\"@type\":\"SearchAction\",\"target\":{\"@type\":\"EntryPoint\",\"urlTemplate\":\"https:\/\/megapari.promo\/sl\/?s={search_term_string}\"},\"query-input\":\"required name=search_term_string\"}],\"inLanguage\":\"sk-SK\"}]}<\/script>\n<!-- \/ Yoast SEO plugin. -->","yoast_head_json":{"title":"Megapari promocijska koda \u25b6\ufe0fActual kode bonusov Teko\u010de leto","description":"Poi\u0161\u010dite najbolj\u0161e kode bonusov Megapari in pridobite ekskluzivne bonuse brez pologa in brezpla\u010dne vrtljaje. Ob prijavi uporabite promocijsko kodo. Z bonus kodami lahko dobite brezpla\u010dne vrtljaje na svojih najljub\u0161ih igralnih avtomatih in brezpla\u010dne stave na priljubljene \u0161porte na Megapari.","robots":{"index":"index","follow":"follow","max-snippet":"max-snippet:-1","max-image-preview":"max-image-preview:large","max-video-preview":"max-video-preview:-1"},"og_locale":"sk_SK","og_type":"article","og_title":"Megapari promocijska koda \u25b6\ufe0fActual kode bonusov Teko\u010de leto","og_description":"Poi\u0161\u010dite najbolj\u0161e kode bonusov Megapari in pridobite ekskluzivne bonuse brez pologa in brezpla\u010dne vrtljaje. Ob prijavi uporabite promocijsko kodo. Z bonus kodami lahko dobite brezpla\u010dne vrtljaje na svojih najljub\u0161ih igralnih avtomatih in brezpla\u010dne stave na priljubljene \u0161porte na Megapari.","og_url":"https:\/\/megapari.promo\/sl\/promo-code\/","og_site_name":"Megapari Win sl","article_modified_time":"2025-07-28T17:52:45+00:00","twitter_card":"summary_large_image","schema":{"@context":"https:\/\/schema.org","@graph":[{"@type":"WebPage","@id":"https:\/\/megapari.promo\/sl\/promo-code\/","url":"https:\/\/megapari.promo\/sl\/promo-code\/","name":"Megapari promocijska koda \u25b6\ufe0fActual kode bonusov Teko\u010de leto","isPartOf":{"@id":"https:\/\/megapari.promo\/sl\/#website"},"datePublished":"2025-04-08T06:29:40+00:00","dateModified":"2025-07-28T17:52:45+00:00","description":"Poi\u0161\u010dite najbolj\u0161e kode bonusov Megapari in pridobite ekskluzivne bonuse brez pologa in brezpla\u010dne vrtljaje. Ob prijavi uporabite promocijsko kodo. Z bonus kodami lahko dobite brezpla\u010dne vrtljaje na svojih najljub\u0161ih igralnih avtomatih in brezpla\u010dne stave na priljubljene \u0161porte na Megapari.","breadcrumb":{"@id":"https:\/\/megapari.promo\/sl\/promo-code\/#breadcrumb"},"inLanguage":"sk-SK","potentialAction":[{"@type":"ReadAction","target":["https:\/\/megapari.promo\/sl\/promo-code\/"]}]},{"@type":"BreadcrumbList","@id":"https:\/\/megapari.promo\/sl\/promo-code\/#breadcrumb","itemListElement":[{"@type":"ListItem","position":1,"name":"\u0413\u043b\u0430\u0432\u043d\u0430\u044f \u0441\u0442\u0440\u0430\u043d\u0438\u0446\u0430","item":"https:\/\/megapari.promo\/sl\/"},{"@type":"ListItem","position":2,"name":"Promocijska koda"}]},{"@type":"WebSite","@id":"https:\/\/megapari.promo\/sl\/#website","url":"https:\/\/megapari.promo\/sl\/","name":"Megapari Win sl","description":"My WordPress Blog","potentialAction":[{"@type":"SearchAction","target":{"@type":"EntryPoint","urlTemplate":"https:\/\/megapari.promo\/sl\/?s={search_term_string}"},"query-input":"required name=search_term_string"}],"inLanguage":"sk-SK"}]}},"_links":{"self":[{"href":"https:\/\/megapari.promo\/sl\/wp-json\/wp\/v2\/pages\/358"}],"collection":[{"href":"https:\/\/megapari.promo\/sl\/wp-json\/wp\/v2\/pages"}],"about":[{"href":"https:\/\/megapari.promo\/sl\/wp-json\/wp\/v2\/types\/page"}],"author":[{"embeddable":true,"href":"https:\/\/megapari.promo\/sl\/wp-json\/wp\/v2\/users\/1"}],"replies":[{"embeddable":true,"href":"https:\/\/megapari.promo\/sl\/wp-json\/wp\/v2\/comments?post=358"}],"version-history":[{"count":20,"href":"https:\/\/megapari.promo\/sl\/wp-json\/wp\/v2\/pages\/358\/revisions"}],"predecessor-version":[{"id":454,"href":"https:\/\/megapari.promo\/sl\/wp-json\/wp\/v2\/pages\/358\/revisions\/454"}],"wp:attachment":[{"href":"https:\/\/megapari.promo\/sl\/wp-json\/wp\/v2\/media?parent=358"}],"curies":[{"name":"wp","href":"https:\/\/api.w.org\/{rel}","templated":true}]}}