{"id":2,"date":"2023-05-18T17:18:34","date_gmt":"2023-05-18T17:18:34","guid":{"rendered":"https:\/\/megapari.promo\/sn\/?page_id=2"},"modified":"2025-11-02T15:43:07","modified_gmt":"2025-11-02T15:43:07","slug":"sample-page","status":"publish","type":"page","link":"https:\/\/megapari.promo\/sn\/","title":{"rendered":"Accueil"},"content":{"rendered":"","protected":false},"excerpt":{"rendered":"","protected":false},"author":1,"featured_media":0,"parent":0,"menu_order":0,"comment_status":"closed","ping_status":"open","template":"","meta":{"inline_featured_image":false,"footnotes":""},"yoast_head":"<!-- This site is optimized with the Yoast SEO plugin v20.13 - https:\/\/yoast.com\/wordpress\/plugins\/seo\/ -->\n<title>Megapari Ann\u00e9e en cours: Site officiel des paris sportifs<\/title>\n<meta name=\"description\" content=\"Commencez \u00e0 parier sur diff\u00e9rents sports et profitez du casino avec le bookmaker officiel Megapari S\u00e9n\u00e9gal \u2714\ufe0f B\u00e9n\u00e9ficiez des meilleures conditions possibles et d&#039;un bonus de bienvenue de 100 % pour les nouveaux joueurs.\" \/>\n<meta name=\"robots\" content=\"index, follow, max-snippet:-1, max-image-preview:large, max-video-preview:-1\" \/>\n<meta property=\"og:locale\" content=\"fr_FR\" \/>\n<meta property=\"og:type\" content=\"article\" \/>\n<meta property=\"og:title\" content=\"Megapari Ann\u00e9e en cours: Site officiel des paris sportifs\" \/>\n<meta property=\"og:description\" content=\"Commencez \u00e0 parier sur diff\u00e9rents sports et profitez du casino avec le bookmaker officiel Megapari S\u00e9n\u00e9gal \u2714\ufe0f B\u00e9n\u00e9ficiez des meilleures conditions possibles et d&#039;un bonus de bienvenue de 100 % pour les nouveaux joueurs.\" \/>\n<meta property=\"og:url\" content=\"https:\/\/megapari.promo\/sn\/\" \/>\n<meta property=\"og:site_name\" content=\"Megapari Win SN\" \/>\n<meta property=\"article:modified_time\" content=\"2025-11-02T15:43:07+00:00\" \/>\n<meta name=\"twitter:card\" content=\"summary_large_image\" \/>\n<script type=\"application\/ld+json\" class=\"yoast-schema-graph\">{\"@context\":\"https:\/\/schema.org\",\"@graph\":[{\"@type\":\"WebPage\",\"@id\":\"https:\/\/megapari.promo\/sn\/\",\"url\":\"https:\/\/megapari.promo\/sn\/\",\"name\":\"Megapari Ann\u00e9e en cours: Site officiel des paris sportifs\",\"isPartOf\":{\"@id\":\"https:\/\/megapari.promo\/sn\/#website\"},\"datePublished\":\"2023-05-18T17:18:34+00:00\",\"dateModified\":\"2025-11-02T15:43:07+00:00\",\"description\":\"Commencez \u00e0 parier sur diff\u00e9rents sports et profitez du casino avec le bookmaker officiel Megapari S\u00e9n\u00e9gal \u2714\ufe0f B\u00e9n\u00e9ficiez des meilleures conditions possibles et d'un bonus de bienvenue de 100 % pour les nouveaux joueurs.\",\"breadcrumb\":{\"@id\":\"https:\/\/megapari.promo\/sn\/#breadcrumb\"},\"inLanguage\":\"fr-SN\",\"potentialAction\":[{\"@type\":\"ReadAction\",\"target\":[\"https:\/\/megapari.promo\/sn\/\"]}]},{\"@type\":\"BreadcrumbList\",\"@id\":\"https:\/\/megapari.promo\/sn\/#breadcrumb\",\"itemListElement\":[{\"@type\":\"ListItem\",\"position\":1,\"name\":\"\u0413\u043b\u0430\u0432\u043d\u0430\u044f \u0441\u0442\u0440\u0430\u043d\u0438\u0446\u0430\",\"item\":\"https:\/\/megapari.promo\/sn\/\"},{\"@type\":\"ListItem\",\"position\":2,\"name\":\"Accueil\"}]},{\"@type\":\"WebSite\",\"@id\":\"https:\/\/megapari.promo\/sn\/#website\",\"url\":\"https:\/\/megapari.promo\/sn\/\",\"name\":\"Megapari Win SN\",\"description\":\"My WordPress Blog\",\"potentialAction\":[{\"@type\":\"SearchAction\",\"target\":{\"@type\":\"EntryPoint\",\"urlTemplate\":\"https:\/\/megapari.promo\/sn\/?s={search_term_string}\"},\"query-input\":\"required name=search_term_string\"}],\"inLanguage\":\"fr-SN\"}]}<\/script>\n<!-- \/ Yoast SEO plugin. -->","yoast_head_json":{"title":"Megapari Ann\u00e9e en cours: Site officiel des paris sportifs","description":"Commencez \u00e0 parier sur diff\u00e9rents sports et profitez du casino avec le bookmaker officiel Megapari S\u00e9n\u00e9gal \u2714\ufe0f B\u00e9n\u00e9ficiez des meilleures conditions possibles et d'un bonus de bienvenue de 100 % pour les nouveaux joueurs.","robots":{"index":"index","follow":"follow","max-snippet":"max-snippet:-1","max-image-preview":"max-image-preview:large","max-video-preview":"max-video-preview:-1"},"og_locale":"fr_FR","og_type":"article","og_title":"Megapari Ann\u00e9e en cours: Site officiel des paris sportifs","og_description":"Commencez \u00e0 parier sur diff\u00e9rents sports et profitez du casino avec le bookmaker officiel Megapari S\u00e9n\u00e9gal \u2714\ufe0f B\u00e9n\u00e9ficiez des meilleures conditions possibles et d'un bonus de bienvenue de 100 % pour les nouveaux joueurs.","og_url":"https:\/\/megapari.promo\/sn\/","og_site_name":"Megapari Win SN","article_modified_time":"2025-11-02T15:43:07+00:00","twitter_card":"summary_large_image","schema":{"@context":"https:\/\/schema.org","@graph":[{"@type":"WebPage","@id":"https:\/\/megapari.promo\/sn\/","url":"https:\/\/megapari.promo\/sn\/","name":"Megapari Ann\u00e9e en cours: Site officiel des paris sportifs","isPartOf":{"@id":"https:\/\/megapari.promo\/sn\/#website"},"datePublished":"2023-05-18T17:18:34+00:00","dateModified":"2025-11-02T15:43:07+00:00","description":"Commencez \u00e0 parier sur diff\u00e9rents sports et profitez du casino avec le bookmaker officiel Megapari S\u00e9n\u00e9gal \u2714\ufe0f B\u00e9n\u00e9ficiez des meilleures conditions possibles et d'un bonus de bienvenue de 100 % pour les nouveaux joueurs.","breadcrumb":{"@id":"https:\/\/megapari.promo\/sn\/#breadcrumb"},"inLanguage":"fr-SN","potentialAction":[{"@type":"ReadAction","target":["https:\/\/megapari.promo\/sn\/"]}]},{"@type":"BreadcrumbList","@id":"https:\/\/megapari.promo\/sn\/#breadcrumb","itemListElement":[{"@type":"ListItem","position":1,"name":"\u0413\u043b\u0430\u0432\u043d\u0430\u044f \u0441\u0442\u0440\u0430\u043d\u0438\u0446\u0430","item":"https:\/\/megapari.promo\/sn\/"},{"@type":"ListItem","position":2,"name":"Accueil"}]},{"@type":"WebSite","@id":"https:\/\/megapari.promo\/sn\/#website","url":"https:\/\/megapari.promo\/sn\/","name":"Megapari Win SN","description":"My WordPress Blog","potentialAction":[{"@type":"SearchAction","target":{"@type":"EntryPoint","urlTemplate":"https:\/\/megapari.promo\/sn\/?s={search_term_string}"},"query-input":"required name=search_term_string"}],"inLanguage":"fr-SN"}]}},"_links":{"self":[{"href":"https:\/\/megapari.promo\/sn\/wp-json\/wp\/v2\/pages\/2"}],"collection":[{"href":"https:\/\/megapari.promo\/sn\/wp-json\/wp\/v2\/pages"}],"about":[{"href":"https:\/\/megapari.promo\/sn\/wp-json\/wp\/v2\/types\/page"}],"author":[{"embeddable":true,"href":"https:\/\/megapari.promo\/sn\/wp-json\/wp\/v2\/users\/1"}],"replies":[{"embeddable":true,"href":"https:\/\/megapari.promo\/sn\/wp-json\/wp\/v2\/comments?post=2"}],"version-history":[{"count":82,"href":"https:\/\/megapari.promo\/sn\/wp-json\/wp\/v2\/pages\/2\/revisions"}],"predecessor-version":[{"id":637,"href":"https:\/\/megapari.promo\/sn\/wp-json\/wp\/v2\/pages\/2\/revisions\/637"}],"wp:attachment":[{"href":"https:\/\/megapari.promo\/sn\/wp-json\/wp\/v2\/media?parent=2"}],"curies":[{"name":"wp","href":"https:\/\/api.w.org\/{rel}","templated":true}]}}