{"id":389,"date":"2025-04-10T05:04:24","date_gmt":"2025-04-10T05:04:24","guid":{"rendered":"https:\/\/megapari.promo\/sn\/?page_id=389"},"modified":"2025-11-02T15:51:19","modified_gmt":"2025-11-02T15:51:19","slug":"login","status":"publish","type":"page","link":"https:\/\/megapari.promo\/sn\/login\/","title":{"rendered":"Connexion"},"content":{"rendered":"","protected":false},"excerpt":{"rendered":"","protected":false},"author":1,"featured_media":0,"parent":0,"menu_order":0,"comment_status":"closed","ping_status":"closed","template":"","meta":{"inline_featured_image":false,"footnotes":""},"yoast_head":"<!-- This site is optimized with the Yoast SEO plugin v20.13 - https:\/\/yoast.com\/wordpress\/plugins\/seo\/ -->\n<title>Connexion Megapari: acc\u00e8s aux paris et au casino<\/title>\n<meta name=\"description\" content=\"Processus de connexion \u00e9tape par \u00e9tape \u00e0 Megapari - comment acc\u00e9der \u00e0 votre compte - Connectez-vous \u00e0 Megapari et recevez un pack de bienvenue pouvant atteindre 1.000.000 XOF et 150 tours gratuits.\" \/>\n<meta name=\"robots\" content=\"index, follow, max-snippet:-1, max-image-preview:large, max-video-preview:-1\" \/>\n<meta property=\"og:locale\" content=\"fr_FR\" \/>\n<meta property=\"og:type\" content=\"article\" \/>\n<meta property=\"og:title\" content=\"Connexion Megapari: acc\u00e8s aux paris et au casino\" \/>\n<meta property=\"og:description\" content=\"Processus de connexion \u00e9tape par \u00e9tape \u00e0 Megapari - comment acc\u00e9der \u00e0 votre compte - Connectez-vous \u00e0 Megapari et recevez un pack de bienvenue pouvant atteindre 1.000.000 XOF et 150 tours gratuits.\" \/>\n<meta property=\"og:url\" content=\"https:\/\/megapari.promo\/sn\/login\/\" \/>\n<meta property=\"og:site_name\" content=\"Megapari Win SN\" \/>\n<meta property=\"article:modified_time\" content=\"2025-11-02T15:51:19+00:00\" \/>\n<meta name=\"twitter:card\" content=\"summary_large_image\" \/>\n<script type=\"application\/ld+json\" class=\"yoast-schema-graph\">{\"@context\":\"https:\/\/schema.org\",\"@graph\":[{\"@type\":\"WebPage\",\"@id\":\"https:\/\/megapari.promo\/sn\/login\/\",\"url\":\"https:\/\/megapari.promo\/sn\/login\/\",\"name\":\"Connexion Megapari: acc\u00e8s aux paris et au casino\",\"isPartOf\":{\"@id\":\"https:\/\/megapari.promo\/sn\/#website\"},\"datePublished\":\"2025-04-10T05:04:24+00:00\",\"dateModified\":\"2025-11-02T15:51:19+00:00\",\"description\":\"Processus de connexion \u00e9tape par \u00e9tape \u00e0 Megapari - comment acc\u00e9der \u00e0 votre compte - Connectez-vous \u00e0 Megapari et recevez un pack de bienvenue pouvant atteindre 1.000.000 XOF et 150 tours gratuits.\",\"breadcrumb\":{\"@id\":\"https:\/\/megapari.promo\/sn\/login\/#breadcrumb\"},\"inLanguage\":\"fr-SN\",\"potentialAction\":[{\"@type\":\"ReadAction\",\"target\":[\"https:\/\/megapari.promo\/sn\/login\/\"]}]},{\"@type\":\"BreadcrumbList\",\"@id\":\"https:\/\/megapari.promo\/sn\/login\/#breadcrumb\",\"itemListElement\":[{\"@type\":\"ListItem\",\"position\":1,\"name\":\"\u0413\u043b\u0430\u0432\u043d\u0430\u044f \u0441\u0442\u0440\u0430\u043d\u0438\u0446\u0430\",\"item\":\"https:\/\/megapari.promo\/sn\/\"},{\"@type\":\"ListItem\",\"position\":2,\"name\":\"Connexion\"}]},{\"@type\":\"WebSite\",\"@id\":\"https:\/\/megapari.promo\/sn\/#website\",\"url\":\"https:\/\/megapari.promo\/sn\/\",\"name\":\"Megapari Win SN\",\"description\":\"My WordPress Blog\",\"potentialAction\":[{\"@type\":\"SearchAction\",\"target\":{\"@type\":\"EntryPoint\",\"urlTemplate\":\"https:\/\/megapari.promo\/sn\/?s={search_term_string}\"},\"query-input\":\"required name=search_term_string\"}],\"inLanguage\":\"fr-SN\"}]}<\/script>\n<!-- \/ Yoast SEO plugin. -->","yoast_head_json":{"title":"Connexion Megapari: acc\u00e8s aux paris et au casino","description":"Processus de connexion \u00e9tape par \u00e9tape \u00e0 Megapari - comment acc\u00e9der \u00e0 votre compte - Connectez-vous \u00e0 Megapari et recevez un pack de bienvenue pouvant atteindre 1.000.000 XOF et 150 tours gratuits.","robots":{"index":"index","follow":"follow","max-snippet":"max-snippet:-1","max-image-preview":"max-image-preview:large","max-video-preview":"max-video-preview:-1"},"og_locale":"fr_FR","og_type":"article","og_title":"Connexion Megapari: acc\u00e8s aux paris et au casino","og_description":"Processus de connexion \u00e9tape par \u00e9tape \u00e0 Megapari - comment acc\u00e9der \u00e0 votre compte - Connectez-vous \u00e0 Megapari et recevez un pack de bienvenue pouvant atteindre 1.000.000 XOF et 150 tours gratuits.","og_url":"https:\/\/megapari.promo\/sn\/login\/","og_site_name":"Megapari Win SN","article_modified_time":"2025-11-02T15:51:19+00:00","twitter_card":"summary_large_image","schema":{"@context":"https:\/\/schema.org","@graph":[{"@type":"WebPage","@id":"https:\/\/megapari.promo\/sn\/login\/","url":"https:\/\/megapari.promo\/sn\/login\/","name":"Connexion Megapari: acc\u00e8s aux paris et au casino","isPartOf":{"@id":"https:\/\/megapari.promo\/sn\/#website"},"datePublished":"2025-04-10T05:04:24+00:00","dateModified":"2025-11-02T15:51:19+00:00","description":"Processus de connexion \u00e9tape par \u00e9tape \u00e0 Megapari - comment acc\u00e9der \u00e0 votre compte - Connectez-vous \u00e0 Megapari et recevez un pack de bienvenue pouvant atteindre 1.000.000 XOF et 150 tours gratuits.","breadcrumb":{"@id":"https:\/\/megapari.promo\/sn\/login\/#breadcrumb"},"inLanguage":"fr-SN","potentialAction":[{"@type":"ReadAction","target":["https:\/\/megapari.promo\/sn\/login\/"]}]},{"@type":"BreadcrumbList","@id":"https:\/\/megapari.promo\/sn\/login\/#breadcrumb","itemListElement":[{"@type":"ListItem","position":1,"name":"\u0413\u043b\u0430\u0432\u043d\u0430\u044f \u0441\u0442\u0440\u0430\u043d\u0438\u0446\u0430","item":"https:\/\/megapari.promo\/sn\/"},{"@type":"ListItem","position":2,"name":"Connexion"}]},{"@type":"WebSite","@id":"https:\/\/megapari.promo\/sn\/#website","url":"https:\/\/megapari.promo\/sn\/","name":"Megapari Win SN","description":"My WordPress Blog","potentialAction":[{"@type":"SearchAction","target":{"@type":"EntryPoint","urlTemplate":"https:\/\/megapari.promo\/sn\/?s={search_term_string}"},"query-input":"required name=search_term_string"}],"inLanguage":"fr-SN"}]}},"_links":{"self":[{"href":"https:\/\/megapari.promo\/sn\/wp-json\/wp\/v2\/pages\/389"}],"collection":[{"href":"https:\/\/megapari.promo\/sn\/wp-json\/wp\/v2\/pages"}],"about":[{"href":"https:\/\/megapari.promo\/sn\/wp-json\/wp\/v2\/types\/page"}],"author":[{"embeddable":true,"href":"https:\/\/megapari.promo\/sn\/wp-json\/wp\/v2\/users\/1"}],"replies":[{"embeddable":true,"href":"https:\/\/megapari.promo\/sn\/wp-json\/wp\/v2\/comments?post=389"}],"version-history":[{"count":9,"href":"https:\/\/megapari.promo\/sn\/wp-json\/wp\/v2\/pages\/389\/revisions"}],"predecessor-version":[{"id":633,"href":"https:\/\/megapari.promo\/sn\/wp-json\/wp\/v2\/pages\/389\/revisions\/633"}],"wp:attachment":[{"href":"https:\/\/megapari.promo\/sn\/wp-json\/wp\/v2\/media?parent=389"}],"curies":[{"name":"wp","href":"https:\/\/api.w.org\/{rel}","templated":true}]}}