{"id":296,"date":"2025-04-04T17:01:19","date_gmt":"2025-04-04T17:01:19","guid":{"rendered":"https:\/\/megapari.promo\/sv\/?page_id=296"},"modified":"2025-08-26T17:57:07","modified_gmt":"2025-08-26T17:57:07","slug":"app","status":"publish","type":"page","link":"https:\/\/megapari.promo\/sv\/app\/","title":{"rendered":"App"},"content":{"rendered":"","protected":false},"excerpt":{"rendered":"","protected":false},"author":1,"featured_media":0,"parent":0,"menu_order":0,"comment_status":"closed","ping_status":"closed","template":"","meta":{"inline_featured_image":false,"footnotes":""},"yoast_head":"<!-- This site is optimized with the Yoast SEO plugin v20.13 - https:\/\/yoast.com\/wordpress\/plugins\/seo\/ -->\n<title>Megapari-appen: \u2705Ladda ner gratis f\u00f6r Android och iOS<\/title>\n<meta name=\"description\" content=\"Megapari-mobilappen ger dig m\u00f6jlighet att komma \u00e5t din favoritunderh\u00e5llning n\u00e4r som helst och var som helst. Njut av f\u00f6rdelarna med Megapari p\u00e5 mobilen.The Megapari mobile app is an opportunity to access your favourite entertainment anytime, anywhere. Enjoy the mobile benefits of Megapar\" \/>\n<meta name=\"robots\" content=\"index, follow, max-snippet:-1, max-image-preview:large, max-video-preview:-1\" \/>\n<meta property=\"og:locale\" content=\"sv_SE\" \/>\n<meta property=\"og:type\" content=\"article\" \/>\n<meta property=\"og:title\" content=\"Megapari-appen: \u2705Ladda ner gratis f\u00f6r Android och iOS\" \/>\n<meta property=\"og:description\" content=\"Megapari-mobilappen ger dig m\u00f6jlighet att komma \u00e5t din favoritunderh\u00e5llning n\u00e4r som helst och var som helst. Njut av f\u00f6rdelarna med Megapari p\u00e5 mobilen.The Megapari mobile app is an opportunity to access your favourite entertainment anytime, anywhere. Enjoy the mobile benefits of Megapar\" \/>\n<meta property=\"og:url\" content=\"https:\/\/megapari.promo\/sv\/app\/\" \/>\n<meta property=\"og:site_name\" content=\"Megapari Win sv\" \/>\n<meta property=\"article:modified_time\" content=\"2025-08-26T17:57:07+00:00\" \/>\n<meta name=\"twitter:card\" content=\"summary_large_image\" \/>\n<script type=\"application\/ld+json\" class=\"yoast-schema-graph\">{\"@context\":\"https:\/\/schema.org\",\"@graph\":[{\"@type\":\"WebPage\",\"@id\":\"https:\/\/megapari.promo\/sv\/app\/\",\"url\":\"https:\/\/megapari.promo\/sv\/app\/\",\"name\":\"Megapari-appen: \u2705Ladda ner gratis f\u00f6r Android och iOS\",\"isPartOf\":{\"@id\":\"https:\/\/megapari.promo\/sv\/#website\"},\"datePublished\":\"2025-04-04T17:01:19+00:00\",\"dateModified\":\"2025-08-26T17:57:07+00:00\",\"description\":\"Megapari-mobilappen ger dig m\u00f6jlighet att komma \u00e5t din favoritunderh\u00e5llning n\u00e4r som helst och var som helst. Njut av f\u00f6rdelarna med Megapari p\u00e5 mobilen.The Megapari mobile app is an opportunity to access your favourite entertainment anytime, anywhere. Enjoy the mobile benefits of Megapar\",\"breadcrumb\":{\"@id\":\"https:\/\/megapari.promo\/sv\/app\/#breadcrumb\"},\"inLanguage\":\"sv-SE\",\"potentialAction\":[{\"@type\":\"ReadAction\",\"target\":[\"https:\/\/megapari.promo\/sv\/app\/\"]}]},{\"@type\":\"BreadcrumbList\",\"@id\":\"https:\/\/megapari.promo\/sv\/app\/#breadcrumb\",\"itemListElement\":[{\"@type\":\"ListItem\",\"position\":1,\"name\":\"\u0413\u043b\u0430\u0432\u043d\u0430\u044f \u0441\u0442\u0440\u0430\u043d\u0438\u0446\u0430\",\"item\":\"https:\/\/megapari.promo\/sv\/\"},{\"@type\":\"ListItem\",\"position\":2,\"name\":\"App\"}]},{\"@type\":\"WebSite\",\"@id\":\"https:\/\/megapari.promo\/sv\/#website\",\"url\":\"https:\/\/megapari.promo\/sv\/\",\"name\":\"Megapari Win sv\",\"description\":\"My WordPress Blog\",\"potentialAction\":[{\"@type\":\"SearchAction\",\"target\":{\"@type\":\"EntryPoint\",\"urlTemplate\":\"https:\/\/megapari.promo\/sv\/?s={search_term_string}\"},\"query-input\":\"required name=search_term_string\"}],\"inLanguage\":\"sv-SE\"}]}<\/script>\n<!-- \/ Yoast SEO plugin. -->","yoast_head_json":{"title":"Megapari-appen: \u2705Ladda ner gratis f\u00f6r Android och iOS","description":"Megapari-mobilappen ger dig m\u00f6jlighet att komma \u00e5t din favoritunderh\u00e5llning n\u00e4r som helst och var som helst. Njut av f\u00f6rdelarna med Megapari p\u00e5 mobilen.The Megapari mobile app is an opportunity to access your favourite entertainment anytime, anywhere. Enjoy the mobile benefits of Megapar","robots":{"index":"index","follow":"follow","max-snippet":"max-snippet:-1","max-image-preview":"max-image-preview:large","max-video-preview":"max-video-preview:-1"},"og_locale":"sv_SE","og_type":"article","og_title":"Megapari-appen: \u2705Ladda ner gratis f\u00f6r Android och iOS","og_description":"Megapari-mobilappen ger dig m\u00f6jlighet att komma \u00e5t din favoritunderh\u00e5llning n\u00e4r som helst och var som helst. Njut av f\u00f6rdelarna med Megapari p\u00e5 mobilen.The Megapari mobile app is an opportunity to access your favourite entertainment anytime, anywhere. Enjoy the mobile benefits of Megapar","og_url":"https:\/\/megapari.promo\/sv\/app\/","og_site_name":"Megapari Win sv","article_modified_time":"2025-08-26T17:57:07+00:00","twitter_card":"summary_large_image","schema":{"@context":"https:\/\/schema.org","@graph":[{"@type":"WebPage","@id":"https:\/\/megapari.promo\/sv\/app\/","url":"https:\/\/megapari.promo\/sv\/app\/","name":"Megapari-appen: \u2705Ladda ner gratis f\u00f6r Android och iOS","isPartOf":{"@id":"https:\/\/megapari.promo\/sv\/#website"},"datePublished":"2025-04-04T17:01:19+00:00","dateModified":"2025-08-26T17:57:07+00:00","description":"Megapari-mobilappen ger dig m\u00f6jlighet att komma \u00e5t din favoritunderh\u00e5llning n\u00e4r som helst och var som helst. Njut av f\u00f6rdelarna med Megapari p\u00e5 mobilen.The Megapari mobile app is an opportunity to access your favourite entertainment anytime, anywhere. Enjoy the mobile benefits of Megapar","breadcrumb":{"@id":"https:\/\/megapari.promo\/sv\/app\/#breadcrumb"},"inLanguage":"sv-SE","potentialAction":[{"@type":"ReadAction","target":["https:\/\/megapari.promo\/sv\/app\/"]}]},{"@type":"BreadcrumbList","@id":"https:\/\/megapari.promo\/sv\/app\/#breadcrumb","itemListElement":[{"@type":"ListItem","position":1,"name":"\u0413\u043b\u0430\u0432\u043d\u0430\u044f \u0441\u0442\u0440\u0430\u043d\u0438\u0446\u0430","item":"https:\/\/megapari.promo\/sv\/"},{"@type":"ListItem","position":2,"name":"App"}]},{"@type":"WebSite","@id":"https:\/\/megapari.promo\/sv\/#website","url":"https:\/\/megapari.promo\/sv\/","name":"Megapari Win sv","description":"My WordPress Blog","potentialAction":[{"@type":"SearchAction","target":{"@type":"EntryPoint","urlTemplate":"https:\/\/megapari.promo\/sv\/?s={search_term_string}"},"query-input":"required name=search_term_string"}],"inLanguage":"sv-SE"}]}},"_links":{"self":[{"href":"https:\/\/megapari.promo\/sv\/wp-json\/wp\/v2\/pages\/296"}],"collection":[{"href":"https:\/\/megapari.promo\/sv\/wp-json\/wp\/v2\/pages"}],"about":[{"href":"https:\/\/megapari.promo\/sv\/wp-json\/wp\/v2\/types\/page"}],"author":[{"embeddable":true,"href":"https:\/\/megapari.promo\/sv\/wp-json\/wp\/v2\/users\/1"}],"replies":[{"embeddable":true,"href":"https:\/\/megapari.promo\/sv\/wp-json\/wp\/v2\/comments?post=296"}],"version-history":[{"count":9,"href":"https:\/\/megapari.promo\/sv\/wp-json\/wp\/v2\/pages\/296\/revisions"}],"predecessor-version":[{"id":596,"href":"https:\/\/megapari.promo\/sv\/wp-json\/wp\/v2\/pages\/296\/revisions\/596"}],"wp:attachment":[{"href":"https:\/\/megapari.promo\/sv\/wp-json\/wp\/v2\/media?parent=296"}],"curies":[{"name":"wp","href":"https:\/\/api.w.org\/{rel}","templated":true}]}}