{"id":330,"date":"2025-04-07T05:52:51","date_gmt":"2025-04-07T05:52:51","guid":{"rendered":"https:\/\/megapari.promo\/sv\/?page_id=330"},"modified":"2025-08-26T07:44:13","modified_gmt":"2025-08-26T07:44:13","slug":"casino","status":"publish","type":"page","link":"https:\/\/megapari.promo\/sv\/casino\/","title":{"rendered":"Kasinot"},"content":{"rendered":"","protected":false},"excerpt":{"rendered":"","protected":false},"author":1,"featured_media":0,"parent":0,"menu_order":0,"comment_status":"closed","ping_status":"closed","template":"","meta":{"inline_featured_image":false,"footnotes":""},"yoast_head":"<!-- This site is optimized with the Yoast SEO plugin v20.13 - https:\/\/yoast.com\/wordpress\/plugins\/seo\/ -->\n<title>Megapari Casino: \u2611\ufe0f\u00d6versikt, f\u00f6rdelar och b\u00e4sta spel<\/title>\n<meta name=\"description\" content=\"\u00d6ppna d\u00f6rrarna till spelv\u00e4rlden med Megapari Casino! Galna bonusar, p\u00e5litliga utbetalningar och sp\u00e4nnande spel v\u00e4ntar p\u00e5 dig. Registrera dig och b\u00f6rja vinna redan idag!\" \/>\n<meta name=\"robots\" content=\"index, follow, max-snippet:-1, max-image-preview:large, max-video-preview:-1\" \/>\n<meta property=\"og:locale\" content=\"sv_SE\" \/>\n<meta property=\"og:type\" content=\"article\" \/>\n<meta property=\"og:title\" content=\"Megapari Casino: \u2611\ufe0f\u00d6versikt, f\u00f6rdelar och b\u00e4sta spel\" \/>\n<meta property=\"og:description\" content=\"\u00d6ppna d\u00f6rrarna till spelv\u00e4rlden med Megapari Casino! Galna bonusar, p\u00e5litliga utbetalningar och sp\u00e4nnande spel v\u00e4ntar p\u00e5 dig. Registrera dig och b\u00f6rja vinna redan idag!\" \/>\n<meta property=\"og:url\" content=\"https:\/\/megapari.promo\/sv\/casino\/\" \/>\n<meta property=\"og:site_name\" content=\"Megapari Win sv\" \/>\n<meta property=\"article:modified_time\" content=\"2025-08-26T07:44:13+00:00\" \/>\n<meta name=\"twitter:card\" content=\"summary_large_image\" \/>\n<script type=\"application\/ld+json\" class=\"yoast-schema-graph\">{\"@context\":\"https:\/\/schema.org\",\"@graph\":[{\"@type\":\"WebPage\",\"@id\":\"https:\/\/megapari.promo\/sv\/casino\/\",\"url\":\"https:\/\/megapari.promo\/sv\/casino\/\",\"name\":\"Megapari Casino: \u2611\ufe0f\u00d6versikt, f\u00f6rdelar och b\u00e4sta spel\",\"isPartOf\":{\"@id\":\"https:\/\/megapari.promo\/sv\/#website\"},\"datePublished\":\"2025-04-07T05:52:51+00:00\",\"dateModified\":\"2025-08-26T07:44:13+00:00\",\"description\":\"\u00d6ppna d\u00f6rrarna till spelv\u00e4rlden med Megapari Casino! Galna bonusar, p\u00e5litliga utbetalningar och sp\u00e4nnande spel v\u00e4ntar p\u00e5 dig. Registrera dig och b\u00f6rja vinna redan idag!\",\"breadcrumb\":{\"@id\":\"https:\/\/megapari.promo\/sv\/casino\/#breadcrumb\"},\"inLanguage\":\"sv-SE\",\"potentialAction\":[{\"@type\":\"ReadAction\",\"target\":[\"https:\/\/megapari.promo\/sv\/casino\/\"]}]},{\"@type\":\"BreadcrumbList\",\"@id\":\"https:\/\/megapari.promo\/sv\/casino\/#breadcrumb\",\"itemListElement\":[{\"@type\":\"ListItem\",\"position\":1,\"name\":\"\u0413\u043b\u0430\u0432\u043d\u0430\u044f \u0441\u0442\u0440\u0430\u043d\u0438\u0446\u0430\",\"item\":\"https:\/\/megapari.promo\/sv\/\"},{\"@type\":\"ListItem\",\"position\":2,\"name\":\"Kasinot\"}]},{\"@type\":\"WebSite\",\"@id\":\"https:\/\/megapari.promo\/sv\/#website\",\"url\":\"https:\/\/megapari.promo\/sv\/\",\"name\":\"Megapari Win sv\",\"description\":\"My WordPress Blog\",\"potentialAction\":[{\"@type\":\"SearchAction\",\"target\":{\"@type\":\"EntryPoint\",\"urlTemplate\":\"https:\/\/megapari.promo\/sv\/?s={search_term_string}\"},\"query-input\":\"required name=search_term_string\"}],\"inLanguage\":\"sv-SE\"}]}<\/script>\n<!-- \/ Yoast SEO plugin. -->","yoast_head_json":{"title":"Megapari Casino: \u2611\ufe0f\u00d6versikt, f\u00f6rdelar och b\u00e4sta spel","description":"\u00d6ppna d\u00f6rrarna till spelv\u00e4rlden med Megapari Casino! Galna bonusar, p\u00e5litliga utbetalningar och sp\u00e4nnande spel v\u00e4ntar p\u00e5 dig. Registrera dig och b\u00f6rja vinna redan idag!","robots":{"index":"index","follow":"follow","max-snippet":"max-snippet:-1","max-image-preview":"max-image-preview:large","max-video-preview":"max-video-preview:-1"},"og_locale":"sv_SE","og_type":"article","og_title":"Megapari Casino: \u2611\ufe0f\u00d6versikt, f\u00f6rdelar och b\u00e4sta spel","og_description":"\u00d6ppna d\u00f6rrarna till spelv\u00e4rlden med Megapari Casino! Galna bonusar, p\u00e5litliga utbetalningar och sp\u00e4nnande spel v\u00e4ntar p\u00e5 dig. Registrera dig och b\u00f6rja vinna redan idag!","og_url":"https:\/\/megapari.promo\/sv\/casino\/","og_site_name":"Megapari Win sv","article_modified_time":"2025-08-26T07:44:13+00:00","twitter_card":"summary_large_image","schema":{"@context":"https:\/\/schema.org","@graph":[{"@type":"WebPage","@id":"https:\/\/megapari.promo\/sv\/casino\/","url":"https:\/\/megapari.promo\/sv\/casino\/","name":"Megapari Casino: \u2611\ufe0f\u00d6versikt, f\u00f6rdelar och b\u00e4sta spel","isPartOf":{"@id":"https:\/\/megapari.promo\/sv\/#website"},"datePublished":"2025-04-07T05:52:51+00:00","dateModified":"2025-08-26T07:44:13+00:00","description":"\u00d6ppna d\u00f6rrarna till spelv\u00e4rlden med Megapari Casino! Galna bonusar, p\u00e5litliga utbetalningar och sp\u00e4nnande spel v\u00e4ntar p\u00e5 dig. Registrera dig och b\u00f6rja vinna redan idag!","breadcrumb":{"@id":"https:\/\/megapari.promo\/sv\/casino\/#breadcrumb"},"inLanguage":"sv-SE","potentialAction":[{"@type":"ReadAction","target":["https:\/\/megapari.promo\/sv\/casino\/"]}]},{"@type":"BreadcrumbList","@id":"https:\/\/megapari.promo\/sv\/casino\/#breadcrumb","itemListElement":[{"@type":"ListItem","position":1,"name":"\u0413\u043b\u0430\u0432\u043d\u0430\u044f \u0441\u0442\u0440\u0430\u043d\u0438\u0446\u0430","item":"https:\/\/megapari.promo\/sv\/"},{"@type":"ListItem","position":2,"name":"Kasinot"}]},{"@type":"WebSite","@id":"https:\/\/megapari.promo\/sv\/#website","url":"https:\/\/megapari.promo\/sv\/","name":"Megapari Win sv","description":"My WordPress Blog","potentialAction":[{"@type":"SearchAction","target":{"@type":"EntryPoint","urlTemplate":"https:\/\/megapari.promo\/sv\/?s={search_term_string}"},"query-input":"required name=search_term_string"}],"inLanguage":"sv-SE"}]}},"_links":{"self":[{"href":"https:\/\/megapari.promo\/sv\/wp-json\/wp\/v2\/pages\/330"}],"collection":[{"href":"https:\/\/megapari.promo\/sv\/wp-json\/wp\/v2\/pages"}],"about":[{"href":"https:\/\/megapari.promo\/sv\/wp-json\/wp\/v2\/types\/page"}],"author":[{"embeddable":true,"href":"https:\/\/megapari.promo\/sv\/wp-json\/wp\/v2\/users\/1"}],"replies":[{"embeddable":true,"href":"https:\/\/megapari.promo\/sv\/wp-json\/wp\/v2\/comments?post=330"}],"version-history":[{"count":16,"href":"https:\/\/megapari.promo\/sv\/wp-json\/wp\/v2\/pages\/330\/revisions"}],"predecessor-version":[{"id":617,"href":"https:\/\/megapari.promo\/sv\/wp-json\/wp\/v2\/pages\/330\/revisions\/617"}],"wp:attachment":[{"href":"https:\/\/megapari.promo\/sv\/wp-json\/wp\/v2\/media?parent=330"}],"curies":[{"name":"wp","href":"https:\/\/api.w.org\/{rel}","templated":true}]}}