{"id":358,"date":"2025-04-08T06:29:40","date_gmt":"2025-04-08T06:29:40","guid":{"rendered":"https:\/\/megapari.promo\/sv\/?page_id=358"},"modified":"2025-08-26T07:47:45","modified_gmt":"2025-08-26T07:47:45","slug":"promo-code","status":"publish","type":"page","link":"https:\/\/megapari.promo\/sv\/promo-code\/","title":{"rendered":"Kampanjkod"},"content":{"rendered":"","protected":false},"excerpt":{"rendered":"","protected":false},"author":1,"featured_media":0,"parent":0,"menu_order":0,"comment_status":"closed","ping_status":"closed","template":"","meta":{"inline_featured_image":false,"footnotes":""},"yoast_head":"<!-- This site is optimized with the Yoast SEO plugin v20.13 - https:\/\/yoast.com\/wordpress\/plugins\/seo\/ -->\n<title>Megapari kampanjkod \u25b6\ufe0fAktuella bonuskoder 2026<\/title>\n<meta name=\"description\" content=\"Hitta de b\u00e4sta Megapari-bonuskoderna och f\u00e5 exklusiva bonusar utan ins\u00e4ttning och gratissnurr. Anv\u00e4nd en kampanjkod n\u00e4r du registrerar dig. Bonuskoder kan ge dig gratissnurr p\u00e5 dina favoritslots och gratisspel p\u00e5 popul\u00e4ra sporter hos Megapari.\" \/>\n<meta name=\"robots\" content=\"index, follow, max-snippet:-1, max-image-preview:large, max-video-preview:-1\" \/>\n<meta property=\"og:locale\" content=\"sv_SE\" \/>\n<meta property=\"og:type\" content=\"article\" \/>\n<meta property=\"og:title\" content=\"Megapari kampanjkod \u25b6\ufe0fAktuella bonuskoder 2026\" \/>\n<meta property=\"og:description\" content=\"Hitta de b\u00e4sta Megapari-bonuskoderna och f\u00e5 exklusiva bonusar utan ins\u00e4ttning och gratissnurr. Anv\u00e4nd en kampanjkod n\u00e4r du registrerar dig. Bonuskoder kan ge dig gratissnurr p\u00e5 dina favoritslots och gratisspel p\u00e5 popul\u00e4ra sporter hos Megapari.\" \/>\n<meta property=\"og:url\" content=\"https:\/\/megapari.promo\/sv\/promo-code\/\" \/>\n<meta property=\"og:site_name\" content=\"Megapari Win sv\" \/>\n<meta property=\"article:modified_time\" content=\"2025-08-26T07:47:45+00:00\" \/>\n<meta name=\"twitter:card\" content=\"summary_large_image\" \/>\n<script type=\"application\/ld+json\" class=\"yoast-schema-graph\">{\"@context\":\"https:\/\/schema.org\",\"@graph\":[{\"@type\":\"WebPage\",\"@id\":\"https:\/\/megapari.promo\/sv\/promo-code\/\",\"url\":\"https:\/\/megapari.promo\/sv\/promo-code\/\",\"name\":\"Megapari kampanjkod \u25b6\ufe0fAktuella bonuskoder 2026\",\"isPartOf\":{\"@id\":\"https:\/\/megapari.promo\/sv\/#website\"},\"datePublished\":\"2025-04-08T06:29:40+00:00\",\"dateModified\":\"2025-08-26T07:47:45+00:00\",\"description\":\"Hitta de b\u00e4sta Megapari-bonuskoderna och f\u00e5 exklusiva bonusar utan ins\u00e4ttning och gratissnurr. Anv\u00e4nd en kampanjkod n\u00e4r du registrerar dig. Bonuskoder kan ge dig gratissnurr p\u00e5 dina favoritslots och gratisspel p\u00e5 popul\u00e4ra sporter hos Megapari.\",\"breadcrumb\":{\"@id\":\"https:\/\/megapari.promo\/sv\/promo-code\/#breadcrumb\"},\"inLanguage\":\"sv-SE\",\"potentialAction\":[{\"@type\":\"ReadAction\",\"target\":[\"https:\/\/megapari.promo\/sv\/promo-code\/\"]}]},{\"@type\":\"BreadcrumbList\",\"@id\":\"https:\/\/megapari.promo\/sv\/promo-code\/#breadcrumb\",\"itemListElement\":[{\"@type\":\"ListItem\",\"position\":1,\"name\":\"\u0413\u043b\u0430\u0432\u043d\u0430\u044f \u0441\u0442\u0440\u0430\u043d\u0438\u0446\u0430\",\"item\":\"https:\/\/megapari.promo\/sv\/\"},{\"@type\":\"ListItem\",\"position\":2,\"name\":\"Kampanjkod\"}]},{\"@type\":\"WebSite\",\"@id\":\"https:\/\/megapari.promo\/sv\/#website\",\"url\":\"https:\/\/megapari.promo\/sv\/\",\"name\":\"Megapari Win sv\",\"description\":\"My WordPress Blog\",\"potentialAction\":[{\"@type\":\"SearchAction\",\"target\":{\"@type\":\"EntryPoint\",\"urlTemplate\":\"https:\/\/megapari.promo\/sv\/?s={search_term_string}\"},\"query-input\":\"required name=search_term_string\"}],\"inLanguage\":\"sv-SE\"}]}<\/script>\n<!-- \/ Yoast SEO plugin. -->","yoast_head_json":{"title":"Megapari kampanjkod \u25b6\ufe0fAktuella bonuskoder 2026","description":"Hitta de b\u00e4sta Megapari-bonuskoderna och f\u00e5 exklusiva bonusar utan ins\u00e4ttning och gratissnurr. Anv\u00e4nd en kampanjkod n\u00e4r du registrerar dig. Bonuskoder kan ge dig gratissnurr p\u00e5 dina favoritslots och gratisspel p\u00e5 popul\u00e4ra sporter hos Megapari.","robots":{"index":"index","follow":"follow","max-snippet":"max-snippet:-1","max-image-preview":"max-image-preview:large","max-video-preview":"max-video-preview:-1"},"og_locale":"sv_SE","og_type":"article","og_title":"Megapari kampanjkod \u25b6\ufe0fAktuella bonuskoder 2026","og_description":"Hitta de b\u00e4sta Megapari-bonuskoderna och f\u00e5 exklusiva bonusar utan ins\u00e4ttning och gratissnurr. Anv\u00e4nd en kampanjkod n\u00e4r du registrerar dig. Bonuskoder kan ge dig gratissnurr p\u00e5 dina favoritslots och gratisspel p\u00e5 popul\u00e4ra sporter hos Megapari.","og_url":"https:\/\/megapari.promo\/sv\/promo-code\/","og_site_name":"Megapari Win sv","article_modified_time":"2025-08-26T07:47:45+00:00","twitter_card":"summary_large_image","schema":{"@context":"https:\/\/schema.org","@graph":[{"@type":"WebPage","@id":"https:\/\/megapari.promo\/sv\/promo-code\/","url":"https:\/\/megapari.promo\/sv\/promo-code\/","name":"Megapari kampanjkod \u25b6\ufe0fAktuella bonuskoder 2026","isPartOf":{"@id":"https:\/\/megapari.promo\/sv\/#website"},"datePublished":"2025-04-08T06:29:40+00:00","dateModified":"2025-08-26T07:47:45+00:00","description":"Hitta de b\u00e4sta Megapari-bonuskoderna och f\u00e5 exklusiva bonusar utan ins\u00e4ttning och gratissnurr. Anv\u00e4nd en kampanjkod n\u00e4r du registrerar dig. Bonuskoder kan ge dig gratissnurr p\u00e5 dina favoritslots och gratisspel p\u00e5 popul\u00e4ra sporter hos Megapari.","breadcrumb":{"@id":"https:\/\/megapari.promo\/sv\/promo-code\/#breadcrumb"},"inLanguage":"sv-SE","potentialAction":[{"@type":"ReadAction","target":["https:\/\/megapari.promo\/sv\/promo-code\/"]}]},{"@type":"BreadcrumbList","@id":"https:\/\/megapari.promo\/sv\/promo-code\/#breadcrumb","itemListElement":[{"@type":"ListItem","position":1,"name":"\u0413\u043b\u0430\u0432\u043d\u0430\u044f \u0441\u0442\u0440\u0430\u043d\u0438\u0446\u0430","item":"https:\/\/megapari.promo\/sv\/"},{"@type":"ListItem","position":2,"name":"Kampanjkod"}]},{"@type":"WebSite","@id":"https:\/\/megapari.promo\/sv\/#website","url":"https:\/\/megapari.promo\/sv\/","name":"Megapari Win sv","description":"My WordPress Blog","potentialAction":[{"@type":"SearchAction","target":{"@type":"EntryPoint","urlTemplate":"https:\/\/megapari.promo\/sv\/?s={search_term_string}"},"query-input":"required name=search_term_string"}],"inLanguage":"sv-SE"}]}},"_links":{"self":[{"href":"https:\/\/megapari.promo\/sv\/wp-json\/wp\/v2\/pages\/358"}],"collection":[{"href":"https:\/\/megapari.promo\/sv\/wp-json\/wp\/v2\/pages"}],"about":[{"href":"https:\/\/megapari.promo\/sv\/wp-json\/wp\/v2\/types\/page"}],"author":[{"embeddable":true,"href":"https:\/\/megapari.promo\/sv\/wp-json\/wp\/v2\/users\/1"}],"replies":[{"embeddable":true,"href":"https:\/\/megapari.promo\/sv\/wp-json\/wp\/v2\/comments?post=358"}],"version-history":[{"count":24,"href":"https:\/\/megapari.promo\/sv\/wp-json\/wp\/v2\/pages\/358\/revisions"}],"predecessor-version":[{"id":618,"href":"https:\/\/megapari.promo\/sv\/wp-json\/wp\/v2\/pages\/358\/revisions\/618"}],"wp:attachment":[{"href":"https:\/\/megapari.promo\/sv\/wp-json\/wp\/v2\/media?parent=358"}],"curies":[{"name":"wp","href":"https:\/\/api.w.org\/{rel}","templated":true}]}}