{"id":389,"date":"2025-04-10T05:04:24","date_gmt":"2025-04-10T05:04:24","guid":{"rendered":"https:\/\/megapari.promo\/sv\/?page_id=389"},"modified":"2025-08-26T18:03:51","modified_gmt":"2025-08-26T18:03:51","slug":"login","status":"publish","type":"page","link":"https:\/\/megapari.promo\/sv\/login\/","title":{"rendered":"Logga in"},"content":{"rendered":"","protected":false},"excerpt":{"rendered":"","protected":false},"author":1,"featured_media":0,"parent":0,"menu_order":0,"comment_status":"closed","ping_status":"closed","template":"","meta":{"inline_featured_image":false,"footnotes":""},"yoast_head":"<!-- This site is optimized with the Yoast SEO plugin v20.13 - https:\/\/yoast.com\/wordpress\/plugins\/seo\/ -->\n<title>Megapari-inloggning: Tillg\u00e5ng till vadslagning och kasino<\/title>\n<meta name=\"description\" content=\"Megapari steg-f\u00f6r-steg-inloggningsprocess \u2013 hur du kommer \u00e5t ditt konto \u2013 Logga in p\u00e5 Megapari och f\u00e5 ett v\u00e4lkomstpaket p\u00e5 upp till 18.000 SEK CHF och 150 gratissnurr\" \/>\n<meta name=\"robots\" content=\"index, follow, max-snippet:-1, max-image-preview:large, max-video-preview:-1\" \/>\n<meta property=\"og:locale\" content=\"sv_SE\" \/>\n<meta property=\"og:type\" content=\"article\" \/>\n<meta property=\"og:title\" content=\"Megapari-inloggning: Tillg\u00e5ng till vadslagning och kasino\" \/>\n<meta property=\"og:description\" content=\"Megapari steg-f\u00f6r-steg-inloggningsprocess \u2013 hur du kommer \u00e5t ditt konto \u2013 Logga in p\u00e5 Megapari och f\u00e5 ett v\u00e4lkomstpaket p\u00e5 upp till 18.000 SEK CHF och 150 gratissnurr\" \/>\n<meta property=\"og:url\" content=\"https:\/\/megapari.promo\/sv\/login\/\" \/>\n<meta property=\"og:site_name\" content=\"Megapari Win sv\" \/>\n<meta property=\"article:modified_time\" content=\"2025-08-26T18:03:51+00:00\" \/>\n<meta name=\"twitter:card\" content=\"summary_large_image\" \/>\n<script type=\"application\/ld+json\" class=\"yoast-schema-graph\">{\"@context\":\"https:\/\/schema.org\",\"@graph\":[{\"@type\":\"WebPage\",\"@id\":\"https:\/\/megapari.promo\/sv\/login\/\",\"url\":\"https:\/\/megapari.promo\/sv\/login\/\",\"name\":\"Megapari-inloggning: Tillg\u00e5ng till vadslagning och kasino\",\"isPartOf\":{\"@id\":\"https:\/\/megapari.promo\/sv\/#website\"},\"datePublished\":\"2025-04-10T05:04:24+00:00\",\"dateModified\":\"2025-08-26T18:03:51+00:00\",\"description\":\"Megapari steg-f\u00f6r-steg-inloggningsprocess \u2013 hur du kommer \u00e5t ditt konto \u2013 Logga in p\u00e5 Megapari och f\u00e5 ett v\u00e4lkomstpaket p\u00e5 upp till 18.000 SEK CHF och 150 gratissnurr\",\"breadcrumb\":{\"@id\":\"https:\/\/megapari.promo\/sv\/login\/#breadcrumb\"},\"inLanguage\":\"sv-SE\",\"potentialAction\":[{\"@type\":\"ReadAction\",\"target\":[\"https:\/\/megapari.promo\/sv\/login\/\"]}]},{\"@type\":\"BreadcrumbList\",\"@id\":\"https:\/\/megapari.promo\/sv\/login\/#breadcrumb\",\"itemListElement\":[{\"@type\":\"ListItem\",\"position\":1,\"name\":\"\u0413\u043b\u0430\u0432\u043d\u0430\u044f \u0441\u0442\u0440\u0430\u043d\u0438\u0446\u0430\",\"item\":\"https:\/\/megapari.promo\/sv\/\"},{\"@type\":\"ListItem\",\"position\":2,\"name\":\"Logga in\"}]},{\"@type\":\"WebSite\",\"@id\":\"https:\/\/megapari.promo\/sv\/#website\",\"url\":\"https:\/\/megapari.promo\/sv\/\",\"name\":\"Megapari Win sv\",\"description\":\"My WordPress Blog\",\"potentialAction\":[{\"@type\":\"SearchAction\",\"target\":{\"@type\":\"EntryPoint\",\"urlTemplate\":\"https:\/\/megapari.promo\/sv\/?s={search_term_string}\"},\"query-input\":\"required name=search_term_string\"}],\"inLanguage\":\"sv-SE\"}]}<\/script>\n<!-- \/ Yoast SEO plugin. -->","yoast_head_json":{"title":"Megapari-inloggning: Tillg\u00e5ng till vadslagning och kasino","description":"Megapari steg-f\u00f6r-steg-inloggningsprocess \u2013 hur du kommer \u00e5t ditt konto \u2013 Logga in p\u00e5 Megapari och f\u00e5 ett v\u00e4lkomstpaket p\u00e5 upp till 18.000 SEK CHF och 150 gratissnurr","robots":{"index":"index","follow":"follow","max-snippet":"max-snippet:-1","max-image-preview":"max-image-preview:large","max-video-preview":"max-video-preview:-1"},"og_locale":"sv_SE","og_type":"article","og_title":"Megapari-inloggning: Tillg\u00e5ng till vadslagning och kasino","og_description":"Megapari steg-f\u00f6r-steg-inloggningsprocess \u2013 hur du kommer \u00e5t ditt konto \u2013 Logga in p\u00e5 Megapari och f\u00e5 ett v\u00e4lkomstpaket p\u00e5 upp till 18.000 SEK CHF och 150 gratissnurr","og_url":"https:\/\/megapari.promo\/sv\/login\/","og_site_name":"Megapari Win sv","article_modified_time":"2025-08-26T18:03:51+00:00","twitter_card":"summary_large_image","schema":{"@context":"https:\/\/schema.org","@graph":[{"@type":"WebPage","@id":"https:\/\/megapari.promo\/sv\/login\/","url":"https:\/\/megapari.promo\/sv\/login\/","name":"Megapari-inloggning: Tillg\u00e5ng till vadslagning och kasino","isPartOf":{"@id":"https:\/\/megapari.promo\/sv\/#website"},"datePublished":"2025-04-10T05:04:24+00:00","dateModified":"2025-08-26T18:03:51+00:00","description":"Megapari steg-f\u00f6r-steg-inloggningsprocess \u2013 hur du kommer \u00e5t ditt konto \u2013 Logga in p\u00e5 Megapari och f\u00e5 ett v\u00e4lkomstpaket p\u00e5 upp till 18.000 SEK CHF och 150 gratissnurr","breadcrumb":{"@id":"https:\/\/megapari.promo\/sv\/login\/#breadcrumb"},"inLanguage":"sv-SE","potentialAction":[{"@type":"ReadAction","target":["https:\/\/megapari.promo\/sv\/login\/"]}]},{"@type":"BreadcrumbList","@id":"https:\/\/megapari.promo\/sv\/login\/#breadcrumb","itemListElement":[{"@type":"ListItem","position":1,"name":"\u0413\u043b\u0430\u0432\u043d\u0430\u044f \u0441\u0442\u0440\u0430\u043d\u0438\u0446\u0430","item":"https:\/\/megapari.promo\/sv\/"},{"@type":"ListItem","position":2,"name":"Logga in"}]},{"@type":"WebSite","@id":"https:\/\/megapari.promo\/sv\/#website","url":"https:\/\/megapari.promo\/sv\/","name":"Megapari Win sv","description":"My WordPress Blog","potentialAction":[{"@type":"SearchAction","target":{"@type":"EntryPoint","urlTemplate":"https:\/\/megapari.promo\/sv\/?s={search_term_string}"},"query-input":"required name=search_term_string"}],"inLanguage":"sv-SE"}]}},"_links":{"self":[{"href":"https:\/\/megapari.promo\/sv\/wp-json\/wp\/v2\/pages\/389"}],"collection":[{"href":"https:\/\/megapari.promo\/sv\/wp-json\/wp\/v2\/pages"}],"about":[{"href":"https:\/\/megapari.promo\/sv\/wp-json\/wp\/v2\/types\/page"}],"author":[{"embeddable":true,"href":"https:\/\/megapari.promo\/sv\/wp-json\/wp\/v2\/users\/1"}],"replies":[{"embeddable":true,"href":"https:\/\/megapari.promo\/sv\/wp-json\/wp\/v2\/comments?post=389"}],"version-history":[{"count":9,"href":"https:\/\/megapari.promo\/sv\/wp-json\/wp\/v2\/pages\/389\/revisions"}],"predecessor-version":[{"id":619,"href":"https:\/\/megapari.promo\/sv\/wp-json\/wp\/v2\/pages\/389\/revisions\/619"}],"wp:attachment":[{"href":"https:\/\/megapari.promo\/sv\/wp-json\/wp\/v2\/media?parent=389"}],"curies":[{"name":"wp","href":"https:\/\/api.w.org\/{rel}","templated":true}]}}