{"id":458,"date":"2025-06-24T06:57:52","date_gmt":"2025-06-24T06:57:52","guid":{"rendered":"https:\/\/megapari.promo\/sv\/?page_id=458"},"modified":"2025-08-20T10:00:13","modified_gmt":"2025-08-20T10:00:13","slug":"aviator","status":"publish","type":"page","link":"https:\/\/megapari.promo\/sv\/bonus\/aviator\/","title":{"rendered":"Aviator"},"content":{"rendered":"","protected":false},"excerpt":{"rendered":"","protected":false},"author":1,"featured_media":0,"parent":152,"menu_order":0,"comment_status":"closed","ping_status":"closed","template":"","meta":{"inline_featured_image":false,"footnotes":""},"yoast_head":"<!-- This site is optimized with the Yoast SEO plugin v20.13 - https:\/\/yoast.com\/wordpress\/plugins\/seo\/ -->\n<title>Aviator med Megapari \u1409 60 gratissnurr varje s\u00f6ndag!<\/title>\n<meta name=\"description\" content=\"Flyg h\u00f6gt i Aviator gratis med Megapari! Fyll p\u00e5 ditt konto varje s\u00f6ndag och f\u00e5 upp till 60 gratissnurr. F\u00e5 ut det mesta av ditt favoritspel!\" \/>\n<meta name=\"robots\" content=\"index, follow, max-snippet:-1, max-image-preview:large, max-video-preview:-1\" \/>\n<meta property=\"og:locale\" content=\"sv_SE\" \/>\n<meta property=\"og:type\" content=\"article\" \/>\n<meta property=\"og:title\" content=\"Aviator med Megapari \u1409 60 gratissnurr varje s\u00f6ndag!\" \/>\n<meta property=\"og:description\" content=\"Flyg h\u00f6gt i Aviator gratis med Megapari! Fyll p\u00e5 ditt konto varje s\u00f6ndag och f\u00e5 upp till 60 gratissnurr. F\u00e5 ut det mesta av ditt favoritspel!\" \/>\n<meta property=\"og:url\" content=\"https:\/\/megapari.promo\/sv\/bonus\/aviator\/\" \/>\n<meta property=\"og:site_name\" content=\"Megapari Win sv\" \/>\n<meta property=\"article:modified_time\" content=\"2025-08-20T10:00:13+00:00\" \/>\n<meta name=\"twitter:card\" content=\"summary_large_image\" \/>\n<script type=\"application\/ld+json\" class=\"yoast-schema-graph\">{\"@context\":\"https:\/\/schema.org\",\"@graph\":[{\"@type\":\"WebPage\",\"@id\":\"https:\/\/megapari.promo\/sv\/bonus\/aviator\/\",\"url\":\"https:\/\/megapari.promo\/sv\/bonus\/aviator\/\",\"name\":\"Aviator med Megapari \u1409 60 gratissnurr varje s\u00f6ndag!\",\"isPartOf\":{\"@id\":\"https:\/\/megapari.promo\/sv\/#website\"},\"datePublished\":\"2025-06-24T06:57:52+00:00\",\"dateModified\":\"2025-08-20T10:00:13+00:00\",\"description\":\"Flyg h\u00f6gt i Aviator gratis med Megapari! Fyll p\u00e5 ditt konto varje s\u00f6ndag och f\u00e5 upp till 60 gratissnurr. F\u00e5 ut det mesta av ditt favoritspel!\",\"breadcrumb\":{\"@id\":\"https:\/\/megapari.promo\/sv\/bonus\/aviator\/#breadcrumb\"},\"inLanguage\":\"sv-SE\",\"potentialAction\":[{\"@type\":\"ReadAction\",\"target\":[\"https:\/\/megapari.promo\/sv\/bonus\/aviator\/\"]}]},{\"@type\":\"BreadcrumbList\",\"@id\":\"https:\/\/megapari.promo\/sv\/bonus\/aviator\/#breadcrumb\",\"itemListElement\":[{\"@type\":\"ListItem\",\"position\":1,\"name\":\"\u0413\u043b\u0430\u0432\u043d\u0430\u044f \u0441\u0442\u0440\u0430\u043d\u0438\u0446\u0430\",\"item\":\"https:\/\/megapari.promo\/sv\/\"},{\"@type\":\"ListItem\",\"position\":2,\"name\":\"Bonus\",\"item\":\"https:\/\/megapari.promo\/sv\/bonus\/\"},{\"@type\":\"ListItem\",\"position\":3,\"name\":\"Aviator\"}]},{\"@type\":\"WebSite\",\"@id\":\"https:\/\/megapari.promo\/sv\/#website\",\"url\":\"https:\/\/megapari.promo\/sv\/\",\"name\":\"Megapari Win sv\",\"description\":\"My WordPress Blog\",\"potentialAction\":[{\"@type\":\"SearchAction\",\"target\":{\"@type\":\"EntryPoint\",\"urlTemplate\":\"https:\/\/megapari.promo\/sv\/?s={search_term_string}\"},\"query-input\":\"required name=search_term_string\"}],\"inLanguage\":\"sv-SE\"}]}<\/script>\n<!-- \/ Yoast SEO plugin. -->","yoast_head_json":{"title":"Aviator med Megapari \u1409 60 gratissnurr varje s\u00f6ndag!","description":"Flyg h\u00f6gt i Aviator gratis med Megapari! Fyll p\u00e5 ditt konto varje s\u00f6ndag och f\u00e5 upp till 60 gratissnurr. F\u00e5 ut det mesta av ditt favoritspel!","robots":{"index":"index","follow":"follow","max-snippet":"max-snippet:-1","max-image-preview":"max-image-preview:large","max-video-preview":"max-video-preview:-1"},"og_locale":"sv_SE","og_type":"article","og_title":"Aviator med Megapari \u1409 60 gratissnurr varje s\u00f6ndag!","og_description":"Flyg h\u00f6gt i Aviator gratis med Megapari! Fyll p\u00e5 ditt konto varje s\u00f6ndag och f\u00e5 upp till 60 gratissnurr. F\u00e5 ut det mesta av ditt favoritspel!","og_url":"https:\/\/megapari.promo\/sv\/bonus\/aviator\/","og_site_name":"Megapari Win sv","article_modified_time":"2025-08-20T10:00:13+00:00","twitter_card":"summary_large_image","schema":{"@context":"https:\/\/schema.org","@graph":[{"@type":"WebPage","@id":"https:\/\/megapari.promo\/sv\/bonus\/aviator\/","url":"https:\/\/megapari.promo\/sv\/bonus\/aviator\/","name":"Aviator med Megapari \u1409 60 gratissnurr varje s\u00f6ndag!","isPartOf":{"@id":"https:\/\/megapari.promo\/sv\/#website"},"datePublished":"2025-06-24T06:57:52+00:00","dateModified":"2025-08-20T10:00:13+00:00","description":"Flyg h\u00f6gt i Aviator gratis med Megapari! Fyll p\u00e5 ditt konto varje s\u00f6ndag och f\u00e5 upp till 60 gratissnurr. F\u00e5 ut det mesta av ditt favoritspel!","breadcrumb":{"@id":"https:\/\/megapari.promo\/sv\/bonus\/aviator\/#breadcrumb"},"inLanguage":"sv-SE","potentialAction":[{"@type":"ReadAction","target":["https:\/\/megapari.promo\/sv\/bonus\/aviator\/"]}]},{"@type":"BreadcrumbList","@id":"https:\/\/megapari.promo\/sv\/bonus\/aviator\/#breadcrumb","itemListElement":[{"@type":"ListItem","position":1,"name":"\u0413\u043b\u0430\u0432\u043d\u0430\u044f \u0441\u0442\u0440\u0430\u043d\u0438\u0446\u0430","item":"https:\/\/megapari.promo\/sv\/"},{"@type":"ListItem","position":2,"name":"Bonus","item":"https:\/\/megapari.promo\/sv\/bonus\/"},{"@type":"ListItem","position":3,"name":"Aviator"}]},{"@type":"WebSite","@id":"https:\/\/megapari.promo\/sv\/#website","url":"https:\/\/megapari.promo\/sv\/","name":"Megapari Win sv","description":"My WordPress Blog","potentialAction":[{"@type":"SearchAction","target":{"@type":"EntryPoint","urlTemplate":"https:\/\/megapari.promo\/sv\/?s={search_term_string}"},"query-input":"required name=search_term_string"}],"inLanguage":"sv-SE"}]}},"_links":{"self":[{"href":"https:\/\/megapari.promo\/sv\/wp-json\/wp\/v2\/pages\/458"}],"collection":[{"href":"https:\/\/megapari.promo\/sv\/wp-json\/wp\/v2\/pages"}],"about":[{"href":"https:\/\/megapari.promo\/sv\/wp-json\/wp\/v2\/types\/page"}],"author":[{"embeddable":true,"href":"https:\/\/megapari.promo\/sv\/wp-json\/wp\/v2\/users\/1"}],"replies":[{"embeddable":true,"href":"https:\/\/megapari.promo\/sv\/wp-json\/wp\/v2\/comments?post=458"}],"version-history":[{"count":4,"href":"https:\/\/megapari.promo\/sv\/wp-json\/wp\/v2\/pages\/458\/revisions"}],"predecessor-version":[{"id":599,"href":"https:\/\/megapari.promo\/sv\/wp-json\/wp\/v2\/pages\/458\/revisions\/599"}],"up":[{"embeddable":true,"href":"https:\/\/megapari.promo\/sv\/wp-json\/wp\/v2\/pages\/152"}],"wp:attachment":[{"href":"https:\/\/megapari.promo\/sv\/wp-json\/wp\/v2\/media?parent=458"}],"curies":[{"name":"wp","href":"https:\/\/api.w.org\/{rel}","templated":true}]}}