{"id":462,"date":"2025-06-24T07:14:50","date_gmt":"2025-06-24T07:14:50","guid":{"rendered":"https:\/\/megapari.promo\/sv\/?page_id=462"},"modified":"2025-08-20T10:03:33","modified_gmt":"2025-08-20T10:03:33","slug":"first-deposit-freebet","status":"publish","type":"page","link":"https:\/\/megapari.promo\/sv\/bonus\/first-deposit-freebet\/","title":{"rendered":"Freebet vid f\u00f6rsta ins\u00e4ttningen"},"content":{"rendered":"","protected":false},"excerpt":{"rendered":"","protected":false},"author":1,"featured_media":0,"parent":152,"menu_order":0,"comment_status":"closed","ping_status":"closed","template":"","meta":{"inline_featured_image":false,"footnotes":""},"yoast_head":"<!-- This site is optimized with the Yoast SEO plugin v20.13 - https:\/\/yoast.com\/wordpress\/plugins\/seo\/ -->\n<title>Megapari f\u00f6rsta ins\u00e4ttningsfreebet \u1409 F\u00e5 upp till 100 CHF<\/title>\n<meta name=\"description\" content=\"F\u00e5 en gratissatsning p\u00e5 upp till 100 CHF f\u00f6r din f\u00f6rsta ins\u00e4ttning hos Megapari! L\u00e4r dig hur du v\u00e4ljer din v\u00e4lkomstbonus, satsar den enkelt och b\u00f6rjar vinna. Enkelt och l\u00f6nsamt!\" \/>\n<meta name=\"robots\" content=\"index, follow, max-snippet:-1, max-image-preview:large, max-video-preview:-1\" \/>\n<meta property=\"og:locale\" content=\"sv_SE\" \/>\n<meta property=\"og:type\" content=\"article\" \/>\n<meta property=\"og:title\" content=\"Megapari f\u00f6rsta ins\u00e4ttningsfreebet \u1409 F\u00e5 upp till 100 CHF\" \/>\n<meta property=\"og:description\" content=\"F\u00e5 en gratissatsning p\u00e5 upp till 100 CHF f\u00f6r din f\u00f6rsta ins\u00e4ttning hos Megapari! L\u00e4r dig hur du v\u00e4ljer din v\u00e4lkomstbonus, satsar den enkelt och b\u00f6rjar vinna. Enkelt och l\u00f6nsamt!\" \/>\n<meta property=\"og:url\" content=\"https:\/\/megapari.promo\/sv\/bonus\/first-deposit-freebet\/\" \/>\n<meta property=\"og:site_name\" content=\"Megapari Win sv\" \/>\n<meta property=\"article:modified_time\" content=\"2025-08-20T10:03:33+00:00\" \/>\n<meta name=\"twitter:card\" content=\"summary_large_image\" \/>\n<script type=\"application\/ld+json\" class=\"yoast-schema-graph\">{\"@context\":\"https:\/\/schema.org\",\"@graph\":[{\"@type\":\"WebPage\",\"@id\":\"https:\/\/megapari.promo\/sv\/bonus\/first-deposit-freebet\/\",\"url\":\"https:\/\/megapari.promo\/sv\/bonus\/first-deposit-freebet\/\",\"name\":\"Megapari f\u00f6rsta ins\u00e4ttningsfreebet \u1409 F\u00e5 upp till 100 CHF\",\"isPartOf\":{\"@id\":\"https:\/\/megapari.promo\/sv\/#website\"},\"datePublished\":\"2025-06-24T07:14:50+00:00\",\"dateModified\":\"2025-08-20T10:03:33+00:00\",\"description\":\"F\u00e5 en gratissatsning p\u00e5 upp till 100 CHF f\u00f6r din f\u00f6rsta ins\u00e4ttning hos Megapari! L\u00e4r dig hur du v\u00e4ljer din v\u00e4lkomstbonus, satsar den enkelt och b\u00f6rjar vinna. Enkelt och l\u00f6nsamt!\",\"breadcrumb\":{\"@id\":\"https:\/\/megapari.promo\/sv\/bonus\/first-deposit-freebet\/#breadcrumb\"},\"inLanguage\":\"sv-SE\",\"potentialAction\":[{\"@type\":\"ReadAction\",\"target\":[\"https:\/\/megapari.promo\/sv\/bonus\/first-deposit-freebet\/\"]}]},{\"@type\":\"BreadcrumbList\",\"@id\":\"https:\/\/megapari.promo\/sv\/bonus\/first-deposit-freebet\/#breadcrumb\",\"itemListElement\":[{\"@type\":\"ListItem\",\"position\":1,\"name\":\"\u0413\u043b\u0430\u0432\u043d\u0430\u044f \u0441\u0442\u0440\u0430\u043d\u0438\u0446\u0430\",\"item\":\"https:\/\/megapari.promo\/sv\/\"},{\"@type\":\"ListItem\",\"position\":2,\"name\":\"Bonus\",\"item\":\"https:\/\/megapari.promo\/sv\/bonus\/\"},{\"@type\":\"ListItem\",\"position\":3,\"name\":\"Freebet vid f\u00f6rsta ins\u00e4ttningen\"}]},{\"@type\":\"WebSite\",\"@id\":\"https:\/\/megapari.promo\/sv\/#website\",\"url\":\"https:\/\/megapari.promo\/sv\/\",\"name\":\"Megapari Win sv\",\"description\":\"My WordPress Blog\",\"potentialAction\":[{\"@type\":\"SearchAction\",\"target\":{\"@type\":\"EntryPoint\",\"urlTemplate\":\"https:\/\/megapari.promo\/sv\/?s={search_term_string}\"},\"query-input\":\"required name=search_term_string\"}],\"inLanguage\":\"sv-SE\"}]}<\/script>\n<!-- \/ Yoast SEO plugin. -->","yoast_head_json":{"title":"Megapari f\u00f6rsta ins\u00e4ttningsfreebet \u1409 F\u00e5 upp till 100 CHF","description":"F\u00e5 en gratissatsning p\u00e5 upp till 100 CHF f\u00f6r din f\u00f6rsta ins\u00e4ttning hos Megapari! L\u00e4r dig hur du v\u00e4ljer din v\u00e4lkomstbonus, satsar den enkelt och b\u00f6rjar vinna. Enkelt och l\u00f6nsamt!","robots":{"index":"index","follow":"follow","max-snippet":"max-snippet:-1","max-image-preview":"max-image-preview:large","max-video-preview":"max-video-preview:-1"},"og_locale":"sv_SE","og_type":"article","og_title":"Megapari f\u00f6rsta ins\u00e4ttningsfreebet \u1409 F\u00e5 upp till 100 CHF","og_description":"F\u00e5 en gratissatsning p\u00e5 upp till 100 CHF f\u00f6r din f\u00f6rsta ins\u00e4ttning hos Megapari! L\u00e4r dig hur du v\u00e4ljer din v\u00e4lkomstbonus, satsar den enkelt och b\u00f6rjar vinna. Enkelt och l\u00f6nsamt!","og_url":"https:\/\/megapari.promo\/sv\/bonus\/first-deposit-freebet\/","og_site_name":"Megapari Win sv","article_modified_time":"2025-08-20T10:03:33+00:00","twitter_card":"summary_large_image","schema":{"@context":"https:\/\/schema.org","@graph":[{"@type":"WebPage","@id":"https:\/\/megapari.promo\/sv\/bonus\/first-deposit-freebet\/","url":"https:\/\/megapari.promo\/sv\/bonus\/first-deposit-freebet\/","name":"Megapari f\u00f6rsta ins\u00e4ttningsfreebet \u1409 F\u00e5 upp till 100 CHF","isPartOf":{"@id":"https:\/\/megapari.promo\/sv\/#website"},"datePublished":"2025-06-24T07:14:50+00:00","dateModified":"2025-08-20T10:03:33+00:00","description":"F\u00e5 en gratissatsning p\u00e5 upp till 100 CHF f\u00f6r din f\u00f6rsta ins\u00e4ttning hos Megapari! L\u00e4r dig hur du v\u00e4ljer din v\u00e4lkomstbonus, satsar den enkelt och b\u00f6rjar vinna. Enkelt och l\u00f6nsamt!","breadcrumb":{"@id":"https:\/\/megapari.promo\/sv\/bonus\/first-deposit-freebet\/#breadcrumb"},"inLanguage":"sv-SE","potentialAction":[{"@type":"ReadAction","target":["https:\/\/megapari.promo\/sv\/bonus\/first-deposit-freebet\/"]}]},{"@type":"BreadcrumbList","@id":"https:\/\/megapari.promo\/sv\/bonus\/first-deposit-freebet\/#breadcrumb","itemListElement":[{"@type":"ListItem","position":1,"name":"\u0413\u043b\u0430\u0432\u043d\u0430\u044f \u0441\u0442\u0440\u0430\u043d\u0438\u0446\u0430","item":"https:\/\/megapari.promo\/sv\/"},{"@type":"ListItem","position":2,"name":"Bonus","item":"https:\/\/megapari.promo\/sv\/bonus\/"},{"@type":"ListItem","position":3,"name":"Freebet vid f\u00f6rsta ins\u00e4ttningen"}]},{"@type":"WebSite","@id":"https:\/\/megapari.promo\/sv\/#website","url":"https:\/\/megapari.promo\/sv\/","name":"Megapari Win sv","description":"My WordPress Blog","potentialAction":[{"@type":"SearchAction","target":{"@type":"EntryPoint","urlTemplate":"https:\/\/megapari.promo\/sv\/?s={search_term_string}"},"query-input":"required name=search_term_string"}],"inLanguage":"sv-SE"}]}},"_links":{"self":[{"href":"https:\/\/megapari.promo\/sv\/wp-json\/wp\/v2\/pages\/462"}],"collection":[{"href":"https:\/\/megapari.promo\/sv\/wp-json\/wp\/v2\/pages"}],"about":[{"href":"https:\/\/megapari.promo\/sv\/wp-json\/wp\/v2\/types\/page"}],"author":[{"embeddable":true,"href":"https:\/\/megapari.promo\/sv\/wp-json\/wp\/v2\/users\/1"}],"replies":[{"embeddable":true,"href":"https:\/\/megapari.promo\/sv\/wp-json\/wp\/v2\/comments?post=462"}],"version-history":[{"count":5,"href":"https:\/\/megapari.promo\/sv\/wp-json\/wp\/v2\/pages\/462\/revisions"}],"predecessor-version":[{"id":601,"href":"https:\/\/megapari.promo\/sv\/wp-json\/wp\/v2\/pages\/462\/revisions\/601"}],"up":[{"embeddable":true,"href":"https:\/\/megapari.promo\/sv\/wp-json\/wp\/v2\/pages\/152"}],"wp:attachment":[{"href":"https:\/\/megapari.promo\/sv\/wp-json\/wp\/v2\/media?parent=462"}],"curies":[{"name":"wp","href":"https:\/\/api.w.org\/{rel}","templated":true}]}}