{"id":152,"date":"2023-05-18T17:39:43","date_gmt":"2023-05-18T17:39:43","guid":{"rendered":"https:\/\/megapari.promo\/tr\/?page_id=152"},"modified":"2025-04-24T05:07:14","modified_gmt":"2025-04-24T05:07:14","slug":"bonus","status":"publish","type":"page","link":"https:\/\/megapari.promo\/tr\/bonus\/","title":{"rendered":"Bonus"},"content":{"rendered":"","protected":false},"excerpt":{"rendered":"","protected":false},"author":1,"featured_media":0,"parent":0,"menu_order":0,"comment_status":"closed","ping_status":"closed","template":"","meta":{"inline_featured_image":false,"footnotes":""},"yoast_head":"<!-- This site is optimized with the Yoast SEO plugin v20.13 - https:\/\/yoast.com\/wordpress\/plugins\/seo\/ -->\n<title>Megapari Bonus: Getir 65.000 TL&#039;ye kadar para yat\u0131rma i\u015fleminde<\/title>\n<meta name=\"description\" content=\"Megapari bonuslar\u0131 ve 2025&#039;teki oyuncular i\u00e7in \u00f6zel teklifler hakk\u0131nda eksiksiz rehber \u2714\ufe0f Para yat\u0131rma bonusu yok, casino kay\u0131t bonusu, para iadesi, promosyon kodu ve daha fazlas\u0131\" \/>\n<meta name=\"robots\" content=\"index, follow, max-snippet:-1, max-image-preview:large, max-video-preview:-1\" \/>\n<meta property=\"og:locale\" content=\"tr_TR\" \/>\n<meta property=\"og:type\" content=\"article\" \/>\n<meta property=\"og:title\" content=\"Megapari Bonus: Getir 65.000 TL&#039;ye kadar para yat\u0131rma i\u015fleminde\" \/>\n<meta property=\"og:description\" content=\"Megapari bonuslar\u0131 ve 2025&#039;teki oyuncular i\u00e7in \u00f6zel teklifler hakk\u0131nda eksiksiz rehber \u2714\ufe0f Para yat\u0131rma bonusu yok, casino kay\u0131t bonusu, para iadesi, promosyon kodu ve daha fazlas\u0131\" \/>\n<meta property=\"og:url\" content=\"https:\/\/megapari.promo\/tr\/bonus\/\" \/>\n<meta property=\"og:site_name\" content=\"Megapari Win tr\" \/>\n<meta property=\"article:modified_time\" content=\"2025-04-24T05:07:14+00:00\" \/>\n<meta name=\"twitter:card\" content=\"summary_large_image\" \/>\n<script type=\"application\/ld+json\" class=\"yoast-schema-graph\">{\"@context\":\"https:\/\/schema.org\",\"@graph\":[{\"@type\":\"WebPage\",\"@id\":\"https:\/\/megapari.promo\/tr\/bonus\/\",\"url\":\"https:\/\/megapari.promo\/tr\/bonus\/\",\"name\":\"Megapari Bonus: Getir 65.000 TL'ye kadar para yat\u0131rma i\u015fleminde\",\"isPartOf\":{\"@id\":\"https:\/\/megapari.promo\/tr\/#website\"},\"datePublished\":\"2023-05-18T17:39:43+00:00\",\"dateModified\":\"2025-04-24T05:07:14+00:00\",\"description\":\"Megapari bonuslar\u0131 ve 2025'teki oyuncular i\u00e7in \u00f6zel teklifler hakk\u0131nda eksiksiz rehber \u2714\ufe0f Para yat\u0131rma bonusu yok, casino kay\u0131t bonusu, para iadesi, promosyon kodu ve daha fazlas\u0131\",\"breadcrumb\":{\"@id\":\"https:\/\/megapari.promo\/tr\/bonus\/#breadcrumb\"},\"inLanguage\":\"tr\",\"potentialAction\":[{\"@type\":\"ReadAction\",\"target\":[\"https:\/\/megapari.promo\/tr\/bonus\/\"]}]},{\"@type\":\"BreadcrumbList\",\"@id\":\"https:\/\/megapari.promo\/tr\/bonus\/#breadcrumb\",\"itemListElement\":[{\"@type\":\"ListItem\",\"position\":1,\"name\":\"\u0413\u043b\u0430\u0432\u043d\u0430\u044f \u0441\u0442\u0440\u0430\u043d\u0438\u0446\u0430\",\"item\":\"https:\/\/megapari.promo\/tr\/\"},{\"@type\":\"ListItem\",\"position\":2,\"name\":\"Bonus\"}]},{\"@type\":\"WebSite\",\"@id\":\"https:\/\/megapari.promo\/tr\/#website\",\"url\":\"https:\/\/megapari.promo\/tr\/\",\"name\":\"Megapari Win tr\",\"description\":\"My WordPress Blog\",\"potentialAction\":[{\"@type\":\"SearchAction\",\"target\":{\"@type\":\"EntryPoint\",\"urlTemplate\":\"https:\/\/megapari.promo\/tr\/?s={search_term_string}\"},\"query-input\":\"required name=search_term_string\"}],\"inLanguage\":\"tr\"}]}<\/script>\n<!-- \/ Yoast SEO plugin. -->","yoast_head_json":{"title":"Megapari Bonus: Getir 65.000 TL'ye kadar para yat\u0131rma i\u015fleminde","description":"Megapari bonuslar\u0131 ve 2025'teki oyuncular i\u00e7in \u00f6zel teklifler hakk\u0131nda eksiksiz rehber \u2714\ufe0f Para yat\u0131rma bonusu yok, casino kay\u0131t bonusu, para iadesi, promosyon kodu ve daha fazlas\u0131","robots":{"index":"index","follow":"follow","max-snippet":"max-snippet:-1","max-image-preview":"max-image-preview:large","max-video-preview":"max-video-preview:-1"},"og_locale":"tr_TR","og_type":"article","og_title":"Megapari Bonus: Getir 65.000 TL'ye kadar para yat\u0131rma i\u015fleminde","og_description":"Megapari bonuslar\u0131 ve 2025'teki oyuncular i\u00e7in \u00f6zel teklifler hakk\u0131nda eksiksiz rehber \u2714\ufe0f Para yat\u0131rma bonusu yok, casino kay\u0131t bonusu, para iadesi, promosyon kodu ve daha fazlas\u0131","og_url":"https:\/\/megapari.promo\/tr\/bonus\/","og_site_name":"Megapari Win tr","article_modified_time":"2025-04-24T05:07:14+00:00","twitter_card":"summary_large_image","schema":{"@context":"https:\/\/schema.org","@graph":[{"@type":"WebPage","@id":"https:\/\/megapari.promo\/tr\/bonus\/","url":"https:\/\/megapari.promo\/tr\/bonus\/","name":"Megapari Bonus: Getir 65.000 TL'ye kadar para yat\u0131rma i\u015fleminde","isPartOf":{"@id":"https:\/\/megapari.promo\/tr\/#website"},"datePublished":"2023-05-18T17:39:43+00:00","dateModified":"2025-04-24T05:07:14+00:00","description":"Megapari bonuslar\u0131 ve 2025'teki oyuncular i\u00e7in \u00f6zel teklifler hakk\u0131nda eksiksiz rehber \u2714\ufe0f Para yat\u0131rma bonusu yok, casino kay\u0131t bonusu, para iadesi, promosyon kodu ve daha fazlas\u0131","breadcrumb":{"@id":"https:\/\/megapari.promo\/tr\/bonus\/#breadcrumb"},"inLanguage":"tr","potentialAction":[{"@type":"ReadAction","target":["https:\/\/megapari.promo\/tr\/bonus\/"]}]},{"@type":"BreadcrumbList","@id":"https:\/\/megapari.promo\/tr\/bonus\/#breadcrumb","itemListElement":[{"@type":"ListItem","position":1,"name":"\u0413\u043b\u0430\u0432\u043d\u0430\u044f \u0441\u0442\u0440\u0430\u043d\u0438\u0446\u0430","item":"https:\/\/megapari.promo\/tr\/"},{"@type":"ListItem","position":2,"name":"Bonus"}]},{"@type":"WebSite","@id":"https:\/\/megapari.promo\/tr\/#website","url":"https:\/\/megapari.promo\/tr\/","name":"Megapari Win tr","description":"My WordPress Blog","potentialAction":[{"@type":"SearchAction","target":{"@type":"EntryPoint","urlTemplate":"https:\/\/megapari.promo\/tr\/?s={search_term_string}"},"query-input":"required name=search_term_string"}],"inLanguage":"tr"}]}},"_links":{"self":[{"href":"https:\/\/megapari.promo\/tr\/wp-json\/wp\/v2\/pages\/152"}],"collection":[{"href":"https:\/\/megapari.promo\/tr\/wp-json\/wp\/v2\/pages"}],"about":[{"href":"https:\/\/megapari.promo\/tr\/wp-json\/wp\/v2\/types\/page"}],"author":[{"embeddable":true,"href":"https:\/\/megapari.promo\/tr\/wp-json\/wp\/v2\/users\/1"}],"replies":[{"embeddable":true,"href":"https:\/\/megapari.promo\/tr\/wp-json\/wp\/v2\/comments?post=152"}],"version-history":[{"count":39,"href":"https:\/\/megapari.promo\/tr\/wp-json\/wp\/v2\/pages\/152\/revisions"}],"predecessor-version":[{"id":441,"href":"https:\/\/megapari.promo\/tr\/wp-json\/wp\/v2\/pages\/152\/revisions\/441"}],"wp:attachment":[{"href":"https:\/\/megapari.promo\/tr\/wp-json\/wp\/v2\/media?parent=152"}],"curies":[{"name":"wp","href":"https:\/\/api.w.org\/{rel}","templated":true}]}}