{"id":2,"date":"2023-05-18T17:18:34","date_gmt":"2023-05-18T17:18:34","guid":{"rendered":"https:\/\/megapari.promo\/tr\/?page_id=2"},"modified":"2025-04-24T05:06:24","modified_gmt":"2025-04-24T05:06:24","slug":"sample-page","status":"publish","type":"page","link":"https:\/\/megapari.promo\/tr\/","title":{"rendered":"Ev"},"content":{"rendered":"","protected":false},"excerpt":{"rendered":"","protected":false},"author":1,"featured_media":0,"parent":0,"menu_order":0,"comment_status":"closed","ping_status":"open","template":"","meta":{"inline_featured_image":false,"footnotes":""},"yoast_head":"<!-- This site is optimized with the Yoast SEO plugin v20.13 - https:\/\/yoast.com\/wordpress\/plugins\/seo\/ -->\n<title>Megapari Cari y\u0131l: Spor Bahisleri i\u00e7in Resmi Site | 0 Bonus<\/title>\n<meta name=\"description\" content=\"Resmi Megapari spor kitab\u0131 ile farkl\u0131 spor dallar\u0131nda bahis oynamaya ba\u015flay\u0131n ve kumarhanenin tad\u0131n\u0131 \u00e7\u0131kar\u0131n \u2714\ufe0f Yeni oyuncular i\u00e7in m\u00fcmk\u00fcn olan en iyi ko\u015fullar\u0131 ve 0 ho\u015f geldin bonusunu al\u0131n\" \/>\n<meta name=\"robots\" content=\"index, follow, max-snippet:-1, max-image-preview:large, max-video-preview:-1\" \/>\n<meta property=\"og:locale\" content=\"tr_TR\" \/>\n<meta property=\"og:type\" content=\"article\" \/>\n<meta property=\"og:title\" content=\"Megapari Cari y\u0131l: Spor Bahisleri i\u00e7in Resmi Site | 0 Bonus\" \/>\n<meta property=\"og:description\" content=\"Resmi Megapari spor kitab\u0131 ile farkl\u0131 spor dallar\u0131nda bahis oynamaya ba\u015flay\u0131n ve kumarhanenin tad\u0131n\u0131 \u00e7\u0131kar\u0131n \u2714\ufe0f Yeni oyuncular i\u00e7in m\u00fcmk\u00fcn olan en iyi ko\u015fullar\u0131 ve 0 ho\u015f geldin bonusunu al\u0131n\" \/>\n<meta property=\"og:url\" content=\"https:\/\/megapari.promo\/tr\/\" \/>\n<meta property=\"og:site_name\" content=\"Megapari Win tr\" \/>\n<meta property=\"article:modified_time\" content=\"2025-04-24T05:06:24+00:00\" \/>\n<meta name=\"twitter:card\" content=\"summary_large_image\" \/>\n<script type=\"application\/ld+json\" class=\"yoast-schema-graph\">{\"@context\":\"https:\/\/schema.org\",\"@graph\":[{\"@type\":\"WebPage\",\"@id\":\"https:\/\/megapari.promo\/tr\/\",\"url\":\"https:\/\/megapari.promo\/tr\/\",\"name\":\"Megapari Cari y\u0131l: Spor Bahisleri i\u00e7in Resmi Site | 0 Bonus\",\"isPartOf\":{\"@id\":\"https:\/\/megapari.promo\/tr\/#website\"},\"datePublished\":\"2023-05-18T17:18:34+00:00\",\"dateModified\":\"2025-04-24T05:06:24+00:00\",\"description\":\"Resmi Megapari spor kitab\u0131 ile farkl\u0131 spor dallar\u0131nda bahis oynamaya ba\u015flay\u0131n ve kumarhanenin tad\u0131n\u0131 \u00e7\u0131kar\u0131n \u2714\ufe0f Yeni oyuncular i\u00e7in m\u00fcmk\u00fcn olan en iyi ko\u015fullar\u0131 ve 0 ho\u015f geldin bonusunu al\u0131n\",\"breadcrumb\":{\"@id\":\"https:\/\/megapari.promo\/tr\/#breadcrumb\"},\"inLanguage\":\"tr\",\"potentialAction\":[{\"@type\":\"ReadAction\",\"target\":[\"https:\/\/megapari.promo\/tr\/\"]}]},{\"@type\":\"BreadcrumbList\",\"@id\":\"https:\/\/megapari.promo\/tr\/#breadcrumb\",\"itemListElement\":[{\"@type\":\"ListItem\",\"position\":1,\"name\":\"\u0413\u043b\u0430\u0432\u043d\u0430\u044f \u0441\u0442\u0440\u0430\u043d\u0438\u0446\u0430\",\"item\":\"https:\/\/megapari.promo\/tr\/\"},{\"@type\":\"ListItem\",\"position\":2,\"name\":\"Ev\"}]},{\"@type\":\"WebSite\",\"@id\":\"https:\/\/megapari.promo\/tr\/#website\",\"url\":\"https:\/\/megapari.promo\/tr\/\",\"name\":\"Megapari Win tr\",\"description\":\"My WordPress Blog\",\"potentialAction\":[{\"@type\":\"SearchAction\",\"target\":{\"@type\":\"EntryPoint\",\"urlTemplate\":\"https:\/\/megapari.promo\/tr\/?s={search_term_string}\"},\"query-input\":\"required name=search_term_string\"}],\"inLanguage\":\"tr\"}]}<\/script>\n<!-- \/ Yoast SEO plugin. -->","yoast_head_json":{"title":"Megapari Cari y\u0131l: Spor Bahisleri i\u00e7in Resmi Site | 0 Bonus","description":"Resmi Megapari spor kitab\u0131 ile farkl\u0131 spor dallar\u0131nda bahis oynamaya ba\u015flay\u0131n ve kumarhanenin tad\u0131n\u0131 \u00e7\u0131kar\u0131n \u2714\ufe0f Yeni oyuncular i\u00e7in m\u00fcmk\u00fcn olan en iyi ko\u015fullar\u0131 ve 0 ho\u015f geldin bonusunu al\u0131n","robots":{"index":"index","follow":"follow","max-snippet":"max-snippet:-1","max-image-preview":"max-image-preview:large","max-video-preview":"max-video-preview:-1"},"og_locale":"tr_TR","og_type":"article","og_title":"Megapari Cari y\u0131l: Spor Bahisleri i\u00e7in Resmi Site | 0 Bonus","og_description":"Resmi Megapari spor kitab\u0131 ile farkl\u0131 spor dallar\u0131nda bahis oynamaya ba\u015flay\u0131n ve kumarhanenin tad\u0131n\u0131 \u00e7\u0131kar\u0131n \u2714\ufe0f Yeni oyuncular i\u00e7in m\u00fcmk\u00fcn olan en iyi ko\u015fullar\u0131 ve 0 ho\u015f geldin bonusunu al\u0131n","og_url":"https:\/\/megapari.promo\/tr\/","og_site_name":"Megapari Win tr","article_modified_time":"2025-04-24T05:06:24+00:00","twitter_card":"summary_large_image","schema":{"@context":"https:\/\/schema.org","@graph":[{"@type":"WebPage","@id":"https:\/\/megapari.promo\/tr\/","url":"https:\/\/megapari.promo\/tr\/","name":"Megapari Cari y\u0131l: Spor Bahisleri i\u00e7in Resmi Site | 0 Bonus","isPartOf":{"@id":"https:\/\/megapari.promo\/tr\/#website"},"datePublished":"2023-05-18T17:18:34+00:00","dateModified":"2025-04-24T05:06:24+00:00","description":"Resmi Megapari spor kitab\u0131 ile farkl\u0131 spor dallar\u0131nda bahis oynamaya ba\u015flay\u0131n ve kumarhanenin tad\u0131n\u0131 \u00e7\u0131kar\u0131n \u2714\ufe0f Yeni oyuncular i\u00e7in m\u00fcmk\u00fcn olan en iyi ko\u015fullar\u0131 ve 0 ho\u015f geldin bonusunu al\u0131n","breadcrumb":{"@id":"https:\/\/megapari.promo\/tr\/#breadcrumb"},"inLanguage":"tr","potentialAction":[{"@type":"ReadAction","target":["https:\/\/megapari.promo\/tr\/"]}]},{"@type":"BreadcrumbList","@id":"https:\/\/megapari.promo\/tr\/#breadcrumb","itemListElement":[{"@type":"ListItem","position":1,"name":"\u0413\u043b\u0430\u0432\u043d\u0430\u044f \u0441\u0442\u0440\u0430\u043d\u0438\u0446\u0430","item":"https:\/\/megapari.promo\/tr\/"},{"@type":"ListItem","position":2,"name":"Ev"}]},{"@type":"WebSite","@id":"https:\/\/megapari.promo\/tr\/#website","url":"https:\/\/megapari.promo\/tr\/","name":"Megapari Win tr","description":"My WordPress Blog","potentialAction":[{"@type":"SearchAction","target":{"@type":"EntryPoint","urlTemplate":"https:\/\/megapari.promo\/tr\/?s={search_term_string}"},"query-input":"required name=search_term_string"}],"inLanguage":"tr"}]}},"_links":{"self":[{"href":"https:\/\/megapari.promo\/tr\/wp-json\/wp\/v2\/pages\/2"}],"collection":[{"href":"https:\/\/megapari.promo\/tr\/wp-json\/wp\/v2\/pages"}],"about":[{"href":"https:\/\/megapari.promo\/tr\/wp-json\/wp\/v2\/types\/page"}],"author":[{"embeddable":true,"href":"https:\/\/megapari.promo\/tr\/wp-json\/wp\/v2\/users\/1"}],"replies":[{"embeddable":true,"href":"https:\/\/megapari.promo\/tr\/wp-json\/wp\/v2\/comments?post=2"}],"version-history":[{"count":64,"href":"https:\/\/megapari.promo\/tr\/wp-json\/wp\/v2\/pages\/2\/revisions"}],"predecessor-version":[{"id":451,"href":"https:\/\/megapari.promo\/tr\/wp-json\/wp\/v2\/pages\/2\/revisions\/451"}],"wp:attachment":[{"href":"https:\/\/megapari.promo\/tr\/wp-json\/wp\/v2\/media?parent=2"}],"curies":[{"name":"wp","href":"https:\/\/api.w.org\/{rel}","templated":true}]}}