{"id":296,"date":"2025-04-04T17:01:19","date_gmt":"2025-04-04T17:01:19","guid":{"rendered":"https:\/\/megapari.promo\/tr\/?page_id=296"},"modified":"2025-04-18T10:20:20","modified_gmt":"2025-04-18T10:20:20","slug":"app","status":"publish","type":"page","link":"https:\/\/megapari.promo\/tr\/app\/","title":{"rendered":"Uygulama"},"content":{"rendered":"","protected":false},"excerpt":{"rendered":"","protected":false},"author":1,"featured_media":0,"parent":0,"menu_order":0,"comment_status":"closed","ping_status":"closed","template":"","meta":{"inline_featured_image":false,"footnotes":""},"yoast_head":"<!-- This site is optimized with the Yoast SEO plugin v20.13 - https:\/\/yoast.com\/wordpress\/plugins\/seo\/ -->\n<title>Megapari Uygulamas\u0131: \u2705Android ve iOS i\u00e7in \u00fccretsiz indirin<\/title>\n<meta name=\"description\" content=\"Megapari mobil uygulamas\u0131, en sevdi\u011finiz e\u011flenceye her zaman, her yerden eri\u015fmek i\u00e7in bir f\u0131rsatt\u0131r. Megapari&#039;nin mobil avantajlar\u0131ndan yararlan\u0131n\" \/>\n<meta name=\"robots\" content=\"index, follow, max-snippet:-1, max-image-preview:large, max-video-preview:-1\" \/>\n<meta property=\"og:locale\" content=\"tr_TR\" \/>\n<meta property=\"og:type\" content=\"article\" \/>\n<meta property=\"og:title\" content=\"Megapari Uygulamas\u0131: \u2705Android ve iOS i\u00e7in \u00fccretsiz indirin\" \/>\n<meta property=\"og:description\" content=\"Megapari mobil uygulamas\u0131, en sevdi\u011finiz e\u011flenceye her zaman, her yerden eri\u015fmek i\u00e7in bir f\u0131rsatt\u0131r. Megapari&#039;nin mobil avantajlar\u0131ndan yararlan\u0131n\" \/>\n<meta property=\"og:url\" content=\"https:\/\/megapari.promo\/tr\/app\/\" \/>\n<meta property=\"og:site_name\" content=\"Megapari Win tr\" \/>\n<meta property=\"article:modified_time\" content=\"2025-04-18T10:20:20+00:00\" \/>\n<meta name=\"twitter:card\" content=\"summary_large_image\" \/>\n<script type=\"application\/ld+json\" class=\"yoast-schema-graph\">{\"@context\":\"https:\/\/schema.org\",\"@graph\":[{\"@type\":\"WebPage\",\"@id\":\"https:\/\/megapari.promo\/tr\/app\/\",\"url\":\"https:\/\/megapari.promo\/tr\/app\/\",\"name\":\"Megapari Uygulamas\u0131: \u2705Android ve iOS i\u00e7in \u00fccretsiz indirin\",\"isPartOf\":{\"@id\":\"https:\/\/megapari.promo\/tr\/#website\"},\"datePublished\":\"2025-04-04T17:01:19+00:00\",\"dateModified\":\"2025-04-18T10:20:20+00:00\",\"description\":\"Megapari mobil uygulamas\u0131, en sevdi\u011finiz e\u011flenceye her zaman, her yerden eri\u015fmek i\u00e7in bir f\u0131rsatt\u0131r. Megapari'nin mobil avantajlar\u0131ndan yararlan\u0131n\",\"breadcrumb\":{\"@id\":\"https:\/\/megapari.promo\/tr\/app\/#breadcrumb\"},\"inLanguage\":\"tr\",\"potentialAction\":[{\"@type\":\"ReadAction\",\"target\":[\"https:\/\/megapari.promo\/tr\/app\/\"]}]},{\"@type\":\"BreadcrumbList\",\"@id\":\"https:\/\/megapari.promo\/tr\/app\/#breadcrumb\",\"itemListElement\":[{\"@type\":\"ListItem\",\"position\":1,\"name\":\"\u0413\u043b\u0430\u0432\u043d\u0430\u044f \u0441\u0442\u0440\u0430\u043d\u0438\u0446\u0430\",\"item\":\"https:\/\/megapari.promo\/tr\/\"},{\"@type\":\"ListItem\",\"position\":2,\"name\":\"Uygulama\"}]},{\"@type\":\"WebSite\",\"@id\":\"https:\/\/megapari.promo\/tr\/#website\",\"url\":\"https:\/\/megapari.promo\/tr\/\",\"name\":\"Megapari Win tr\",\"description\":\"My WordPress Blog\",\"potentialAction\":[{\"@type\":\"SearchAction\",\"target\":{\"@type\":\"EntryPoint\",\"urlTemplate\":\"https:\/\/megapari.promo\/tr\/?s={search_term_string}\"},\"query-input\":\"required name=search_term_string\"}],\"inLanguage\":\"tr\"}]}<\/script>\n<!-- \/ Yoast SEO plugin. -->","yoast_head_json":{"title":"Megapari Uygulamas\u0131: \u2705Android ve iOS i\u00e7in \u00fccretsiz indirin","description":"Megapari mobil uygulamas\u0131, en sevdi\u011finiz e\u011flenceye her zaman, her yerden eri\u015fmek i\u00e7in bir f\u0131rsatt\u0131r. Megapari'nin mobil avantajlar\u0131ndan yararlan\u0131n","robots":{"index":"index","follow":"follow","max-snippet":"max-snippet:-1","max-image-preview":"max-image-preview:large","max-video-preview":"max-video-preview:-1"},"og_locale":"tr_TR","og_type":"article","og_title":"Megapari Uygulamas\u0131: \u2705Android ve iOS i\u00e7in \u00fccretsiz indirin","og_description":"Megapari mobil uygulamas\u0131, en sevdi\u011finiz e\u011flenceye her zaman, her yerden eri\u015fmek i\u00e7in bir f\u0131rsatt\u0131r. Megapari'nin mobil avantajlar\u0131ndan yararlan\u0131n","og_url":"https:\/\/megapari.promo\/tr\/app\/","og_site_name":"Megapari Win tr","article_modified_time":"2025-04-18T10:20:20+00:00","twitter_card":"summary_large_image","schema":{"@context":"https:\/\/schema.org","@graph":[{"@type":"WebPage","@id":"https:\/\/megapari.promo\/tr\/app\/","url":"https:\/\/megapari.promo\/tr\/app\/","name":"Megapari Uygulamas\u0131: \u2705Android ve iOS i\u00e7in \u00fccretsiz indirin","isPartOf":{"@id":"https:\/\/megapari.promo\/tr\/#website"},"datePublished":"2025-04-04T17:01:19+00:00","dateModified":"2025-04-18T10:20:20+00:00","description":"Megapari mobil uygulamas\u0131, en sevdi\u011finiz e\u011flenceye her zaman, her yerden eri\u015fmek i\u00e7in bir f\u0131rsatt\u0131r. Megapari'nin mobil avantajlar\u0131ndan yararlan\u0131n","breadcrumb":{"@id":"https:\/\/megapari.promo\/tr\/app\/#breadcrumb"},"inLanguage":"tr","potentialAction":[{"@type":"ReadAction","target":["https:\/\/megapari.promo\/tr\/app\/"]}]},{"@type":"BreadcrumbList","@id":"https:\/\/megapari.promo\/tr\/app\/#breadcrumb","itemListElement":[{"@type":"ListItem","position":1,"name":"\u0413\u043b\u0430\u0432\u043d\u0430\u044f \u0441\u0442\u0440\u0430\u043d\u0438\u0446\u0430","item":"https:\/\/megapari.promo\/tr\/"},{"@type":"ListItem","position":2,"name":"Uygulama"}]},{"@type":"WebSite","@id":"https:\/\/megapari.promo\/tr\/#website","url":"https:\/\/megapari.promo\/tr\/","name":"Megapari Win tr","description":"My WordPress Blog","potentialAction":[{"@type":"SearchAction","target":{"@type":"EntryPoint","urlTemplate":"https:\/\/megapari.promo\/tr\/?s={search_term_string}"},"query-input":"required name=search_term_string"}],"inLanguage":"tr"}]}},"_links":{"self":[{"href":"https:\/\/megapari.promo\/tr\/wp-json\/wp\/v2\/pages\/296"}],"collection":[{"href":"https:\/\/megapari.promo\/tr\/wp-json\/wp\/v2\/pages"}],"about":[{"href":"https:\/\/megapari.promo\/tr\/wp-json\/wp\/v2\/types\/page"}],"author":[{"embeddable":true,"href":"https:\/\/megapari.promo\/tr\/wp-json\/wp\/v2\/users\/1"}],"replies":[{"embeddable":true,"href":"https:\/\/megapari.promo\/tr\/wp-json\/wp\/v2\/comments?post=296"}],"version-history":[{"count":10,"href":"https:\/\/megapari.promo\/tr\/wp-json\/wp\/v2\/pages\/296\/revisions"}],"predecessor-version":[{"id":440,"href":"https:\/\/megapari.promo\/tr\/wp-json\/wp\/v2\/pages\/296\/revisions\/440"}],"wp:attachment":[{"href":"https:\/\/megapari.promo\/tr\/wp-json\/wp\/v2\/media?parent=296"}],"curies":[{"name":"wp","href":"https:\/\/api.w.org\/{rel}","templated":true}]}}