{"id":358,"date":"2025-04-08T06:29:40","date_gmt":"2025-04-08T06:29:40","guid":{"rendered":"https:\/\/megapari.promo\/tr\/?page_id=358"},"modified":"2025-07-28T17:52:52","modified_gmt":"2025-07-28T17:52:52","slug":"promo-code","status":"publish","type":"page","link":"https:\/\/megapari.promo\/tr\/promo-code\/","title":{"rendered":"Promosyon Kodu"},"content":{"rendered":"","protected":false},"excerpt":{"rendered":"","protected":false},"author":1,"featured_media":0,"parent":0,"menu_order":0,"comment_status":"closed","ping_status":"closed","template":"","meta":{"inline_featured_image":false,"footnotes":""},"yoast_head":"<!-- This site is optimized with the Yoast SEO plugin v20.13 - https:\/\/yoast.com\/wordpress\/plugins\/seo\/ -->\n<title>Megapari promosyon kodu \u25b6\ufe0fGer\u00e7ek bonus kodlar\u0131 Cari y\u0131l<\/title>\n<meta name=\"description\" content=\"En iyi Megapari bonus kodlar\u0131n\u0131 bulun ve \u00f6zel depozitosuz bonuslar ve bedava d\u00f6n\u00fc\u015fler kazan\u0131n. Kaydolurken bir promosyon kodu kullan\u0131n. Bonus kodlar\u0131 size Megapari&#039;de en sevdi\u011finiz slotlarda \u00fccretsiz d\u00f6n\u00fc\u015fler ve pop\u00fcler sporlarda \u00fccretsiz bahisler sa\u011flayabilir\" \/>\n<meta name=\"robots\" content=\"index, follow, max-snippet:-1, max-image-preview:large, max-video-preview:-1\" \/>\n<meta property=\"og:locale\" content=\"tr_TR\" \/>\n<meta property=\"og:type\" content=\"article\" \/>\n<meta property=\"og:title\" content=\"Megapari promosyon kodu \u25b6\ufe0fGer\u00e7ek bonus kodlar\u0131 Cari y\u0131l\" \/>\n<meta property=\"og:description\" content=\"En iyi Megapari bonus kodlar\u0131n\u0131 bulun ve \u00f6zel depozitosuz bonuslar ve bedava d\u00f6n\u00fc\u015fler kazan\u0131n. Kaydolurken bir promosyon kodu kullan\u0131n. Bonus kodlar\u0131 size Megapari&#039;de en sevdi\u011finiz slotlarda \u00fccretsiz d\u00f6n\u00fc\u015fler ve pop\u00fcler sporlarda \u00fccretsiz bahisler sa\u011flayabilir\" \/>\n<meta property=\"og:url\" content=\"https:\/\/megapari.promo\/tr\/promo-code\/\" \/>\n<meta property=\"og:site_name\" content=\"Megapari Win tr\" \/>\n<meta property=\"article:modified_time\" content=\"2025-07-28T17:52:52+00:00\" \/>\n<meta name=\"twitter:card\" content=\"summary_large_image\" \/>\n<script type=\"application\/ld+json\" class=\"yoast-schema-graph\">{\"@context\":\"https:\/\/schema.org\",\"@graph\":[{\"@type\":\"WebPage\",\"@id\":\"https:\/\/megapari.promo\/tr\/promo-code\/\",\"url\":\"https:\/\/megapari.promo\/tr\/promo-code\/\",\"name\":\"Megapari promosyon kodu \u25b6\ufe0fGer\u00e7ek bonus kodlar\u0131 Cari y\u0131l\",\"isPartOf\":{\"@id\":\"https:\/\/megapari.promo\/tr\/#website\"},\"datePublished\":\"2025-04-08T06:29:40+00:00\",\"dateModified\":\"2025-07-28T17:52:52+00:00\",\"description\":\"En iyi Megapari bonus kodlar\u0131n\u0131 bulun ve \u00f6zel depozitosuz bonuslar ve bedava d\u00f6n\u00fc\u015fler kazan\u0131n. Kaydolurken bir promosyon kodu kullan\u0131n. Bonus kodlar\u0131 size Megapari'de en sevdi\u011finiz slotlarda \u00fccretsiz d\u00f6n\u00fc\u015fler ve pop\u00fcler sporlarda \u00fccretsiz bahisler sa\u011flayabilir\",\"breadcrumb\":{\"@id\":\"https:\/\/megapari.promo\/tr\/promo-code\/#breadcrumb\"},\"inLanguage\":\"tr\",\"potentialAction\":[{\"@type\":\"ReadAction\",\"target\":[\"https:\/\/megapari.promo\/tr\/promo-code\/\"]}]},{\"@type\":\"BreadcrumbList\",\"@id\":\"https:\/\/megapari.promo\/tr\/promo-code\/#breadcrumb\",\"itemListElement\":[{\"@type\":\"ListItem\",\"position\":1,\"name\":\"\u0413\u043b\u0430\u0432\u043d\u0430\u044f \u0441\u0442\u0440\u0430\u043d\u0438\u0446\u0430\",\"item\":\"https:\/\/megapari.promo\/tr\/\"},{\"@type\":\"ListItem\",\"position\":2,\"name\":\"Promosyon Kodu\"}]},{\"@type\":\"WebSite\",\"@id\":\"https:\/\/megapari.promo\/tr\/#website\",\"url\":\"https:\/\/megapari.promo\/tr\/\",\"name\":\"Megapari Win tr\",\"description\":\"My WordPress Blog\",\"potentialAction\":[{\"@type\":\"SearchAction\",\"target\":{\"@type\":\"EntryPoint\",\"urlTemplate\":\"https:\/\/megapari.promo\/tr\/?s={search_term_string}\"},\"query-input\":\"required name=search_term_string\"}],\"inLanguage\":\"tr\"}]}<\/script>\n<!-- \/ Yoast SEO plugin. -->","yoast_head_json":{"title":"Megapari promosyon kodu \u25b6\ufe0fGer\u00e7ek bonus kodlar\u0131 Cari y\u0131l","description":"En iyi Megapari bonus kodlar\u0131n\u0131 bulun ve \u00f6zel depozitosuz bonuslar ve bedava d\u00f6n\u00fc\u015fler kazan\u0131n. Kaydolurken bir promosyon kodu kullan\u0131n. Bonus kodlar\u0131 size Megapari'de en sevdi\u011finiz slotlarda \u00fccretsiz d\u00f6n\u00fc\u015fler ve pop\u00fcler sporlarda \u00fccretsiz bahisler sa\u011flayabilir","robots":{"index":"index","follow":"follow","max-snippet":"max-snippet:-1","max-image-preview":"max-image-preview:large","max-video-preview":"max-video-preview:-1"},"og_locale":"tr_TR","og_type":"article","og_title":"Megapari promosyon kodu \u25b6\ufe0fGer\u00e7ek bonus kodlar\u0131 Cari y\u0131l","og_description":"En iyi Megapari bonus kodlar\u0131n\u0131 bulun ve \u00f6zel depozitosuz bonuslar ve bedava d\u00f6n\u00fc\u015fler kazan\u0131n. Kaydolurken bir promosyon kodu kullan\u0131n. Bonus kodlar\u0131 size Megapari'de en sevdi\u011finiz slotlarda \u00fccretsiz d\u00f6n\u00fc\u015fler ve pop\u00fcler sporlarda \u00fccretsiz bahisler sa\u011flayabilir","og_url":"https:\/\/megapari.promo\/tr\/promo-code\/","og_site_name":"Megapari Win tr","article_modified_time":"2025-07-28T17:52:52+00:00","twitter_card":"summary_large_image","schema":{"@context":"https:\/\/schema.org","@graph":[{"@type":"WebPage","@id":"https:\/\/megapari.promo\/tr\/promo-code\/","url":"https:\/\/megapari.promo\/tr\/promo-code\/","name":"Megapari promosyon kodu \u25b6\ufe0fGer\u00e7ek bonus kodlar\u0131 Cari y\u0131l","isPartOf":{"@id":"https:\/\/megapari.promo\/tr\/#website"},"datePublished":"2025-04-08T06:29:40+00:00","dateModified":"2025-07-28T17:52:52+00:00","description":"En iyi Megapari bonus kodlar\u0131n\u0131 bulun ve \u00f6zel depozitosuz bonuslar ve bedava d\u00f6n\u00fc\u015fler kazan\u0131n. Kaydolurken bir promosyon kodu kullan\u0131n. Bonus kodlar\u0131 size Megapari'de en sevdi\u011finiz slotlarda \u00fccretsiz d\u00f6n\u00fc\u015fler ve pop\u00fcler sporlarda \u00fccretsiz bahisler sa\u011flayabilir","breadcrumb":{"@id":"https:\/\/megapari.promo\/tr\/promo-code\/#breadcrumb"},"inLanguage":"tr","potentialAction":[{"@type":"ReadAction","target":["https:\/\/megapari.promo\/tr\/promo-code\/"]}]},{"@type":"BreadcrumbList","@id":"https:\/\/megapari.promo\/tr\/promo-code\/#breadcrumb","itemListElement":[{"@type":"ListItem","position":1,"name":"\u0413\u043b\u0430\u0432\u043d\u0430\u044f \u0441\u0442\u0440\u0430\u043d\u0438\u0446\u0430","item":"https:\/\/megapari.promo\/tr\/"},{"@type":"ListItem","position":2,"name":"Promosyon Kodu"}]},{"@type":"WebSite","@id":"https:\/\/megapari.promo\/tr\/#website","url":"https:\/\/megapari.promo\/tr\/","name":"Megapari Win tr","description":"My WordPress Blog","potentialAction":[{"@type":"SearchAction","target":{"@type":"EntryPoint","urlTemplate":"https:\/\/megapari.promo\/tr\/?s={search_term_string}"},"query-input":"required name=search_term_string"}],"inLanguage":"tr"}]}},"_links":{"self":[{"href":"https:\/\/megapari.promo\/tr\/wp-json\/wp\/v2\/pages\/358"}],"collection":[{"href":"https:\/\/megapari.promo\/tr\/wp-json\/wp\/v2\/pages"}],"about":[{"href":"https:\/\/megapari.promo\/tr\/wp-json\/wp\/v2\/types\/page"}],"author":[{"embeddable":true,"href":"https:\/\/megapari.promo\/tr\/wp-json\/wp\/v2\/users\/1"}],"replies":[{"embeddable":true,"href":"https:\/\/megapari.promo\/tr\/wp-json\/wp\/v2\/comments?post=358"}],"version-history":[{"count":20,"href":"https:\/\/megapari.promo\/tr\/wp-json\/wp\/v2\/pages\/358\/revisions"}],"predecessor-version":[{"id":448,"href":"https:\/\/megapari.promo\/tr\/wp-json\/wp\/v2\/pages\/358\/revisions\/448"}],"wp:attachment":[{"href":"https:\/\/megapari.promo\/tr\/wp-json\/wp\/v2\/media?parent=358"}],"curies":[{"name":"wp","href":"https:\/\/api.w.org\/{rel}","templated":true}]}}