{"id":373,"date":"2025-04-09T05:08:14","date_gmt":"2025-04-09T05:08:14","guid":{"rendered":"https:\/\/megapari.promo\/tr\/?page_id=373"},"modified":"2025-04-18T13:34:42","modified_gmt":"2025-04-18T13:34:42","slug":"registration","status":"publish","type":"page","link":"https:\/\/megapari.promo\/tr\/registration\/","title":{"rendered":"Kay\u0131t"},"content":{"rendered":"","protected":false},"excerpt":{"rendered":"","protected":false},"author":1,"featured_media":0,"parent":0,"menu_order":0,"comment_status":"closed","ping_status":"closed","template":"","meta":{"inline_featured_image":false,"footnotes":""},"yoast_head":"<!-- This site is optimized with the Yoast SEO plugin v20.13 - https:\/\/yoast.com\/wordpress\/plugins\/seo\/ -->\n<title>Megapari Kay\u0131t: \ud83d\udd39 Nas\u0131l hesap olu\u015fturulur<\/title>\n<meta name=\"description\" content=\"Spor bahisleri ve casino platformu Megapari&#039;ye nas\u0131l kaydolaca\u011f\u0131n\u0131z\u0131 \u00f6\u011frenin\u26a1 \u00d6zel bonuslar\u0131 ve heyecan verici oyunlar\u0131 ke\u015ffedin\" \/>\n<meta name=\"robots\" content=\"index, follow, max-snippet:-1, max-image-preview:large, max-video-preview:-1\" \/>\n<meta property=\"og:locale\" content=\"tr_TR\" \/>\n<meta property=\"og:type\" content=\"article\" \/>\n<meta property=\"og:title\" content=\"Megapari Kay\u0131t: \ud83d\udd39 Nas\u0131l hesap olu\u015fturulur\" \/>\n<meta property=\"og:description\" content=\"Spor bahisleri ve casino platformu Megapari&#039;ye nas\u0131l kaydolaca\u011f\u0131n\u0131z\u0131 \u00f6\u011frenin\u26a1 \u00d6zel bonuslar\u0131 ve heyecan verici oyunlar\u0131 ke\u015ffedin\" \/>\n<meta property=\"og:url\" content=\"https:\/\/megapari.promo\/tr\/registration\/\" \/>\n<meta property=\"og:site_name\" content=\"Megapari Win tr\" \/>\n<meta property=\"article:modified_time\" content=\"2025-04-18T13:34:42+00:00\" \/>\n<meta name=\"twitter:card\" content=\"summary_large_image\" \/>\n<script type=\"application\/ld+json\" class=\"yoast-schema-graph\">{\"@context\":\"https:\/\/schema.org\",\"@graph\":[{\"@type\":\"WebPage\",\"@id\":\"https:\/\/megapari.promo\/tr\/registration\/\",\"url\":\"https:\/\/megapari.promo\/tr\/registration\/\",\"name\":\"Megapari Kay\u0131t: \ud83d\udd39 Nas\u0131l hesap olu\u015fturulur\",\"isPartOf\":{\"@id\":\"https:\/\/megapari.promo\/tr\/#website\"},\"datePublished\":\"2025-04-09T05:08:14+00:00\",\"dateModified\":\"2025-04-18T13:34:42+00:00\",\"description\":\"Spor bahisleri ve casino platformu Megapari'ye nas\u0131l kaydolaca\u011f\u0131n\u0131z\u0131 \u00f6\u011frenin\u26a1 \u00d6zel bonuslar\u0131 ve heyecan verici oyunlar\u0131 ke\u015ffedin\",\"breadcrumb\":{\"@id\":\"https:\/\/megapari.promo\/tr\/registration\/#breadcrumb\"},\"inLanguage\":\"tr\",\"potentialAction\":[{\"@type\":\"ReadAction\",\"target\":[\"https:\/\/megapari.promo\/tr\/registration\/\"]}]},{\"@type\":\"BreadcrumbList\",\"@id\":\"https:\/\/megapari.promo\/tr\/registration\/#breadcrumb\",\"itemListElement\":[{\"@type\":\"ListItem\",\"position\":1,\"name\":\"\u0413\u043b\u0430\u0432\u043d\u0430\u044f \u0441\u0442\u0440\u0430\u043d\u0438\u0446\u0430\",\"item\":\"https:\/\/megapari.promo\/tr\/\"},{\"@type\":\"ListItem\",\"position\":2,\"name\":\"Kay\u0131t\"}]},{\"@type\":\"WebSite\",\"@id\":\"https:\/\/megapari.promo\/tr\/#website\",\"url\":\"https:\/\/megapari.promo\/tr\/\",\"name\":\"Megapari Win tr\",\"description\":\"My WordPress Blog\",\"potentialAction\":[{\"@type\":\"SearchAction\",\"target\":{\"@type\":\"EntryPoint\",\"urlTemplate\":\"https:\/\/megapari.promo\/tr\/?s={search_term_string}\"},\"query-input\":\"required name=search_term_string\"}],\"inLanguage\":\"tr\"}]}<\/script>\n<!-- \/ Yoast SEO plugin. -->","yoast_head_json":{"title":"Megapari Kay\u0131t: \ud83d\udd39 Nas\u0131l hesap olu\u015fturulur","description":"Spor bahisleri ve casino platformu Megapari'ye nas\u0131l kaydolaca\u011f\u0131n\u0131z\u0131 \u00f6\u011frenin\u26a1 \u00d6zel bonuslar\u0131 ve heyecan verici oyunlar\u0131 ke\u015ffedin","robots":{"index":"index","follow":"follow","max-snippet":"max-snippet:-1","max-image-preview":"max-image-preview:large","max-video-preview":"max-video-preview:-1"},"og_locale":"tr_TR","og_type":"article","og_title":"Megapari Kay\u0131t: \ud83d\udd39 Nas\u0131l hesap olu\u015fturulur","og_description":"Spor bahisleri ve casino platformu Megapari'ye nas\u0131l kaydolaca\u011f\u0131n\u0131z\u0131 \u00f6\u011frenin\u26a1 \u00d6zel bonuslar\u0131 ve heyecan verici oyunlar\u0131 ke\u015ffedin","og_url":"https:\/\/megapari.promo\/tr\/registration\/","og_site_name":"Megapari Win tr","article_modified_time":"2025-04-18T13:34:42+00:00","twitter_card":"summary_large_image","schema":{"@context":"https:\/\/schema.org","@graph":[{"@type":"WebPage","@id":"https:\/\/megapari.promo\/tr\/registration\/","url":"https:\/\/megapari.promo\/tr\/registration\/","name":"Megapari Kay\u0131t: \ud83d\udd39 Nas\u0131l hesap olu\u015fturulur","isPartOf":{"@id":"https:\/\/megapari.promo\/tr\/#website"},"datePublished":"2025-04-09T05:08:14+00:00","dateModified":"2025-04-18T13:34:42+00:00","description":"Spor bahisleri ve casino platformu Megapari'ye nas\u0131l kaydolaca\u011f\u0131n\u0131z\u0131 \u00f6\u011frenin\u26a1 \u00d6zel bonuslar\u0131 ve heyecan verici oyunlar\u0131 ke\u015ffedin","breadcrumb":{"@id":"https:\/\/megapari.promo\/tr\/registration\/#breadcrumb"},"inLanguage":"tr","potentialAction":[{"@type":"ReadAction","target":["https:\/\/megapari.promo\/tr\/registration\/"]}]},{"@type":"BreadcrumbList","@id":"https:\/\/megapari.promo\/tr\/registration\/#breadcrumb","itemListElement":[{"@type":"ListItem","position":1,"name":"\u0413\u043b\u0430\u0432\u043d\u0430\u044f \u0441\u0442\u0440\u0430\u043d\u0438\u0446\u0430","item":"https:\/\/megapari.promo\/tr\/"},{"@type":"ListItem","position":2,"name":"Kay\u0131t"}]},{"@type":"WebSite","@id":"https:\/\/megapari.promo\/tr\/#website","url":"https:\/\/megapari.promo\/tr\/","name":"Megapari Win tr","description":"My WordPress Blog","potentialAction":[{"@type":"SearchAction","target":{"@type":"EntryPoint","urlTemplate":"https:\/\/megapari.promo\/tr\/?s={search_term_string}"},"query-input":"required name=search_term_string"}],"inLanguage":"tr"}]}},"_links":{"self":[{"href":"https:\/\/megapari.promo\/tr\/wp-json\/wp\/v2\/pages\/373"}],"collection":[{"href":"https:\/\/megapari.promo\/tr\/wp-json\/wp\/v2\/pages"}],"about":[{"href":"https:\/\/megapari.promo\/tr\/wp-json\/wp\/v2\/types\/page"}],"author":[{"embeddable":true,"href":"https:\/\/megapari.promo\/tr\/wp-json\/wp\/v2\/users\/1"}],"replies":[{"embeddable":true,"href":"https:\/\/megapari.promo\/tr\/wp-json\/wp\/v2\/comments?post=373"}],"version-history":[{"count":9,"href":"https:\/\/megapari.promo\/tr\/wp-json\/wp\/v2\/pages\/373\/revisions"}],"predecessor-version":[{"id":450,"href":"https:\/\/megapari.promo\/tr\/wp-json\/wp\/v2\/pages\/373\/revisions\/450"}],"wp:attachment":[{"href":"https:\/\/megapari.promo\/tr\/wp-json\/wp\/v2\/media?parent=373"}],"curies":[{"name":"wp","href":"https:\/\/api.w.org\/{rel}","templated":true}]}}