{"id":389,"date":"2025-04-10T05:04:24","date_gmt":"2025-04-10T05:04:24","guid":{"rendered":"https:\/\/megapari.promo\/tr\/?page_id=389"},"modified":"2025-04-18T13:16:47","modified_gmt":"2025-04-18T13:16:47","slug":"login","status":"publish","type":"page","link":"https:\/\/megapari.promo\/tr\/login\/","title":{"rendered":"Giri\u015f"},"content":{"rendered":"","protected":false},"excerpt":{"rendered":"","protected":false},"author":1,"featured_media":0,"parent":0,"menu_order":0,"comment_status":"closed","ping_status":"closed","template":"","meta":{"inline_featured_image":false,"footnotes":""},"yoast_head":"<!-- This site is optimized with the Yoast SEO plugin v20.13 - https:\/\/yoast.com\/wordpress\/plugins\/seo\/ -->\n<title>Megapari Giri\u015f: Bahis ve Casinoya Eri\u015fim | Ad\u0131m Ad\u0131m K\u0131lavuz<\/title>\n<meta name=\"description\" content=\"Megapari ad\u0131m ad\u0131m giri\u015f s\u00fcreci - hesab\u0131n\u0131za nas\u0131l eri\u015febilirsiniz - Megapari&#039;ye giri\u015f yap\u0131n ve 55.000 TL&#039;ye kadar ho\u015f geldin paketi ve 150 bedava d\u00f6n\u00fc\u015f kazan\u0131n\" \/>\n<meta name=\"robots\" content=\"index, follow, max-snippet:-1, max-image-preview:large, max-video-preview:-1\" \/>\n<meta property=\"og:locale\" content=\"tr_TR\" \/>\n<meta property=\"og:type\" content=\"article\" \/>\n<meta property=\"og:title\" content=\"Megapari Giri\u015f: Bahis ve Casinoya Eri\u015fim | Ad\u0131m Ad\u0131m K\u0131lavuz\" \/>\n<meta property=\"og:description\" content=\"Megapari ad\u0131m ad\u0131m giri\u015f s\u00fcreci - hesab\u0131n\u0131za nas\u0131l eri\u015febilirsiniz - Megapari&#039;ye giri\u015f yap\u0131n ve 55.000 TL&#039;ye kadar ho\u015f geldin paketi ve 150 bedava d\u00f6n\u00fc\u015f kazan\u0131n\" \/>\n<meta property=\"og:url\" content=\"https:\/\/megapari.promo\/tr\/login\/\" \/>\n<meta property=\"og:site_name\" content=\"Megapari Win tr\" \/>\n<meta property=\"article:modified_time\" content=\"2025-04-18T13:16:47+00:00\" \/>\n<meta name=\"twitter:card\" content=\"summary_large_image\" \/>\n<script type=\"application\/ld+json\" class=\"yoast-schema-graph\">{\"@context\":\"https:\/\/schema.org\",\"@graph\":[{\"@type\":\"WebPage\",\"@id\":\"https:\/\/megapari.promo\/tr\/login\/\",\"url\":\"https:\/\/megapari.promo\/tr\/login\/\",\"name\":\"Megapari Giri\u015f: Bahis ve Casinoya Eri\u015fim | Ad\u0131m Ad\u0131m K\u0131lavuz\",\"isPartOf\":{\"@id\":\"https:\/\/megapari.promo\/tr\/#website\"},\"datePublished\":\"2025-04-10T05:04:24+00:00\",\"dateModified\":\"2025-04-18T13:16:47+00:00\",\"description\":\"Megapari ad\u0131m ad\u0131m giri\u015f s\u00fcreci - hesab\u0131n\u0131za nas\u0131l eri\u015febilirsiniz - Megapari'ye giri\u015f yap\u0131n ve 55.000 TL'ye kadar ho\u015f geldin paketi ve 150 bedava d\u00f6n\u00fc\u015f kazan\u0131n\",\"breadcrumb\":{\"@id\":\"https:\/\/megapari.promo\/tr\/login\/#breadcrumb\"},\"inLanguage\":\"tr\",\"potentialAction\":[{\"@type\":\"ReadAction\",\"target\":[\"https:\/\/megapari.promo\/tr\/login\/\"]}]},{\"@type\":\"BreadcrumbList\",\"@id\":\"https:\/\/megapari.promo\/tr\/login\/#breadcrumb\",\"itemListElement\":[{\"@type\":\"ListItem\",\"position\":1,\"name\":\"\u0413\u043b\u0430\u0432\u043d\u0430\u044f \u0441\u0442\u0440\u0430\u043d\u0438\u0446\u0430\",\"item\":\"https:\/\/megapari.promo\/tr\/\"},{\"@type\":\"ListItem\",\"position\":2,\"name\":\"Giri\u015f\"}]},{\"@type\":\"WebSite\",\"@id\":\"https:\/\/megapari.promo\/tr\/#website\",\"url\":\"https:\/\/megapari.promo\/tr\/\",\"name\":\"Megapari Win tr\",\"description\":\"My WordPress Blog\",\"potentialAction\":[{\"@type\":\"SearchAction\",\"target\":{\"@type\":\"EntryPoint\",\"urlTemplate\":\"https:\/\/megapari.promo\/tr\/?s={search_term_string}\"},\"query-input\":\"required name=search_term_string\"}],\"inLanguage\":\"tr\"}]}<\/script>\n<!-- \/ Yoast SEO plugin. -->","yoast_head_json":{"title":"Megapari Giri\u015f: Bahis ve Casinoya Eri\u015fim | Ad\u0131m Ad\u0131m K\u0131lavuz","description":"Megapari ad\u0131m ad\u0131m giri\u015f s\u00fcreci - hesab\u0131n\u0131za nas\u0131l eri\u015febilirsiniz - Megapari'ye giri\u015f yap\u0131n ve 55.000 TL'ye kadar ho\u015f geldin paketi ve 150 bedava d\u00f6n\u00fc\u015f kazan\u0131n","robots":{"index":"index","follow":"follow","max-snippet":"max-snippet:-1","max-image-preview":"max-image-preview:large","max-video-preview":"max-video-preview:-1"},"og_locale":"tr_TR","og_type":"article","og_title":"Megapari Giri\u015f: Bahis ve Casinoya Eri\u015fim | Ad\u0131m Ad\u0131m K\u0131lavuz","og_description":"Megapari ad\u0131m ad\u0131m giri\u015f s\u00fcreci - hesab\u0131n\u0131za nas\u0131l eri\u015febilirsiniz - Megapari'ye giri\u015f yap\u0131n ve 55.000 TL'ye kadar ho\u015f geldin paketi ve 150 bedava d\u00f6n\u00fc\u015f kazan\u0131n","og_url":"https:\/\/megapari.promo\/tr\/login\/","og_site_name":"Megapari Win tr","article_modified_time":"2025-04-18T13:16:47+00:00","twitter_card":"summary_large_image","schema":{"@context":"https:\/\/schema.org","@graph":[{"@type":"WebPage","@id":"https:\/\/megapari.promo\/tr\/login\/","url":"https:\/\/megapari.promo\/tr\/login\/","name":"Megapari Giri\u015f: Bahis ve Casinoya Eri\u015fim | Ad\u0131m Ad\u0131m K\u0131lavuz","isPartOf":{"@id":"https:\/\/megapari.promo\/tr\/#website"},"datePublished":"2025-04-10T05:04:24+00:00","dateModified":"2025-04-18T13:16:47+00:00","description":"Megapari ad\u0131m ad\u0131m giri\u015f s\u00fcreci - hesab\u0131n\u0131za nas\u0131l eri\u015febilirsiniz - Megapari'ye giri\u015f yap\u0131n ve 55.000 TL'ye kadar ho\u015f geldin paketi ve 150 bedava d\u00f6n\u00fc\u015f kazan\u0131n","breadcrumb":{"@id":"https:\/\/megapari.promo\/tr\/login\/#breadcrumb"},"inLanguage":"tr","potentialAction":[{"@type":"ReadAction","target":["https:\/\/megapari.promo\/tr\/login\/"]}]},{"@type":"BreadcrumbList","@id":"https:\/\/megapari.promo\/tr\/login\/#breadcrumb","itemListElement":[{"@type":"ListItem","position":1,"name":"\u0413\u043b\u0430\u0432\u043d\u0430\u044f \u0441\u0442\u0440\u0430\u043d\u0438\u0446\u0430","item":"https:\/\/megapari.promo\/tr\/"},{"@type":"ListItem","position":2,"name":"Giri\u015f"}]},{"@type":"WebSite","@id":"https:\/\/megapari.promo\/tr\/#website","url":"https:\/\/megapari.promo\/tr\/","name":"Megapari Win tr","description":"My WordPress Blog","potentialAction":[{"@type":"SearchAction","target":{"@type":"EntryPoint","urlTemplate":"https:\/\/megapari.promo\/tr\/?s={search_term_string}"},"query-input":"required name=search_term_string"}],"inLanguage":"tr"}]}},"_links":{"self":[{"href":"https:\/\/megapari.promo\/tr\/wp-json\/wp\/v2\/pages\/389"}],"collection":[{"href":"https:\/\/megapari.promo\/tr\/wp-json\/wp\/v2\/pages"}],"about":[{"href":"https:\/\/megapari.promo\/tr\/wp-json\/wp\/v2\/types\/page"}],"author":[{"embeddable":true,"href":"https:\/\/megapari.promo\/tr\/wp-json\/wp\/v2\/users\/1"}],"replies":[{"embeddable":true,"href":"https:\/\/megapari.promo\/tr\/wp-json\/wp\/v2\/comments?post=389"}],"version-history":[{"count":7,"href":"https:\/\/megapari.promo\/tr\/wp-json\/wp\/v2\/pages\/389\/revisions"}],"predecessor-version":[{"id":447,"href":"https:\/\/megapari.promo\/tr\/wp-json\/wp\/v2\/pages\/389\/revisions\/447"}],"wp:attachment":[{"href":"https:\/\/megapari.promo\/tr\/wp-json\/wp\/v2\/media?parent=389"}],"curies":[{"name":"wp","href":"https:\/\/api.w.org\/{rel}","templated":true}]}}